{"id":29688,"date":"2024-02-06T04:24:54","date_gmt":"2024-02-06T04:24:54","guid":{"rendered":"https:\/\/www.fullcertificate.com\/?page_id=29688"},"modified":"2026-04-28T12:54:32","modified_gmt":"2026-04-28T12:54:32","slug":"certificato-whatsapp-fc","status":"publish","type":"page","link":"https:\/\/www.fullcertificate.com\/it\/certificato-whatsapp-fc\/","title":{"rendered":"Certificato WhatsApp FC"},"content":{"rendered":"[mk_page_section bg_image=&#8221;https:\/\/fullcertificate.com\/wp-content\/uploads\/2023\/03\/banner_whatsapp_l2-nw.jpg&#8221; bg_position=&#8221;center top&#8221; bg_repeat=&#8221;no-repeat&#8221; bg_stretch=&#8221;true&#8221; min_height=&#8221;350&#8243; padding_top=&#8221;20&#8243; padding_bottom=&#8221;0&#8243; first_page=&#8221;true&#8221; last_page=&#8221;true&#8221; sidebar=&#8221;sidebar-1&#8243;][vc_column][mk_fancy_title color=&#8221;#0a0909&#8243; size=&#8221;40&#8243; font_style=&#8221;normal&#8221; txt_transform=&#8221;none&#8221; margin_top=&#8221;60&#8243; margin_bottom=&#8221;0&#8243; font_family=&#8221;none&#8221;]<span style=\"color: #01b0ef;\">Certificato<\/span> WhatsApp con <span style=\"color: #f2006e;\">validit\u00e0 legale<\/span>[\/mk_fancy_title][mk_fancy_title color=&#8221;#393836&#8243; size=&#8221;25&#8243; font_weight=&#8221;300&#8243; font_style=&#8221;normal&#8221; txt_transform=&#8221;none&#8221; margin_bottom=&#8221;0&#8243; font_family=&#8221;none&#8221;]Notifiche e comunicazioni tramite Messaggistica Certificata in tutto il mondo[\/mk_fancy_title][mk_button dimension=&#8221;flat&#8221; size=&#8221;medium&#8221; url=&#8221;https:\/\/cloud.fullcertificate.com\/register&#8221; target=&#8221;_blank&#8221; button_custom_width=&#8221;250&#8243; bg_color=&#8221;#0062b0&#8243; btn_hover_bg=&#8221;#252525&#8243;]REGISTRAZIONE GRATUITA[\/mk_button][\/vc_column][\/mk_page_section][mk_page_section padding_top=&#8221;50&#8243; padding_bottom=&#8221;50&#8243; first_page=&#8221;false&#8221; last_page=&#8221;false&#8221; sidebar=&#8221;sidebar-1&#8243;][vc_column width=&#8221;3\/4&#8243;][mk_fancy_title color=&#8221;#0062af&#8221; size=&#8221;30&#8243; font_style=&#8221;normal&#8221; txt_transform=&#8221;none&#8221; margin_bottom=&#8221;0&#8243; font_family=&#8221;none&#8221;]Certificato WhatsApp in tutte le lingue[\/mk_fancy_title][mk_divider style=&#8221;thin_solid&#8221; thickness=&#8221;4&#8243; margin_top=&#8221;0&#8243;][mk_fancy_title color=&#8221;#000000&#8243; size=&#8221;17&#8243; font_weight=&#8221;bold&#8221; font_style=&#8221;normal&#8221; txt_transform=&#8221;uppercase&#8221; margin_bottom=&#8221;0&#8243; font_family=&#8221;none&#8221;]CERTIFICATO WHATSAPP. NOTIFICHE MEDIANTE MESSAGGISTICA ISTANTANEA CERTIFICATA. WHATSAPP CERTIFICATO CON VALIDIT\u00c0 LEGALE. CERTIFICAZIONE DOCUMENTALE STANDARD E COMPLETA.[\/mk_fancy_title][vc_row_inner padding=&#8221;0&#8243;][vc_column_inner width=&#8221;1\/3&#8243;][mk_icon_box text_size=&#8221;0&#8243; icon_color=&#8221;#ffffff&#8221; icon_circle_color=&#8221;#ffffff&#8221; box_blur=&#8221;false&#8221;]<a href=\"https:\/\/www.avisoscertificados.com\/contact us\/\"><img loading=\"lazy\" class=\"aligncenter wp-image-12935 size-full\" src=\"https:\/\/fullcertificate.com\/wp-content\/uploads\/2023\/12\/logo_wpp23.jpg\" alt=\"\" width=\"256\" height=\"256\" \/><\/a><\/p>\n<p style=\"text-align: center;\"><strong><span style=\"color: #0062b0;\"><a style=\"color: #0062b0;\">WHATSAPP CERTIFICADO<\/a><br \/>\n<\/span><\/strong>Certificaci\u00f3n de entrega<br \/>\nCertificaci\u00f3n de lectura<br \/>\nCertificaci\u00f3n de descarga<br \/>\nCertificaci\u00f3n documental<br \/>\nTestimonio notarial<\/p>\n<p>&nbsp;<\/p>\n<p style=\"text-align: center;\"><strong style=\"color: #0062b0;\">CANALES<\/strong><br \/>\nWhatsApp<br \/>\nSignal[\/mk_icon_box][mk_image src=&#8221;https:\/\/fullcertificate.com\/wp-content\/uploads\/2023\/12\/lateral_selllos.jpg&#8221; image_size=&#8221;full&#8221; align=&#8221;center&#8221; margin_bottom=&#8221;0&#8243; crop=&#8221;false&#8221;][\/vc_column_inner][vc_column_inner width=&#8221;2\/3&#8243;][mk_fancy_title tag_name=&#8221;h4&#8243; color=&#8221;#000000&#8243; font_style=&#8221;normal&#8221; txt_transform=&#8221;none&#8221; margin_bottom=&#8221;0&#8243; font_family=&#8221;none&#8221;]Notifiche e contratti tramite <span style=\"color: #0062af;\">WhatsApp Certified in gran parte del mondo<\/span>, in tutte le lingue, con certificazione documentale completa in pochi minuti.<\/p>\n<p>Ora puoi effettuare le tue notifiche e comunicazioni importanti tramite il sistema fiduciario elettronico certificato Full Certificate, certificato dal fornitore, con piena validit\u00e0 legale.<\/p>\n<p><span style=\"color: #f2006e;\">Un canale ideale per comunicazioni legali con validit\u00e0 legale,<\/span> con molteplici usi <strong>in gran parte del mondo<\/strong>, essendo uno dei canali digitali pi\u00f9 utilizzati dagli utenti.<\/p>\n<p><strong>WhatsApp Certified <\/strong><span style=\"color: #0062af;\">\u00e8 utilizzato da pi\u00f9 di 2 miliardi di persone in pi\u00f9 di 180 paesi<\/span>, aumentando cos\u00ec la portata delle tue comunicazioni che raggiungono il destinatario \u00e8 molto alto.<\/p>\n<p><strong>Certificato completo<\/strong> <span style=\"color: #f2006e;\">acquisisce tutte le prove elettroniche<\/span> delle comunicazioni tramite <strong>Certificato WhatsApp<\/strong> generando <span style=\"color: # 0062af;\">un certificato elettronico con tutte le garanzie di legge a livello di prova di consegna, lettura e download.<\/span><\/p>\n<p><span style=\"color: #0062af;\">Ti consigliamo<\/span> di selezionare il servizio \u201c<strong>Certificato WhatsApp <\/strong><strong>\u00a0Documentazione completa\u201d<\/strong> dove potrai avere lo stesso certificato di<\/p>\n<p>&nbsp;<\/p>\n<p><strong>USI COMUNI DI WHATSAPP CERTIFICATI<\/strong><\/p>\n<ul>\n<li>Certificato WhatsApp per questioni lavorative come licenziamenti, mancanze gravi, ecc.<\/li>\n<li>Certificato WhatsApp per dichiarazioni di quantit\u00e0<\/li>\n<li>WhatsApp Certified per le notifiche ai fornitori di servizi<\/li>\n<li>WhatsApp Certified per notifiche a liberi professionisti e professionisti<\/li>\n<li>Certificato WhatsApp per l&#8217;invio di fatture<\/li>\n<li>Certificato WhatsApp per la firma dei contratti<\/li>\n<li>WhatsApp Certified per i pagamenti in acconto con smart Payments<\/li>\n<li>Certificazione WhatsApp per il recupero amichevole con recupero intelligente<\/li>\n<li>Certificato WhatsApp per questioni sociali come molestie, bullismo, ecc.<\/li>\n<li>Certificato WhatsApp per coppie in separazioni e affidamento figli<\/li>\n<li>Certificato di supporto WhatsApp per posizioni ereditarie e di alta dirigenza.<\/li>\n<\/ul>\n<p>&nbsp;<\/p>\n<blockquote>\n<p><span style=\"color: #8a1313;\">Notifiche effettuate tramite pi\u00f9 canali: <\/span>puoi effettuare <span style=\"color: #0062af;\">notifiche tramite pi\u00f9 canali<\/span>, quindi che costituiscono un perfetto complemento come prova in un eventuale processo. Consigliamo di iniziare con <strong>Burofax Online Postal <\/strong>con consegna a domicilio e, trascorso il periodo ritenuto opportuno, di inviare una <strong>seconda notifica tramite e-mail certificate<\/strong> e una <strong>finale tramite certificato SMS&lt; \/forte&gt;. <span style=\"color: #0062af;\">Con questi tre canali di comunicazione con validit\u00e0 legale,<\/span> oltre ai canali <strong>Fax Certificati e Chiamate Certificate<\/strong> avrai uno dei <span style=\"color: #0062af;\">le migliori strategie di comunicazione multicanale certificate<\/span> sul mercato.<\/strong><\/p>\n<\/blockquote>\n<p>&nbsp;<\/p>\n<p>Nelle comunicazioni con validit\u00e0 legale, ti ricordiamo l&#8217;importanza che <strong>il tuo fornitore venga controllato in conformit\u00e0 con le normative sui servizi fiduciari dell&#8217;UE<\/strong>.<\/p>\n<p><strong>Full Certificate \u00e8 un fornitore europeo di servizi elettronici di fiducia<\/strong> e garantisce che <span style=\"color: #0062af;\">le sue comunicazioni, notifiche e contratti hanno piena validit\u00e0 legale.<\/span><\/p>\n<p>Un <span style=\"color: #f2006e;\">servizio veloce, economico ed ecologico<\/span>, che puoi svolgere comodamente dal tuo computer.<\/p>\n<p>Inoltre, con tutti i nostri prodotti, offriamo il <strong>Servizio di testimonianza notarile<\/strong> su richiesta: un notaio generer\u00e0 e incorporer\u00e0 nel vostro protocollo come prova aggiuntiva <span style=\"color: #0062af;\">tutte le certificazioni emesso dal nostro sistema.<\/span><\/p>\n<p>&nbsp;<\/p>\n<p><span style=\"color: #0062af;\">I nostri servizi fanno risparmiare migliaia di ore ai nostri clienti<\/span> e consentono l&#8217;accesso a servizi avanzati e di alto valore per la tua azienda o ufficio attraverso il <strong>Certificato dei piani aziendali di Full Certificate.<\/strong><\/p>\n<p><strong>Se desideri contattarci<\/strong>, <span style=\"color: #0062af;\"><strong><a href=\"https:\/\/www.fullcertificate.com\/contact\/\"> fai clic qui<\/a>.<\/strong><\/span>[\/mk_fancy_title][\/vc_column_inner][\/vc_row_inner][\/vc_column][vc_column border_color=&#8221;#ffffff&#8221; width=&#8221;1\/4&#8243; css=&#8221;.vc_custom_1473232711830{padding-top: 0px !important;padding-bottom: 0px !important;}&#8221;][vc_row_inner padding=&#8221;0&#8243;][vc_column_inner][mk_image src=&#8221;https:\/\/fullcertificate.com\/wp-content\/uploads\/2023\/12\/banner-lateral-whatsapp_corto-1.jpg&#8221; image_size=&#8221;full&#8221; el_class=&#8221;foto_entera_wpp&#8221;][mk_image src=&#8221;https:\/\/fullcertificate.com\/wp-content\/uploads\/2018\/12\/european-trusted-third-party-full-certificate.png&#8221; image_width=&#8221;180&#8243; align=&#8221;center&#8221; margin_bottom=&#8221;35&#8243; crop=&#8221;false&#8221;][\/vc_column_inner][\/vc_row_inner][vc_row_inner padding=&#8221;0&#8243;][vc_column_inner css=&#8221;.vc_custom_1574181402396{border-top-width: 1px !important;border-right-width: 1px !important;border-bottom-width: 1px !important;border-left-width: 1px !important;border-left-color: #f2006e !important;border-left-style: solid !important;border-right-color: #f2006e !important;border-right-style: solid !important;border-top-color: #f2006e !important;border-top-style: solid !important;border-bottom-color: #f2006e !important;border-bottom-style: solid !important;}&#8221;][mk_fancy_title color=&#8221;#000000&#8243; size=&#8221;20&#8243; font_weight=&#8221;bold&#8221; font_style=&#8221;normal&#8221; txt_transform=&#8221;uppercase&#8221; margin_top=&#8221;20&#8243; margin_bottom=&#8221;0&#8243; font_family=&#8221;none&#8221; align=&#8221;center&#8221;]\n<p style=\"text-align: center;\">REGISTRATI GRATIS<\/p>\n[\/mk_fancy_title][mk_fancy_title color=&#8221;#000000&#8243; size=&#8221;16&#8243; font_style=&#8221;normal&#8221; txt_transform=&#8221;none&#8221; margin_bottom=&#8221;0&#8243; font_family=&#8221;none&#8221; align=&#8221;center&#8221;]\n<p style=\"text-align: center;\">Prova i nostri Servizi Certificati con piena validit\u00e0 legale.<\/p>\n<p>&nbsp;<\/p>\n<p style=\"text-align: center;\"><strong><span style=\"color: #0062b0;\">Nessuna commissione, nessun contratto.<\/span><br \/>\n<\/strong>Il tuo saldo non scade mai.[\/mk_fancy_title][mk_button dimension=&#8221;flat&#8221; corner_style=&#8221;rounded&#8221; size=&#8221;medium&#8221; url=&#8221;https:\/\/cloud.fullcertificate.com\/register&#8221; target=&#8221;_blank&#8221; align=&#8221;center&#8221; button_custom_width=&#8221;160&#8243; bg_color=&#8221;#f2006e&#8221; btn_hover_bg=&#8221;#252525&#8243; btn_hover_txt_color=&#8221;#ffffff&#8221;]CLICCA QUI[\/mk_button][\/vc_column_inner][\/vc_row_inner][vc_row_inner padding=&#8221;0&#8243; el_class=&#8221;ocultar&#8221;][vc_column_inner][vc_empty_space][mk_image src=&#8221;https:\/\/fullcertificate.com\/wp-content\/uploads\/2016\/05\/Burofax_SMS_Certificado_N-1.jpg&#8221; image_width=&#8221;220&#8243; link=&#8221;https:\/\/cloud.avisoscertificados.com\/comprar_pack.aspx?p=sms-1&#8243; align=&#8221;center&#8221; margin_bottom=&#8221;0&#8243; crop=&#8221;false&#8221;][vc_empty_space][\/vc_column_inner][\/vc_row_inner][vc_row_inner padding=&#8221;0&#8243;][vc_column_inner][vc_empty_space height=&#8221;20px&#8221;][mk_icon_box2 icon_type=&#8221;image&#8221; title_size=&#8221;0&#8243; title_top_padding=&#8221;0&#8243; title_bottom_padding=&#8221;0&#8243;]<a href=\"https:\/\/fullcertificate.com\/smartmoney\/\"><img loading=\"lazy\" class=\"wp-image-6433 size-medium aligncenter\" src=\"https:\/\/fullcertificate.com\/wp-content\/uploads\/2018\/10\/logo-smartmoney-1.png\" alt=\"\" width=\"180\" height=\"31\" \/><\/a><a href=\"https:\/\/fullcertificate.com\/smartmoney\/\"><img loading=\"lazy\" class=\"wp-image-6439 size-medium aligncenter\" src=\"https:\/\/fullcertificate.com\/wp-content\/uploads\/2018\/10\/grafico-smart-money-3-1.png\" alt=\"\" width=\"170\" height=\"300\" \/><\/a><\/p>\n<p style=\"text-align: center;\"><strong><span style=\"color: #0062b0;\"><a style=\"color: #0062b0;\" href=\"https:\/\/fullcertificate.com\/smartmoney\/\">SMART MONEY<\/a><br \/>\n<\/span><\/strong>Smart Contracts<br \/>\nSmart Payments<br \/>\n<span style=\"color: #000000; text-decoration: none;\">Smart Recovery<br \/>\nDashboard<br \/>\n<\/span>[\/mk_icon_box2][\/vc_column_inner][\/vc_row_inner][vc_empty_space height=&#8221;20px&#8221;][vc_row_inner padding=&#8221;0&#8243; el_class=&#8221;ocultar&#8221;][vc_column_inner css=&#8221;.vc_custom_1540979094932{border-top-width: 1px !important;border-right-width: 1px !important;border-bottom-width: 1px !important;border-left-width: 1px !important;padding-top: 20px !important;padding-bottom: 20px !important;background-color: #ffffff !important;border-left-color: #1e73be !important;border-left-style: solid !important;border-right-color: #1e73be !important;border-right-style: solid !important;border-top-color: #1e73be !important;border-top-style: solid !important;border-bottom-color: #1e73be !important;border-bottom-style: solid !important;}&#8221;][mk_fancy_title color=&#8221;#000000&#8243; size=&#8221;20&#8243; font_weight=&#8221;bold&#8221; font_style=&#8221;normal&#8221; txt_transform=&#8221;uppercase&#8221; margin_bottom=&#8221;0&#8243; font_family=&#8221;none&#8221; align=&#8221;center&#8221;]\n<p style=\"text-align: center;\">INFORMACI\u00d3N DE CONTACTO<\/p>\n[\/mk_fancy_title][mk_fancy_title color=&#8221;#1e73be&#8221; font_style=&#8221;normal&#8221; txt_transform=&#8221;none&#8221; margin_bottom=&#8221;18&#8243; font_family=&#8221;none&#8221; align=&#8221;center&#8221;]\n<p style=\"text-align: center;\"><strong>Tel\u00e9fono:<\/strong> EU &#8211; ES: 0034 910 052 659<br \/>\nEU &#8211; IT: 0039 0687165152<br \/>\nLATAM: 0052 55 4162 9666<\/p>\n<p style=\"text-align: center;\"><strong>Direcci\u00f3n:<\/strong> C\/ Boix y Morer 6, planta 9. 28003 Madrid, Espa\u00f1a<\/p>\n[\/mk_fancy_title][mk_button dimension=&#8221;flat&#8221; corner_style=&#8221;rounded&#8221; size=&#8221;medium&#8221; url=&#8221;https:\/\/fullcertificate.com\/contact\/&#8221; align=&#8221;center&#8221; button_custom_width=&#8221;160&#8243; bg_color=&#8221;#0062b0&#8243; btn_hover_bg=&#8221;#252525&#8243;]CONT\u00c1CTENOS[\/mk_button][\/vc_column_inner][\/vc_row_inner][\/vc_column][\/mk_page_section][vc_row][vc_column][\/vc_column][\/vc_row][vc_row][vc_column][mk_divider style=&#8221;thin_solid&#8221; thickness=&#8221;4&#8243; margin_top=&#8221;10&#8243; margin_bottom=&#8221;40&#8243;][\/vc_column][\/vc_row][vc_row][vc_column][vc_row_inner padding=&#8221;0&#8243;][vc_column_inner][mk_fancy_title tag_name=&#8221;h4&#8243; color=&#8221;#393836&#8243; size=&#8221;30&#8243; font_style=&#8221;normal&#8221; txt_transform=&#8221;uppercase&#8221; margin_bottom=&#8221;18&#8243; font_family=&#8221;none&#8221; align=&#8221;center&#8221;]\n<p style=\"text-align: center;\">CON LA GARANT\u00cdA DE<\/p>\n[\/mk_fancy_title][mk_image src=&#8221;https:\/\/fullcertificate.com\/wp-content\/uploads\/2023\/03\/footer-nuevo-we-vote-esp.jpg&#8221; target=&#8221;_blank&#8221; align=&#8221;center&#8221; margin_bottom=&#8221;0&#8243; el_class=&#8221;imagen-footer-centro&#8221; crop=&#8221;false&#8221;][\/vc_column_inner][\/vc_row_inner][\/vc_column][\/vc_row][vc_row][vc_column][vc_column_text css=&#8221;.vc_custom_1777380859631{margin-bottom: 0px !important;}&#8221;]\n<div id=\"wrapper-video-autom\u00e1tico\" style=\"display:none;\">\n        \/\/ PopUp Video<br \/>\n    <a id=\"69f1fa75dca12\" rel=\"wp-video-lightbox\" href=\"https:\/\/www.youtube.com\/watch?v=ZMc9creozeI&#038;width=853&#038;height=480\" title=\"\">open<\/a>    <script>\r\n    \/* <![CDATA[ *\/\r\n    jQuery(document).ready(function($){\r\n        $(function(){\r\n            var width = $(window).innerWidth();\r\n            var setwidth = parseFloat(853);\r\n            var ratio = parseFloat(0.56271981242673);\r\n            var height = parseFloat(480);\r\n            var link = 'https:\/\/www.youtube.com\/watch?v=ZMc9creozeI&amp;width=853&amp;height=480';\r\n            if(width < setwidth)\r\n            {\r\n                height = Math.floor(width * 0.56271981242673);\r\n                \/\/console.log(\"device width \"+width+\", set width \"+853+\", ratio \"+0.56271981242673+\", new height \"+ height);\r\n                var new_url = wpvl_paramReplace('width', link, width);\r\n                var new_url = wpvl_paramReplace('height', new_url, height);\r\n                $(\"a#69f1fa75dca12\").attr('href', new_url);\r\n                \/\/console.log(new_url);\r\n            }\r\n        });\r\n    });\r\n    \/* ]]> *\/\r\n    <\/script>\n<\/div>\n<p><script type=\"text\/javascript\">\n    jQuery(document).ready(function($) {\n        setTimeout(function() {\n            jQuery('#wrapper-video-autom\u00e1tico a').click();\n        }, 1000);\n    });\n<\/script>[\/vc_column_text][\/vc_column][\/vc_row]\n","protected":false},"excerpt":{"rendered":"<p>[mk_page_section bg_image=&#8221;https:\/\/fullcertificate.com\/wp-content\/uploads\/2023\/03\/banner_whatsapp_l2-nw.jpg&#8221; bg_position=&#8221;center top&#8221; bg_repeat=&#8221;no-repeat&#8221; bg_stretch=&#8221;true&#8221; min_height=&#8221;350&#8243; padding_top=&#8221;20&#8243; padding_bottom=&#8221;0&#8243; first_page=&#8221;true&#8221; last_page=&#8221;true&#8221; sidebar=&#8221;sidebar-1&#8243;][vc_column][mk_fancy_title color=&#8221;#0a0909&#8243; size=&#8221;40&#8243; font_style=&#8221;normal&#8221; txt_transform=&#8221;none&#8221; margin_top=&#8221;60&#8243; margin_bottom=&#8221;0&#8243; font_family=&#8221;none&#8221;]Certificato WhatsApp con validit\u00e0 legale[\/mk_fancy_title][mk_fancy_title color=&#8221;#393836&#8243; size=&#8221;25&#8243; font_weight=&#8221;300&#8243; font_style=&#8221;normal&#8221; txt_transform=&#8221;none&#8221; margin_bottom=&#8221;0&#8243; font_family=&#8221;none&#8221;]Notifiche e comunicazioni tramite Messaggistica Certificata in tutto il mondo[\/mk_fancy_title][mk_button dimension=&#8221;flat&#8221; size=&#8221;medium&#8221; url=&#8221;https:\/\/cloud.fullcertificate.com\/register&#8221; target=&#8221;_blank&#8221; button_custom_width=&#8221;250&#8243; bg_color=&#8221;#0062b0&#8243; btn_hover_bg=&#8221;#252525&#8243;]REGISTRAZIONE GRATUITA[\/mk_button][\/vc_column][\/mk_page_section][mk_page_section padding_top=&#8221;50&#8243; padding_bottom=&#8221;50&#8243; first_page=&#8221;false&#8221; last_page=&#8221;false&#8221; sidebar=&#8221;sidebar-1&#8243;][vc_column width=&#8221;3\/4&#8243;][mk_fancy_title color=&#8221;#0062af&#8221; size=&#8221;30&#8243; [&hellip;]<\/p>\n","protected":false},"author":2,"featured_media":0,"parent":0,"menu_order":0,"comment_status":"closed","ping_status":"closed","template":"","meta":{"_bbp_topic_count":0,"_bbp_reply_count":0,"_bbp_total_topic_count":0,"_bbp_total_reply_count":0,"_bbp_voice_count":0,"_bbp_anonymous_reply_count":0,"_bbp_topic_count_hidden":0,"_bbp_reply_count_hidden":0,"_bbp_forum_subforum_count":0},"_links":{"self":[{"href":"https:\/\/www.fullcertificate.com\/it\/wp-json\/wp\/v2\/pages\/29688"}],"collection":[{"href":"https:\/\/www.fullcertificate.com\/it\/wp-json\/wp\/v2\/pages"}],"about":[{"href":"https:\/\/www.fullcertificate.com\/it\/wp-json\/wp\/v2\/types\/page"}],"author":[{"embeddable":true,"href":"https:\/\/www.fullcertificate.com\/it\/wp-json\/wp\/v2\/users\/2"}],"replies":[{"embeddable":true,"href":"https:\/\/www.fullcertificate.com\/it\/wp-json\/wp\/v2\/comments?post=29688"}],"version-history":[{"count":5,"href":"https:\/\/www.fullcertificate.com\/it\/wp-json\/wp\/v2\/pages\/29688\/revisions"}],"predecessor-version":[{"id":31601,"href":"https:\/\/www.fullcertificate.com\/it\/wp-json\/wp\/v2\/pages\/29688\/revisions\/31601"}],"wp:attachment":[{"href":"https:\/\/www.fullcertificate.com\/it\/wp-json\/wp\/v2\/media?parent=29688"}],"curies":[{"name":"wp","href":"https:\/\/api.w.org\/{rel}","templated":true}]}}