{"id":14949,"date":"2019-02-13T16:08:07","date_gmt":"2019-02-13T16:08:07","guid":{"rendered":"https:\/\/fullcertificate.com\/?page_id=14949"},"modified":"2022-04-13T04:18:25","modified_gmt":"2022-04-13T04:18:25","slug":"certyfikat-odzyskiwania-online","status":"publish","type":"page","link":"https:\/\/www.fullcertificate.com\/pl\/certyfikat-odzyskiwania-online\/","title":{"rendered":"Certified Online Recovery"},"content":{"rendered":"[mk_page_section bg_image=&#8221;https:\/\/fullcertificate.com\/wp-content\/uploads\/2018\/11\/banner-smart-recovery-2-1.jpg&#8221; bg_position=&#8221;center top&#8221; bg_repeat=&#8221;no-repeat&#8221; bg_stretch=&#8221;true&#8221; min_height=&#8221;350&#8243; padding_top=&#8221;20&#8243; padding_bottom=&#8221;0&#8243; first_page=&#8221;true&#8221; last_page=&#8221;true&#8221; sidebar=&#8221;sidebar-1&#8243;][vc_column][mk_fancy_title tag_name=&#8221;h1&#8243; color=&#8221;#ffffff&#8221; size=&#8221;40&#8243; font_weight=&#8221;normal&#8221; font_style=&#8221;normal&#8221; txt_transform=&#8221;none&#8221; margin_top=&#8221;60&#8243; margin_bottom=&#8221;0&#8243; font_family=&#8221;none&#8221;]Smart Recovery[\/mk_fancy_title][mk_fancy_title tag_name=&#8221;h1&#8243; color=&#8221;#ffffff&#8221; size=&#8221;25&#8243; font_weight=&#8221;300&#8243; font_style=&#8221;normal&#8221; txt_transform=&#8221;none&#8221; margin_bottom=&#8221;0&#8243; font_family=&#8221;none&#8221;]Automatyzacja certyfikowanego cyklu odzyskiwania[\/mk_fancy_title][mk_button dimension=&#8221;flat&#8221; size=&#8221;medium&#8221; url=&#8221;https:\/\/fullcertificate.com\/pl\/skontaktuj-sie-z-nami\/&#8221; button_custom_width=&#8221;250&#8243; bg_color=&#8221;#f2b42a&#8221; btn_hover_bg=&#8221;#dd821f&#8221;]SKONTAKTUJ SI\u0118 TERAZ[\/mk_button][\/vc_column][\/mk_page_section][mk_page_section padding_top=&#8221;50&#8243; padding_bottom=&#8221;50&#8243; first_page=&#8221;false&#8221; last_page=&#8221;false&#8221; sidebar=&#8221;sidebar-1&#8243;][vc_column width=&#8221;3\/4&#8243;][mk_fancy_title tag_name=&#8221;h1&#8243; color=&#8221;#0062af&#8221; size=&#8221;30&#8243; font_weight=&#8221;normal&#8221; font_style=&#8221;normal&#8221; txt_transform=&#8221;none&#8221; margin_bottom=&#8221;0&#8243; font_family=&#8221;none&#8221;]Smart Recovery &#8211; Certyfikat eRecobro[\/mk_fancy_title][mk_divider style=&#8221;thin_solid&#8221; thickness=&#8221;4&#8243; margin_top=&#8221;0&#8243;][mk_fancy_title color=&#8221;#000000&#8243; size=&#8221;17&#8243; font_weight=&#8221;bold&#8221; font_style=&#8221;normal&#8221; txt_transform=&#8221;uppercase&#8221; margin_bottom=&#8221;30&#8243; font_family=&#8221;none&#8221;]ZAUTOMATYZOWANE I CERTYFIKOWANE US\u0141UGI ODZYSKIWANIA ONLINE Z REJESTREM PRZEDS\u0104DROWYM O WA\u017bNO\u015aCI PRAWNEJ[\/mk_fancy_title][vc_empty_space height=&#8221;0px&#8221;][vc_row_inner padding=&#8221;0&#8243;][vc_column_inner width=&#8221;1\/3&#8243;][mk_image src=&#8221;https:\/\/fullcertificate.com\/wp-content\/uploads\/2018\/11\/logo-smartrecovery-1-e1541889017293-1.png&#8221; image_width=&#8221;240&#8243; align=&#8221;center&#8221; margin_bottom=&#8221;-35&#8243; crop=&#8221;false&#8221;][mk_icon_box2 icon_type=&#8221;image&#8221; icon_size=&#8221;inherit&#8221; title_size=&#8221;0&#8243; title_top_padding=&#8221;0&#8243; title_bottom_padding=&#8221;30&#8243;]<img class=\"wp-image-6483 aligncenter\" src=\"https:\/\/fullcertificate.com\/wp-content\/uploads\/2018\/10\/grafico-smart-recovery-1.png\" alt=\"\" width=\"216\" \/><\/p>\n<p style=\"text-align: center;\"><strong><span style=\"color: #0062b0;\">SMART RECOVERY<\/span><\/strong><br \/>\n<span style=\"color: #000000;\">Smart Recovery<br \/>\nAutomatyzacja cyklu<br \/>\nUmowa o p\u0142atno\u015bci elektroniczne<br \/>\nKolekcje odroczone na raty<br \/>\nUzupe\u0142nij plik i certyfikat<br \/>\nP\u0142atno\u015bci na konto<\/span><\/p>\n[\/mk_icon_box2][mk_image src=&#8221;https:\/\/fullcertificate.com\/wp-content\/uploads\/2018\/11\/SELLO-CERTIFICADO-1.png&#8221; image_width=&#8221;660&#8243; image_height=&#8221;405&#8243; align=&#8221;center&#8221; crop=&#8221;false&#8221;][\/vc_column_inner][vc_column_inner width=&#8221;2\/3&#8243;][mk_fancy_title tag_name=&#8221;h4&#8243; color=&#8221;#000000&#8243; font_weight=&#8221;normal&#8221; font_style=&#8221;normal&#8221; txt_transform=&#8221;none&#8221; margin_bottom=&#8221;10&#8243; font_family=&#8221;none&#8221;]<strong>Smart Recovery<\/strong> to us\u0142ugi <span style=\"color: #0062af;\">elektroniczne o wysokiej warto\u015bci<\/span> dodanej, kt\u00f3re umo\u017cliwiaj\u0105 uruchomienie w <span style=\"color: #0062af;\">100% spersonalizowanych<\/span> cykli odzyskiwania online, zgodnie z potrzebami ka\u017cdego klienta.<\/p>\n<p>&nbsp;<\/p>\n<p>Opr\u00f3cz <span style=\"color: #0062af;\">mo\u017cliwo\u015bci gromadzenia wielokana\u0142owego<\/span> w ci\u0105gu 30\u201360 dni od momentu wyst\u0105pienia niewykonania zobowi\u0105zania, fakt, \u017ce <span style=\"color: #0062af;\">komunikacja jest po\u015bwiadczana<\/span> za pomoc\u0105 <strong>elektronicznych powiadomie\u0144 o d\u0142ugach<\/strong>, <span style=\"color: #0062af;\">jest generowany jako wa\u017cna dodatkowa warto\u015b\u0107, generuj\u0105ca dowody w przypadku ewentualnego roszczenia o roszczenia ilo\u015b\u0107<\/span><\/p>\n<p>&nbsp;<\/p>\n<p><span style=\"color: #0062af;\">Wszystkie dzia\u0142ania przest\u0119pcy s\u0105 rejestrowane<\/span> za pomoc\u0105 elektronicznej certyfikacji przez <strong>Smart Recovery &amp; Full Certificate<\/strong>, Third Party of Trust, <span style=\"color: #0062af;\">generuj\u0105c po\u015bwiadczony plik ca\u0142ego procesu<\/span> o <strong>mocy prawnej.<\/strong><\/p>\n<p>&nbsp;<\/p>\n<h5><span style=\"color: #0062af;\">Istniej\u0105 dwa rodzaje us\u0142ug:<\/span><\/h5>\n<p>&nbsp;<\/p>\n<p><strong>WS Automation Recovery Services:<\/strong> <span style=\"color: #0062af;\">dla klient\u00f3w z wi\u0119ksz\u0105 ilo\u015bci\u0105 plik\u00f3w odzyskiwania<\/span>. Wdro\u017cenie poprzez analiz\u0119 potrzeb, programowanie IT i integracj\u0119 us\u0142ug sieciowych &#8211; WS API REST -.<\/p>\n<p>&nbsp;<\/p>\n<p><strong>Us\u0142ugi odzyskiwania danych<\/strong> w chmurze dla firm, stowarzysze\u0144 i instytucji: <span style=\"color: #0062af;\">Aktywacja w chmurze i automatyzacja plik\u00f3w odzyskiwania<\/span> za po\u015brednictwem naszych us\u0142ug online.[\/mk_fancy_title][mk_image src=&#8221;https:\/\/fullcertificate.com\/wp-content\/uploads\/2019\/11\/POL-grap-2-smartm-full-certificate.jpg&#8221; image_width=&#8221;1000&#8243; align=&#8221;center&#8221; margin_bottom=&#8221;30&#8243; el_class=&#8221;imagen-medio&#8221; crop=&#8221;false&#8221;][mk_fancy_title tag_name=&#8221;h4&#8243; color=&#8221;#000000&#8243; font_weight=&#8221;normal&#8221; font_style=&#8221;normal&#8221; txt_transform=&#8221;none&#8221; font_family=&#8221;none&#8221;]<strong>Smart Recovery<\/strong> przynosi ogromne korzy\u015bci firmom, stowarzyszeniom, instytucjom, urz\u0119dom miasta itp. Poniewa\u017c przyczynia si\u0119 do znacznych <span style=\"color: #0062af;\">oszcz\u0119dno\u015bci czasu, sukcesu procesu i niskich koszt\u00f3w odzyskiwania.<\/span> Bez w\u0105tpienia idealnie nadaje si\u0119 do <span style=\"color: #0062af;\">masowych proces\u00f3w z setkami lub milionami plik\u00f3w.<\/span><\/p>\n<p>&nbsp;<\/p>\n<p>Ale <strong>najwa\u017cniejsze jest to<\/strong>, \u017ce pozwala <strong>dostosowa\u0107<\/strong> <span style=\"color: #0062af;\">ca\u0142y cykl odzyskiwania<\/span>. Od formatu<span style=\"color: #0062af;\"> powiadomie\u0144<\/span>, kana\u0142y komunikacji: &#8222;<span style=\"color: #0062af;\">Certyfikaty eMail, certyfikaty SMS, certyfikaty faksu, certyfikowane po\u0142\u0105czenia<\/span> itp.&#8221; A\u017c do metody odbioru elektronicznego.<\/p>\n<p>&nbsp;<\/p>\n<p>Ponadto umo\u017cliwia tak\u017ce pe\u0142ne i kompleksowe<span style=\"color: #0062af;\"> p\u00f3\u0142automatyczne lub r\u0119czne zarz\u0105dzanie<\/span> cyklem odzyskiwania \u015brodk\u00f3w. Tw\u00f3j zesp\u00f3\u0142 mo\u017ce wykonywa\u0107 takie czynno\u015bci, jak: <span style=\"color: #0062af;\">zatrzymanie cyklu<\/span>, utworzenie <span style=\"color: #0062af;\">bezpo\u015bredniej umowy z d\u0142u\u017cnikiem, p\u0142atno\u015bci na konto, po\u015bwiadczone po\u0142\u0105czenia, przeliczanie odsetek i prowizje<\/span> itp.[\/mk_fancy_title][mk_image src=&#8221;https:\/\/fullcertificate.com\/wp-content\/uploads\/2019\/11\/POL-grap-1-smartm-full-certificate.jpg&#8221; image_width=&#8221;1000&#8243; align=&#8221;center&#8221; margin_bottom=&#8221;30&#8243; el_class=&#8221;imagen-medio&#8221; crop=&#8221;false&#8221;][mk_image src=&#8221;https:\/\/fullcertificate.com\/wp-content\/uploads\/2019\/11\/POL-grap-1-smartrec-full-certificate.jpg&#8221; image_width=&#8221;450&#8243; image_height=&#8221;405&#8243; align=&#8221;center&#8221; margin_bottom=&#8221;30&#8243; el_class=&#8221;imagen-medio&#8221; crop=&#8221;false&#8221;][mk_fancy_title tag_name=&#8221;h4&#8243; color=&#8221;#000000&#8243; font_weight=&#8221;normal&#8221; font_style=&#8221;normal&#8221; txt_transform=&#8221;none&#8221; margin_bottom=&#8221;0&#8243; font_family=&#8221;none&#8221;]\n<h3><span style=\"color: #0062af;\"><span style=\"color: #000000;\">PROCES<\/span><\/span><\/h3>\n<h3><span style=\"color: #0062af;\">Certyfikowany elektroniczny system zbi\u00f3rki<\/span><\/h3>\n<p>&nbsp;<\/p>\n<ol>\n<li>Aktywacja <span style=\"color: #0062af;\">inteligentnych zmiennych<\/span> i cykli procesowych<\/li>\n<li>Otrzymanie <span style=\"color: #0062af;\">danych i dokument\u00f3w<\/span><\/li>\n<li>Rozpocz\u0119cie cyklu windykacji za pomoc\u0105 po\u015bwiadczonej komunikacji elektronicznej z d\u0142u\u017cnikiem<\/li>\n<li>Podpis elektroniczny <span style=\"color: #0062af;\">Po\u015bwiadczonej Umowy o P\u0142atno\u015bci<\/span> z mo\u017cliwym naliczaniem frakcji p\u0142atniczych w czasie.<\/li>\n<li><span style=\"color: #0062af;\">Odzyskiwanie wierzytelno\u015bci<\/span> z mo\u017cliwo\u015bci\u0105 <span style=\"color: #0062af;\">p\u0142atno\u015bci na konto w oparciu<\/span> o negocjacje z d\u0142u\u017cnikiem<\/li>\n<li><span style=\"color: #0062af;\">\u015awiadectwo uprzedniego post\u0119powania<\/span> z <span style=\"color: #0062af;\">pe\u0142n\u0105 moc\u0105 prawn\u0105<\/span>.<\/li>\n<\/ol>\n[\/mk_fancy_title][mk_fancy_title tag_name=&#8221;h4&#8243; color=&#8221;#000000&#8243; font_weight=&#8221;normal&#8221; font_style=&#8221;normal&#8221; txt_transform=&#8221;none&#8221; font_family=&#8221;none&#8221;]<strong>Smart Recovery i Smart Money<\/strong> to <strong>Full Certificate<\/strong>, <strong><span style=\"color: #0062af;\">Third Party of European Trust<\/span><\/strong>, gwarantuj\u0105, \u017ce Twoja komunikacja i umowy b\u0119d\u0105 mia\u0142y <span style=\"color: #0062af;\">pe\u0142n\u0105 moc prawn\u0105<\/span>.<\/p>\n<p>&nbsp;<\/p>\n<p>Rozwijamy <span style=\"color: #0062af;\">zaawansowane us\u0142ugi elektroniczne<\/span>, kt\u00f3re zapewniaj\u0105 <strong>ogromne korzy\u015bci<\/strong> organizacjom i ich klientom.<\/p>\n<p>&nbsp;<\/p>\n<p>Je\u015bli chcesz si\u0119 z <strong>nami skontaktowa\u0107<\/strong>, specjalistyczny konsultant udzieli ci osobistej pomocy. <a href=\"https:\/\/fullcertificate.com\/pl\/skontaktuj-sie-z-nami\/\">Kliknij tutaj<\/a>[\/mk_fancy_title][mk_image src=&#8221;https:\/\/fullcertificate.com\/wp-content\/uploads\/2019\/11\/POL-graphic-5-plakat-zaufana-strona-trzecia-full-certificate.jpg&#8221; image_width=&#8221;584&#8243; align=&#8221;center&#8221; margin_bottom=&#8221;30&#8243; el_class=&#8221;imagen-medio&#8221; crop=&#8221;false&#8221;][mk_blockquote font_family=&#8221;none&#8221; align=&#8221;left&#8221;]<strong>Dowiedz si\u0119 o naszych rozwi\u0105zaniach<\/strong>. Skontaktuj si\u0119 z nami, a zaproponujemy najlepsze rozwi\u0105zanie dla Twoich potrzeb[\/mk_blockquote][vc_column_text][\/vc_column_text][vc_column_text][\/vc_column_text][\/vc_column_inner][\/vc_row_inner][mk_fancy_title color=&#8221;#0062af&#8221; size=&#8221;25&#8243; font_weight=&#8221;normal&#8221; font_style=&#8221;normal&#8221; txt_transform=&#8221;none&#8221; margin_top=&#8221;50&#8243; margin_bottom=&#8221;5&#8243; font_family=&#8221;none&#8221;]Us\u0142uga sk\u0142ada si\u0119 z nast\u0119puj\u0105cych kluczowych punkt\u00f3w:[\/mk_fancy_title][mk_divider style=&#8221;thin_solid&#8221; thickness=&#8221;4&#8243; margin_top=&#8221;0&#8243; margin_bottom=&#8221;30&#8243;][vc_row_inner padding=&#8221;0&#8243;][vc_column_inner width=&#8221;1\/3&#8243;][mk_fancy_title tag_name=&#8221;h4&#8243; color=&#8221;#000000&#8243; font_weight=&#8221;normal&#8221; font_style=&#8221;normal&#8221; txt_transform=&#8221;none&#8221; margin_bottom=&#8221;0&#8243; font_family=&#8221;none&#8221;]Programowa <strong><span style=\"color: #0062af;\">AUTOMATYZACJA<\/span><\/strong> procesu odzyskiwania.[\/mk_fancy_title][\/vc_column_inner][vc_column_inner width=&#8221;2\/3&#8243;][vc_text_separator title=&#8221;AUTOMATYZACJA&#8221; title_align=&#8221;separator_align_left&#8221; style=&#8221;double&#8221; el_width=&#8221;80&#8243;][mk_image src=&#8221;https:\/\/fullcertificate.com\/wp-content\/uploads\/2016\/09\/settings-gears-1.png&#8221; image_width=&#8221;64&#8243; image_height=&#8221;64&#8243; align=&#8221;center&#8221; crop=&#8221;false&#8221;][\/vc_column_inner][vc_column_inner][\/vc_column_inner][\/vc_row_inner][vc_empty_space height=&#8221;20px&#8221;][vc_row_inner padding=&#8221;0&#8243;][vc_column_inner width=&#8221;1\/3&#8243;][mk_fancy_title tag_name=&#8221;h4&#8243; color=&#8221;#000000&#8243; font_weight=&#8221;normal&#8221; font_style=&#8221;normal&#8221; txt_transform=&#8221;none&#8221; margin_bottom=&#8221;0&#8243; font_family=&#8221;none&#8221;]Po\u015bwiadczenie <strong>POJEDYNCZEGO PRZEGL\u0104DOWEGO REJESTRACJI<\/strong> wszystkich dzia\u0142a\u0144 d\u0142u\u017cnika o <span style=\"color: #0062af;\">pe\u0142nej mocy prawnej<\/span>.[\/mk_fancy_title][\/vc_column_inner][vc_column_inner width=&#8221;2\/3&#8243;][vc_text_separator title=&#8221;TYLKO NAGRYWAJ&#8221; title_align=&#8221;separator_align_left&#8221; style=&#8221;double&#8221; el_width=&#8221;80&#8243;][mk_image src=&#8221;https:\/\/fullcertificate.com\/wp-content\/uploads\/2016\/09\/folder-1.png&#8221; image_width=&#8221;64&#8243; image_height=&#8221;64&#8243; align=&#8221;center&#8221; crop=&#8221;false&#8221;][\/vc_column_inner][\/vc_row_inner][vc_empty_space height=&#8221;20px&#8221;][vc_row_inner padding=&#8221;0&#8243;][vc_column_inner width=&#8221;1\/3&#8243;][mk_fancy_title tag_name=&#8221;h4&#8243; color=&#8221;#000000&#8243; font_weight=&#8221;normal&#8221; font_style=&#8221;normal&#8221; txt_transform=&#8221;none&#8221; margin_bottom=&#8221;0&#8243; font_family=&#8221;none&#8221;]<strong><span style=\"color: #0062af;\">CERTYFIKOWANE KOMUNIKACJE WIELOKANA\u0141OWE<\/span><\/strong>, kt\u00f3re pomagaj\u0105 <span style=\"color: #0062af;\">zarz\u0105dza\u0107 milionami plik\u00f3w.<\/span>[\/mk_fancy_title][\/vc_column_inner][vc_column_inner width=&#8221;2\/3&#8243;][vc_text_separator title=&#8221;CERTYFIKOWANA KOMUNIKACJA WIELOKANA\u0141OWA&#8221; title_align=&#8221;separator_align_left&#8221; style=&#8221;double&#8221; el_width=&#8221;80&#8243;][mk_image src=&#8221;https:\/\/fullcertificate.com\/wp-content\/uploads\/2016\/09\/comunicacion-1.png&#8221; image_width=&#8221;368&#8243; image_height=&#8221;64&#8243; align=&#8221;center&#8221; crop=&#8221;false&#8221;][\/vc_column_inner][\/vc_row_inner][vc_empty_space height=&#8221;20px&#8221;][vc_row_inner padding=&#8221;0&#8243;][vc_column_inner width=&#8221;1\/3&#8243;][mk_fancy_title tag_name=&#8221;h4&#8243; color=&#8221;#000000&#8243; font_weight=&#8221;normal&#8221; font_style=&#8221;normal&#8221; txt_transform=&#8221;none&#8221; margin_bottom=&#8221;0&#8243; font_family=&#8221;none&#8221;]<strong>ODBI\u00d3R ZAD\u0141U\u017bENIA<\/strong> na podstawie umowy o po\u015bwiadczenie windykacji online za pomoc\u0105 <span style=\"color: #1e73be;\">karty kredytowej, SEPA i przelewu bankowego.<\/span>[\/mk_fancy_title][\/vc_column_inner][vc_column_inner width=&#8221;2\/3&#8243;][vc_text_separator title=&#8221;KOLEKCJA D\u0141UGOWA&#8221; title_align=&#8221;separator_align_left&#8221; style=&#8221;double&#8221; el_width=&#8221;80&#8243;][mk_image src=&#8221;https:\/\/fullcertificate.com\/wp-content\/uploads\/2016\/09\/banco-1.png&#8221; image_width=&#8221;368&#8243; image_height=&#8221;64&#8243; align=&#8221;center&#8221; crop=&#8221;false&#8221;][\/vc_column_inner][\/vc_row_inner][vc_empty_space height=&#8221;20px&#8221;][vc_row_inner padding=&#8221;0&#8243;][vc_column_inner width=&#8221;1\/3&#8243;][mk_fancy_title tag_name=&#8221;h4&#8243; color=&#8221;#000000&#8243; font_weight=&#8221;normal&#8221; font_style=&#8221;normal&#8221; txt_transform=&#8221;none&#8221; font_family=&#8221;none&#8221;]Aktywacja <strong>PUNKTOWYCH SYSTEM\u00d3W OCZEKIWANIA<\/strong> zwi\u0105zanych <span style=\"color: #005bb9;\">z sukcesem kolekcji<\/span>. Us\u0142uga opcjonalna.[\/mk_fancy_title][\/vc_column_inner][vc_column_inner width=&#8221;2\/3&#8243;][vc_text_separator title=&#8221;PUNKTACJA SYSTEM\u00d3W OCZEKIWANIA&#8221; title_align=&#8221;separator_align_left&#8221; style=&#8221;double&#8221; el_width=&#8221;80&#8243;][mk_image src=&#8221;https:\/\/fullcertificate.com\/wp-content\/uploads\/2016\/09\/codigos1-1.png&#8221; image_width=&#8221;368&#8243; image_height=&#8221;64&#8243; align=&#8221;center&#8221; margin_bottom=&#8221;30&#8243; crop=&#8221;false&#8221;][\/vc_column_inner][\/vc_row_inner][mk_fancy_title tag_name=&#8221;h4&#8243; color=&#8221;#000000&#8243; font_weight=&#8221;normal&#8221; font_style=&#8221;normal&#8221; txt_transform=&#8221;none&#8221; margin_bottom=&#8221;0&#8243; font_family=&#8221;none&#8221;]Je\u015bli chcesz uzyska\u0107 wi\u0119cej informacji, <a href=\"https:\/\/fullcertificate.com\/pl\/skontaktuj-sie-z-nami\/\">skontaktuj si\u0119 z nami<\/a>, a konsultant osobi\u015bcie Ci pomo\u017ce.[\/mk_fancy_title][mk_divider style=&#8221;thin_solid&#8221; thickness=&#8221;4&#8243; margin_top=&#8221;0&#8243;][\/vc_column][vc_column border_color=&#8221;#ffffff&#8221; width=&#8221;1\/4&#8243;][mk_image src=&#8221;https:\/\/fullcertificate.com\/wp-content\/uploads\/2022\/04\/eevidence-security-4.jpg&#8221; image_width=&#8221;180&#8243; align=&#8221;center&#8221; margin_bottom=&#8221;35&#8243; crop=&#8221;false&#8221;][vc_empty_space height=&#8221;0px&#8221;][mk_icon_box2 icon_type=&#8221;image&#8221; title_size=&#8221;0&#8243; title_top_padding=&#8221;0&#8243; title_bottom_padding=&#8221;0&#8243;]<a href=\"https:\/\/fullcertificate.com\/pl\/automation-cloud-inhouse\/\"><img loading=\"lazy\" class=\"wp-image-6433 size-medium aligncenter\" src=\"https:\/\/fullcertificate.com\/wp-content\/uploads\/2018\/10\/logo-smart-automation-2-1.png\" alt=\"\" width=\"265\" height=\"31\" \/><\/a><a href=\"https:\/\/fullcertificate.com\/pl\/automation-cloud-inhouse\/\"><img loading=\"lazy\" class=\"wp-image-6439 size-medium aligncenter\" src=\"https:\/\/fullcertificate.com\/wp-content\/uploads\/2018\/10\/grafico-smart-automation-1.png\" alt=\"\" width=\"170\" height=\"300\" \/><\/a><\/p>\n<p style=\"text-align: center;\"><strong><span style=\"color: #0062b0;\"><a style=\"color: #0062b0;\" href=\"https:\/\/fullcertificate.com\/pl\/automation-cloud-inhouse\/\">SMART AUTOMATION<\/a><br \/>\n<\/span><\/strong><span style=\"color: #000000; text-decoration: none;\">WS API-REST<br \/>\nRozw\u00f3j IT<br \/>\nZaawansowane uwierzytelnianie<br \/>\nPortale i formularze. Inteligentny<br \/>\n<\/span><\/p>\n[\/mk_icon_box2][vc_empty_space height=&#8221;20px&#8221;][vc_row_inner padding=&#8221;0&#8243; el_class=&#8221;ocultar&#8221;][vc_column_inner css=&#8221;.vc_custom_1540979094932{border-top-width: 1px !important;border-right-width: 1px !important;border-bottom-width: 1px !important;border-left-width: 1px !important;padding-top: 20px !important;padding-bottom: 20px !important;background-color: #ffffff !important;border-left-color: #1e73be !important;border-left-style: solid !important;border-right-color: #1e73be !important;border-right-style: solid !important;border-top-color: #1e73be !important;border-top-style: solid !important;border-bottom-color: #1e73be !important;border-bottom-style: solid !important;}&#8221;][mk_fancy_title color=&#8221;#000000&#8243; size=&#8221;20&#8243; font_weight=&#8221;bold&#8221; font_style=&#8221;normal&#8221; txt_transform=&#8221;uppercase&#8221; margin_bottom=&#8221;0&#8243; font_family=&#8221;none&#8221; align=&#8221;center&#8221;]\n<p style=\"text-align: center;\">DANE KONTAKTOWE<\/p>\n[\/mk_fancy_title][mk_fancy_title color=&#8221;#1e73be&#8221; font_weight=&#8221;normal&#8221; font_style=&#8221;normal&#8221; txt_transform=&#8221;none&#8221; margin_bottom=&#8221;0&#8243; font_family=&#8221;none&#8221; align=&#8221;center&#8221;]\n<p style=\"text-align: center;\"><strong>Telefon:<\/strong>\u00a0(0034) 91 005 26 59<br \/>\n<strong>Adres:\u00a0<\/strong>C \/ Boix i Morer 6, poddasze.<br \/>\n28003 Madryt, Hiszpania<\/p>\n[\/mk_fancy_title][mk_button dimension=&#8221;flat&#8221; corner_style=&#8221;rounded&#8221; size=&#8221;medium&#8221; url=&#8221;https:\/\/fullcertificate.com\/pl\/skontaktuj-sie-z-nami\/&#8221; align=&#8221;center&#8221; button_custom_width=&#8221;160&#8243; bg_color=&#8221;#0062b0&#8243; btn_hover_bg=&#8221;#252525&#8243;]SKONTAKTUJ SI\u0118 Z NAMI[\/mk_button][\/vc_column_inner][\/vc_row_inner][\/vc_column][\/mk_page_section][mk_page_section full_width=&#8221;true&#8221; first_page=&#8221;false&#8221; last_page=&#8221;false&#8221; sidebar=&#8221;sidebar-1&#8243;][vc_column][mk_divider style=&#8221;thin_solid&#8221; thickness=&#8221;4&#8243; margin_top=&#8221;10&#8243; margin_bottom=&#8221;40&#8243;][vc_row_inner padding=&#8221;0&#8243;][vc_column_inner width=&#8221;1\/4&#8243;][\/vc_column_inner][vc_column_inner width=&#8221;1\/2&#8243;][mk_fancy_title tag_name=&#8221;h4&#8243; color=&#8221;#393836&#8243; size=&#8221;30&#8243; font_weight=&#8221;normal&#8221; font_style=&#8221;normal&#8221; txt_transform=&#8221;uppercase&#8221; margin_bottom=&#8221;18&#8243; font_family=&#8221;none&#8221; align=&#8221;center&#8221;]\n<p style=\"text-align: center;\">Z GWARANCJ\u0104<\/p>\n[\/mk_fancy_title][mk_image src=&#8221;https:\/\/fullcertificate.com\/wp-content\/uploads\/2022\/04\/footer-nuevo-WE-VOTE.jpg&#8221; image_width=&#8221;1500&#8243; image_height=&#8221;216&#8243; link=&#8221;http:\/\/fullcertificate.com\/&#8221; target=&#8221;_blank&#8221; align=&#8221;center&#8221; margin_bottom=&#8221;40&#8243; el_class=&#8221;imagen-footer-centro&#8221; crop=&#8221;false&#8221;][\/vc_column_inner][vc_column_inner width=&#8221;1\/4&#8243;][\/vc_column_inner][\/vc_row_inner][\/vc_column][\/mk_page_section][vc_row padding=&#8221;0&#8243;][\/vc_row]\n","protected":false},"excerpt":{"rendered":"<p>[mk_page_section bg_image=&#8221;https:\/\/fullcertificate.com\/wp-content\/uploads\/2018\/11\/banner-smart-recovery-2-1.jpg&#8221; bg_position=&#8221;center top&#8221; bg_repeat=&#8221;no-repeat&#8221; bg_stretch=&#8221;true&#8221; min_height=&#8221;350&#8243; padding_top=&#8221;20&#8243; padding_bottom=&#8221;0&#8243; first_page=&#8221;true&#8221; last_page=&#8221;true&#8221; sidebar=&#8221;sidebar-1&#8243;][vc_column][mk_fancy_title tag_name=&#8221;h1&#8243; color=&#8221;#ffffff&#8221; size=&#8221;40&#8243; font_weight=&#8221;normal&#8221; font_style=&#8221;normal&#8221; txt_transform=&#8221;none&#8221; margin_top=&#8221;60&#8243; margin_bottom=&#8221;0&#8243; font_family=&#8221;none&#8221;]Smart Recovery[\/mk_fancy_title][mk_fancy_title tag_name=&#8221;h1&#8243; color=&#8221;#ffffff&#8221; size=&#8221;25&#8243; font_weight=&#8221;300&#8243; font_style=&#8221;normal&#8221; txt_transform=&#8221;none&#8221; margin_bottom=&#8221;0&#8243; font_family=&#8221;none&#8221;]Automatyzacja certyfikowanego cyklu odzyskiwania[\/mk_fancy_title][mk_button dimension=&#8221;flat&#8221; size=&#8221;medium&#8221; url=&#8221;https:\/\/fullcertificate.com\/pl\/skontaktuj-sie-z-nami\/&#8221; button_custom_width=&#8221;250&#8243; bg_color=&#8221;#f2b42a&#8221; btn_hover_bg=&#8221;#dd821f&#8221;]SKONTAKTUJ SI\u0118 TERAZ[\/mk_button][\/vc_column][\/mk_page_section][mk_page_section padding_top=&#8221;50&#8243; padding_bottom=&#8221;50&#8243; first_page=&#8221;false&#8221; last_page=&#8221;false&#8221; sidebar=&#8221;sidebar-1&#8243;][vc_column width=&#8221;3\/4&#8243;][mk_fancy_title tag_name=&#8221;h1&#8243; color=&#8221;#0062af&#8221; size=&#8221;30&#8243; font_weight=&#8221;normal&#8221; font_style=&#8221;normal&#8221; txt_transform=&#8221;none&#8221; margin_bottom=&#8221;0&#8243; font_family=&#8221;none&#8221;]Smart [&hellip;]<\/p>\n","protected":false},"author":2,"featured_media":0,"parent":0,"menu_order":0,"comment_status":"closed","ping_status":"closed","template":"","meta":{"_bbp_topic_count":0,"_bbp_reply_count":0,"_bbp_total_topic_count":0,"_bbp_total_reply_count":0,"_bbp_voice_count":0,"_bbp_anonymous_reply_count":0,"_bbp_topic_count_hidden":0,"_bbp_reply_count_hidden":0,"_bbp_forum_subforum_count":0},"_links":{"self":[{"href":"https:\/\/www.fullcertificate.com\/pl\/wp-json\/wp\/v2\/pages\/14949"}],"collection":[{"href":"https:\/\/www.fullcertificate.com\/pl\/wp-json\/wp\/v2\/pages"}],"about":[{"href":"https:\/\/www.fullcertificate.com\/pl\/wp-json\/wp\/v2\/types\/page"}],"author":[{"embeddable":true,"href":"https:\/\/www.fullcertificate.com\/pl\/wp-json\/wp\/v2\/users\/2"}],"replies":[{"embeddable":true,"href":"https:\/\/www.fullcertificate.com\/pl\/wp-json\/wp\/v2\/comments?post=14949"}],"version-history":[{"count":17,"href":"https:\/\/www.fullcertificate.com\/pl\/wp-json\/wp\/v2\/pages\/14949\/revisions"}],"predecessor-version":[{"id":27716,"href":"https:\/\/www.fullcertificate.com\/pl\/wp-json\/wp\/v2\/pages\/14949\/revisions\/27716"}],"wp:attachment":[{"href":"https:\/\/www.fullcertificate.com\/pl\/wp-json\/wp\/v2\/media?parent=14949"}],"curies":[{"name":"wp","href":"https:\/\/api.w.org\/{rel}","templated":true}]}}