{"id":14965,"date":"2019-02-13T16:16:48","date_gmt":"2019-02-13T16:16:48","guid":{"rendered":"https:\/\/fullcertificate.com\/?page_id=14965"},"modified":"2026-04-28T13:27:54","modified_gmt":"2026-04-28T13:27:54","slug":"certyfikowb1z44ternetowe-rekord-przechwytywanie-strona-waznosc-prawna","status":"publish","type":"page","link":"https:\/\/www.fullcertificate.com\/pl\/certyfikowb1z44ternetowe-rekord-przechwytywanie-strona-waznosc-prawna\/","title":{"rendered":"Certified Websites"},"content":{"rendered":"[mk_page_section bg_image=&#8221;https:\/\/fullcertificate.com\/wp-content\/uploads\/2017\/03\/contenido-web-online-certificado-1.jpg&#8221; bg_position=&#8221;center top&#8221; bg_repeat=&#8221;no-repeat&#8221; bg_stretch=&#8221;true&#8221; min_height=&#8221;350&#8243; padding_top=&#8221;20&#8243; padding_bottom=&#8221;0&#8243; first_page=&#8221;true&#8221; last_page=&#8221;true&#8221; sidebar=&#8221;sidebar-1&#8243;][vc_column][mk_fancy_title tag_name=&#8221;h1&#8243; color=&#8221;#000000&#8243; size=&#8221;40&#8243; font_weight=&#8221;normal&#8221; font_style=&#8221;normal&#8221; txt_transform=&#8221;none&#8221; margin_top=&#8221;60&#8243; margin_bottom=&#8221;0&#8243; font_family=&#8221;none&#8221;]Certyfikowane Strony Internetowe[\/mk_fancy_title][mk_fancy_title color=&#8221;#000000&#8243; size=&#8221;25&#8243; font_weight=&#8221;300&#8243; font_style=&#8221;normal&#8221; txt_transform=&#8221;none&#8221; margin_bottom=&#8221;0&#8243; font_family=&#8221;none&#8221;]Certyfikuj i przechwytuj zawarto\u015b\u0107 strony internetowej[\/mk_fancy_title][mk_button dimension=&#8221;flat&#8221; size=&#8221;medium&#8221; url=&#8221;https:\/\/cloud.fullcertificate.com\/register&#8221; target=&#8221;_blank&#8221; button_custom_width=&#8221;250&#8243; bg_color=&#8221;#0062b0&#8243; btn_hover_bg=&#8221;#252525&#8243;]UMOWA TERAZ[\/mk_button][\/vc_column][\/mk_page_section][mk_page_section padding_top=&#8221;50&#8243; padding_bottom=&#8221;50&#8243; first_page=&#8221;false&#8221; last_page=&#8221;false&#8221; sidebar=&#8221;sidebar-1&#8243;][vc_column width=&#8221;3\/4&#8243;][mk_fancy_title color=&#8221;#0062af&#8221; size=&#8221;30&#8243; font_weight=&#8221;normal&#8221; font_style=&#8221;normal&#8221; txt_transform=&#8221;none&#8221; margin_bottom=&#8221;0&#8243; font_family=&#8221;none&#8221;]Certyfikowana Tre\u015b\u0107 Internetowa[\/mk_fancy_title][mk_divider style=&#8221;thin_solid&#8221; thickness=&#8221;4&#8243; margin_top=&#8221;0&#8243;][mk_fancy_title color=&#8221;#000000&#8243; size=&#8221;17&#8243; font_weight=&#8221;bold&#8221; font_style=&#8221;normal&#8221; txt_transform=&#8221;uppercase&#8221; margin_bottom=&#8221;0&#8243; font_family=&#8221;none&#8221;]CHRONI\u0106 ORGAN SWOJEJ STRONY INTERNETOWEJ LUB CERTYFIKOWA\u0106 NIELEGALNE KOPIE NA STRONACH INTERNETOWYCH[\/mk_fancy_title][mk_fancy_title color=&#8221;#f2006e&#8221; size=&#8221;20&#8243; font_weight=&#8221;normal&#8221; font_style=&#8221;normal&#8221; txt_transform=&#8221;none&#8221; margin_bottom=&#8221;30&#8243; font_family=&#8221;none&#8221;]Mo\u017cesz teraz uzyska\u0107 prawnie wa\u017cny zapis zawarto\u015bci strony internetowej lub portalu[\/mk_fancy_title][vc_row_inner padding=&#8221;0&#8243;][vc_column_inner width=&#8221;1\/3&#8243;][mk_icon_box text_size=&#8221;0&#8243; box_blur=&#8221;false&#8221;]<img loading=\"lazy\" class=\"alignnone wp-image-8789 aligncenter\" src=\"https:\/\/fullcertificate.com\/wp-content\/uploads\/2018\/11\/icono-contenido-web-certificado-2-1.png\" alt=\"\" width=\"216\" height=\"216\" \/><\/p>\n<p style=\"text-align: center;\"><span style=\"color: #0062af;\"><strong>CERTYFIKOWANA STRONA INTERNETOWA<\/strong><\/span><br \/>\nURL do przechwycenia<br \/>\nWy\u015bwietlanie w sieci<br \/>\nCertyfikat elektroniczny<br \/>\nNotarialne zeznania[\/mk_icon_box][mk_image src=&#8221;https:\/\/fullcertificate.com\/wp-content\/uploads\/2018\/12\/notary-europe-full-certificate.png&#8221; image_width=&#8221;100&#8243; align=&#8221;center&#8221; crop=&#8221;false&#8221;][\/vc_column_inner][vc_column_inner width=&#8221;2\/3&#8243;][mk_fancy_title tag_name=&#8221;h4&#8243; color=&#8221;#000000&#8243; font_weight=&#8221;normal&#8221; font_style=&#8221;normal&#8221; txt_transform=&#8221;none&#8221; margin_bottom=&#8221;0&#8243; font_family=&#8221;none&#8221;]<span style=\"color: #0062af;\">Realizacja strony internetowej lub portalu<\/span> mo\u017ce by\u0107<strong> du\u017cym wysi\u0142kiem zwi\u0105zanym z realizacj\u0105<\/strong>, projektowaniem i programowaniem opr\u00f3cz innych wa\u017cnych warto\u015bci, takich jak <span style=\"color: #0062af;\">wizerunek firmy, inwestycje w wideo i zdj\u0119cia, informacje handlowe itp.<\/span><\/p>\n<p>&nbsp;<\/p>\n<p>Teraz<span style=\"color: #0062af;\"> mo\u017cesz szybko i \u0142atwo zrobi\u0107<\/span> <span style=\"color: #0062af;\">przechwytywanie stron internetowych w formacie HTML z obrazami zawieraj\u0105cymi<\/span> generowanie <span style=\"color: #0062af;\">certyfikatu elektronicznego<\/span>, kt\u00f3ry pozwala mie\u0107 dow\u00f3d <strong>legalno\u015bci autora lub nielegalnej<\/strong> kopii publikacji internetowej.<\/p>\n<p>&nbsp;<\/p>\n<p>Za po\u015brednictwem tej us\u0142ugi z <strong>certyfikowan\u0105 tre\u015bci\u0105 internetow\u0105<\/strong> mo\u017cesz uzyska\u0107<span style=\"color: #0062af;\"> ochron\u0119 prawn\u0105<\/span> na sw\u00f3j know-how. Dzi\u0119ki tej us\u0142udze mo\u017cesz <span style=\"color: #0062af;\">rejestrowa\u0107<\/span>, \u017ce adres internetowy ma <span style=\"color: #0062af;\">okre\u015blon\u0105 tre\u015b\u0107, okre\u015blonego dnia i o okre\u015blonej godzinie.<\/span><\/p>\n<p>&nbsp;<\/p>\n<p>Tak wi\u0119c, je\u015bli na przyk\u0142ad uwa\u017casz, \u017ce witryna<span style=\"color: #0062af;\"> zawiera plagiatowe<\/span> tre\u015bci Twojej strony, mo\u017cesz u\u017cy\u0107 certyfikatu <strong>Full Certificate<\/strong> jako dowodu o pe\u0142nej mocy prawnej.<\/p>\n<p>&nbsp;<\/p>\n<p>Platforma<strong> Full Certificate<\/strong> pozwala u\u017cytkownikowi na<span style=\"color: #0062af;\"> do\u0142\u0105czenie linku do strony, kt\u00f3r\u0105 chce certyfikowa\u0107<\/span>, otrzymuj\u0105c w ten spos\u00f3b certyfikat wskazuj\u0105cy<span style=\"color: #0062af;\"> dat\u0119 i godzin\u0119, w kt\u00f3rej wspomniana certyfikacja zosta\u0142a dokonana:<\/span> dow\u00f3d <span style=\"color: #0062af;\">wa\u017cno\u015bci prawnej<\/span> przed ewentualnym procesem praw autorskich.<\/p>\n<p>&nbsp;<\/p>\n<p><span style=\"color: #0062af;\">Tre\u015b\u0107 strony internetowej<\/span> b\u0119dzie <span style=\"color: #0062af;\">ca\u0142kowicie chroniona przed zagro\u017ceniami plagiatem<\/span> i zostanie zachowana, co uchroni ci\u0119 przed ewentualnymi nielegalnymi kopiami. <strong>Certyfikowane strony internetowe<\/strong> powsta\u0142y jako forma <span style=\"color: #0062af;\">ochrony projekt\u00f3w internetowych,<\/span> kt\u00f3re zosta\u0142y po\u015bwi\u0119cone wysi\u0142kom. Dlatego chcemy pom\u00f3c w ochronie czasu i inwestycji Twojej pracy.<\/p>\n<p>&nbsp;<\/p>\n<p>Mo\u017cesz tak\u017ce uzupe\u0142ni\u0107 t\u0119 us\u0142ug\u0119 o <strong>certyfikat Pomys\u0142y \/ Prawo do kopiowania,<\/strong> w kt\u00f3rym <span style=\"color: #0062af;\">autor dzie\u0142a mo\u017ce zarejestrowa\u0107 jego kopi\u0119 bez publikowania<\/span> w <strong>Full Certificate<\/strong> jako <strong>Trzecia Strona Europejskiego Zaufania.<\/strong>[\/mk_fancy_title][mk_fancy_title tag_name=&#8221;h4&#8243; color=&#8221;#000000&#8243; font_weight=&#8221;normal&#8221; font_style=&#8221;normal&#8221; txt_transform=&#8221;none&#8221; margin_bottom=&#8221;0&#8243; font_family=&#8221;none&#8221;]Aby to zrobi\u0107, musisz wskaza\u0107 <strong>adres URL<\/strong> strony internetowej, kt\u00f3r\u0105 musisz przechwyci\u0107, a w zautomatyzowany spos\u00f3b strony<span style=\"color: #0062af;\"> certyfikowane zareaguj\u0105 kopi\u0105 html i obrazami wskazanej strony<\/span>, nie jest mo\u017cliwe w\u0142\u0105czenie obrazu aplikacji wewn\u0119trznych w przypadku ich istnienia w ramach wskazanego adresu internetowego.[\/mk_fancy_title][mk_fancy_title tag_name=&#8221;h4&#8243; color=&#8221;#000000&#8243; font_weight=&#8221;normal&#8221; font_style=&#8221;normal&#8221; txt_transform=&#8221;none&#8221; margin_bottom=&#8221;30&#8243; font_family=&#8221;none&#8221;]Liczba <strong>Full Certificate<\/strong> jako <strong>Trzeciej Strony Zaufania Gwarantuje<\/strong>, \u017ce <span style=\"color: #0062af;\">twoja komunikacja i wnioski s\u0105 po\u015bwiadczone prawnie<\/span>. Szybki, ekonomiczny, ekologiczny i wygodny proces z komputera, oszcz\u0119dzaj\u0105cy czas i prac\u0119. Oferujemy r\u00f3wnie\u017c <span style=\"color: #0062af;\">us\u0142ug\u0119<\/span> <strong>\u015awiadectwa Notarialnego<\/strong><span style=\"color: #0062af;\"> na \u017c\u0105danie<\/span> dla wszystkich naszych produkt\u00f3w.[\/mk_fancy_title][\/vc_column_inner][\/vc_row_inner][mk_fancy_title tag_name=&#8221;h1&#8243; color=&#8221;#0062af&#8221; size=&#8221;20&#8243; font_weight=&#8221;bold&#8221; font_style=&#8221;normal&#8221; txt_transform=&#8221;uppercase&#8221; margin_top=&#8221;20&#8243; margin_bottom=&#8221;0&#8243; font_family=&#8221;none&#8221;]STRONY CERTYFIKOWANE WEBS \/ CERTYFIKOWANE STRONY INTERNETOWE[\/mk_fancy_title][mk_fancy_title color=&#8221;#f2006e&#8221; size=&#8221;20&#8243; font_weight=&#8221;normal&#8221; font_style=&#8221;normal&#8221; txt_transform=&#8221;none&#8221; margin_bottom=&#8221;0&#8243; font_family=&#8221;none&#8221;]Tylko za pomoc\u0105 adresu URL strony \/ witryny internetowej mo\u017cesz certyfikowa\u0107 i chroni\u0107 swoje tre\u015bci z pe\u0142n\u0105 moc\u0105 prawn\u0105.[\/mk_fancy_title][vc_row_inner padding=&#8221;0&#8243;][vc_column_inner width=&#8221;1\/6&#8243;][mk_image src=&#8221;https:\/\/fullcertificate.com\/wp-content\/uploads\/2016\/05\/sms_certificados_rc_04-1.png&#8221; image_width=&#8221;82&#8243; image_height=&#8221;92&#8243; align=&#8221;center&#8221; margin_bottom=&#8221;0&#8243; crop=&#8221;false&#8221;][mk_image src=&#8221;https:\/\/fullcertificate.com\/wp-content\/uploads\/2016\/05\/Captura-de-pantalla-2016-05-27-a-las-09.20.23-1.png&#8221; image_width=&#8221;53&#8243; image_height=&#8221;48&#8243; align=&#8221;center&#8221; margin_bottom=&#8221;0&#8243; crop=&#8221;false&#8221;][mk_fancy_title color=&#8221;#404040&#8243; size=&#8221;11&#8243; font_weight=&#8221;bold&#8221; font_style=&#8221;inhert&#8221; txt_transform=&#8221;none&#8221; margin_bottom=&#8221;0&#8243; font_family=&#8221;none&#8221; align=&#8221;center&#8221;]\n<p style=\"text-align: center;\">Wystawca przesy\u0142a adres URL do certyfikacji na platform\u0119<\/p>\n[\/mk_fancy_title][\/vc_column_inner][vc_column_inner width=&#8221;1\/6&#8243;][mk_image src=&#8221;https:\/\/fullcertificate.com\/wp-content\/uploads\/2016\/05\/sms_certificados_cc_05-1.png&#8221; image_width=&#8221;82&#8243; image_height=&#8221;92&#8243; align=&#8221;center&#8221; margin_bottom=&#8221;0&#8243; crop=&#8221;false&#8221;][mk_image src=&#8221;https:\/\/fullcertificate.com\/wp-content\/uploads\/2016\/05\/Captura-de-pantalla-2016-05-27-a-las-09.20.23-1.png&#8221; image_width=&#8221;53&#8243; image_height=&#8221;48&#8243; align=&#8221;center&#8221; margin_bottom=&#8221;0&#8243; crop=&#8221;false&#8221;][mk_fancy_title color=&#8221;#404040&#8243; size=&#8221;11&#8243; font_weight=&#8221;bold&#8221; font_style=&#8221;inhert&#8221; txt_transform=&#8221;none&#8221; margin_bottom=&#8221;0&#8243; font_family=&#8221;none&#8221; align=&#8221;center&#8221;]\n<p style=\"text-align: center;\">Generowane jest przechwytywanie z sieci a jego tre\u015b\u0107 jest certyfikowana<\/p>\n[\/mk_fancy_title][\/vc_column_inner][vc_column_inner width=&#8221;1\/6&#8243;][mk_image src=&#8221;https:\/\/fullcertificate.com\/wp-content\/uploads\/2016\/05\/sms_certificados_03-1.png&#8221; image_width=&#8221;82&#8243; image_height=&#8221;92&#8243; align=&#8221;center&#8221; margin_bottom=&#8221;0&#8243; crop=&#8221;false&#8221;][mk_image src=&#8221;https:\/\/fullcertificate.com\/wp-content\/uploads\/2016\/05\/Captura-de-pantalla-2016-05-27-a-las-09.20.23-1.png&#8221; image_width=&#8221;53&#8243; image_height=&#8221;48&#8243; align=&#8221;center&#8221; margin_bottom=&#8221;0&#8243; crop=&#8221;false&#8221;][mk_fancy_title color=&#8221;#404040&#8243; size=&#8221;11&#8243; font_weight=&#8221;bold&#8221; font_style=&#8221;inhert&#8221; txt_transform=&#8221;none&#8221; margin_bottom=&#8221;0&#8243; font_family=&#8221;none&#8221; align=&#8221;center&#8221;]\n<p style=\"text-align: center;\">Wysy\u0142anie certyfikatu do u\u017cytkownika<\/p>\n[\/mk_fancy_title][\/vc_column_inner][vc_column_inner width=&#8221;1\/6&#8243;][\/vc_column_inner][vc_column_inner width=&#8221;1\/6&#8243;][\/vc_column_inner][vc_column_inner width=&#8221;1\/6&#8243;][\/vc_column_inner][\/vc_row_inner][\/vc_column][vc_column border_color=&#8221;#ffffff&#8221; width=&#8221;1\/4&#8243;][vc_row_inner padding=&#8221;0&#8243;][vc_column_inner][mk_image src=&#8221;https:\/\/fullcertificate.com\/wp-content\/uploads\/2018\/12\/european-trusted-third-party-full-certificate.png&#8221; image_width=&#8221;180&#8243; align=&#8221;center&#8221; margin_bottom=&#8221;35&#8243; crop=&#8221;false&#8221;][\/vc_column_inner][\/vc_row_inner][vc_row_inner padding=&#8221;0&#8243;][vc_column_inner css=&#8221;.vc_custom_1574173359585{border-top-width: 1px !important;border-right-width: 1px !important;border-bottom-width: 1px !important;border-left-width: 1px !important;border-left-color: #f2006e !important;border-left-style: solid !important;border-right-color: #f2006e !important;border-right-style: solid !important;border-top-color: #f2006e !important;border-top-style: solid !important;border-bottom-color: #f2006e !important;border-bottom-style: solid !important;}&#8221;][mk_fancy_title color=&#8221;#000000&#8243; size=&#8221;20&#8243; font_weight=&#8221;bold&#8221; font_style=&#8221;normal&#8221; txt_transform=&#8221;uppercase&#8221; margin_top=&#8221;20&#8243; margin_bottom=&#8221;0&#8243; font_family=&#8221;none&#8221; align=&#8221;center&#8221;]\n<p style=\"text-align: center;\">ZAREJESTRUJ SI\u0118 ZA DARMO<\/p>\n[\/mk_fancy_title][mk_fancy_title color=&#8221;#000000&#8243; size=&#8221;16&#8243; font_weight=&#8221;normal&#8221; font_style=&#8221;normal&#8221; txt_transform=&#8221;none&#8221; margin_bottom=&#8221;0&#8243; font_family=&#8221;none&#8221; align=&#8221;center&#8221;]\n<p style=\"text-align: center;\">Wypr\u00f3buj nasze certyfikowane us\u0142ugi o pe\u0142nej mocy prawnej.<\/p>\n<p>&nbsp;<\/p>\n<p style=\"text-align: center;\"><strong><span style=\"color: #0062b0;\">Bez op\u0142at, bez um\u00f3w.<\/span><br \/>\n<\/strong>Twoje saldo nigdy nie wygasa.[\/mk_fancy_title][mk_button dimension=&#8221;flat&#8221; corner_style=&#8221;rounded&#8221; size=&#8221;medium&#8221; url=&#8221;https:\/\/cloud.fullcertificate.com\/register&#8221; target=&#8221;_blank&#8221; align=&#8221;center&#8221; button_custom_width=&#8221;160&#8243; bg_color=&#8221;#f2006e&#8221; btn_hover_bg=&#8221;#252525&#8243; btn_hover_txt_color=&#8221;#ffffff&#8221;]KLIKNIJ TUTAJ[\/mk_button][\/vc_column_inner][\/vc_row_inner][vc_empty_space height=&#8221;35px&#8221;][vc_row_inner padding=&#8221;0&#8243;][vc_column_inner][vc_empty_space height=&#8221;0px&#8221;][mk_icon_box2 icon_type=&#8221;image&#8221; title_size=&#8221;0&#8243; title_top_padding=&#8221;0&#8243; title_bottom_padding=&#8221;0&#8243;]<a href=\"https:\/\/fullcertificate.com\/pl\/smartmoney\/\"><img loading=\"lazy\" class=\"wp-image-6433 size-medium aligncenter\" src=\"https:\/\/fullcertificate.com\/wp-content\/uploads\/2018\/10\/logo-smartmoney-1.png\" alt=\"\" width=\"180\" height=\"31\" \/><\/a><a href=\"https:\/\/fullcertificate.com\/pl\/smartmoney\/\"><img loading=\"lazy\" class=\"wp-image-6439 size-medium aligncenter\" src=\"https:\/\/fullcertificate.com\/wp-content\/uploads\/2018\/10\/grafico-smart-money-3-1.png\" alt=\"\" width=\"170\" height=\"300\" \/><\/a><\/p>\n<p style=\"text-align: center;\"><strong><span style=\"color: #0062b0;\"><a style=\"color: #0062b0;\" href=\"https:\/\/fullcertificate.com\/pl\/smartmoney\/\">SMART MONEY<\/a><br \/>\n<\/span><\/strong>Smart Contracts<br \/>\nSmart Payments<br \/>\n<span style=\"color: #000000; text-decoration: none;\">Smart Recovery<br \/>\nDashboard<br \/>\n<\/span>[\/mk_icon_box2][mk_icon_box2 icon_type=&#8221;image&#8221; title_size=&#8221;0&#8243; title_top_padding=&#8221;0&#8243; title_bottom_padding=&#8221;0&#8243;]<a href=\"https:\/\/fullcertificate.com\/pl\/smartone2one\/\"><img loading=\"lazy\" class=\"wp-image-6433 size-medium aligncenter\" src=\"https:\/\/fullcertificate.com\/wp-content\/uploads\/2018\/10\/logo-smart-one2one-2-1.png\" alt=\"\" width=\"226\" height=\"31\" \/><\/a><a href=\"https:\/\/fullcertificate.com\/pl\/smartone2one\/\"><img loading=\"lazy\" class=\"wp-image-6439 size-medium aligncenter\" src=\"https:\/\/fullcertificate.com\/wp-content\/uploads\/2018\/10\/grafico-smart-one2one-1.png\" alt=\"\" width=\"170\" height=\"300\" \/><\/a><\/p>\n<p style=\"text-align: center;\"><strong><span style=\"color: #0062b0;\"><a style=\"color: #0062b0;\" href=\"https:\/\/fullcertificate.com\/pl\/smartone2one\/\">SMART ONE2ONE<\/a><br \/>\n<\/span><\/strong>Powiadomienia niestandardowe<br \/>\nWysoka g\u0142o\u015bno\u015b\u0107 wykonania<br \/>\nCertyfikacja wielokana\u0142owa<br \/>\nWysoka dost\u0119pno\u015b\u0107[\/mk_icon_box2][\/vc_column_inner][\/vc_row_inner][vc_empty_space height=&#8221;20px&#8221;][vc_row_inner el_class=&#8221;ocultar&#8221;][vc_column_inner css=&#8221;.vc_custom_1540979094932{border-top-width: 1px !important;border-right-width: 1px !important;border-bottom-width: 1px !important;border-left-width: 1px !important;padding-top: 20px !important;padding-bottom: 20px !important;background-color: #ffffff !important;border-left-color: #1e73be !important;border-left-style: solid !important;border-right-color: #1e73be !important;border-right-style: solid !important;border-top-color: #1e73be !important;border-top-style: solid !important;border-bottom-color: #1e73be !important;border-bottom-style: solid !important;}&#8221;][mk_fancy_title color=&#8221;#000000&#8243; size=&#8221;20&#8243; font_weight=&#8221;bold&#8221; font_style=&#8221;normal&#8221; txt_transform=&#8221;uppercase&#8221; margin_bottom=&#8221;0&#8243; font_family=&#8221;none&#8221; align=&#8221;center&#8221;]\n<p style=\"text-align: center;\">DANE KONTAKTOWE<\/p>\n[\/mk_fancy_title][mk_fancy_title color=&#8221;#1e73be&#8221; font_weight=&#8221;normal&#8221; font_style=&#8221;normal&#8221; txt_transform=&#8221;none&#8221; margin_bottom=&#8221;0&#8243; font_family=&#8221;none&#8221; align=&#8221;center&#8221;]\n<p style=\"text-align: center;\"><strong>Telefon:<\/strong>\u00a0(0034) 91 005 26 59<br \/>\n<strong>Adres:\u00a0<\/strong>C \/ Boix i Morer 6, poddasze.<br \/>\n28003 Madryt, Hiszpania[\/mk_fancy_title][mk_button dimension=&#8221;flat&#8221; corner_style=&#8221;rounded&#8221; size=&#8221;medium&#8221; url=&#8221;https:\/\/fullcertificate.com\/pl\/skontaktuj-sie-z-nami\/&#8221; align=&#8221;center&#8221; button_custom_width=&#8221;160&#8243; bg_color=&#8221;#0062b0&#8243; btn_hover_bg=&#8221;#252525&#8243;]SKONTAKTUJ SI\u0118 Z NAMI[\/mk_button][\/vc_column_inner][\/vc_row_inner][\/vc_column][\/mk_page_section][mk_page_section first_page=&#8221;false&#8221; last_page=&#8221;false&#8221; sidebar=&#8221;sidebar-1&#8243;][vc_column][mk_divider style=&#8221;thin_solid&#8221; thickness=&#8221;4&#8243; margin_top=&#8221;10&#8243; margin_bottom=&#8221;40&#8243;][vc_row_inner padding=&#8221;0&#8243;][vc_column_inner width=&#8221;1\/4&#8243;][\/vc_column_inner][vc_column_inner width=&#8221;1\/2&#8243;][mk_fancy_title tag_name=&#8221;h4&#8243; color=&#8221;#393836&#8243; size=&#8221;30&#8243; font_weight=&#8221;normal&#8221; font_style=&#8221;normal&#8221; txt_transform=&#8221;uppercase&#8221; margin_bottom=&#8221;18&#8243; font_family=&#8221;none&#8221; align=&#8221;center&#8221;]\n<p style=\"text-align: center;\">Z GWARANCJ\u0104<\/p>\n[\/mk_fancy_title][mk_image src=&#8221;https:\/\/fullcertificate.com\/wp-content\/uploads\/2022\/04\/footer-nuevo-WE-VOTE.jpg&#8221; image_width=&#8221;1500&#8243; image_height=&#8221;216&#8243; link=&#8221;http:\/\/fullcertificate.com\/&#8221; target=&#8221;_blank&#8221; align=&#8221;center&#8221; margin_bottom=&#8221;40&#8243; el_class=&#8221;imagen-footer-centro&#8221; crop=&#8221;false&#8221;][\/vc_column_inner][vc_column_inner width=&#8221;1\/4&#8243;][\/vc_column_inner][\/vc_row_inner][\/vc_column][\/mk_page_section][vc_row][vc_column][vc_column_text css=&#8221;.vc_custom_1777382847283{margin-bottom: 0px !important;}&#8221;]\n<div id=\"wrapper-video-autom\u00e1tico\" style=\"display:none;\">\n        \/\/ PopUp Video<br \/>\n    <a id=\"69f6050fb4b5d\" rel=\"wp-video-lightbox\" href=\"https:\/\/www.youtube.com\/watch?v=zucv3eQIDig&#038;width=853&#038;height=480\" title=\"\">open<\/a>    <script>\r\n    \/* <![CDATA[ *\/\r\n    jQuery(document).ready(function($){\r\n        $(function(){\r\n            var width = $(window).innerWidth();\r\n            var setwidth = parseFloat(853);\r\n            var ratio = parseFloat(0.56271981242673);\r\n            var height = parseFloat(480);\r\n            var link = 'https:\/\/www.youtube.com\/watch?v=zucv3eQIDig&amp;width=853&amp;height=480';\r\n            if(width < setwidth)\r\n            {\r\n                height = Math.floor(width * 0.56271981242673);\r\n                \/\/console.log(\"device width \"+width+\", set width \"+853+\", ratio \"+0.56271981242673+\", new height \"+ height);\r\n                var new_url = wpvl_paramReplace('width', link, width);\r\n                var new_url = wpvl_paramReplace('height', new_url, height);\r\n                $(\"a#69f6050fb4b5d\").attr('href', new_url);\r\n                \/\/console.log(new_url);\r\n            }\r\n        });\r\n    });\r\n    \/* ]]> *\/\r\n    <\/script>\n<\/div>\n<p><script type=\"text\/javascript\">\n    jQuery(document).ready(function($) {\n        setTimeout(function() {\n            jQuery('#wrapper-video-autom\u00e1tico a').click();\n        }, 1000);\n    });\n<\/script>[\/vc_column_text][\/vc_column][\/vc_row]\n","protected":false},"excerpt":{"rendered":"<p>[mk_page_section bg_image=&#8221;https:\/\/fullcertificate.com\/wp-content\/uploads\/2017\/03\/contenido-web-online-certificado-1.jpg&#8221; bg_position=&#8221;center top&#8221; bg_repeat=&#8221;no-repeat&#8221; bg_stretch=&#8221;true&#8221; min_height=&#8221;350&#8243; padding_top=&#8221;20&#8243; padding_bottom=&#8221;0&#8243; first_page=&#8221;true&#8221; last_page=&#8221;true&#8221; sidebar=&#8221;sidebar-1&#8243;][vc_column][mk_fancy_title tag_name=&#8221;h1&#8243; color=&#8221;#000000&#8243; size=&#8221;40&#8243; font_weight=&#8221;normal&#8221; font_style=&#8221;normal&#8221; txt_transform=&#8221;none&#8221; margin_top=&#8221;60&#8243; margin_bottom=&#8221;0&#8243; font_family=&#8221;none&#8221;]Certyfikowane Strony Internetowe[\/mk_fancy_title][mk_fancy_title color=&#8221;#000000&#8243; size=&#8221;25&#8243; font_weight=&#8221;300&#8243; font_style=&#8221;normal&#8221; txt_transform=&#8221;none&#8221; margin_bottom=&#8221;0&#8243; font_family=&#8221;none&#8221;]Certyfikuj i przechwytuj zawarto\u015b\u0107 strony internetowej[\/mk_fancy_title][mk_button dimension=&#8221;flat&#8221; size=&#8221;medium&#8221; url=&#8221;https:\/\/cloud.fullcertificate.com\/register&#8221; target=&#8221;_blank&#8221; button_custom_width=&#8221;250&#8243; bg_color=&#8221;#0062b0&#8243; btn_hover_bg=&#8221;#252525&#8243;]UMOWA TERAZ[\/mk_button][\/vc_column][\/mk_page_section][mk_page_section padding_top=&#8221;50&#8243; padding_bottom=&#8221;50&#8243; first_page=&#8221;false&#8221; last_page=&#8221;false&#8221; sidebar=&#8221;sidebar-1&#8243;][vc_column width=&#8221;3\/4&#8243;][mk_fancy_title color=&#8221;#0062af&#8221; size=&#8221;30&#8243; font_weight=&#8221;normal&#8221; font_style=&#8221;normal&#8221; txt_transform=&#8221;none&#8221; margin_bottom=&#8221;0&#8243; [&hellip;]<\/p>\n","protected":false},"author":2,"featured_media":0,"parent":0,"menu_order":0,"comment_status":"closed","ping_status":"closed","template":"","meta":{"_bbp_topic_count":0,"_bbp_reply_count":0,"_bbp_total_topic_count":0,"_bbp_total_reply_count":0,"_bbp_voice_count":0,"_bbp_anonymous_reply_count":0,"_bbp_topic_count_hidden":0,"_bbp_reply_count_hidden":0,"_bbp_forum_subforum_count":0},"_links":{"self":[{"href":"https:\/\/www.fullcertificate.com\/pl\/wp-json\/wp\/v2\/pages\/14965"}],"collection":[{"href":"https:\/\/www.fullcertificate.com\/pl\/wp-json\/wp\/v2\/pages"}],"about":[{"href":"https:\/\/www.fullcertificate.com\/pl\/wp-json\/wp\/v2\/types\/page"}],"author":[{"embeddable":true,"href":"https:\/\/www.fullcertificate.com\/pl\/wp-json\/wp\/v2\/users\/2"}],"replies":[{"embeddable":true,"href":"https:\/\/www.fullcertificate.com\/pl\/wp-json\/wp\/v2\/comments?post=14965"}],"version-history":[{"count":12,"href":"https:\/\/www.fullcertificate.com\/pl\/wp-json\/wp\/v2\/pages\/14965\/revisions"}],"predecessor-version":[{"id":31617,"href":"https:\/\/www.fullcertificate.com\/pl\/wp-json\/wp\/v2\/pages\/14965\/revisions\/31617"}],"wp:attachment":[{"href":"https:\/\/www.fullcertificate.com\/pl\/wp-json\/wp\/v2\/media?parent=14965"}],"curies":[{"name":"wp","href":"https:\/\/api.w.org\/{rel}","templated":true}]}}