{"id":14973,"date":"2019-02-13T16:29:12","date_gmt":"2019-02-13T16:29:12","guid":{"rendered":"https:\/\/fullcertificate.com\/?page_id=14973"},"modified":"2022-04-13T04:20:06","modified_gmt":"2022-04-13T04:20:06","slug":"skontaktuj-sie-z-nami","status":"publish","type":"page","link":"https:\/\/www.fullcertificate.com\/pl\/skontaktuj-sie-z-nami\/","title":{"rendered":"Contact"},"content":{"rendered":"[mk_page_section padding_top=&#8221;0&#8243; padding_bottom=&#8221;50&#8243; first_page=&#8221;false&#8221; last_page=&#8221;false&#8221; sidebar=&#8221;sidebar-1&#8243;][vc_column width=&#8221;3\/4&#8243;][mk_fancy_title tag_name=&#8221;h1&#8243; color=&#8221;#0062af&#8221; size=&#8221;40&#8243; font_weight=&#8221;normal&#8221; font_style=&#8221;normal&#8221; txt_transform=&#8221;none&#8221; margin_bottom=&#8221;0&#8243; font_family=&#8221;none&#8221;]Skontaktuj si\u0119 z nami[\/mk_fancy_title][mk_divider style=&#8221;thin_solid&#8221; thickness=&#8221;4&#8243; margin_top=&#8221;0&#8243;][mk_fancy_title color=&#8221;#000000&#8243; size=&#8221;15&#8243; font_weight=&#8221;normal&#8221; font_style=&#8221;normal&#8221; txt_transform=&#8221;none&#8221; margin_bottom=&#8221;0&#8243; font_family=&#8221;none&#8221;]\n<p class=\"compra\">Wype\u0142nij ten formularz, je\u015bli masz pytania lub pytania dotycz\u0105ce serwisu Burofaxes.com, a konsultant skontaktuje si\u0119 z Tob\u0105 wkr\u00f3tce.<\/p>\n[\/mk_fancy_title]<div class=\"wpforms-container wpforms-container-full\" id=\"wpforms-23682\"><form id=\"wpforms-form-23682\" class=\"wpforms-validate wpforms-form wpforms-ajax-form\" data-formid=\"23682\" method=\"post\" enctype=\"multipart\/form-data\" action=\"\/pl\/wp-json\/wp\/v2\/pages\/14973\" data-token=\"8efaf0d2e8c362bcf5d9dce8947ed414\" data-token-time=\"1777458674\"><noscript class=\"wpforms-error-noscript\">Aby wype\u0142ni\u0107 ten formularz, w\u0142\u0105cz obs\u0142ug\u0119 JavaScript w przegl\u0105darce.<\/noscript><div class=\"wpforms-field-container\"><div id=\"wpforms-23682-field_0-container\" class=\"wpforms-field wpforms-field-name\" data-field-id=\"0\"><label class=\"wpforms-field-label\" for=\"wpforms-23682-field_0\">Imi\u0119 i Nazwisko  <span class=\"wpforms-required-label\">*<\/span><\/label><div class=\"wpforms-field-row wpforms-field-large\"><div class=\"wpforms-field-row-block wpforms-first wpforms-one-half\"><input type=\"text\" id=\"wpforms-23682-field_0\" class=\"wpforms-field-name-first wpforms-field-required\" name=\"wpforms[fields][0][first]\" required><label for=\"wpforms-23682-field_0\" class=\"wpforms-field-sublabel after wpforms-sublabel-hide\">Pierwszy<\/label><\/div><div class=\"wpforms-field-row-block wpforms-one-half\"><input type=\"text\" id=\"wpforms-23682-field_0-last\" class=\"wpforms-field-name-last wpforms-field-required\" name=\"wpforms[fields][0][last]\" required><label for=\"wpforms-23682-field_0-last\" class=\"wpforms-field-sublabel after wpforms-sublabel-hide\">Ostatni<\/label><\/div><\/div><\/div><div id=\"wpforms-23682-field_3-container\" class=\"wpforms-field wpforms-field-text\" data-field-id=\"3\"><label class=\"wpforms-field-label\" for=\"wpforms-23682-field_3\">Firma<\/label><input type=\"text\" id=\"wpforms-23682-field_3\" class=\"wpforms-field-large\" name=\"wpforms[fields][3]\" ><\/div><div id=\"wpforms-23682-field_4-container\" class=\"wpforms-field wpforms-field-text\" data-field-id=\"4\"><label class=\"wpforms-field-label\" for=\"wpforms-23682-field_4\">Op\u0142ata<\/label><input type=\"text\" id=\"wpforms-23682-field_4\" class=\"wpforms-field-large\" name=\"wpforms[fields][4]\" placeholder=\"Charge you have in the company\" ><\/div><div id=\"wpforms-23682-field_1-container\" class=\"wpforms-field wpforms-field-email\" data-field-id=\"1\"><label class=\"wpforms-field-label\" for=\"wpforms-23682-field_1\">Email <span class=\"wpforms-required-label\">*<\/span><\/label><input type=\"email\" id=\"wpforms-23682-field_1\" class=\"wpforms-field-large wpforms-field-required\" name=\"wpforms[fields][1]\" spellcheck=\"false\" required><\/div><div id=\"wpforms-23682-field_6-container\" class=\"wpforms-field wpforms-field-text\" data-field-id=\"6\"><label class=\"wpforms-field-label\" for=\"wpforms-23682-field_6\">Telefon kontaktowy <span class=\"wpforms-required-label\">*<\/span><\/label><input type=\"text\" id=\"wpforms-23682-field_6\" class=\"wpforms-field-large wpforms-field-required\" name=\"wpforms[fields][6]\" required><\/div><div id=\"wpforms-23682-field_7-container\" class=\"wpforms-field wpforms-field-text\" data-field-id=\"7\"><label class=\"wpforms-field-label\" for=\"wpforms-23682-field_7\">Sektor<\/label><input type=\"text\" id=\"wpforms-23682-field_7\" class=\"wpforms-field-large\" name=\"wpforms[fields][7]\" ><\/div><div id=\"wpforms-23682-field_11-container\" class=\"wpforms-field wpforms-field-checkbox wpforms-list-3-columns\" data-field-id=\"11\"><label class=\"wpforms-field-label\">POWIADOMIENIA, US\u0141UGI I UMOWY POTWIERDZONE CERTYFIKATEM PRAWNYM<\/label><ul id=\"wpforms-23682-field_11\"><li class=\"choice-1 depth-1\"><input type=\"checkbox\" id=\"wpforms-23682-field_11_1\" name=\"wpforms[fields][11][]\" value=\"Burofax Online\"  ><label class=\"wpforms-field-label-inline\" for=\"wpforms-23682-field_11_1\">Burofax Online<\/label><\/li><li class=\"choice-10 depth-1\"><input type=\"checkbox\" id=\"wpforms-23682-field_11_10\" name=\"wpforms[fields][11][]\" value=\"Certyfikat eMail\"  ><label class=\"wpforms-field-label-inline\" for=\"wpforms-23682-field_11_10\">Certyfikat eMail<\/label><\/li><li class=\"choice-9 depth-1\"><input type=\"checkbox\" id=\"wpforms-23682-field_11_9\" name=\"wpforms[fields][11][]\" value=\"Certyfikaty SMS\"  ><label class=\"wpforms-field-label-inline\" for=\"wpforms-23682-field_11_9\">Certyfikaty SMS<\/label><\/li><li class=\"choice-2 depth-1\"><input type=\"checkbox\" id=\"wpforms-23682-field_11_2\" name=\"wpforms[fields][11][]\" value=\"Certyfikowane faksy\"  ><label class=\"wpforms-field-label-inline\" for=\"wpforms-23682-field_11_2\">Certyfikowane faksy<\/label><\/li><li class=\"choice-8 depth-1\"><input type=\"checkbox\" id=\"wpforms-23682-field_11_8\" name=\"wpforms[fields][11][]\" value=\"Certyfikowane po\u0142\u0105czenia\"  ><label class=\"wpforms-field-label-inline\" for=\"wpforms-23682-field_11_8\">Certyfikowane po\u0142\u0105czenia<\/label><\/li><li class=\"choice-7 depth-1\"><input type=\"checkbox\" id=\"wpforms-23682-field_11_7\" name=\"wpforms[fields][11][]\" value=\"Kontrakty \/ Certyfikowane umowy\"  ><label class=\"wpforms-field-label-inline\" for=\"wpforms-23682-field_11_7\">Kontrakty \/ Certyfikowane umowy<\/label><\/li><li class=\"choice-3 depth-1\"><input type=\"checkbox\" id=\"wpforms-23682-field_11_3\" name=\"wpforms[fields][11][]\" value=\"Pokwitowanie Domicylowane SEPA\"  ><label class=\"wpforms-field-label-inline\" for=\"wpforms-23682-field_11_3\">Pokwitowanie Domicylowane SEPA<\/label><\/li><li class=\"choice-4 depth-1\"><input type=\"checkbox\" id=\"wpforms-23682-field_11_4\" name=\"wpforms[fields][11][]\" value=\"Certyfikowana Tre\u015b\u0107 Internetowa\"  ><label class=\"wpforms-field-label-inline\" for=\"wpforms-23682-field_11_4\">Certyfikowana Tre\u015b\u0107 Internetowa<\/label><\/li><li class=\"choice-11 depth-1\"><input type=\"checkbox\" id=\"wpforms-23682-field_11_11\" name=\"wpforms[fields][11][]\" value=\"Certyfikat Pomys\u0142\u00f3w i Praw Autorskich\"  ><label class=\"wpforms-field-label-inline\" for=\"wpforms-23682-field_11_11\">Certyfikat Pomys\u0142\u00f3w i Praw Autorskich<\/label><\/li><li class=\"choice-6 depth-1\"><input type=\"checkbox\" id=\"wpforms-23682-field_11_6\" name=\"wpforms[fields][11][]\" value=\"Certyfikowane Obrazy i Filmy\"  ><label class=\"wpforms-field-label-inline\" for=\"wpforms-23682-field_11_6\">Certyfikowane Obrazy i Filmy<\/label><\/li><li class=\"choice-5 depth-1\"><input type=\"checkbox\" id=\"wpforms-23682-field_11_5\" name=\"wpforms[fields][11][]\" value=\"Po\u015bwiadczony Odzysk\"  ><label class=\"wpforms-field-label-inline\" for=\"wpforms-23682-field_11_5\">Po\u015bwiadczony Odzysk<\/label><\/li><\/ul><\/div><div id=\"wpforms-23682-field_13-container\" class=\"wpforms-field wpforms-field-checkbox\" data-field-id=\"13\"><label class=\"wpforms-field-label\">INTELIGENTNE PIENI\u0104DZE \u2013 UMOWY, OP\u0141ATY \u2013 INTELIGENTNE P\u0141ATNO\u015aCI I ODZYSKIWANIE<\/label><ul id=\"wpforms-23682-field_13\"><li class=\"choice-1 depth-1\"><input type=\"checkbox\" id=\"wpforms-23682-field_13_1\" name=\"wpforms[fields][13][]\" value=\"Smart Money\"  ><label class=\"wpforms-field-label-inline\" for=\"wpforms-23682-field_13_1\">Smart Money<\/label><\/li><li class=\"choice-2 depth-1\"><input type=\"checkbox\" id=\"wpforms-23682-field_13_2\" name=\"wpforms[fields][13][]\" value=\"Smart Renting\"  ><label class=\"wpforms-field-label-inline\" for=\"wpforms-23682-field_13_2\">Smart Renting<\/label><\/li><li class=\"choice-3 depth-1\"><input type=\"checkbox\" id=\"wpforms-23682-field_13_3\" name=\"wpforms[fields][13][]\" value=\"Smart Recovery\"  ><label class=\"wpforms-field-label-inline\" for=\"wpforms-23682-field_13_3\">Smart Recovery<\/label><\/li><li class=\"choice-4 depth-1\"><input type=\"checkbox\" id=\"wpforms-23682-field_13_4\" name=\"wpforms[fields][13][]\" value=\"Smart Payments\"  ><label class=\"wpforms-field-label-inline\" for=\"wpforms-23682-field_13_4\">Smart Payments<\/label><\/li><\/ul><\/div><div id=\"wpforms-23682-field_2-container\" class=\"wpforms-field wpforms-field-textarea\" data-field-id=\"2\"><label class=\"wpforms-field-label\" for=\"wpforms-23682-field_2\">Komentarze <span class=\"wpforms-required-label\">*<\/span><\/label><textarea id=\"wpforms-23682-field_2\" class=\"wpforms-field-medium wpforms-field-required\" name=\"wpforms[fields][2]\" placeholder=\"Wpisz tutaj swoj\u0105 wiadomo\u015b\u0107, opis projektu itp.\" required><\/textarea><\/div><div id=\"wpforms-23682-field_9-container\" class=\"wpforms-field wpforms-field-checkbox\" data-field-id=\"9\"><label class=\"wpforms-field-label\">Pilne<\/label><ul id=\"wpforms-23682-field_9\"><li class=\"choice-1 depth-1\"><input type=\"checkbox\" id=\"wpforms-23682-field_9_1\" name=\"wpforms[fields][9][]\" value=\"Tak\"  ><label class=\"wpforms-field-label-inline\" for=\"wpforms-23682-field_9_1\">Tak<\/label><\/li><li class=\"choice-2 depth-1\"><input type=\"checkbox\" id=\"wpforms-23682-field_9_2\" name=\"wpforms[fields][9][]\" value=\"Nie\"  ><label class=\"wpforms-field-label-inline\" for=\"wpforms-23682-field_9_2\">Nie<\/label><\/li><\/ul><\/div><div id=\"wpforms-23682-field_10-container\" class=\"wpforms-field wpforms-field-checkbox\" data-field-id=\"10\"><label class=\"wpforms-field-label\">Potwierd\u017a swoj\u0105 zgod\u0119 <span class=\"wpforms-required-label\">*<\/span><\/label><ul id=\"wpforms-23682-field_10\" class=\"wpforms-field-required\"><li class=\"choice-1 depth-1\"><input type=\"checkbox\" id=\"wpforms-23682-field_10_1\" name=\"wpforms[fields][10][]\" value=\"Przeczyta\u0142em i akceptuj\u0119 polityk\u0119 prywatno\u015bci\" required ><label class=\"wpforms-field-label-inline\" for=\"wpforms-23682-field_10_1\">Przeczyta\u0142em i akceptuj\u0119 polityk\u0119 prywatno\u015bci<\/label><\/li><\/ul><\/div><\/div><!-- .wpforms-field-container --><div class=\"wpforms-field wpforms-field-hp\"><label for=\"wpforms-23682-field-hp\" class=\"wpforms-field-label\">Message<\/label><input type=\"text\" name=\"wpforms[hp]\" id=\"wpforms-23682-field-hp\" class=\"wpforms-field-medium\"><\/div><div class=\"wpforms-recaptcha-container wpforms-is-recaptcha wpforms-is-recaptcha-type-v2\" ><div class=\"g-recaptcha\" data-sitekey=\"6LdIprQUAAAAAEkNVEWKU5SqoV_OChZsCimVMNkk\"><\/div><input type=\"text\" name=\"g-recaptcha-hidden\" class=\"wpforms-recaptcha-hidden\" style=\"position:absolute!important;clip:rect(0,0,0,0)!important;height:1px!important;width:1px!important;border:0!important;overflow:hidden!important;padding:0!important;margin:0!important;\" data-rule-recaptcha=\"1\"><\/div><div class=\"wpforms-submit-container\" ><input type=\"hidden\" name=\"wpforms[id]\" value=\"23682\"><input type=\"hidden\" name=\"page_title\" value=\"\"><input type=\"hidden\" name=\"page_url\" value=\"https:\/\/www.fullcertificate.com\/pl\/wp-json\/wp\/v2\/pages\/14973\"><input type=\"hidden\" name=\"url_referer\" value=\"\"><button type=\"submit\" name=\"wpforms[submit]\" id=\"wpforms-submit-23682\" class=\"wpforms-submit\" data-alt-text=\"Wysy\u0142anie...\" data-submit-text=\"Wy\u015blij\" aria-live=\"assertive\" value=\"wpforms-submit\">Wy\u015blij<\/button><img src=\"https:\/\/www.fullcertificate.com\/wp-content\/plugins\/wpforms-lite\/assets\/images\/submit-spin.svg\" class=\"wpforms-submit-spinner\" style=\"display: none;\" width=\"26\" height=\"26\" alt=\"Wczytywanie\"><\/div><\/form><\/div>  <!-- .wpforms-container -->[\/vc_column][vc_column width=&#8221;1\/4&#8243;][mk_image src=&#8221;https:\/\/fullcertificate.com\/wp-content\/uploads\/2018\/12\/european-trusted-third-party-full-certificate.png&#8221; image_width=&#8221;180&#8243; align=&#8221;center&#8221; margin_bottom=&#8221;35&#8243; crop=&#8221;false&#8221;][vc_row_inner padding=&#8221;0&#8243;][vc_column_inner css=&#8221;.vc_custom_1491551598842{background-color: #1e73be !important;}&#8221;][mk_fancy_title color=&#8221;#ffffff&#8221; size=&#8221;20&#8243; font_weight=&#8221;bold&#8221; font_style=&#8221;normal&#8221; txt_transform=&#8221;uppercase&#8221; margin_top=&#8221;30&#8243; margin_bottom=&#8221;0&#8243; font_family=&#8221;none&#8221; align=&#8221;center&#8221;]\n<p style=\"text-align: center;\">OBSZAR KLIENTA<\/p>\n[\/mk_fancy_title][mk_fancy_title color=&#8221;#ffffff&#8221; font_weight=&#8221;normal&#8221; font_style=&#8221;normal&#8221; txt_transform=&#8221;none&#8221; margin_bottom=&#8221;0&#8243; font_family=&#8221;none&#8221; align=&#8221;center&#8221;]\n<div class=\"clearboth\" style=\"text-align: center;\"><\/div>\n<p style=\"text-align: center;\">Uzyskaj dost\u0119p do naszych us\u0142ug<\/p>\n[\/mk_fancy_title][mk_button dimension=&#8221;flat&#8221; corner_style=&#8221;rounded&#8221; size=&#8221;medium&#8221; url=&#8221;https:\/\/cloud.fullcertificate.com\/&#8221; align=&#8221;center&#8221; fullwidth=&#8221;true&#8221; el_class=&#8221;click2call iframe&#8221; bg_color=&#8221;#ffffff&#8221; btn_hover_bg=&#8221;#252525&#8243; text_color=&#8221;dark&#8221; btn_hover_txt_color=&#8221;#ffffff&#8221;]DOST\u0118P DO KLIENTA[\/mk_button][\/vc_column_inner][vc_column_inner][vc_empty_space][\/vc_column_inner][vc_column_inner el_class=&#8221;ocultar&#8221; css=&#8221;.vc_custom_1574179213363{border-top-width: 1px !important;border-right-width: 1px !important;border-bottom-width: 1px !important;border-left-width: 1px !important;border-left-color: #1e73be !important;border-left-style: solid !important;border-right-color: #1e73be !important;border-right-style: solid !important;border-top-color: #1e73be !important;border-top-style: solid !important;border-bottom-color: #1e73be !important;border-bottom-style: solid !important;}&#8221;][mk_fancy_title color=&#8221;#1e73be&#8221; size=&#8221;20&#8243; font_weight=&#8221;bold&#8221; font_style=&#8221;normal&#8221; txt_transform=&#8221;uppercase&#8221; margin_top=&#8221;33&#8243; margin_bottom=&#8221;0&#8243; font_family=&#8221;none&#8221; align=&#8221;center&#8221;]\n<p style=\"text-align: center;\">DANE KONTAKTOWE<\/p>\n[\/mk_fancy_title][mk_fancy_title color=&#8221;#1e73be&#8221; font_weight=&#8221;normal&#8221; font_style=&#8221;normal&#8221; txt_transform=&#8221;none&#8221; margin_bottom=&#8221;18&#8243; font_family=&#8221;none&#8221; align=&#8221;center&#8221;]\n<p style=\"text-align: center;\"><strong>Telefon:<\/strong>\u00a0(0034) 91 005 26 59<br \/>\n<strong>Adres:\u00a0<\/strong>C \/ Boix i Morer 6, poddasze.<br \/>\n28003 Madryt, Hiszpania<\/p>\n[\/mk_fancy_title][\/vc_column_inner][\/vc_row_inner][\/vc_column][\/mk_page_section][vc_row padding=&#8221;0&#8243;][vc_column][mk_divider style=&#8221;thin_solid&#8221; thickness=&#8221;4&#8243; margin_top=&#8221;10&#8243; margin_bottom=&#8221;40&#8243;][vc_row_inner padding=&#8221;0&#8243;][vc_column_inner width=&#8221;1\/4&#8243;][\/vc_column_inner][vc_column_inner width=&#8221;1\/2&#8243;][mk_fancy_title tag_name=&#8221;h4&#8243; color=&#8221;#393836&#8243; size=&#8221;30&#8243; font_weight=&#8221;normal&#8221; font_style=&#8221;normal&#8221; txt_transform=&#8221;uppercase&#8221; margin_bottom=&#8221;18&#8243; font_family=&#8221;none&#8221; align=&#8221;center&#8221;]\n<p style=\"text-align: center;\">Z GWARANCJ\u0104<\/p>\n[\/mk_fancy_title][mk_image src=&#8221;https:\/\/fullcertificate.com\/wp-content\/uploads\/2022\/04\/footer-nuevo-WE-VOTE.jpg&#8221; image_width=&#8221;1500&#8243; image_height=&#8221;216&#8243; align=&#8221;center&#8221; margin_bottom=&#8221;40&#8243; el_class=&#8221;imagen-footer-centro&#8221; crop=&#8221;false&#8221;][\/vc_column_inner][vc_column_inner width=&#8221;1\/4&#8243;][\/vc_column_inner][\/vc_row_inner][\/vc_column][\/vc_row]\n","protected":false},"excerpt":{"rendered":"<p>[mk_page_section padding_top=&#8221;0&#8243; padding_bottom=&#8221;50&#8243; first_page=&#8221;false&#8221; last_page=&#8221;false&#8221; sidebar=&#8221;sidebar-1&#8243;][vc_column width=&#8221;3\/4&#8243;][mk_fancy_title tag_name=&#8221;h1&#8243; color=&#8221;#0062af&#8221; size=&#8221;40&#8243; font_weight=&#8221;normal&#8221; font_style=&#8221;normal&#8221; txt_transform=&#8221;none&#8221; margin_bottom=&#8221;0&#8243; font_family=&#8221;none&#8221;]Skontaktuj si\u0119 z nami[\/mk_fancy_title][mk_divider style=&#8221;thin_solid&#8221; thickness=&#8221;4&#8243; margin_top=&#8221;0&#8243;][mk_fancy_title color=&#8221;#000000&#8243; size=&#8221;15&#8243; font_weight=&#8221;normal&#8221; font_style=&#8221;normal&#8221; txt_transform=&#8221;none&#8221; margin_bottom=&#8221;0&#8243; font_family=&#8221;none&#8221;] Wype\u0142nij ten formularz, je\u015bli masz pytania lub pytania dotycz\u0105ce serwisu Burofaxes.com, a konsultant skontaktuje si\u0119 z Tob\u0105 wkr\u00f3tce. [\/mk_fancy_title][\/vc_column][vc_column width=&#8221;1\/4&#8243;][mk_image src=&#8221;https:\/\/fullcertificate.com\/wp-content\/uploads\/2018\/12\/european-trusted-third-party-full-certificate.png&#8221; image_width=&#8221;180&#8243; align=&#8221;center&#8221; margin_bottom=&#8221;35&#8243; crop=&#8221;false&#8221;][vc_row_inner padding=&#8221;0&#8243;][vc_column_inner css=&#8221;.vc_custom_1491551598842{background-color: [&hellip;]<\/p>\n","protected":false},"author":2,"featured_media":0,"parent":0,"menu_order":0,"comment_status":"closed","ping_status":"open","template":"","meta":{"_bbp_topic_count":0,"_bbp_reply_count":0,"_bbp_total_topic_count":0,"_bbp_total_reply_count":0,"_bbp_voice_count":0,"_bbp_anonymous_reply_count":0,"_bbp_topic_count_hidden":0,"_bbp_reply_count_hidden":0,"_bbp_forum_subforum_count":0},"_links":{"self":[{"href":"https:\/\/www.fullcertificate.com\/pl\/wp-json\/wp\/v2\/pages\/14973"}],"collection":[{"href":"https:\/\/www.fullcertificate.com\/pl\/wp-json\/wp\/v2\/pages"}],"about":[{"href":"https:\/\/www.fullcertificate.com\/pl\/wp-json\/wp\/v2\/types\/page"}],"author":[{"embeddable":true,"href":"https:\/\/www.fullcertificate.com\/pl\/wp-json\/wp\/v2\/users\/2"}],"replies":[{"embeddable":true,"href":"https:\/\/www.fullcertificate.com\/pl\/wp-json\/wp\/v2\/comments?post=14973"}],"version-history":[{"count":8,"href":"https:\/\/www.fullcertificate.com\/pl\/wp-json\/wp\/v2\/pages\/14973\/revisions"}],"predecessor-version":[{"id":27718,"href":"https:\/\/www.fullcertificate.com\/pl\/wp-json\/wp\/v2\/pages\/14973\/revisions\/27718"}],"wp:attachment":[{"href":"https:\/\/www.fullcertificate.com\/pl\/wp-json\/wp\/v2\/media?parent=14973"}],"curies":[{"name":"wp","href":"https:\/\/api.w.org\/{rel}","templated":true}]}}