{"id":14977,"date":"2019-02-13T16:29:57","date_gmt":"2019-02-13T16:29:57","guid":{"rendered":"https:\/\/fullcertificate.com\/?page_id=14977"},"modified":"2019-11-07T17:30:52","modified_gmt":"2019-11-07T17:30:52","slug":"polityka-cookies","status":"publish","type":"page","link":"https:\/\/www.fullcertificate.com\/pl\/polityka-cookies\/","title":{"rendered":"Cookie Policy"},"content":{"rendered":"[vc_row][vc_column][vc_column_text disable_pattern=&#8221;true&#8221; align=&#8221;left&#8221; margin_bottom=&#8221;0&#8243;]\n<div style=\"margin: 0 5%;\">\n<h1>POLITYKA COOKIES<\/h1>\n<p>Plik cookie to ma\u0142y plik tekstowy, kt\u00f3ry jest przechowywany w przegl\u0105darce podczas odwiedzania prawie dowolnej strony internetowej. Jego przydatno\u015b\u0107 polega na tym, \u017ce sie\u0107 pami\u0119ta Twoj\u0105 wizyt\u0119 po powrocie do przegl\u0105dania tej strony. Pliki cookie zazwyczaj przechowuj\u0105 informacje techniczne, preferencje osobiste, personalizacj\u0119 tre\u015bci, statystyki u\u017cytkowania, linki do sieci spo\u0142eczno\u015bciowych, dost\u0119p do kont u\u017cytkownik\u00f3w itp. Plik cookie ma na celu dostosowanie zawarto\u015bci witryny do Twojego profilu i potrzeb, bez plik\u00f3w cookie us\u0142ugi oferowane przez dowoln\u0105 stron\u0119 zosta\u0142yby znacznie ograniczone. Je\u015bli chcesz uzyska\u0107 wi\u0119cej informacji na temat plik\u00f3w cookie, ich przechowywania, sposobu ich usuwania, dezaktywacji itp., Przejd\u017a do tego linku.<\/p>\n<h3>PLIKI COOKIE U\u017bYWANE W TEJ WITRYNIE INTERNETOWEJ<\/h3>\n<p>Zgodnie z wytycznymi Hiszpa\u0144skiej Agencji Ochrony Danych, szczeg\u00f3\u0142owo opisujemy wykorzystanie plik\u00f3w cookie tworzonych przez t\u0119 stron\u0119 internetow\u0105, aby poinformowa\u0107 Ci\u0119 tak dok\u0142adnie, jak to mo\u017cliwe.<\/p>\n<p>Ta strona u\u017cywa nast\u0119puj\u0105cych<strong> w\u0142asnych plik\u00f3w cookie<\/strong>:<\/p>\n<ul>\n<li style=\"list-style-type: none;\">\n<ul>\n<li>Sesyjne pliki cookie, aby zapewni\u0107, \u017ce u\u017cytkownicy pisz\u0105cy komentarze na blogu s\u0105 aplikacjami ludzkimi, a nie automatycznymi. W ten spos\u00f3b walczysz ze spamem.<\/li>\n<\/ul>\n<\/li>\n<\/ul>\n<p>Ta strona u\u017cywa nast\u0119puj\u0105cych <strong>plik\u00f3w cookie stron trzecich:<\/strong><\/p>\n<ul>\n<li style=\"list-style-type: none;\">\n<ul>\n<li>Google Analytics: przechowuje pliki cookie w celu sporz\u0105dzania statystyk dotycz\u0105cych ruchu i liczby wizyt na tej stronie. Korzystaj\u0105c z tej witryny, wyra\u017casz zgod\u0119 na przetwarzanie informacji o tobie przez Google. W zwi\u0105zku z tym korzystanie z jakichkolwiek praw w tym zakresie musi odbywa\u0107 si\u0119 poprzez bezpo\u015bredni\u0105 komunikacj\u0119 z Google.<\/li>\n<\/ul>\n<\/li>\n<\/ul>\n<ul>\n<li style=\"list-style-type: none;\">\n<ul>\n<li>Sieci spo\u0142eczno\u015bciowe: Ka\u017cda sie\u0107 spo\u0142eczno\u015bciowa korzysta z w\u0142asnych plik\u00f3w cookie, dzi\u0119ki czemu mo\u017cna klikn\u0105\u0107 na przyciski, takie jak I <em>like<\/em> lub <em>Share<\/em>.<\/li>\n<\/ul>\n<\/li>\n<\/ul>\n<h3>DEZAKTYWACJA LUB ELIMINACJA PLIK\u00d3W COOKIE<\/h3>\n<p>W dowolnym momencie mo\u017cesz skorzysta\u0107 z prawa do dezaktywacji lub usuni\u0119cia plik\u00f3w cookie z tej witryny. Te dzia\u0142ania s\u0105 wykonywane w r\u00f3\u017cny spos\u00f3b w zale\u017cno\u015bci od u\u017cywanej przegl\u0105darki. Oto kr\u00f3tki przewodnik po najpopularniejszych przegl\u0105darkach.<\/p>\n<h2>DODATKOWE UWAGI<\/h2>\n<ul>\n<li style=\"list-style-type: none;\">\n<ul>\n<li>Ani ta strona internetowa, ani jej prawni przedstawiciele nie ponosz\u0105 odpowiedzialno\u015bci za tre\u015b\u0107 ani prawdziwo\u015b\u0107 zasad prywatno\u015bci, kt\u00f3re mog\u0105 mie\u0107 osoby trzecie wymienione w niniejszej polityce plik\u00f3w <em>cookie<\/em>.<\/li>\n<\/ul>\n<\/li>\n<\/ul>\n<ul>\n<li style=\"list-style-type: none;\">\n<ul>\n<li>Przegl\u0105darki internetowe s\u0105 narz\u0119dziami odpowiedzialnymi za przechowywanie plik\u00f3w cookie i z tego miejsca musisz skorzysta\u0107 z prawa do ich usuni\u0119cia lub dezaktywacji. Ani ta strona internetowa, ani jej prawni przedstawiciele nie mog\u0105 zagwarantowa\u0107 poprawnego lub nieprawid\u0142owego przetwarzania plik\u00f3w cookie przez wy\u017cej wymienione przegl\u0105darki.<\/li>\n<\/ul>\n<\/li>\n<\/ul>\n<ul>\n<li style=\"list-style-type: none;\">\n<ul>\n<li>W niekt\u00f3rych przypadkach konieczne jest zainstalowanie plik\u00f3w cookie, aby przegl\u0105darka nie zapomnia\u0142a Twojej decyzji o ich nieprzyj\u0119ciu.<\/li>\n<\/ul>\n<\/li>\n<\/ul>\n<ul>\n<li style=\"list-style-type: none;\">\n<ul>\n<li>W przypadku plik\u00f3w cookie Google Analytics firma przechowuje pliki cookie na serwerach w Stanach Zjednoczonych i zobowi\u0105zuje si\u0119 nie udost\u0119pnia\u0107 ich stronom trzecim, z wyj\u0105tkiem przypadk\u00f3w, gdy jest to konieczne do dzia\u0142ania systemu lub gdy wymaga tego prawo taki efekt. Wed\u0142ug Google nie zapisuje twojego adresu IP. Google Inc. to firma przestrzegaj\u0105ca umowy Safe Harbor, kt\u00f3ra gwarantuje, \u017ce wszystkie przekazywane dane b\u0119d\u0105 traktowane z poziomem ochrony zgodnym z przepisami europejskimi. Mo\u017cesz sprawdzi\u0107 szczeg\u00f3\u0142owe informacje w tym zakresie na ten link. Je\u015bli chcesz uzyska\u0107 informacje na temat wykorzystania plik\u00f3w cookie przez Google, do\u0142\u0105czamy ten inny link.<\/li>\n<\/ul>\n<\/li>\n<\/ul>\n<ul>\n<li>W przypadku jakichkolwiek pyta\u0144 lub zapyta\u0144 dotycz\u0105cych niniejszej polityki dotycz\u0105cej plik\u00f3w cookie prosimy o kontakt za po\u015brednictwem sekcji kontaktowej.<\/li>\n<\/ul>\n<\/div>\n[\/vc_column_text][\/vc_column][\/vc_row]\n","protected":false},"excerpt":{"rendered":"<p>[vc_row][vc_column][vc_column_text disable_pattern=&#8221;true&#8221; align=&#8221;left&#8221; margin_bottom=&#8221;0&#8243;] POLITYKA COOKIES Plik cookie to ma\u0142y plik tekstowy, kt\u00f3ry jest przechowywany w przegl\u0105darce podczas odwiedzania prawie dowolnej strony internetowej. Jego przydatno\u015b\u0107 polega na tym, \u017ce sie\u0107 pami\u0119ta Twoj\u0105 wizyt\u0119 po powrocie do przegl\u0105dania tej strony. Pliki cookie zazwyczaj przechowuj\u0105 informacje techniczne, preferencje osobiste, personalizacj\u0119 tre\u015bci, statystyki u\u017cytkowania, linki do sieci spo\u0142eczno\u015bciowych, [&hellip;]<\/p>\n","protected":false},"author":2,"featured_media":0,"parent":0,"menu_order":0,"comment_status":"closed","ping_status":"open","template":"","meta":{"_bbp_topic_count":0,"_bbp_reply_count":0,"_bbp_total_topic_count":0,"_bbp_total_reply_count":0,"_bbp_voice_count":0,"_bbp_anonymous_reply_count":0,"_bbp_topic_count_hidden":0,"_bbp_reply_count_hidden":0,"_bbp_forum_subforum_count":0},"_links":{"self":[{"href":"https:\/\/www.fullcertificate.com\/pl\/wp-json\/wp\/v2\/pages\/14977"}],"collection":[{"href":"https:\/\/www.fullcertificate.com\/pl\/wp-json\/wp\/v2\/pages"}],"about":[{"href":"https:\/\/www.fullcertificate.com\/pl\/wp-json\/wp\/v2\/types\/page"}],"author":[{"embeddable":true,"href":"https:\/\/www.fullcertificate.com\/pl\/wp-json\/wp\/v2\/users\/2"}],"replies":[{"embeddable":true,"href":"https:\/\/www.fullcertificate.com\/pl\/wp-json\/wp\/v2\/comments?post=14977"}],"version-history":[{"count":4,"href":"https:\/\/www.fullcertificate.com\/pl\/wp-json\/wp\/v2\/pages\/14977\/revisions"}],"predecessor-version":[{"id":23697,"href":"https:\/\/www.fullcertificate.com\/pl\/wp-json\/wp\/v2\/pages\/14977\/revisions\/23697"}],"wp:attachment":[{"href":"https:\/\/www.fullcertificate.com\/pl\/wp-json\/wp\/v2\/media?parent=14977"}],"curies":[{"name":"wp","href":"https:\/\/api.w.org\/{rel}","templated":true}]}}