{"id":14980,"date":"2019-02-13T16:30:47","date_gmt":"2019-02-13T16:30:47","guid":{"rendered":"https:\/\/fullcertificate.com\/?page_id=14980"},"modified":"2022-04-13T03:41:47","modified_gmt":"2022-04-13T03:41:47","slug":"podpisanie-umow-zgody-medyczne","status":"publish","type":"page","link":"https:\/\/www.fullcertificate.com\/pl\/podpisanie-umow-zgody-medyczne\/","title":{"rendered":"Digital signature of Agreements and Medical Consents"},"content":{"rendered":"[mk_page_section bg_image=&#8221;https:\/\/fullcertificate.com\/wp-content\/uploads\/2018\/11\/banner-consentimiento-medico-avisos-certificados-1.jpg&#8221; bg_position=&#8221;center top&#8221; bg_repeat=&#8221;no-repeat&#8221; bg_stretch=&#8221;true&#8221; min_height=&#8221;350&#8243; padding_top=&#8221;20&#8243; padding_bottom=&#8221;0&#8243; first_page=&#8221;true&#8221; last_page=&#8221;true&#8221; sidebar=&#8221;sidebar-1&#8243;][vc_column][mk_fancy_title color=&#8221;#000000&#8243; size=&#8221;30&#8243; font_weight=&#8221;normal&#8221; font_style=&#8221;normal&#8221; txt_transform=&#8221;none&#8221; margin_top=&#8221;60&#8243; margin_bottom=&#8221;0&#8243; font_family=&#8221;none&#8221;]Podpisywanie Um\u00f3w Medycznych i Zgody[\/mk_fancy_title][mk_fancy_title tag_name=&#8221;h1&#8243; color=&#8221;#000000&#8243; size=&#8221;25&#8243; font_weight=&#8221;300&#8243; font_style=&#8221;normal&#8221; txt_transform=&#8221;none&#8221; margin_bottom=&#8221;0&#8243; font_family=&#8221;none&#8221;]Podpis elektroniczny na Tabletach i telefonach kom\u00f3rkowych z moc\u0105 prawn\u0105[\/mk_fancy_title][mk_button dimension=&#8221;flat&#8221; size=&#8221;medium&#8221; url=&#8221;https:\/\/cloud.fullcertificate.com\/register&#8221; target=&#8221;_blank&#8221; button_custom_width=&#8221;250&#8243; bg_color=&#8221;#0062b0&#8243; btn_hover_bg=&#8221;#252525&#8243;]UMOWA TERAZ[\/mk_button][\/vc_column][\/mk_page_section][mk_page_section padding_top=&#8221;50&#8243; padding_bottom=&#8221;50&#8243; first_page=&#8221;false&#8221; last_page=&#8221;false&#8221; sidebar=&#8221;sidebar-1&#8243;][vc_column width=&#8221;3\/4&#8243;][mk_fancy_title color=&#8221;#0062af&#8221; size=&#8221;30&#8243; font_weight=&#8221;normal&#8221; font_style=&#8221;normal&#8221; txt_transform=&#8221;none&#8221; margin_bottom=&#8221;0&#8243; font_family=&#8221;none&#8221;]Podpisywanie Um\u00f3w Medycznych i Zgody[\/mk_fancy_title][mk_divider style=&#8221;thin_solid&#8221; thickness=&#8221;4&#8243; margin_top=&#8221;0&#8243;][mk_fancy_title color=&#8221;#000000&#8243; size=&#8221;17&#8243; font_weight=&#8221;bold&#8221; font_style=&#8221;normal&#8221; txt_transform=&#8221;uppercase&#8221; margin_bottom=&#8221;0&#8243; font_family=&#8221;none&#8221;]UMOWY, ODBI\u00d3R DOSTAWY, ZGODA MEDYCZNA, ITP.[\/mk_fancy_title][mk_fancy_title color=&#8221;#f2006e&#8221; size=&#8221;20&#8243; font_weight=&#8221;normal&#8221; font_style=&#8221;normal&#8221; txt_transform=&#8221;none&#8221; margin_bottom=&#8221;30&#8243; font_family=&#8221;none&#8221;]Podpis Cyfrowy Um\u00f3w Medycznych i Zgody o pe\u0142nej mocy prawnej. Autograf podpisu cyfrowego i \/ lub odcisk palca lub zdalny certyfikat SMS lub eMail.[\/mk_fancy_title][vc_row_inner padding=&#8221;0&#8243;][vc_column_inner width=&#8221;1\/3&#8243;][mk_icon_box text_size=&#8221;0&#8243; icon_color=&#8221;#ffffff&#8221; icon_circle_color=&#8221;#ffffff&#8221; box_blur=&#8221;false&#8221;]<img class=\"wp-image-8885 aligncenter\" src=\"https:\/\/fullcertificate.com\/wp-content\/uploads\/2018\/11\/icono-contratos-certificados-2-2-300x300.png\" alt=\"\" width=\"216\" srcset=\"https:\/\/www.fullcertificate.com\/wp-content\/uploads\/2018\/11\/icono-contratos-certificados-2-2-300x300.png 300w, https:\/\/www.fullcertificate.com\/wp-content\/uploads\/2018\/11\/icono-contratos-certificados-2-2-150x150.png 150w, https:\/\/www.fullcertificate.com\/wp-content\/uploads\/2018\/11\/icono-contratos-certificados-2-2.png 500w\" sizes=\"(max-width: 300px) 100vw, 300px\" \/><\/p>\n<p style=\"text-align: center;\"><strong>UMOWY I ZGODY<br \/>\n<\/strong>Podpis elektroniczny<br \/>\nSto\u0142y i telefony kom\u00f3rkowe<br \/>\nCertyfikowany podpis<br \/>\nWa\u017cno\u015b\u0107 prawna<\/p>\n[\/mk_icon_box][mk_image src=&#8221;https:\/\/fullcertificate.com\/wp-content\/uploads\/2018\/12\/notary-europe-full-certificate.png&#8221; image_width=&#8221;100&#8243; align=&#8221;center&#8221; crop=&#8221;false&#8221;][\/vc_column_inner][vc_column_inner width=&#8221;2\/3&#8243;][mk_fancy_title color=&#8221;#000000&#8243; font_weight=&#8221;normal&#8221; font_style=&#8221;normal&#8221; txt_transform=&#8221;none&#8221; margin_bottom=&#8221;30&#8243; font_family=&#8221;none&#8221;]Ta us\u0142uga opracowuje i integruje <span style=\"color: #0062af;\">rozwi\u0105zania podpisu elektronicznego<\/span> z <strong>Full Certificate<\/strong>, <strong>akceptacji i \u015bwiadomych zg\u00f3d medycznych<\/strong> o <span style=\"color: #0062af;\">mocy prawnej<\/span>.<\/p>\n<p>&nbsp;<\/p>\n<p>Proces odbywa si\u0119 za po\u015brednictwem <strong>aplikacji<\/strong> dostarczanych przez <strong>Full Certificate<\/strong> lub poprzez integracj\u0119 <strong>WS API Rest<\/strong>. Klient wy\u015bwietla na <span style=\"color: #0062af;\">urz\u0105dzeniu mobilnym<\/span> dokument, bud\u017cet, umow\u0119 i \/ lub umow\u0119 w celu podpisania z wprowadzonymi lub wype\u0142nionymi danymi osobowymi. System \u0142\u0105czy si\u0119 za po\u015brednictwem <span style=\"color: #0062af;\">us\u0142ug internetowych (API) z chmur\u0105<\/span> Full Certificate i w razie potrzeby wysy\u0142a do klienta <span style=\"color: #0062af;\">elektroniczn\u0105 kopi\u0119<\/span> umowy za po\u015brednictwem wiadomo\u015bci e-mail lub SMS.<\/p>\n<p>&nbsp;<\/p>\n<p><strong>PODPISANIE UM\u00d3W I AKCEPTACJI<\/strong><\/p>\n<p>&nbsp;<\/p>\n<p>Mo\u017cesz zautomatyzowa\u0107 procesy <span style=\"color: #0062af;\">podpisu elektronicznego dla<\/span> <strong>um\u00f3w o \u015bwiadczenie<\/strong> <span style=\"color: #0062af;\">us\u0142ug, bud\u017cet\u00f3w, zlece\u0144 z rozpoznawaniem op\u0142at<\/span> itp. R\u00f3wnie\u017c po stronie <strong>akceptacji<\/strong> mo\u017cesz zarz\u0105dza\u0107 dostawami produkt\u00f3w i \/ lub \u015bwiadczonych us\u0142ug.<\/p>\n<p>&nbsp;<\/p>\n<p><strong>PODPIS ZGODY MEDYCZNEJ<\/strong><\/p>\n<p>&nbsp;<\/p>\n<p>Podpis elektroniczny<strong> \u015bwiadomej zgody medycznej<\/strong> jest cenn\u0105 us\u0142ug\u0105 dla obszaru zdrowia. <span style=\"color: #f2006e;\"><strong>Nie wystarczy<\/strong> jako dow\u00f3d przed pr\u00f3b\u0105 podpis na urz\u0105dzeniu programowym<\/span> i <strong>konieczne jest,<\/strong> <span style=\"color: #0062af;\">aby proces podpisu zosta\u0142 po\u015bwiadczony elektronicznie przez<\/span> <strong>Zaufan\u0105 Stron\u0119 Trzeci\u0105<\/strong>, zapewniaj\u0105c <span style=\"color: #0062af;\">pewno\u015b\u0107 prawn\u0105 i wiarygodny dow\u00f3d<\/span> w trakcie ca\u0142ego procesu. Ponadto, <strong>\u015awiadoma zgoda lekarska<\/strong> stanowi cz\u0119\u015b\u0107 <strong>prawa pacjenta<\/strong> <span style=\"color: #0062af;\">do otrzymania odpowiednich informacji na temat wynik\u00f3w medycznych i ich konsekwencji,<\/span> aby swobodnie decydowa\u0107, czy je podda\u0107, czy nie.<\/p>\n<p>&nbsp;<\/p>\n<p>Zebranie \u015bwiadomej zgody za pomoc\u0105 podpisu elektronicznego umo\u017cliwia <span style=\"color: #0062af;\">usuni\u0119cie papieru z dokumentacji medycznej i przechowywanie go w cyfrowej pomocy<\/span>. Podpis elektroniczny zapewnia korzy\u015bci ekonomiczne, bezpiecze\u0144stwa i wydajno\u015bci w zarz\u0105dzaniu \u015bwiadom\u0105 zgod\u0105 pacjenta.<\/p>\n<p>&nbsp;<\/p>\n<p>W\u015br\u00f3d <strong>g\u0142\u00f3wnych zalet<\/strong> wyr\u00f3\u017cniamy nast\u0119puj\u0105ce:<\/p>\n<p>&nbsp;<\/p>\n<ul>\n<li><span style=\"color: #0062af;\">Konkurencyjne ceny<\/span><\/li>\n<li><span style=\"color: #0062af;\">Wielkie oszcz\u0119dno\u015bci koszt\u00f3w operacyjnych<\/span><\/li>\n<li><span style=\"color: #0062af;\">Podpis wielokana\u0142owy:<\/span> wszystkie kana\u0142y komunikacji<\/li>\n<li><span style=\"color: #0062af;\">Znaki na wielu urz\u0105dzeniach<\/span> na tablecie, smartfonie lub komputerze<\/li>\n<li><span style=\"color: #0062af;\">Doskona\u0142o\u015b\u0107<\/span> w <span style=\"color: #0062af;\">operacjach wewn\u0119trznych<\/span><\/li>\n<li><span style=\"color: #0062af;\">Ca\u0142kowite bezpiecze\u0144stwo<\/span><\/li>\n<li>Pe\u0142na <span style=\"color: #0062af;\">wa\u017cno\u015b\u0107 prawna<\/span> na poziomie europejskim<\/li>\n<li><span style=\"color: #0062af;\">Wa\u017cne oszcz\u0119dno\u015bci<\/span> czasu i pieni\u0119dzy<\/li>\n<li>Pe\u0142na <span style=\"color: #0062af;\">wa\u017cno\u015b\u0107 prawna<\/span> zgodnie z przepisami europejskimi<\/li>\n<li><span style=\"color: #0062af;\">24-godzinny dost\u0119p<\/span> w czasie rzeczywistym<\/li>\n<li><span style=\"color: #0062af;\">Automatyzacja proces\u00f3w biznesowych<\/span> za pomoc\u0105 elektronicznej certyfikacji poprzez API Rest lub Web Services<\/li>\n<li>Pi\u0119\u0107 lat<span style=\"color: #0062af;\"> opieki zgodnie<\/span> z prawem z mo\u017cliwo\u015bci\u0105 rozszerzenia w zale\u017cno\u015bci od potrzeb<\/li>\n<\/ul>\n[\/mk_fancy_title][\/vc_column_inner][\/vc_row_inner][mk_fancy_title tag_name=&#8221;h4&#8243; color=&#8221;#000000&#8243; font_weight=&#8221;normal&#8221; font_style=&#8221;normal&#8221; txt_transform=&#8221;none&#8221; font_family=&#8221;none&#8221;]Oferujemy <strong><span style=\"color: #0062af;\">spersonalizowan\u0105 us\u0142ug\u0119 dostosowan\u0105<\/span><\/strong> do potrzeb Twojej firmy. Dzi\u0119ki us\u0142ugom podpisu elektronicznego<span style=\"color: #0062af;\"> mo\u017cesz przyspieszy\u0107 swoje<\/span> umowy <strong>medyczne, akceptacje i zgody, kt\u00f3rych potrzebujesz<\/strong> w <span style=\"color: #0062af;\">\u0142atwy i szybki<\/span> spos\u00f3b przy<span style=\"color: #0062af;\"> bardzo wa\u017cnych oszcz\u0119dno\u015bciach koszt\u00f3w.<\/span><\/p>\n<p>&nbsp;<\/p>\n<p>Dla <span style=\"color: #0062af;\">sieci klinik z wieloma lokalizacjami,<\/span> takimi jak <strong>Franczyzy czy Korporacje Zdrowia<\/strong>, tworzymy us\u0142ugi o wysokiej warto\u015bci dodanej <span style=\"color: #0062af;\">z kompleksowym zarz\u0105dzaniem ich us\u0142ugami cyfrowymi.<\/span>[\/mk_fancy_title][mk_image src=&#8221;https:\/\/fullcertificate.com\/wp-content\/uploads\/2017\/10\/pasos-firma-electronica-1.png&#8221; image_width=&#8221;912&#8243; margin_bottom=&#8221;40&#8243; el_class=&#8221;imagen-medio&#8221; crop=&#8221;false&#8221;][mk_fancy_title color=&#8221;#000000&#8243; font_weight=&#8221;normal&#8221; font_style=&#8221;normal&#8221; txt_transform=&#8221;none&#8221; font_family=&#8221;none&#8221;]<a href=\"https:\/\/fullcertificate.com\/pl\/skontaktuj-sie-z-nami\/\">Skontaktuj si\u0119 z<\/a> nami, a wyspecjalizowany konsultant pomo\u017ce Ci osobi\u015bcie[\/mk_fancy_title][\/vc_column][vc_column border_color=&#8221;#ffffff&#8221; width=&#8221;1\/4&#8243;][mk_image src=&#8221;https:\/\/fullcertificate.com\/wp-content\/uploads\/2018\/12\/european-trusted-third-party-full-certificate.png&#8221; image_width=&#8221;180&#8243; align=&#8221;center&#8221; margin_bottom=&#8221;35&#8243; crop=&#8221;false&#8221;][vc_row_inner padding=&#8221;0&#8243;][vc_column_inner css=&#8221;.vc_custom_1574167666172{margin-bottom: 32px !important;border-top-width: 1px !important;border-right-width: 1px !important;border-bottom-width: 1px !important;border-left-width: 1px !important;border-left-color: #f2006e !important;border-left-style: solid !important;border-right-color: #f2006e !important;border-right-style: solid !important;border-top-color: #f2006e !important;border-top-style: solid !important;border-bottom-color: #f2006e !important;border-bottom-style: solid !important;}&#8221;][mk_fancy_title color=&#8221;#000000&#8243; size=&#8221;20&#8243; font_weight=&#8221;bold&#8221; font_style=&#8221;normal&#8221; txt_transform=&#8221;uppercase&#8221; margin_top=&#8221;20&#8243; margin_bottom=&#8221;0&#8243; font_family=&#8221;none&#8221; align=&#8221;center&#8221;]\n<p style=\"text-align: center;\">ZAREJESTRUJ SI\u0118 ZA DARMO<\/p>\n[\/mk_fancy_title][mk_fancy_title color=&#8221;#000000&#8243; size=&#8221;16&#8243; font_weight=&#8221;normal&#8221; font_style=&#8221;normal&#8221; txt_transform=&#8221;none&#8221; margin_bottom=&#8221;0&#8243; font_family=&#8221;none&#8221; align=&#8221;center&#8221;]\n<p style=\"text-align: center;\">Wypr\u00f3buj nasze certyfikowane us\u0142ugi o pe\u0142nej mocy prawnej.<\/p>\n<p>&nbsp;<\/p>\n<p style=\"text-align: center;\"><strong><span style=\"color: #0062b0;\">Bez op\u0142at, bez um\u00f3w.<\/span><br \/>\n<\/strong>Twoje saldo nigdy nie wygasa.<\/p>\n[\/mk_fancy_title][mk_button dimension=&#8221;flat&#8221; corner_style=&#8221;rounded&#8221; size=&#8221;medium&#8221; url=&#8221;https:\/\/cloud.fullcertificate.com\/register&#8221; target=&#8221;_blank&#8221; align=&#8221;center&#8221; button_custom_width=&#8221;160&#8243; bg_color=&#8221;#f2006e&#8221; btn_hover_bg=&#8221;#252525&#8243; btn_hover_txt_color=&#8221;#ffffff&#8221;]KLIKNIJ TUTAJ[\/mk_button][\/vc_column_inner][\/vc_row_inner][vc_empty_space height=&#8221;20px&#8221;][mk_icon_box2 icon_type=&#8221;image&#8221; title_size=&#8221;0&#8243; title_top_padding=&#8221;0&#8243; title_bottom_padding=&#8221;0&#8243;]<a href=\"https:\/\/fullcertificate.com\/pl\/smartmoney\/\"><img loading=\"lazy\" class=\"wp-image-6433 size-medium aligncenter\" src=\"https:\/\/fullcertificate.com\/wp-content\/uploads\/2018\/10\/logo-smartmoney-1.png\" alt=\"\" width=\"180\" height=\"31\" \/><\/a><a href=\"https:\/\/fullcertificate.com\/pl\/smartmoney\/\"><img loading=\"lazy\" class=\"wp-image-6439 size-medium aligncenter\" src=\"https:\/\/fullcertificate.com\/wp-content\/uploads\/2018\/10\/grafico-smart-money-3-1.png\" alt=\"\" width=\"170\" height=\"300\" \/><\/a><\/p>\n<p style=\"text-align: center;\"><strong><span style=\"color: #0062b0;\"><a style=\"color: #0062b0;\" href=\"https:\/\/fullcertificate.com\/pl\/smartmoney\/\">SMART MONEY<\/a><br \/>\n<\/span><\/strong>Smart Contracts<br \/>\nSmart Payments<br \/>\n<span style=\"color: #000000; text-decoration: none;\">Smart Recovery<br \/>\nDashboard<br \/>\n<\/span><\/p>\n[\/mk_icon_box2][vc_row_inner padding=&#8221;0&#8243;][vc_column_inner][mk_icon_box2 icon_type=&#8221;image&#8221; title_size=&#8221;0&#8243; title_top_padding=&#8221;0&#8243; title_bottom_padding=&#8221;0&#8243;]<a href=\"https:\/\/fullcertificate.com\/pl\/smartcontracts\/\"><img loading=\"lazy\" class=\"aligncenter wp-image-6393 size-full\" src=\"https:\/\/fullcertificate.com\/wp-content\/uploads\/2018\/10\/logo-smartcontracts-2-1.png\" alt=\"\" width=\"210\" height=\"29\" \/><\/a><a href=\"https:\/\/fullcertificate.com\/pl\/smartcontracts\/\"><img loading=\"lazy\" class=\"wp-image-6387 size-medium aligncenter\" src=\"https:\/\/fullcertificate.com\/wp-content\/uploads\/2018\/10\/grafico-smart-contracts-1.png\" alt=\"\" width=\"170\" height=\"297\" \/><\/a><\/p>\n<p style=\"text-align: center;\"><a href=\"https:\/\/fullcertificate.com\/pl\/smartcontracts\/\"><strong><span style=\"color: #0062b0;\">SMART CONTRACTS<\/span><\/strong><br \/>\n<\/a>Umowy elektroniczne<br \/>\nZautomatyzowane procesy<br \/>\nWa\u017cno\u015b\u0107 prawna<\/p>\n[\/mk_icon_box2][\/vc_column_inner][\/vc_row_inner][vc_row_inner padding=&#8221;0&#8243;][vc_column_inner][vc_empty_space height=&#8221;20px&#8221;][\/vc_column_inner][\/vc_row_inner][vc_row_inner el_class=&#8221;ocultar&#8221;][vc_column_inner css=&#8221;.vc_custom_1540979094932{border-top-width: 1px !important;border-right-width: 1px !important;border-bottom-width: 1px !important;border-left-width: 1px !important;padding-top: 20px !important;padding-bottom: 20px !important;background-color: #ffffff !important;border-left-color: #1e73be !important;border-left-style: solid !important;border-right-color: #1e73be !important;border-right-style: solid !important;border-top-color: #1e73be !important;border-top-style: solid !important;border-bottom-color: #1e73be !important;border-bottom-style: solid !important;}&#8221;][mk_fancy_title color=&#8221;#000000&#8243; size=&#8221;20&#8243; font_weight=&#8221;bold&#8221; font_style=&#8221;normal&#8221; txt_transform=&#8221;uppercase&#8221; margin_bottom=&#8221;0&#8243; font_family=&#8221;none&#8221; align=&#8221;center&#8221;]\n<p style=\"text-align: center;\">DANE KONTAKTOWE<\/p>\n[\/mk_fancy_title][mk_fancy_title color=&#8221;#1e73be&#8221; font_weight=&#8221;normal&#8221; font_style=&#8221;normal&#8221; txt_transform=&#8221;none&#8221; margin_bottom=&#8221;0&#8243; font_family=&#8221;none&#8221; align=&#8221;center&#8221;]\n<p style=\"text-align: center;\"><strong>Telefon:<\/strong>\u00a0(0034) 91 005 26 59<br \/>\n<strong>Adres:\u00a0<\/strong>C \/ Boix i Morer 6, poddasze.<br \/>\n28003 Madryt, Hiszpania<\/p>\n[\/mk_fancy_title][mk_button dimension=&#8221;flat&#8221; corner_style=&#8221;rounded&#8221; size=&#8221;medium&#8221; url=&#8221;https:\/\/fullcertificate.com\/pl\/skontaktuj-sie-z-nami\/&#8221; align=&#8221;center&#8221; button_custom_width=&#8221;160&#8243; bg_color=&#8221;#0062b0&#8243; btn_hover_bg=&#8221;#252525&#8243;]SKONTAKTUJ SI\u0118 Z NAMI[\/mk_button][\/vc_column_inner][\/vc_row_inner][\/vc_column][\/mk_page_section][vc_row padding=&#8221;0&#8243;][vc_column][mk_divider style=&#8221;thin_solid&#8221; thickness=&#8221;4&#8243; margin_top=&#8221;10&#8243; margin_bottom=&#8221;40&#8243;][vc_row_inner padding=&#8221;0&#8243;][vc_column_inner width=&#8221;1\/4&#8243;][\/vc_column_inner][vc_column_inner width=&#8221;1\/2&#8243;][mk_fancy_title tag_name=&#8221;h4&#8243; color=&#8221;#393836&#8243; size=&#8221;30&#8243; font_weight=&#8221;normal&#8221; font_style=&#8221;normal&#8221; txt_transform=&#8221;uppercase&#8221; margin_bottom=&#8221;18&#8243; font_family=&#8221;none&#8221; align=&#8221;center&#8221;]\n<p style=\"text-align: center;\">Z GWARANCJ\u0104<\/p>\n[\/mk_fancy_title][mk_image src=&#8221;https:\/\/fullcertificate.com\/wp-content\/uploads\/2022\/04\/footer-nuevo-WE-VOTE.jpg&#8221; image_width=&#8221;1500&#8243; link=&#8221;http:\/\/fullcertificate.com\/&#8221; target=&#8221;_blank&#8221; align=&#8221;center&#8221; margin_bottom=&#8221;0&#8243; el_class=&#8221;imagen-footer-centro&#8221; crop=&#8221;false&#8221;][\/vc_column_inner][vc_column_inner width=&#8221;1\/4&#8243;][\/vc_column_inner][\/vc_row_inner][\/vc_column][\/vc_row]\n","protected":false},"excerpt":{"rendered":"<p>[mk_page_section bg_image=&#8221;https:\/\/fullcertificate.com\/wp-content\/uploads\/2018\/11\/banner-consentimiento-medico-avisos-certificados-1.jpg&#8221; bg_position=&#8221;center top&#8221; bg_repeat=&#8221;no-repeat&#8221; bg_stretch=&#8221;true&#8221; min_height=&#8221;350&#8243; padding_top=&#8221;20&#8243; padding_bottom=&#8221;0&#8243; first_page=&#8221;true&#8221; last_page=&#8221;true&#8221; sidebar=&#8221;sidebar-1&#8243;][vc_column][mk_fancy_title color=&#8221;#000000&#8243; size=&#8221;30&#8243; font_weight=&#8221;normal&#8221; font_style=&#8221;normal&#8221; txt_transform=&#8221;none&#8221; margin_top=&#8221;60&#8243; margin_bottom=&#8221;0&#8243; font_family=&#8221;none&#8221;]Podpisywanie Um\u00f3w Medycznych i Zgody[\/mk_fancy_title][mk_fancy_title tag_name=&#8221;h1&#8243; color=&#8221;#000000&#8243; size=&#8221;25&#8243; font_weight=&#8221;300&#8243; font_style=&#8221;normal&#8221; txt_transform=&#8221;none&#8221; margin_bottom=&#8221;0&#8243; font_family=&#8221;none&#8221;]Podpis elektroniczny na Tabletach i telefonach kom\u00f3rkowych z moc\u0105 prawn\u0105[\/mk_fancy_title][mk_button dimension=&#8221;flat&#8221; size=&#8221;medium&#8221; url=&#8221;https:\/\/cloud.fullcertificate.com\/register&#8221; target=&#8221;_blank&#8221; button_custom_width=&#8221;250&#8243; bg_color=&#8221;#0062b0&#8243; btn_hover_bg=&#8221;#252525&#8243;]UMOWA TERAZ[\/mk_button][\/vc_column][\/mk_page_section][mk_page_section padding_top=&#8221;50&#8243; padding_bottom=&#8221;50&#8243; first_page=&#8221;false&#8221; last_page=&#8221;false&#8221; sidebar=&#8221;sidebar-1&#8243;][vc_column width=&#8221;3\/4&#8243;][mk_fancy_title [&hellip;]<\/p>\n","protected":false},"author":2,"featured_media":0,"parent":0,"menu_order":0,"comment_status":"closed","ping_status":"closed","template":"","meta":{"_bbp_topic_count":0,"_bbp_reply_count":0,"_bbp_total_topic_count":0,"_bbp_total_reply_count":0,"_bbp_voice_count":0,"_bbp_anonymous_reply_count":0,"_bbp_topic_count_hidden":0,"_bbp_reply_count_hidden":0,"_bbp_forum_subforum_count":0},"_links":{"self":[{"href":"https:\/\/www.fullcertificate.com\/pl\/wp-json\/wp\/v2\/pages\/14980"}],"collection":[{"href":"https:\/\/www.fullcertificate.com\/pl\/wp-json\/wp\/v2\/pages"}],"about":[{"href":"https:\/\/www.fullcertificate.com\/pl\/wp-json\/wp\/v2\/types\/page"}],"author":[{"embeddable":true,"href":"https:\/\/www.fullcertificate.com\/pl\/wp-json\/wp\/v2\/users\/2"}],"replies":[{"embeddable":true,"href":"https:\/\/www.fullcertificate.com\/pl\/wp-json\/wp\/v2\/comments?post=14980"}],"version-history":[{"count":9,"href":"https:\/\/www.fullcertificate.com\/pl\/wp-json\/wp\/v2\/pages\/14980\/revisions"}],"predecessor-version":[{"id":27658,"href":"https:\/\/www.fullcertificate.com\/pl\/wp-json\/wp\/v2\/pages\/14980\/revisions\/27658"}],"wp:attachment":[{"href":"https:\/\/www.fullcertificate.com\/pl\/wp-json\/wp\/v2\/media?parent=14980"}],"curies":[{"name":"wp","href":"https:\/\/api.w.org\/{rel}","templated":true}]}}