{"id":15006,"date":"2019-02-13T16:33:12","date_gmt":"2019-02-13T16:33:12","guid":{"rendered":"https:\/\/fullcertificate.com\/?page_id=15006"},"modified":"2022-04-13T03:50:04","modified_gmt":"2022-04-13T03:50:04","slug":"glosowanie-listy-elektroniczne-komisje-stanowiska","status":"publish","type":"page","link":"https:\/\/www.fullcertificate.com\/pl\/glosowanie-listy-elektroniczne-komisje-stanowiska\/","title":{"rendered":"Electronic Voting to Lists, Committees and Charges"},"content":{"rendered":"[mk_page_section bg_image=&#8221;https:\/\/fullcertificate.com\/wp-content\/uploads\/2018\/11\/banner-voto-electronico-listas-comites-cargos-avisos-certificados-2-1.jpg&#8221; bg_position=&#8221;center top&#8221; bg_repeat=&#8221;no-repeat&#8221; bg_stretch=&#8221;true&#8221; min_height=&#8221;350&#8243; padding_top=&#8221;20&#8243; padding_bottom=&#8221;0&#8243; first_page=&#8221;true&#8221; last_page=&#8221;true&#8221; sidebar=&#8221;sidebar-1&#8243;][vc_column][mk_fancy_title color=&#8221;#000000&#8243; size=&#8221;40&#8243; font_weight=&#8221;normal&#8221; font_style=&#8221;normal&#8221; txt_transform=&#8221;none&#8221; margin_top=&#8221;60&#8243; margin_bottom=&#8221;0&#8243; font_family=&#8221;none&#8221;]G\u0142osuj Online na Listy Komitet\u00f3w[\/mk_fancy_title][mk_fancy_title color=&#8221;#000000&#8243; size=&#8221;25&#8243; font_weight=&#8221;300&#8243; font_style=&#8221;normal&#8221; txt_transform=&#8221;none&#8221; margin_bottom=&#8221;0&#8243; font_family=&#8221;none&#8221;]G\u0142osowanie przez Internet i mieszane za<br \/>\npo\u015brednictwem telefonu kom\u00f3rkowego, tabletu lub komputera[\/mk_fancy_title][mk_button dimension=&#8221;flat&#8221; size=&#8221;medium&#8221; url=&#8221;https:\/\/www.wevote.eu\/en&#8221; target=&#8221;_blank&#8221; button_custom_width=&#8221;250&#8243; bg_color=&#8221;#0062b0&#8243; btn_hover_bg=&#8221;#252525&#8243;]VISIT WWW.WEVOTE.EU[\/mk_button][\/vc_column][\/mk_page_section][mk_page_section padding_top=&#8221;50&#8243; padding_bottom=&#8221;50&#8243; first_page=&#8221;false&#8221; last_page=&#8221;false&#8221; sidebar=&#8221;sidebar-1&#8243;][vc_column width=&#8221;3\/4&#8243;][mk_fancy_title color=&#8221;#0062af&#8221; size=&#8221;30&#8243; font_weight=&#8221;normal&#8221; font_style=&#8221;normal&#8221; txt_transform=&#8221;none&#8221; margin_bottom=&#8221;0&#8243; font_family=&#8221;none&#8221;]Zag\u0142osuj Online na Listach Kandydat\u00f3w[\/mk_fancy_title][mk_divider style=&#8221;thin_solid&#8221; thickness=&#8221;4&#8243; margin_top=&#8221;0&#8243;][mk_fancy_title color=&#8221;#000000&#8243; size=&#8221;17&#8243; font_weight=&#8221;bold&#8221; font_style=&#8221;normal&#8221; txt_transform=&#8221;uppercase&#8221; margin_bottom=&#8221;0&#8243; font_family=&#8221;none&#8221;]PROCESY G\u0141OSOWANIA CERTYFIKOWANE PRZEZ TRZECIE ZAUFANIE[\/mk_fancy_title][mk_fancy_title color=&#8221;#f2006e&#8221; size=&#8221;19.8&#8243; font_weight=&#8221;normal&#8221; font_style=&#8221;normal&#8221; txt_transform=&#8221;none&#8221; margin_bottom=&#8221;30&#8243; font_family=&#8221;none&#8221;]Organizacja podstawowa, komitety sportowe, przedstawiciele zwi\u0105zk\u00f3w zawodowych, listy przedstawicieli itp.[\/mk_fancy_title][vc_row_inner padding=&#8221;0&#8243;][vc_column_inner width=&#8221;1\/4&#8243;][mk_icon_box2 icon_type=&#8221;image&#8221; icon_size=&#8221;inherit&#8221; title_size=&#8221;0&#8243; title_top_padding=&#8221;0&#8243; title_bottom_padding=&#8221;0&#8243;]<img class=\"wp-image-6433 size-medium aligncenter\" src=\"https:\/\/fullcertificate.com\/wp-content\/uploads\/2018\/10\/logo-wevote-2-1.png\" alt=\"\" width=\"130\" \/><img class=\"wp-image-6439 size-medium aligncenter\" src=\"https:\/\/fullcertificate.com\/wp-content\/uploads\/2018\/10\/grafico-smart-wevote-1.png\" alt=\"\" width=\"216\" \/><\/p>\n<p style=\"text-align: center;\"><strong><span style=\"color: #0062b0;\">G\u0141OSUJ NA LISTY<br \/>\n<\/span><\/strong>eVoto Primary<br \/>\nListy kandydackie<br \/>\nCertyfikacja wielokana\u0142owa<br \/>\nCertyfikowana kontrola<br \/>\nCertyfikowane minuty<br \/>\nWysoka dost\u0119pno\u015b\u0107<br \/>\nCa\u0142kowite bezpiecze\u0144stwo<br \/>\nWa\u017cno\u015b\u0107 prawna<\/p>\n[\/mk_icon_box2][mk_image src=&#8221;https:\/\/fullcertificate.com\/wp-content\/uploads\/2018\/10\/movil-wevote-afe-3.png&#8221; image_width=&#8221;191&#8243; image_height=&#8221;213&#8243; align=&#8221;center&#8221; margin_bottom=&#8221;46&#8243; crop=&#8221;false&#8221;][mk_image src=&#8221;https:\/\/fullcertificate.com\/wp-content\/uploads\/2018\/12\/notary-europe-full-certificate.png&#8221; image_width=&#8221;100&#8243; align=&#8221;center&#8221; crop=&#8221;false&#8221;][\/vc_column_inner][vc_column_inner width=&#8221;3\/4&#8243;][mk_fancy_title tag_name=&#8221;h4&#8243; color=&#8221;#000000&#8243; font_weight=&#8221;normal&#8221; font_style=&#8221;normal&#8221; txt_transform=&#8221;none&#8221; margin_bottom=&#8221;5&#8243; font_family=&#8221;none&#8221;]Jednym z najlepszych zastosowa\u0144 <strong><span style=\"color: #0062af;\">eVoto<\/span><\/strong> lub <strong><span style=\"color: #0062af;\">Elektronicznego G\u0142osowania na Odleg\u0142o\u015b\u0107<\/span><\/strong> <strong>jest wyb\u00f3r komisji i stanowisk reprezentatywnych.<\/strong> Nasz system g\u0142osowania jest szczeg\u00f3lnie zalecany w przypadku wybor\u00f3w zawieraj\u0105cych<strong> listy kandydat\u00f3w, takich jak tworzenie komitet\u00f3w stowarzysze\u0144, sp\u00f3\u0142ek, Federacje, fundacje, partie polityczne, zwi\u0105zki<\/strong>, itp.<\/p>\n<p>&nbsp;<\/p>\n<p>Ta <strong><span style=\"color: #0062af;\">Elektroniczna Procedura G\u0142osowania<\/span> <\/strong>na odleg\u0142o\u015b\u0107 gwarantuje ca\u0142kowit\u0105<strong> bezstronno\u015b\u0107<\/strong> (zaufanie strony trzeciej), <strong>bezpiecze\u0144stwo<\/strong> i <strong>ca\u0142kowit\u0105 wa\u017cno\u015b\u0107 prawn\u0105<\/strong>. W razie potrzeby jest tak\u017ce systemem <strong>podlegaj\u0105cym kontroli<\/strong>. Ponadto, zgodnie z prawem i przez co najmniej pi\u0119\u0107 lat, informacje o<strong><span style=\"color: #0062af;\"> procesie g\u0142osowania<\/span><\/strong> elektronicznego s\u0105 chronione i chronione przez udzielenie pe\u0142nej <strong>poufno\u015bci<\/strong> swoim klientom i udzielenie wszystkich niezb\u0119dnych gwarancji wszystkim stronom.<\/p>\n<p>&nbsp;<\/p>\n<p>Z drugiej strony zapewnia ogromne korzy\u015bci, takie jak komfort, szybko\u015b\u0107 i \u015bwietna oszcz\u0119dno\u015b\u0107 czasu i koszt\u00f3w.<\/p>\n<p>&nbsp;<\/p>\n<p><strong>Idealna us\u0142uga<\/strong> do wyboru przedstawicieli w:<\/p>\n<p>&nbsp;<\/p>\n<ol style=\"text-align: left;\">\n<li><span style=\"color: #0062af;\">eVoto Komitet Stowarzysze\u0144<\/span><\/li>\n<li><span style=\"color: #0062af;\">eVoto do komitet\u00f3w biznesowych<\/span><\/li>\n<li><span style=\"color: #0062af;\">eVoting do komitet\u00f3w federacyjnych<\/span><\/li>\n<li><span style=\"color: #0062af;\">G\u0142osowanie w komitetach fundacyjnych<\/span><\/li>\n<li><span style=\"color: #0062af;\">G\u0142osowanie w komitetach partii politycznych<\/span><\/li>\n<li><span style=\"color: #0062af;\">eVoto dla komitet\u00f3w zwi\u0105zk\u00f3w zawodowych<\/span><\/li>\n<li><span style=\"color: #0062af;\">eVoto do komitet\u00f3w organizacji pozarz\u0105dowych<\/span><\/li>\n<li><span style=\"color: #0062af;\">Organy zarz\u0105dzaj\u0105ce eVoto<\/span><\/li>\n<li><span style=\"color: #0062af;\">eVoting do delegat\u00f3w pracownik\u00f3w<\/span><\/li>\n<li><span style=\"color: #0062af;\">Itd.<\/span><\/li>\n<\/ol>\n<p>&nbsp;<\/p>\n<p>Mo\u017ce istnie\u0107 kilka <strong><span style=\"color: #0062af;\">proces\u00f3w g\u0142osowania eVoto lub g\u0142osowania elektronicznego na odleg\u0142o\u015b\u0107,<\/span><\/strong> nawet w po\u0142\u0105czeniu z g\u0142osowaniem pocztowym i g\u0142osowaniem bezpo\u015brednim.[\/mk_fancy_title][vc_separator][mk_image src=&#8221;https:\/\/fullcertificate.com\/wp-content\/uploads\/2018\/12\/Types-of-vote-wevote-Full-Certificate-ingles.jpg&#8221; image_height=&#8221;800&#8243; align=&#8221;center&#8221; margin_bottom=&#8221;20&#8243; el_class=&#8221;imagen-medio&#8221; crop=&#8221;false&#8221;][mk_image src=&#8221;https:\/\/fullcertificate.com\/wp-content\/uploads\/2019\/11\/POL-grafico-1-voting-modes-wevote-full-certificate-ingles.jpg&#8221; image_width=&#8221;500&#8243; align=&#8221;center&#8221; margin_bottom=&#8221;20&#8243; el_class=&#8221;imagen-medio&#8221; crop=&#8221;false&#8221;][vc_separator][mk_fancy_title tag_name=&#8221;h4&#8243; color=&#8221;#000000&#8243; font_weight=&#8221;normal&#8221; font_style=&#8221;normal&#8221; txt_transform=&#8221;none&#8221; font_family=&#8221;none&#8221;]Najcz\u0119\u015bciej stosowanym <strong><span style=\"color: #0062af;\">Procesem G\u0142osowania Elektronicznego<\/span><\/strong> jest:<\/p>\n<p>&nbsp;<\/p>\n<ol>\n<li><span style=\"color: #0062af;\">Po\u0142\u0105czenie zostanie wykonane<\/span><\/li>\n<li>Informacja o <span style=\"color: #0062af;\">terminach ca\u0142ego procesu<\/span><\/li>\n<li>Zostanie utworzona <span style=\"color: #0062af;\">lista kandydat\u00f3w<\/span><\/li>\n<li><span style=\"color: #0062af;\">Lista wyborc\u00f3w<\/span> zosta\u0142a utworzona.<\/li>\n<li>Tworzone s\u0105 kana\u0142y g\u0142osowania\n<ol>\n<li>G\u0142osuj online lub online<\/li>\n<li>G\u0142osowanie pocztowe<\/li>\n<li>G\u0142osowanie bezpo\u015brednie<\/li>\n<\/ol>\n<\/li>\n<li><span style=\"color: #0062af;\">Okres g\u0142osowania zostaje otwarty i g\u0142osowanie trwa.\u00a0<\/span>\n<ol>\n<li>G\u0142osuj za pomoc\u0105 <strong>Certyfikatu SMS<\/strong> na telefon kom\u00f3rkowy<\/li>\n<li>G\u0142osuj online za pomoc\u0105 <strong>Certyfikatu eMail<\/strong> do g\u0142osowania przez Internet<\/li>\n<li>G\u0142osowanie pocztowe<\/li>\n<\/ol>\n<\/li>\n<li>weVote &amp; Full Certificate wystawia <span style=\"color: #f2006e;\">Elektroniczny Certyfikat G\u0142osowania<\/span> dla ka\u017cdego eVoto <span style=\"color: #0062af;\">z jego elektroniczn\u0105 opiek\u0105 przez co najmniej pi\u0119\u0107 lat.<\/span><\/li>\n<li>Pod koniec tego okresu <strong>Wydawana Jest Po\u015bwiadczona Minuta<\/strong> wyniku g\u0142osowania online lub g\u0142osowania elektronicznego.<\/li>\n<li>Ka\u017cdy proces g\u0142osowania<span style=\"color: #0062af;\"> eVoto lub G\u0142osowania Elektronicznego<\/span> mo\u017ce by\u0107 regulowany statutem ka\u017cdej organizacji i mo\u017ce by\u0107 dostosowywany w ka\u017cdym przypadku.<\/li>\n<\/ol>\n<p>&nbsp;<\/p>\n<p>Je\u015bli jeste\u015b zainteresowany szczeg\u00f3\u0142ow\u0105 znajomo\u015bci\u0105 naszych us\u0142ug <strong><span style=\"color: #0062af;\">eVoto<\/span><\/strong> lub <strong><span style=\"color: #0062af;\">elektronicznego zdalnego g\u0142osowania,<\/span><\/strong> <a href=\"https:\/\/fullcertificate.com\/pl\/skontaktuj-sie-z-nami\/\">skontaktuj si\u0119 z nami<\/a>, a my skontaktujemy si\u0119 z Tob\u0105 jak najszybciej.[\/mk_fancy_title][\/vc_column_inner][\/vc_row_inner][\/vc_column][vc_column border_color=&#8221;#ffffff&#8221; width=&#8221;1\/4&#8243;][mk_image src=&#8221;https:\/\/fullcertificate.com\/wp-content\/uploads\/2018\/12\/european-trusted-third-party-full-certificate.png&#8221; image_width=&#8221;180&#8243; align=&#8221;center&#8221; margin_bottom=&#8221;35&#8243; crop=&#8221;false&#8221;][vc_empty_space height=&#8221;0px&#8221;][vc_row_inner padding=&#8221;0&#8243;][vc_column_inner css=&#8221;.vc_custom_1574174861129{border-top-width: 1px !important;border-right-width: 1px !important;border-bottom-width: 1px !important;border-left-width: 1px !important;border-left-color: #f2006e !important;border-left-style: solid !important;border-right-color: #f2006e !important;border-right-style: solid !important;border-top-color: #f2006e !important;border-top-style: solid !important;border-bottom-color: #f2006e !important;border-bottom-style: solid !important;}&#8221;][mk_fancy_title color=&#8221;#000000&#8243; size=&#8221;20&#8243; font_weight=&#8221;bold&#8221; font_style=&#8221;normal&#8221; txt_transform=&#8221;uppercase&#8221; margin_top=&#8221;20&#8243; margin_bottom=&#8221;0&#8243; font_family=&#8221;none&#8221; align=&#8221;center&#8221;]\n<p style=\"text-align: center;\">ZAREJESTRUJ SI\u0118 ZA DARMO<\/p>\n[\/mk_fancy_title][mk_fancy_title color=&#8221;#000000&#8243; size=&#8221;16&#8243; font_weight=&#8221;normal&#8221; font_style=&#8221;normal&#8221; txt_transform=&#8221;none&#8221; margin_bottom=&#8221;0&#8243; font_family=&#8221;none&#8221; align=&#8221;center&#8221;]\n<p style=\"text-align: center;\">Wypr\u00f3buj nasze certyfikowane<br \/>\nus\u0142ugi o pe\u0142nej mocy prawnej.<\/p>\n<p>&nbsp;<\/p>\n<p style=\"text-align: center;\"><strong><span style=\"color: #0062b0;\">Bez op\u0142at, bez um\u00f3w.<\/span><br \/>\n<\/strong>Twoje saldo nigdy nie wygasa.<\/p>\n[\/mk_fancy_title][mk_button dimension=&#8221;flat&#8221; corner_style=&#8221;rounded&#8221; size=&#8221;medium&#8221; url=&#8221;https:\/\/cloud.fullcertificate.com\/register&#8221; target=&#8221;_blank&#8221; align=&#8221;center&#8221; button_custom_width=&#8221;160&#8243; bg_color=&#8221;#f2006e&#8221; btn_hover_bg=&#8221;#252525&#8243; btn_hover_txt_color=&#8221;#ffffff&#8221;]KLIKNIJ TUTAJ[\/mk_button][\/vc_column_inner][\/vc_row_inner][vc_row_inner padding=&#8221;0&#8243;][vc_column_inner][vc_empty_space height=&#8221;20px&#8221;][\/vc_column_inner][\/vc_row_inner][vc_row_inner padding=&#8221;0&#8243;][vc_column_inner][vc_empty_space height=&#8221;0px&#8221;][mk_icon_box2 icon_type=&#8221;image&#8221; title_size=&#8221;0&#8243; title_top_padding=&#8221;0&#8243; title_bottom_padding=&#8221;0&#8243;]<a href=\"https:\/\/fullcertificate.com\/pl\/smartmoney\/\"><img loading=\"lazy\" class=\"wp-image-6433 size-medium aligncenter\" src=\"https:\/\/fullcertificate.com\/wp-content\/uploads\/2018\/10\/logo-smartmoney-1.png\" alt=\"\" width=\"180\" height=\"31\" \/><\/a><a href=\"https:\/\/fullcertificate.com\/pl\/smartmoney\/\"><img loading=\"lazy\" class=\"wp-image-6439 size-medium aligncenter\" src=\"https:\/\/fullcertificate.com\/wp-content\/uploads\/2018\/10\/grafico-smart-money-3-1.png\" alt=\"\" width=\"170\" height=\"300\" \/><\/a><\/p>\n<p style=\"text-align: center;\"><strong><span style=\"color: #0062b0;\"><a style=\"color: #0062b0;\" href=\"https:\/\/fullcertificate.com\/pl\/smartmoney\/\">SMART MONEY<\/a><br \/>\n<\/span><\/strong>Smart Contracts<br \/>\nSmart Payments<br \/>\n<span style=\"color: #000000; text-decoration: none;\">Smart Recovery<br \/>\nDashboard<br \/>\n<\/span><\/p>\n[\/mk_icon_box2][vc_empty_space height=&#8221;0px&#8221;][mk_icon_box2 icon_type=&#8221;image&#8221; title_size=&#8221;0&#8243; title_top_padding=&#8221;0&#8243; title_bottom_padding=&#8221;0&#8243;]<a href=\"https:\/\/fullcertificate.com\/pl\/automation-cloud-inhouse\/\"><img loading=\"lazy\" class=\"wp-image-6433 size-medium aligncenter\" src=\"https:\/\/fullcertificate.com\/wp-content\/uploads\/2018\/10\/logo-smart-automation-2-1.png\" alt=\"\" width=\"265\" height=\"31\" \/><\/a><a href=\"https:\/\/fullcertificate.com\/pl\/automation-cloud-inhouse\/\"><img loading=\"lazy\" class=\"wp-image-6439 size-medium aligncenter\" src=\"https:\/\/fullcertificate.com\/wp-content\/uploads\/2018\/10\/grafico-smart-automation-1.png\" alt=\"\" width=\"170\" height=\"300\" \/><\/a><\/p>\n<p style=\"text-align: center;\"><strong><span style=\"color: #0062b0;\"><a style=\"color: #0062b0;\" href=\"https:\/\/fullcertificate.com\/pl\/automation-cloud-inhouse\/\">SMART AUTOMATION<\/a><br \/>\n<\/span><\/strong><span style=\"color: #000000; text-decoration: none;\">WS API-REST<br \/>\nRozw\u00f3j IT<br \/>\nZaawansowane uwierzytelnianie<br \/>\nPortale i formularze. Inteligentny<br \/>\n<\/span><\/p>\n[\/mk_icon_box2][\/vc_column_inner][\/vc_row_inner][vc_empty_space height=&#8221;20px&#8221;][vc_row_inner el_class=&#8221;ocultar&#8221;][vc_column_inner css=&#8221;.vc_custom_1540979094932{border-top-width: 1px !important;border-right-width: 1px !important;border-bottom-width: 1px !important;border-left-width: 1px !important;padding-top: 20px !important;padding-bottom: 20px !important;background-color: #ffffff !important;border-left-color: #1e73be !important;border-left-style: solid !important;border-right-color: #1e73be !important;border-right-style: solid !important;border-top-color: #1e73be !important;border-top-style: solid !important;border-bottom-color: #1e73be !important;border-bottom-style: solid !important;}&#8221;][mk_fancy_title color=&#8221;#000000&#8243; size=&#8221;20&#8243; font_weight=&#8221;bold&#8221; font_style=&#8221;normal&#8221; txt_transform=&#8221;uppercase&#8221; margin_bottom=&#8221;0&#8243; font_family=&#8221;none&#8221; align=&#8221;center&#8221;]\n<p style=\"text-align: center;\">DANE KONTAKTOWE<\/p>\n[\/mk_fancy_title][mk_fancy_title color=&#8221;#1e73be&#8221; font_weight=&#8221;normal&#8221; font_style=&#8221;normal&#8221; txt_transform=&#8221;none&#8221; margin_bottom=&#8221;18&#8243; font_family=&#8221;none&#8221; align=&#8221;center&#8221;]\n<p style=\"text-align: center;\"><strong>Telefon:<\/strong>\u00a0(0034) 91 005 26 59<br \/>\n<strong>Adres:\u00a0<\/strong>C \/ Boix i Morer 6, poddasze.<br \/>\n28003 Madryt, Hiszpania<\/p>\n[\/mk_fancy_title][mk_button dimension=&#8221;flat&#8221; corner_style=&#8221;rounded&#8221; size=&#8221;medium&#8221; url=&#8221;https:\/\/fullcertificate.com\/pl\/skontaktuj-sie-z-nami\/&#8221; align=&#8221;center&#8221; button_custom_width=&#8221;160&#8243; bg_color=&#8221;#0062b0&#8243; btn_hover_bg=&#8221;#252525&#8243;]SKONTAKTUJ SI\u0118 Z NAMI[\/mk_button][\/vc_column_inner][\/vc_row_inner][\/vc_column][\/mk_page_section][vc_row padding=&#8221;0&#8243;][vc_column][mk_divider style=&#8221;thin_solid&#8221; thickness=&#8221;4&#8243; margin_top=&#8221;10&#8243; margin_bottom=&#8221;40&#8243;][vc_row_inner padding=&#8221;0&#8243;][vc_column_inner width=&#8221;1\/4&#8243;][\/vc_column_inner][vc_column_inner width=&#8221;1\/2&#8243;][mk_fancy_title tag_name=&#8221;h4&#8243; color=&#8221;#393836&#8243; size=&#8221;30&#8243; font_weight=&#8221;normal&#8221; font_style=&#8221;normal&#8221; txt_transform=&#8221;uppercase&#8221; margin_bottom=&#8221;18&#8243; font_family=&#8221;none&#8221; align=&#8221;center&#8221;]\n<p style=\"text-align: center;\">Z GWARANCJ\u0104<\/p>\n[\/mk_fancy_title][mk_image src=&#8221;https:\/\/fullcertificate.com\/wp-content\/uploads\/2022\/04\/footer-nuevo-WE-VOTE.jpg&#8221; image_width=&#8221;1500&#8243; image_height=&#8221;216&#8243; link=&#8221;http:\/\/fullcertificate.com\/&#8221; target=&#8221;_blank&#8221; align=&#8221;center&#8221; margin_bottom=&#8221;0&#8243; el_class=&#8221;imagen-footer-centro&#8221; crop=&#8221;false&#8221;][\/vc_column_inner][vc_column_inner width=&#8221;1\/4&#8243;][\/vc_column_inner][\/vc_row_inner][\/vc_column][\/vc_row]\n","protected":false},"excerpt":{"rendered":"<p>[mk_page_section bg_image=&#8221;https:\/\/fullcertificate.com\/wp-content\/uploads\/2018\/11\/banner-voto-electronico-listas-comites-cargos-avisos-certificados-2-1.jpg&#8221; bg_position=&#8221;center top&#8221; bg_repeat=&#8221;no-repeat&#8221; bg_stretch=&#8221;true&#8221; min_height=&#8221;350&#8243; padding_top=&#8221;20&#8243; padding_bottom=&#8221;0&#8243; first_page=&#8221;true&#8221; last_page=&#8221;true&#8221; sidebar=&#8221;sidebar-1&#8243;][vc_column][mk_fancy_title color=&#8221;#000000&#8243; size=&#8221;40&#8243; font_weight=&#8221;normal&#8221; font_style=&#8221;normal&#8221; txt_transform=&#8221;none&#8221; margin_top=&#8221;60&#8243; margin_bottom=&#8221;0&#8243; font_family=&#8221;none&#8221;]G\u0142osuj Online na Listy Komitet\u00f3w[\/mk_fancy_title][mk_fancy_title color=&#8221;#000000&#8243; size=&#8221;25&#8243; font_weight=&#8221;300&#8243; font_style=&#8221;normal&#8221; txt_transform=&#8221;none&#8221; margin_bottom=&#8221;0&#8243; font_family=&#8221;none&#8221;]G\u0142osowanie przez Internet i mieszane za po\u015brednictwem telefonu kom\u00f3rkowego, tabletu lub komputera[\/mk_fancy_title][mk_button dimension=&#8221;flat&#8221; size=&#8221;medium&#8221; url=&#8221;https:\/\/www.wevote.eu\/en&#8221; target=&#8221;_blank&#8221; button_custom_width=&#8221;250&#8243; bg_color=&#8221;#0062b0&#8243; btn_hover_bg=&#8221;#252525&#8243;]VISIT WWW.WEVOTE.EU[\/mk_button][\/vc_column][\/mk_page_section][mk_page_section padding_top=&#8221;50&#8243; padding_bottom=&#8221;50&#8243; first_page=&#8221;false&#8221; last_page=&#8221;false&#8221; sidebar=&#8221;sidebar-1&#8243;][vc_column [&hellip;]<\/p>\n","protected":false},"author":2,"featured_media":0,"parent":0,"menu_order":0,"comment_status":"closed","ping_status":"closed","template":"","meta":{"_bbp_topic_count":0,"_bbp_reply_count":0,"_bbp_total_topic_count":0,"_bbp_total_reply_count":0,"_bbp_voice_count":0,"_bbp_anonymous_reply_count":0,"_bbp_topic_count_hidden":0,"_bbp_reply_count_hidden":0,"_bbp_forum_subforum_count":0},"_links":{"self":[{"href":"https:\/\/www.fullcertificate.com\/pl\/wp-json\/wp\/v2\/pages\/15006"}],"collection":[{"href":"https:\/\/www.fullcertificate.com\/pl\/wp-json\/wp\/v2\/pages"}],"about":[{"href":"https:\/\/www.fullcertificate.com\/pl\/wp-json\/wp\/v2\/types\/page"}],"author":[{"embeddable":true,"href":"https:\/\/www.fullcertificate.com\/pl\/wp-json\/wp\/v2\/users\/2"}],"replies":[{"embeddable":true,"href":"https:\/\/www.fullcertificate.com\/pl\/wp-json\/wp\/v2\/comments?post=15006"}],"version-history":[{"count":14,"href":"https:\/\/www.fullcertificate.com\/pl\/wp-json\/wp\/v2\/pages\/15006\/revisions"}],"predecessor-version":[{"id":27671,"href":"https:\/\/www.fullcertificate.com\/pl\/wp-json\/wp\/v2\/pages\/15006\/revisions\/27671"}],"wp:attachment":[{"href":"https:\/\/www.fullcertificate.com\/pl\/wp-json\/wp\/v2\/media?parent=15006"}],"curies":[{"name":"wp","href":"https:\/\/api.w.org\/{rel}","templated":true}]}}