{"id":15024,"date":"2019-02-13T16:39:58","date_gmt":"2019-02-13T16:39:58","guid":{"rendered":"https:\/\/fullcertificate.com\/?page_id=15024"},"modified":"2022-04-13T03:40:25","modified_gmt":"2022-04-13T03:40:25","slug":"zautomatyzowane-kontrakty-z-formularzy","status":"publish","type":"page","link":"https:\/\/www.fullcertificate.com\/pl\/zautomatyzowane-kontrakty-z-formularzy\/","title":{"rendered":"Online Contracts Automated from forms"},"content":{"rendered":"[mk_page_section bg_image=&#8221;https:\/\/fullcertificate.com\/wp-content\/uploads\/2016\/06\/contratos-1.jpg&#8221; bg_position=&#8221;center top&#8221; bg_repeat=&#8221;no-repeat&#8221; bg_stretch=&#8221;true&#8221; min_height=&#8221;350&#8243; padding_top=&#8221;20&#8243; padding_bottom=&#8221;0&#8243; first_page=&#8221;true&#8221; last_page=&#8221;true&#8221; sidebar=&#8221;sidebar-1&#8243;][vc_column][mk_fancy_title tag_name=&#8221;h1&#8243; color=&#8221;#000000&#8243; size=&#8221;40&#8243; font_weight=&#8221;normal&#8221; font_style=&#8221;normal&#8221; txt_transform=&#8221;none&#8221; margin_top=&#8221;60&#8243; margin_bottom=&#8221;0&#8243; font_family=&#8221;none&#8221;]Zautomatyzowane umowy z formularzy internetowych[\/mk_fancy_title][mk_fancy_title tag_name=&#8221;h1&#8243; color=&#8221;#000000&#8243; size=&#8221;25&#8243; font_weight=&#8221;300&#8243; font_style=&#8221;normal&#8221; txt_transform=&#8221;none&#8221; margin_bottom=&#8221;0&#8243; font_family=&#8221;none&#8221;]Realizacja um\u00f3w elektronicznych za pomoc\u0105 formularzy[\/mk_fancy_title][mk_button dimension=&#8221;flat&#8221; size=&#8221;medium&#8221; url=&#8221;https:\/\/cloud.fullcertificate.com\/register&#8221; target=&#8221;_blank&#8221; button_custom_width=&#8221;250&#8243; margin_bottom=&#8221;20&#8243; bg_color=&#8221;#0062b0&#8243; btn_hover_bg=&#8221;#252525&#8243;]UMOWA TERAZ[\/mk_button][\/vc_column][\/mk_page_section][mk_page_section padding_top=&#8221;50&#8243; padding_bottom=&#8221;50&#8243; first_page=&#8221;false&#8221; last_page=&#8221;false&#8221; sidebar=&#8221;sidebar-1&#8243;][vc_column width=&#8221;3\/4&#8243;][mk_fancy_title color=&#8221;#0062af&#8221; size=&#8221;30&#8243; font_weight=&#8221;normal&#8221; font_style=&#8221;normal&#8221; txt_transform=&#8221;none&#8221; margin_bottom=&#8221;0&#8243; font_family=&#8221;none&#8221;]Automatyzacja i podpisywanie Um\u00f3w Online dla Formularzy[\/mk_fancy_title][mk_divider style=&#8221;thin_solid&#8221; thickness=&#8221;4&#8243; margin_top=&#8221;0&#8243;][mk_fancy_title color=&#8221;#000000&#8243; size=&#8221;17&#8243; font_weight=&#8221;bold&#8221; font_style=&#8221;normal&#8221; txt_transform=&#8221;uppercase&#8221; font_family=&#8221;none&#8221;]AUTOMATYZACJA FORMULARZY INTERNETOWYCH DO WYKONANIA UM\u00d3W. UMOWY ONLINE Z PORTAL\u00d3W I STRONY INTERNETOWEJ[\/mk_fancy_title][mk_fancy_title color=&#8221;#f2006e&#8221; size=&#8221;20&#8243; font_weight=&#8221;normal&#8221; font_style=&#8221;normal&#8221; txt_transform=&#8221;none&#8221; margin_bottom=&#8221;30&#8243; font_family=&#8221;none&#8221;]Firmy elektryczne, nieruchomo\u015bciowe, ubezpieczeniowe, finansowe itp. Zautomatyzuj swoje zautomatyzowane procesy kontraktowania i gromadzenia z sieci, portali, sieci wewn\u0119trznych lub sieci dodatkowych.[\/mk_fancy_title][vc_row_inner padding=&#8221;0&#8243;][vc_column_inner width=&#8221;1\/3&#8243;][mk_icon_box text_size=&#8221;0&#8243; icon_color=&#8221;#ffffff&#8221; icon_circle_color=&#8221;#ffffff&#8221; box_blur=&#8221;false&#8221;]<img loading=\"lazy\" class=\"wp-image-8887 aligncenter\" src=\"https:\/\/fullcertificate.com\/wp-content\/uploads\/2018\/11\/icono-documento-certificado-2-1-300x300.png\" alt=\"\" width=\"192\" height=\"192\" srcset=\"https:\/\/www.fullcertificate.com\/wp-content\/uploads\/2018\/11\/icono-documento-certificado-2-1-300x300.png 300w, https:\/\/www.fullcertificate.com\/wp-content\/uploads\/2018\/11\/icono-documento-certificado-2-1-150x150.png 150w, https:\/\/www.fullcertificate.com\/wp-content\/uploads\/2018\/11\/icono-documento-certificado-2-1.png 500w\" sizes=\"(max-width: 192px) 100vw, 192px\" \/><\/p>\n<p style=\"text-align: center;\"><strong><span style=\"color: #0062b0;\">UMOWY OD FORMY INTERNETOWE<\/span><\/strong><br \/>\n<span style=\"color: #000000; text-decoration: none;\">Zautomatyzowane formularze<br \/>\n<\/span><span style=\"color: #000000; text-decoration: none;\">Konta niestandardowe<br \/>\nInteligentne kontrakty<br \/>\n<\/span>Podpis elektroniczny umowy<br \/>\n<span style=\"color: #000000; text-decoration: none;\">Certyfikat podpisu elektronicznego<br \/>\nKolekcja online i kolekcja<br \/>\n<\/span><span style=\"color: #000000; text-decoration: none;\">\u015awiadectwo notarialne<br \/>\nOpieka przez 5 lat<br \/>\n<\/span>Wa\u017cno\u015b\u0107 prawna<\/p>\n[\/mk_icon_box][mk_image src=&#8221;https:\/\/fullcertificate.com\/wp-content\/uploads\/2018\/12\/notary-europe-full-certificate.png&#8221; image_width=&#8221;100&#8243; align=&#8221;center&#8221; crop=&#8221;false&#8221;][\/vc_column_inner][vc_column_inner width=&#8221;2\/3&#8243;][mk_fancy_title tag_name=&#8221;h4&#8243; color=&#8221;#000000&#8243; font_weight=&#8221;normal&#8221; font_style=&#8221;normal&#8221; txt_transform=&#8221;none&#8221; font_family=&#8221;none&#8221;]Dzi\u0119ki <strong>Full Certificate<\/strong>, <span style=\"color: #0062af;\">Third Party of European Trust<\/span>, mo\u017cesz przeprowadza\u0107 <span style=\"color: #0062af;\">wszelkiego rodzaju projekty automatyzacji i podpisywanie um\u00f3w online z pe\u0142n\u0105 moc\u0105 prawn\u0105<\/span>. Od z\u0142o\u017conych projekt\u00f3w do pojedynczego formularza online, kt\u00f3ry pozwala klientom zamawia\u0107 <span style=\"color: #0062af;\">swoje us\u0142ugi z formularzy strony internetowe z tworzeniem um\u00f3w elektronicznych i ich podpisem online.<\/span><\/p>\n<p>&nbsp;<\/p>\n<p>Je\u015bli dodamy r\u00f3wnie\u017c <strong><a href=\"https:\/\/fullcertificate.com\/pl\/smartmoney\/\">Smart Money<\/a><\/strong> do procesu elektronicznego podpisywania umowy, <strong>mo\u017cesz naliczy\u0107<\/strong>, zgodnie z inteligentnymi zmiennymi wystawionej umowy,<span style=\"color: #0062af;\"> op\u0142aty, kwoty na koncie itp. Okre\u015blone w umowie elektronicznej.<\/span><\/p>\n<p>&nbsp;<\/p>\n<p><strong>Formularze z certyfikowan\u0105 umow\u0105 online<\/strong> mog\u0105 by\u0107 wype\u0142niane i <span style=\"color: #0062af;\">wykonywane przez klient\u00f3w, konsultanta biznesowego Twojej firmy lub przez centrum obs\u0142ugi<\/span> klienta w spos\u00f3b, kt\u00f3ry normalizuje proces zatrudniania oraz <strong>przyspiesza<\/strong> i <span style=\"color: #0062af;\">oszcz\u0119dza od setek do tysi\u0119cy tysi\u0119cy godzin cz\u0142owiek<\/span> zatrudniaj\u0105cy, podpisuj\u0105cy i odbieraj\u0105cy ich<span style=\"color: #0062af;\"> us\u0142ugi lub produkty w zale\u017cno\u015bci od wielko\u015bci dzia\u0142alno\u015bci Twojej firmy.<\/span><\/p>\n<p>&nbsp;<\/p>\n<p><span style=\"color: #0062af;\">Szybka, ekonomiczna i ekologiczna<\/span> us\u0142uga do wykonania z twoich portali i stron internetowych twojej firmy. Oferujemy r\u00f3wnie\u017c, wraz ze wszystkimi naszymi produktami, us\u0142ug\u0119 <strong>\u015bwiadectwa notarialnego<\/strong> na \u017c\u0105danie.<\/p>\n<p>&nbsp;<\/p>\n<p><span style=\"color: #0062af;\">Znamy potrzeby bran\u017cy<\/span> i dlatego <span style=\"color: #0062af;\">stale ewoluujemy poprzez<\/span> tworzenie system\u00f3w, kt\u00f3re pomagaj\u0105 naszym klientom w prowadzeniu dzia\u0142alno\u015bci. <span style=\"color: #0062af;\">Naszym celem jest zaoferowanie najlepszej us\u0142ugi w konkurencyjnej cenie.<\/span> <strong>Poznaj nasze rozwi\u0105zania<\/strong>, zaproponujemy najlepsze rozwi\u0105zanie dla Twoich potrzeb.<\/p>\n<p>&nbsp;<\/p>\n<p><strong>Je\u015bli chcesz si\u0119 z nami skontaktowa\u0107<\/strong>, <a href=\"https:\/\/fullcertificate.com\/pl\/skontaktuj-sie-z-nami\/\">kliknij tutaj<\/a>[\/mk_fancy_title][\/vc_column_inner][\/vc_row_inner][\/vc_column][vc_column border_color=&#8221;#ffffff&#8221; width=&#8221;1\/4&#8243;][mk_image src=&#8221;https:\/\/fullcertificate.com\/wp-content\/uploads\/2018\/12\/european-trusted-third-party-full-certificate.png&#8221; image_width=&#8221;180&#8243; align=&#8221;center&#8221; margin_bottom=&#8221;35&#8243; crop=&#8221;false&#8221;][vc_row_inner padding=&#8221;0&#8243;][vc_column_inner css=&#8221;.vc_custom_1574167358456{margin-bottom: 32px !important;border-top-width: 1px !important;border-right-width: 1px !important;border-bottom-width: 1px !important;border-left-width: 1px !important;border-left-color: #f2006e !important;border-left-style: solid !important;border-right-color: #f2006e !important;border-right-style: solid !important;border-top-color: #f2006e !important;border-top-style: solid !important;border-bottom-color: #f2006e !important;border-bottom-style: solid !important;}&#8221;][mk_fancy_title color=&#8221;#000000&#8243; size=&#8221;20&#8243; font_weight=&#8221;bold&#8221; font_style=&#8221;normal&#8221; txt_transform=&#8221;uppercase&#8221; margin_top=&#8221;20&#8243; margin_bottom=&#8221;0&#8243; font_family=&#8221;none&#8221; align=&#8221;center&#8221;]\n<p style=\"text-align: center;\">ZAREJESTRUJ SI\u0118 ZA DARMO<\/p>\n[\/mk_fancy_title][mk_fancy_title color=&#8221;#000000&#8243; size=&#8221;16&#8243; font_weight=&#8221;normal&#8221; font_style=&#8221;normal&#8221; txt_transform=&#8221;none&#8221; margin_bottom=&#8221;0&#8243; font_family=&#8221;none&#8221; align=&#8221;center&#8221;]\n<p style=\"text-align: center;\">Wypr\u00f3buj nasze certyfikowane us\u0142ugi o pe\u0142nej mocy prawnej.<\/p>\n<p>&nbsp;<\/p>\n<p style=\"text-align: center;\"><strong><span style=\"color: #0062b0;\">Bez op\u0142at, bez um\u00f3w.<\/span><br \/>\n<\/strong>Twoje saldo nigdy nie wygasa.<\/p>\n[\/mk_fancy_title][mk_button dimension=&#8221;flat&#8221; corner_style=&#8221;rounded&#8221; size=&#8221;medium&#8221; url=&#8221;https:\/\/cloud.fullcertificate.com\/register&#8221; target=&#8221;_blank&#8221; align=&#8221;center&#8221; button_custom_width=&#8221;160&#8243; bg_color=&#8221;#f2006e&#8221; btn_hover_bg=&#8221;#252525&#8243; btn_hover_txt_color=&#8221;#ffffff&#8221;]KLIKNIJ TUTAJ[\/mk_button][\/vc_column_inner][\/vc_row_inner][vc_empty_space height=&#8221;20px&#8221;][mk_icon_box2 icon_type=&#8221;image&#8221; title_size=&#8221;0&#8243; title_top_padding=&#8221;0&#8243; title_bottom_padding=&#8221;0&#8243;]<a href=\"https:\/\/fullcertificate.com\/pl\/smartmoney\/\"><img loading=\"lazy\" class=\"wp-image-6433 size-medium aligncenter\" src=\"https:\/\/fullcertificate.com\/wp-content\/uploads\/2018\/10\/logo-smartmoney-1.png\" alt=\"\" width=\"180\" height=\"31\" \/><\/a><a href=\"https:\/\/fullcertificate.com\/pl\/smartmoney\/\"><img loading=\"lazy\" class=\"wp-image-6439 size-medium aligncenter\" src=\"https:\/\/fullcertificate.com\/wp-content\/uploads\/2018\/10\/grafico-smart-money-3-1.png\" alt=\"\" width=\"170\" height=\"300\" \/><\/a><\/p>\n<p style=\"text-align: center;\"><strong><span style=\"color: #0062b0;\"><a style=\"color: #0062b0;\" href=\"https:\/\/fullcertificate.com\/pl\/smartmoney\/\">SMART MONEY<\/a><br \/>\n<\/span><\/strong>Smart Contracts<br \/>\nSmart Payments<br \/>\n<span style=\"color: #000000; text-decoration: none;\">Smart Recovery<br \/>\nDashboard<br \/>\n<\/span><\/p>\n[\/mk_icon_box2][vc_row_inner padding=&#8221;0&#8243;][vc_column_inner][mk_icon_box2 icon_type=&#8221;image&#8221; title_size=&#8221;0&#8243; title_top_padding=&#8221;0&#8243; title_bottom_padding=&#8221;0&#8243;]<a href=\"https:\/\/fullcertificate.com\/pl\/smartcontracts\/\"><img loading=\"lazy\" class=\"aligncenter wp-image-6393 size-full\" src=\"https:\/\/fullcertificate.com\/wp-content\/uploads\/2018\/10\/logo-smartcontracts-2-1.png\" alt=\"\" width=\"210\" height=\"29\" \/><\/a><a href=\"https:\/\/fullcertificate.com\/pl\/smartcontracts\/\"><img loading=\"lazy\" class=\"wp-image-6387 size-medium aligncenter\" src=\"https:\/\/fullcertificate.com\/wp-content\/uploads\/2018\/10\/grafico-smart-contracts-1.png\" alt=\"\" width=\"170\" height=\"297\" \/><\/a><\/p>\n<p style=\"text-align: center;\"><a href=\"https:\/\/fullcertificate.com\/pl\/smartcontracts\/\"><strong><span style=\"color: #0062b0;\">SMART CONTRACTS<\/span><\/strong><br \/>\n<\/a>Umowy elektroniczne<br \/>\nZautomatyzowane procesy<br \/>\nWa\u017cno\u015b\u0107 prawna<\/p>\n[\/mk_icon_box2][\/vc_column_inner][\/vc_row_inner][vc_row_inner padding=&#8221;0&#8243;][vc_column_inner][vc_empty_space height=&#8221;20px&#8221;][\/vc_column_inner][\/vc_row_inner][vc_row_inner el_class=&#8221;ocultar&#8221;][vc_column_inner css=&#8221;.vc_custom_1540979094932{border-top-width: 1px !important;border-right-width: 1px !important;border-bottom-width: 1px !important;border-left-width: 1px !important;padding-top: 20px !important;padding-bottom: 20px !important;background-color: #ffffff !important;border-left-color: #1e73be !important;border-left-style: solid !important;border-right-color: #1e73be !important;border-right-style: solid !important;border-top-color: #1e73be !important;border-top-style: solid !important;border-bottom-color: #1e73be !important;border-bottom-style: solid !important;}&#8221;][mk_fancy_title color=&#8221;#000000&#8243; size=&#8221;20&#8243; font_weight=&#8221;bold&#8221; font_style=&#8221;normal&#8221; txt_transform=&#8221;uppercase&#8221; margin_bottom=&#8221;0&#8243; font_family=&#8221;none&#8221; align=&#8221;center&#8221;]\n<p style=\"text-align: center;\">DANE KONTAKTOWE<\/p>\n[\/mk_fancy_title][mk_fancy_title color=&#8221;#1e73be&#8221; font_weight=&#8221;normal&#8221; font_style=&#8221;normal&#8221; txt_transform=&#8221;none&#8221; margin_bottom=&#8221;0&#8243; font_family=&#8221;none&#8221; align=&#8221;center&#8221;]\n<p style=\"text-align: center;\"><strong>Telefon:<\/strong>\u00a0(0034) 91 005 26 59<br \/>\n<strong>Adres:\u00a0<\/strong>C \/ Boix i Morer 6, poddasze.<br \/>\n28003 Madryt, Hiszpania<\/p>\n[\/mk_fancy_title][mk_button dimension=&#8221;flat&#8221; corner_style=&#8221;rounded&#8221; size=&#8221;medium&#8221; url=&#8221;https:\/\/fullcertificate.com\/pl\/skontaktuj-sie-z-nami\/&#8221; align=&#8221;center&#8221; button_custom_width=&#8221;160&#8243; bg_color=&#8221;#0062b0&#8243; btn_hover_bg=&#8221;#252525&#8243;]SKONTAKTUJ SI\u0118 Z NAMI[\/mk_button][\/vc_column_inner][\/vc_row_inner][\/vc_column][\/mk_page_section][vc_row padding=&#8221;0&#8243;][vc_column][mk_divider style=&#8221;thin_solid&#8221; thickness=&#8221;4&#8243; margin_top=&#8221;10&#8243; margin_bottom=&#8221;40&#8243;][vc_row_inner padding=&#8221;0&#8243;][vc_column_inner width=&#8221;1\/4&#8243;][\/vc_column_inner][vc_column_inner width=&#8221;1\/2&#8243;][mk_fancy_title tag_name=&#8221;h4&#8243; color=&#8221;#393836&#8243; size=&#8221;30&#8243; font_weight=&#8221;normal&#8221; font_style=&#8221;normal&#8221; txt_transform=&#8221;uppercase&#8221; margin_bottom=&#8221;18&#8243; font_family=&#8221;none&#8221; align=&#8221;center&#8221;]\n<p style=\"text-align: center;\">Z GWARANCJ\u0104<\/p>\n[\/mk_fancy_title][mk_image src=&#8221;https:\/\/fullcertificate.com\/wp-content\/uploads\/2019\/01\/footer-full-certificate.jpg&#8221; image_width=&#8221;1500&#8243; image_height=&#8221;216&#8243; link=&#8221;http:\/\/fullcertificate.com\/&#8221; target=&#8221;_blank&#8221; align=&#8221;center&#8221; margin_bottom=&#8221;40&#8243; el_class=&#8221;imagen-footer-centro&#8221; crop=&#8221;false&#8221;][\/vc_column_inner][vc_column_inner width=&#8221;1\/4&#8243;][\/vc_column_inner][\/vc_row_inner][\/vc_column][\/vc_row]\n","protected":false},"excerpt":{"rendered":"<p>[mk_page_section bg_image=&#8221;https:\/\/fullcertificate.com\/wp-content\/uploads\/2016\/06\/contratos-1.jpg&#8221; bg_position=&#8221;center top&#8221; bg_repeat=&#8221;no-repeat&#8221; bg_stretch=&#8221;true&#8221; min_height=&#8221;350&#8243; padding_top=&#8221;20&#8243; padding_bottom=&#8221;0&#8243; first_page=&#8221;true&#8221; last_page=&#8221;true&#8221; sidebar=&#8221;sidebar-1&#8243;][vc_column][mk_fancy_title tag_name=&#8221;h1&#8243; color=&#8221;#000000&#8243; size=&#8221;40&#8243; font_weight=&#8221;normal&#8221; font_style=&#8221;normal&#8221; txt_transform=&#8221;none&#8221; margin_top=&#8221;60&#8243; margin_bottom=&#8221;0&#8243; font_family=&#8221;none&#8221;]Zautomatyzowane umowy z formularzy internetowych[\/mk_fancy_title][mk_fancy_title tag_name=&#8221;h1&#8243; color=&#8221;#000000&#8243; size=&#8221;25&#8243; font_weight=&#8221;300&#8243; font_style=&#8221;normal&#8221; txt_transform=&#8221;none&#8221; margin_bottom=&#8221;0&#8243; font_family=&#8221;none&#8221;]Realizacja um\u00f3w elektronicznych za pomoc\u0105 formularzy[\/mk_fancy_title][mk_button dimension=&#8221;flat&#8221; size=&#8221;medium&#8221; url=&#8221;https:\/\/cloud.fullcertificate.com\/register&#8221; target=&#8221;_blank&#8221; button_custom_width=&#8221;250&#8243; margin_bottom=&#8221;20&#8243; bg_color=&#8221;#0062b0&#8243; btn_hover_bg=&#8221;#252525&#8243;]UMOWA TERAZ[\/mk_button][\/vc_column][\/mk_page_section][mk_page_section padding_top=&#8221;50&#8243; padding_bottom=&#8221;50&#8243; first_page=&#8221;false&#8221; last_page=&#8221;false&#8221; sidebar=&#8221;sidebar-1&#8243;][vc_column width=&#8221;3\/4&#8243;][mk_fancy_title color=&#8221;#0062af&#8221; size=&#8221;30&#8243; [&hellip;]<\/p>\n","protected":false},"author":2,"featured_media":0,"parent":0,"menu_order":0,"comment_status":"closed","ping_status":"closed","template":"","meta":{"_bbp_topic_count":0,"_bbp_reply_count":0,"_bbp_total_topic_count":0,"_bbp_total_reply_count":0,"_bbp_voice_count":0,"_bbp_anonymous_reply_count":0,"_bbp_topic_count_hidden":0,"_bbp_reply_count_hidden":0,"_bbp_forum_subforum_count":0},"_links":{"self":[{"href":"https:\/\/www.fullcertificate.com\/pl\/wp-json\/wp\/v2\/pages\/15024"}],"collection":[{"href":"https:\/\/www.fullcertificate.com\/pl\/wp-json\/wp\/v2\/pages"}],"about":[{"href":"https:\/\/www.fullcertificate.com\/pl\/wp-json\/wp\/v2\/types\/page"}],"author":[{"embeddable":true,"href":"https:\/\/www.fullcertificate.com\/pl\/wp-json\/wp\/v2\/users\/2"}],"replies":[{"embeddable":true,"href":"https:\/\/www.fullcertificate.com\/pl\/wp-json\/wp\/v2\/comments?post=15024"}],"version-history":[{"count":9,"href":"https:\/\/www.fullcertificate.com\/pl\/wp-json\/wp\/v2\/pages\/15024\/revisions"}],"predecessor-version":[{"id":27656,"href":"https:\/\/www.fullcertificate.com\/pl\/wp-json\/wp\/v2\/pages\/15024\/revisions\/27656"}],"wp:attachment":[{"href":"https:\/\/www.fullcertificate.com\/pl\/wp-json\/wp\/v2\/media?parent=15024"}],"curies":[{"name":"wp","href":"https:\/\/api.w.org\/{rel}","templated":true}]}}