{"id":15027,"date":"2019-02-13T16:41:06","date_gmt":"2019-02-13T16:41:06","guid":{"rendered":"https:\/\/fullcertificate.com\/?page_id=15027"},"modified":"2022-04-13T03:52:45","modified_gmt":"2022-04-13T03:52:45","slug":"popularne-zapytania-popularne-glosowanie","status":"publish","type":"page","link":"https:\/\/www.fullcertificate.com\/pl\/popularne-zapytania-popularne-glosowanie\/","title":{"rendered":"Popular Consultations and Popular Voting"},"content":{"rendered":"[mk_page_section bg_image=&#8221;https:\/\/fullcertificate.com\/wp-content\/uploads\/2018\/11\/banner-consultas-populares-voto-popular-avisos-certificados-5-1.jpg&#8221; bg_position=&#8221;center top&#8221; bg_repeat=&#8221;no-repeat&#8221; bg_stretch=&#8221;true&#8221; min_height=&#8221;350&#8243; padding_top=&#8221;20&#8243; padding_bottom=&#8221;0&#8243; first_page=&#8221;true&#8221; last_page=&#8221;true&#8221; sidebar=&#8221;sidebar-1&#8243;][vc_column][mk_fancy_title color=&#8221;#000000&#8243; size=&#8221;40&#8243; font_weight=&#8221;normal&#8221; font_style=&#8221;normal&#8221; txt_transform=&#8221;none&#8221; margin_top=&#8221;60&#8243; margin_bottom=&#8221;0&#8243; font_family=&#8221;none&#8221;]Popularne Konsultacje i Popularne G\u0142osowanie[\/mk_fancy_title][mk_fancy_title color=&#8221;#000000&#8243; size=&#8221;25&#8243; font_weight=&#8221;300&#8243; font_style=&#8221;normal&#8221; txt_transform=&#8221;none&#8221; margin_bottom=&#8221;0&#8243; font_family=&#8221;none&#8221;]Popularny Udzia\u0142 w Samorz\u0105dzie Lokalnym[\/mk_fancy_title][mk_button dimension=&#8221;flat&#8221; size=&#8221;medium&#8221; url=&#8221;https:\/\/www.wevote.eu\/en&#8221; target=&#8221;_blank&#8221; button_custom_width=&#8221;250&#8243; bg_color=&#8221;#0062b0&#8243; btn_hover_bg=&#8221;#252525&#8243;]VISIT WWW.WEVOTE.EU[\/mk_button][\/vc_column][\/mk_page_section][mk_page_section padding_top=&#8221;50&#8243; padding_bottom=&#8221;50&#8243; first_page=&#8221;false&#8221; last_page=&#8221;false&#8221; sidebar=&#8221;sidebar-1&#8243;][vc_column width=&#8221;3\/4&#8243;][mk_fancy_title color=&#8221;#0062af&#8221; size=&#8221;30&#8243; font_weight=&#8221;normal&#8221; font_style=&#8221;normal&#8221; txt_transform=&#8221;none&#8221; margin_bottom=&#8221;0&#8243; font_family=&#8221;none&#8221;]Certyfikowane Popularne Konsultacje. e-Samorz\u0105d Lokalny[\/mk_fancy_title][mk_divider style=&#8221;thin_solid&#8221; thickness=&#8221;4&#8243; margin_top=&#8221;0&#8243;][mk_fancy_title color=&#8221;#000000&#8243; size=&#8221;17&#8243; font_weight=&#8221;bold&#8221; font_style=&#8221;normal&#8221; txt_transform=&#8221;uppercase&#8221; margin_bottom=&#8221;0&#8243; font_family=&#8221;none&#8221;]POPULARNE ELEKTRONICZNE G\u0141OSOWANIE W CELU PROMOWANIA UCZESTNICTWA OBYWATELSKIEGO[\/mk_fancy_title][mk_fancy_title color=&#8221;#f2006e&#8221; size=&#8221;20&#8243; font_weight=&#8221;normal&#8221; font_style=&#8221;normal&#8221; txt_transform=&#8221;none&#8221; margin_bottom=&#8221;30&#8243; font_family=&#8221;none&#8221;]Gminy, Gminy, Prowincje, Spo\u0142eczno\u015bci, Stowarzyszenia itp.[\/mk_fancy_title][vc_row_inner padding=&#8221;0&#8243;][vc_column_inner width=&#8221;1\/4&#8243;][mk_icon_box2 icon_type=&#8221;image&#8221; icon_size=&#8221;inherit&#8221; title_size=&#8221;0&#8243; title_top_padding=&#8221;0&#8243; title_bottom_padding=&#8221;0&#8243;]<img loading=\"lazy\" class=\"wp-image-6433 size-medium aligncenter\" src=\"https:\/\/fullcertificate.com\/wp-content\/uploads\/2018\/10\/logo-wevote-2-1.png\" alt=\"\" width=\"130\" height=\"31\" \/><img class=\"wp-image-6439 size-medium aligncenter\" src=\"https:\/\/fullcertificate.com\/wp-content\/uploads\/2018\/10\/grafico-smart-wevote-1.png\" alt=\"\" width=\"216\" \/><\/p>\n<p style=\"text-align: center;\"><strong><span style=\"color: #0062b0;\">POPULARNE G\u0141OSOWANIE<br \/>\n<\/span><\/strong>Popularne zapytania<br \/>\neVoto Mobile<br \/>\nCertyfikowana kontrola<br \/>\nCertyfikowane minuty<br \/>\nCa\u0142kowita skalowalno\u015b\u0107<br \/>\nWa\u017cno\u015b\u0107 prawna<\/p>\n[\/mk_icon_box2][mk_image src=&#8221;https:\/\/fullcertificate.com\/wp-content\/uploads\/2018\/12\/notary-europe-full-certificate.png&#8221; image_width=&#8221;100&#8243; align=&#8221;center&#8221; margin_bottom=&#8221;5&#8243; crop=&#8221;false&#8221;][\/vc_column_inner][vc_column_inner width=&#8221;3\/4&#8243;][mk_fancy_title tag_name=&#8221;h4&#8243; color=&#8221;#000000&#8243; font_weight=&#8221;normal&#8221; font_style=&#8221;normal&#8221; txt_transform=&#8221;none&#8221; margin_bottom=&#8221;5&#8243; font_family=&#8221;none&#8221;]<span style=\"color: #0062af;\">Bezpo\u015brednie zapytanie do miejscowej ludno\u015bci<\/span> jest najlepsz\u0105 procedur\u0105, <span style=\"color: #0062af;\">aby zrozumie\u0107 priorytety i interesy obywateli,<\/span> a tym samym m\u00f3c zastosowa\u0107 je do dzia\u0142a\u0144 samorz\u0105du lokalnego.<\/p>\n<p>&nbsp;<\/p>\n<p>R\u00f3\u017cne spo\u0142eczno\u015bci lokalne, s\u0105siedzi, firmy i \/ lub przedstawiciele spo\u0142eczno\u015bci maj\u0105 teraz mo\u017cliwo\u015b\u0107 uczestniczenia poprzez wdra\u017canie naszych <span style=\"color: #0062af;\">Popularnych Us\u0142ug G\u0142osowania<\/span> w takich aspektach, jak podzia\u0142 dzia\u0142a\u0144 i bud\u017cet\u00f3w, kwestie interesu spo\u0142ecznego, zarz\u0105dzanie priorytetami i zasobami, itd.<\/p>\n<p>&nbsp;<\/p>\n<p style=\"padding-left: 30px;\">&#8221;\u00a0<span style=\"color: #f2006e;\">Popularne konsultacje<\/span> <span style=\"color: #0062af;\">mog\u0105 mie\u0107 charakter informacyjny lub wi\u0105\u017c\u0105cy. Pozwalaj\u0105<\/span> <span style=\"color: #f2006e;\">oceni\u0107 lokalne zainteresowanie<\/span> <span style=\"color: #0062af;\">i<\/span> <span style=\"color: #f2006e;\">potrzeby<\/span>, <span style=\"color: #0062af;\">zwi\u0119kszaj\u0105<\/span> <span style=\"color: #f2006e;\">udzia\u0142 obywateli<\/span> <span style=\"color: #0062af;\">oraz zapewniaj\u0105<\/span> <span style=\"color: #f2006e;\">wi\u0119ksz\u0105 przejrzysto\u015b\u0107 i blisko\u015b\u0107<\/span> <span style=\"color: #0062af;\">w\u0142adz lokalnych.<\/span> &#8222;<\/p>\n<p>&nbsp;<\/p>\n<p>Nasze popularne elektroniczne us\u0142ugi g\u0142osowania s\u0105 rozwijane w nast\u0119puj\u0105cy spos\u00f3b:<\/p>\n<p>&nbsp;<\/p>\n<ul>\n<li><span style=\"color: #0062af;\">Po\u0142\u0105czenia i terminy<\/span><\/li>\n<li><span style=\"color: #0062af;\">Dost\u0119p przez link i \/ lub QR.<\/span><\/li>\n<li><span style=\"color: #0062af;\">Identyfikacja \/ uwierzytelnianie<\/span>\n<ul>\n<li>Lokalna lista kontrolna<\/li>\n<li>eDNI<\/li>\n<li>Zaawansowane certyfikaty osobiste<\/li>\n<\/ul>\n<\/li>\n<li><span style=\"color: #0062af;\">Podw\u00f3jny wsp\u00f3\u0142czynnik bezpiecze\u0144stwa<\/span><\/li>\n<li><span style=\"color: #0062af;\">G\u0142osowanie elektroniczne i mieszane przez:<\/span>\n<ul>\n<li>telefony kom\u00f3rkowe<\/li>\n<li>Tablety<\/li>\n<li>Komputery osobiste<\/li>\n<li>Lokalne elektroniczne punkty g\u0142osowania<\/li>\n<li>Lokalne fizyczne punkty g\u0142osowania<\/li>\n<\/ul>\n<\/li>\n<li><span style=\"color: #0062af;\">Po\u015bwiadczenie i przes\u0142anie g\u0142osu ka\u017cdemu obywatelowi<\/span><\/li>\n<li><span style=\"color: #0062af;\">Kontrola wynik\u00f3w<\/span><\/li>\n<li><span style=\"color: #0062af;\">Rekord certyfikowanych i referencyjnych wynik\u00f3w<\/span><\/li>\n<\/ul>\n<p>&nbsp;<\/p>\n<p><strong>ZALETY US\u0141UGI<\/strong><br \/>\nW\u015br\u00f3d zalet wyr\u00f3\u017cniamy nast\u0119puj\u0105ce:<\/p>\n<p>&nbsp;<\/p>\n<ul>\n<li><span style=\"color: #0062af;\">\u0141atwa implementacja<\/span><\/li>\n<li><span style=\"color: #0062af;\">Ca\u0142kowite bezpiecze\u0144stwo <\/span><\/li>\n<li><span style=\"color: #0062af;\">Zaawansowane uwierzytelnianie<\/span><\/li>\n<li><span style=\"color: #0062af;\">wyj\u0105tkowo\u015b\u0107<\/span><\/li>\n<li><span style=\"color: #0062af;\">Lokalne i mikrolokalizowane g\u0142osowanie<\/span><\/li>\n<li><span style=\"color: #0062af;\">Elektroniczna opieka przez podmiot zewn\u0119trzny<\/span><\/li>\n<li><span style=\"color: #0062af;\">Jest w pe\u0142ni kontrolowany<\/span><\/li>\n<li><span style=\"color: #0062af;\">Wa\u017cne oszcz\u0119dno\u015bci czasu<\/span><\/li>\n<\/ul>\n<p>&nbsp;<\/p>\n<p><span style=\"color: #0062af;\">Full Certificate<\/span> s\u0105 <span style=\"color: #0062af;\">Trzecim Europejskim Zaufania<\/span> i gwarantuj\u0105 jako\u015b\u0107 i prawid\u0142owe dzia\u0142anie procesu g\u0142osowania powszechnego przy zachowaniu pe\u0142nej mocy prawnej. Oferujemy r\u00f3wnie\u017c, wraz ze wszystkimi naszymi produktami, us\u0142ug\u0119 depozyt\u00f3w notarialnych na \u017c\u0105danie.<\/p>\n<p>&nbsp;<\/p>\n<p><a href=\"https:\/\/fullcertificate.com\/pl\/skontaktuj-sie-z-nami\/\">SKONTAKTUJ SI\u0118 Z NAMI<\/a> i powiedz nam o swoim projekcie, aby go przestudiowa\u0107 i da\u0107 Ci wszystkie niezb\u0119dne opcje i gwarancje.[\/mk_fancy_title][\/vc_column_inner][\/vc_row_inner][\/vc_column][vc_column border_color=&#8221;#ffffff&#8221; width=&#8221;1\/4&#8243;][mk_image src=&#8221;https:\/\/fullcertificate.com\/wp-content\/uploads\/2018\/12\/european-trusted-third-party-full-certificate.png&#8221; image_width=&#8221;180&#8243; align=&#8221;center&#8221; margin_bottom=&#8221;35&#8243; crop=&#8221;false&#8221;][vc_empty_space height=&#8221;35px&#8221;][vc_row_inner padding=&#8221;0&#8243;][vc_column_inner css=&#8221;.vc_custom_1574175707975{border-top-width: 1px !important;border-right-width: 1px !important;border-bottom-width: 1px !important;border-left-width: 1px !important;border-left-color: #f2006e !important;border-left-style: solid !important;border-right-color: #f2006e !important;border-right-style: solid !important;border-top-color: #f2006e !important;border-top-style: solid !important;border-bottom-color: #f2006e !important;border-bottom-style: solid !important;}&#8221;][mk_fancy_title color=&#8221;#000000&#8243; size=&#8221;20&#8243; font_weight=&#8221;bold&#8221; font_style=&#8221;normal&#8221; txt_transform=&#8221;uppercase&#8221; margin_top=&#8221;20&#8243; margin_bottom=&#8221;0&#8243; font_family=&#8221;none&#8221; align=&#8221;center&#8221;]\n<p style=\"text-align: center;\">ZAREJESTRUJ SI\u0118 ZA DARMO<\/p>\n[\/mk_fancy_title][mk_fancy_title color=&#8221;#000000&#8243; size=&#8221;16&#8243; font_weight=&#8221;normal&#8221; font_style=&#8221;normal&#8221; txt_transform=&#8221;none&#8221; margin_bottom=&#8221;0&#8243; font_family=&#8221;none&#8221; align=&#8221;center&#8221;]\n<p style=\"text-align: center;\">Wypr\u00f3buj nasze certyfikowane us\u0142ugi o pe\u0142nej mocy prawnej.<\/p>\n<p>&nbsp;<\/p>\n<p style=\"text-align: center;\"><strong><span style=\"color: #0062b0;\">Bez op\u0142at, bez um\u00f3w.<\/span><br \/>\n<\/strong>Twoje saldo nigdy nie wygasa.<\/p>\n[\/mk_fancy_title][mk_button dimension=&#8221;flat&#8221; corner_style=&#8221;rounded&#8221; size=&#8221;medium&#8221; url=&#8221;https:\/\/cloud.fullcertificate.com\/register&#8221; target=&#8221;_blank&#8221; align=&#8221;center&#8221; button_custom_width=&#8221;160&#8243; bg_color=&#8221;#f2006e&#8221; btn_hover_bg=&#8221;#252525&#8243; btn_hover_txt_color=&#8221;#ffffff&#8221;]KLIKNIJ TUTAJ[\/mk_button][\/vc_column_inner][\/vc_row_inner][vc_row_inner padding=&#8221;0&#8243;][vc_column_inner][vc_empty_space height=&#8221;20px&#8221;][\/vc_column_inner][\/vc_row_inner][vc_row_inner padding=&#8221;0&#8243;][vc_column_inner][vc_empty_space height=&#8221;0px&#8221;][mk_icon_box2 icon_type=&#8221;image&#8221; title_size=&#8221;0&#8243; title_top_padding=&#8221;0&#8243; title_bottom_padding=&#8221;0&#8243;]<a href=\"https:\/\/fullcertificate.com\/pl\/smartmoney\/\"><img loading=\"lazy\" class=\"wp-image-6433 size-medium aligncenter\" src=\"https:\/\/fullcertificate.com\/wp-content\/uploads\/2018\/10\/logo-smartmoney-1.png\" alt=\"\" width=\"180\" height=\"31\" \/><\/a><a href=\"https:\/\/fullcertificate.com\/pl\/smartmoney\/\"><img loading=\"lazy\" class=\"wp-image-6439 size-medium aligncenter\" src=\"https:\/\/fullcertificate.com\/wp-content\/uploads\/2018\/10\/grafico-smart-money-3-1.png\" alt=\"\" width=\"170\" height=\"300\" \/><\/a><\/p>\n<p style=\"text-align: center;\"><strong><span style=\"color: #0062b0;\"><a style=\"color: #0062b0;\" href=\"https:\/\/fullcertificate.com\/pl\/smartmoney\/\">SMART MONEY<\/a><br \/>\n<\/span><\/strong>Smart Contracts<br \/>\nSmart Payments<br \/>\n<span style=\"color: #000000; text-decoration: none;\">Smart Recovery<br \/>\nDashboard<br \/>\n<\/span><\/p>\n[\/mk_icon_box2][vc_empty_space height=&#8221;0px&#8221;][mk_icon_box2 icon_type=&#8221;image&#8221; title_size=&#8221;0&#8243; title_top_padding=&#8221;0&#8243; title_bottom_padding=&#8221;0&#8243;]<a href=\"https:\/\/fullcertificate.com\/pl\/automation-cloud-inhouse\/\"><img loading=\"lazy\" class=\"wp-image-6433 size-medium aligncenter\" src=\"https:\/\/fullcertificate.com\/wp-content\/uploads\/2018\/10\/logo-smart-automation-2-1.png\" alt=\"\" width=\"265\" height=\"31\" \/><\/a><a href=\"https:\/\/fullcertificate.com\/pl\/automation-cloud-inhouse\/\"><img loading=\"lazy\" class=\"wp-image-6439 size-medium aligncenter\" src=\"https:\/\/fullcertificate.com\/wp-content\/uploads\/2018\/10\/grafico-smart-automation-1.png\" alt=\"\" width=\"170\" height=\"300\" \/><\/a><\/p>\n<p style=\"text-align: center;\"><strong><span style=\"color: #0062b0;\"><a style=\"color: #0062b0;\" href=\"https:\/\/fullcertificate.com\/pl\/automation-cloud-inhouse\/\">SMART AUTOMATION<\/a><br \/>\n<\/span><\/strong><span style=\"color: #000000; text-decoration: none;\">WS API-REST<br \/>\nRozw\u00f3j IT<br \/>\nZaawansowane uwierzytelnianie<br \/>\nPortale i formularze. Inteligentny<br \/>\n<\/span><\/p>\n[\/mk_icon_box2][\/vc_column_inner][\/vc_row_inner][vc_empty_space height=&#8221;20px&#8221;][vc_row_inner el_class=&#8221;ocultar&#8221;][vc_column_inner css=&#8221;.vc_custom_1540979094932{border-top-width: 1px !important;border-right-width: 1px !important;border-bottom-width: 1px !important;border-left-width: 1px !important;padding-top: 20px !important;padding-bottom: 20px !important;background-color: #ffffff !important;border-left-color: #1e73be !important;border-left-style: solid !important;border-right-color: #1e73be !important;border-right-style: solid !important;border-top-color: #1e73be !important;border-top-style: solid !important;border-bottom-color: #1e73be !important;border-bottom-style: solid !important;}&#8221;][mk_fancy_title color=&#8221;#000000&#8243; size=&#8221;20&#8243; font_weight=&#8221;bold&#8221; font_style=&#8221;normal&#8221; txt_transform=&#8221;uppercase&#8221; margin_bottom=&#8221;0&#8243; font_family=&#8221;none&#8221; align=&#8221;center&#8221;]\n<p style=\"text-align: center;\">DANE KONTAKTOWE<\/p>\n[\/mk_fancy_title][mk_fancy_title color=&#8221;#1e73be&#8221; font_weight=&#8221;normal&#8221; font_style=&#8221;normal&#8221; txt_transform=&#8221;none&#8221; margin_bottom=&#8221;0&#8243; font_family=&#8221;none&#8221; align=&#8221;center&#8221;]\n<p style=\"text-align: center;\"><strong>Telefon:<\/strong>\u00a0(0034) 91 005 26 59<br \/>\n<strong>Adres:\u00a0<\/strong>C \/ Boix i Morer 6, poddasze.<br \/>\n28003 Madryt, Hiszpania<\/p>\n[\/mk_fancy_title][mk_button dimension=&#8221;flat&#8221; corner_style=&#8221;rounded&#8221; size=&#8221;medium&#8221; url=&#8221;https:\/\/fullcertificate.com\/pl\/skontaktuj-sie-z-nami\/&#8221; align=&#8221;center&#8221; button_custom_width=&#8221;160&#8243; bg_color=&#8221;#0062b0&#8243; btn_hover_bg=&#8221;#252525&#8243;]SKONTAKTUJ SI\u0118 Z NAMI[\/mk_button][\/vc_column_inner][\/vc_row_inner][\/vc_column][\/mk_page_section][vc_row padding=&#8221;0&#8243;][vc_column][mk_divider style=&#8221;thin_solid&#8221; thickness=&#8221;4&#8243; margin_top=&#8221;10&#8243; margin_bottom=&#8221;40&#8243;][vc_row_inner padding=&#8221;0&#8243;][vc_column_inner width=&#8221;1\/4&#8243;][\/vc_column_inner][vc_column_inner width=&#8221;1\/2&#8243;][mk_fancy_title tag_name=&#8221;h4&#8243; color=&#8221;#393836&#8243; size=&#8221;30&#8243; font_weight=&#8221;normal&#8221; font_style=&#8221;normal&#8221; txt_transform=&#8221;uppercase&#8221; margin_bottom=&#8221;18&#8243; font_family=&#8221;none&#8221; align=&#8221;center&#8221;]\n<p style=\"text-align: center;\">Z GWARANCJ\u0104<\/p>\n[\/mk_fancy_title][mk_image src=&#8221;https:\/\/fullcertificate.com\/wp-content\/uploads\/2022\/04\/footer-nuevo-WE-VOTE.jpg&#8221; image_width=&#8221;1500&#8243; image_height=&#8221;216&#8243; link=&#8221;http:\/\/fullcertificate.com\/&#8221; target=&#8221;_blank&#8221; align=&#8221;center&#8221; margin_bottom=&#8221;0&#8243; el_class=&#8221;imagen-footer-centro&#8221; crop=&#8221;false&#8221;][\/vc_column_inner][vc_column_inner width=&#8221;1\/4&#8243;][\/vc_column_inner][\/vc_row_inner][\/vc_column][\/vc_row]\n","protected":false},"excerpt":{"rendered":"<p>[mk_page_section bg_image=&#8221;https:\/\/fullcertificate.com\/wp-content\/uploads\/2018\/11\/banner-consultas-populares-voto-popular-avisos-certificados-5-1.jpg&#8221; bg_position=&#8221;center top&#8221; bg_repeat=&#8221;no-repeat&#8221; bg_stretch=&#8221;true&#8221; min_height=&#8221;350&#8243; padding_top=&#8221;20&#8243; padding_bottom=&#8221;0&#8243; first_page=&#8221;true&#8221; last_page=&#8221;true&#8221; sidebar=&#8221;sidebar-1&#8243;][vc_column][mk_fancy_title color=&#8221;#000000&#8243; size=&#8221;40&#8243; font_weight=&#8221;normal&#8221; font_style=&#8221;normal&#8221; txt_transform=&#8221;none&#8221; margin_top=&#8221;60&#8243; margin_bottom=&#8221;0&#8243; font_family=&#8221;none&#8221;]Popularne Konsultacje i Popularne G\u0142osowanie[\/mk_fancy_title][mk_fancy_title color=&#8221;#000000&#8243; size=&#8221;25&#8243; font_weight=&#8221;300&#8243; font_style=&#8221;normal&#8221; txt_transform=&#8221;none&#8221; margin_bottom=&#8221;0&#8243; font_family=&#8221;none&#8221;]Popularny Udzia\u0142 w Samorz\u0105dzie Lokalnym[\/mk_fancy_title][mk_button dimension=&#8221;flat&#8221; size=&#8221;medium&#8221; url=&#8221;https:\/\/www.wevote.eu\/en&#8221; target=&#8221;_blank&#8221; button_custom_width=&#8221;250&#8243; bg_color=&#8221;#0062b0&#8243; btn_hover_bg=&#8221;#252525&#8243;]VISIT WWW.WEVOTE.EU[\/mk_button][\/vc_column][\/mk_page_section][mk_page_section padding_top=&#8221;50&#8243; padding_bottom=&#8221;50&#8243; first_page=&#8221;false&#8221; last_page=&#8221;false&#8221; sidebar=&#8221;sidebar-1&#8243;][vc_column width=&#8221;3\/4&#8243;][mk_fancy_title color=&#8221;#0062af&#8221; size=&#8221;30&#8243; font_weight=&#8221;normal&#8221; font_style=&#8221;normal&#8221; txt_transform=&#8221;none&#8221; margin_bottom=&#8221;0&#8243; [&hellip;]<\/p>\n","protected":false},"author":2,"featured_media":0,"parent":0,"menu_order":0,"comment_status":"closed","ping_status":"closed","template":"","meta":{"_bbp_topic_count":0,"_bbp_reply_count":0,"_bbp_total_topic_count":0,"_bbp_total_reply_count":0,"_bbp_voice_count":0,"_bbp_anonymous_reply_count":0,"_bbp_topic_count_hidden":0,"_bbp_reply_count_hidden":0,"_bbp_forum_subforum_count":0},"_links":{"self":[{"href":"https:\/\/www.fullcertificate.com\/pl\/wp-json\/wp\/v2\/pages\/15027"}],"collection":[{"href":"https:\/\/www.fullcertificate.com\/pl\/wp-json\/wp\/v2\/pages"}],"about":[{"href":"https:\/\/www.fullcertificate.com\/pl\/wp-json\/wp\/v2\/types\/page"}],"author":[{"embeddable":true,"href":"https:\/\/www.fullcertificate.com\/pl\/wp-json\/wp\/v2\/users\/2"}],"replies":[{"embeddable":true,"href":"https:\/\/www.fullcertificate.com\/pl\/wp-json\/wp\/v2\/comments?post=15027"}],"version-history":[{"count":10,"href":"https:\/\/www.fullcertificate.com\/pl\/wp-json\/wp\/v2\/pages\/15027\/revisions"}],"predecessor-version":[{"id":27675,"href":"https:\/\/www.fullcertificate.com\/pl\/wp-json\/wp\/v2\/pages\/15027\/revisions\/27675"}],"wp:attachment":[{"href":"https:\/\/www.fullcertificate.com\/pl\/wp-json\/wp\/v2\/media?parent=15027"}],"curies":[{"name":"wp","href":"https:\/\/api.w.org\/{rel}","templated":true}]}}