{"id":15030,"date":"2019-02-13T16:42:22","date_gmt":"2019-02-13T16:42:22","guid":{"rendered":"https:\/\/fullcertificate.com\/?page_id=15030"},"modified":"2020-03-27T15:09:22","modified_gmt":"2020-03-27T15:09:22","slug":"polityka-prywatnosci","status":"publish","type":"page","link":"https:\/\/www.fullcertificate.com\/pl\/polityka-prywatnosci\/","title":{"rendered":"Privacy policy"},"content":{"rendered":"[vc_row][vc_column][vc_column_text disable_pattern=&#8221;true&#8221; align=&#8221;left&#8221; margin_bottom=&#8221;0&#8243;]\n<div style=\"margin: 0 5%;\">\n<h1>Polityka prywatno\u015bci<\/h1>\n<p>W Pe\u0142nym Certyfikacie pracujemy nad zagwarantowaniem poufno\u015bci danych osobowych dostarczanych przez naszych klient\u00f3w i u\u017cytkownik\u00f3w zgodnie z rozporz\u0105dzeniem (UE) 2016\/679.<\/p>\n<h3><strong>Podstawowe informacje na temat ochrony danych osobowych<\/strong><\/h3>\n<p>U\u017cytkownik, zgodnie z rozporz\u0105dzeniem Parlamentu Europejskiego i Rady (UE) 2016\/679 z dnia 27 kwietnia 2016 r. w sprawie ochrony os\u00f3b fizycznych w zakresie przetwarzania danych osobowych i swobodnego przep\u0142ywu tych danych, mo\u017ce cofn\u0105\u0107 udzielon\u0105 zgod\u0119 i skorzysta\u0107 z przys\u0142uguj\u0105cego mu prawa dost\u0119pu, sprostowania, usuni\u0119cia, uniewa\u017cnienia, sprzeciwu, ograniczenia przetwarzania i przenoszenia danych na warunkach okre\u015blonych w przepisach o ochronie danych, wysy\u0142aj\u0105c formalne powiadomienie na adres e-mail: rgpd@fullcertificate. com, podaj\u0105c swoje wyra\u017ane \u017cyczenie rezygnacji z subskrypcji, pisz\u0105c na adres: Data Processing Manager, Full Certificate, S.L. Calle Boix y Morer, 6-9\u00aa planta \u00c1tico 28003 Madrid.<\/p>\n<h3><strong>Cel leczenia<\/strong><\/h3>\n<p>Pe\u0142ny certyfikat b\u0119dzie gromadzi\u0142 Pa\u0144stwa dane osobowe za pomoc\u0105 formularzy umieszczonych w Internecie i jego systemie oraz w nast\u0119puj\u0105cym celu<\/p>\n<p>1. identyfikacja u\u017cytkownik\u00f3w i klient\u00f3w<br \/>\n2. okre\u015bli\u0107 przedsi\u0119biorstwa i osoby, do kt\u00f3rych kieruj\u0105 swoje komunikaty i umowy<br \/>\n3. Rozw\u00f3j elektronicznych us\u0142ug zaufania, kt\u00f3re s\u0105 dla niego w\u0142a\u015bciwe, poniewa\u017c s\u0105 to certyfikowane elektroniczne powiadomienia, elektroniczne umowy, itp.<br \/>\n4. Wysy\u0142anie wydanych certyfikat\u00f3w elektronicznych<br \/>\n5. Wysy\u0142anie informacji handlowych i operacyjnych<br \/>\n6. Wszelkie dzia\u0142ania komunikacyjne, kt\u00f3re s\u0105 cz\u0119\u015bci\u0105 celu korporacyjnego sp\u00f3\u0142ki<\/p>\n<h3><strong>Odpowiedzialny za przetwarzanie<\/strong><\/h3>\n<p>Dane osobowe, kt\u00f3re mog\u0105 by\u0107 zbierane bezpo\u015brednio od osoby zainteresowanej, b\u0119d\u0105 traktowane jako poufne i zostan\u0105 w\u0142\u0105czone do odpowiednich dzia\u0142a\u0144 zwi\u0105zanych z przetwarzaniem danych b\u0119d\u0105cych w posiadaniu Full Certificate, S.L.<\/p>\n<h3><strong>Prawa do danych osobowych<\/strong><\/h3>\n<p>Klienci i u\u017cytkownicy mog\u0105 korzysta\u0107 z nast\u0119puj\u0105cych praw w odniesieniu do swoich danych osobowych:<\/p>\n<p>&#8211; Prawo dost\u0119pu<br \/>\n&#8211; Prawo do sprostowania<br \/>\n&#8211; Prawo o przeno\u015bno\u015bci<br \/>\n&#8211; Prawo do sprzeciwu wobec przetwarzania<br \/>\n&#8211; Prawo do cofni\u0119cia zgody<br \/>\n&#8211; Prawo do ograniczenia leczenia<\/p>\n<h3><strong>Przechowywanie danych<\/strong><\/h3>\n<p>Pe\u0142ny Certyfikat zachowa zgodnie z prawem wydane Certyfikaty Elektroniczne przez minimum pi\u0119\u0107 lat, jak r\u00f3wnie\u017c dane osobowe przekazane w tym celu przez u\u017cytkownik\u00f3w.<\/p>\n<p>Oznacza to, \u017ce b\u0119d\u0105 one przechowywane przez czas niezb\u0119dny do osi\u0105gni\u0119cia celu, dla kt\u00f3rego zosta\u0142y zebrane, oraz do okre\u015blenia ewentualnej odpowiedzialno\u015bci, kt\u00f3ra mo\u017ce wynika\u0107 z tego celu.<\/p>\n<h3><strong>Przekazywanie danych<\/strong><\/h3>\n<p>Og\u00f3lnie rzecz bior\u0105c, dane osobowe nie b\u0119d\u0105 przekazywane osobom trzecim, chyba \u017ce b\u0119dzie to wymagane prawem. Ka\u017cda osoba ma prawo do uzyskania potwierdzenia przetwarzania swoich danych przez Full Certificate, S.L.<\/p>\n<h3><strong>Bezpiecze\u0144stwo<\/strong><\/h3>\n<p>FULL CERTIFICATE opracowa\u0142 techniczne i organizacyjne \u015brodki bezpiecze\u0144stwa zgodnie z potrzebami swoich us\u0142ug cyfrowych.<\/p>\n<p>Gwarantuje to r\u00f3wnie\u017c bezpiecze\u0144stwo Pa\u0144stwa danych osobowych.<\/p>\n<h3><strong>Cookies<\/strong><\/h3>\n<p>Ta strona korzysta z plik\u00f3w cookie. Mo\u017cesz uniemo\u017cliwi\u0107 korzystanie z plik\u00f3w cookie, dezaktywuj\u0105c je w swojej przegl\u0105darce internetowej.<\/p>\n<h3><strong>Legitymizacja<\/strong><\/h3>\n<p>Przetwarzanie Pa\u0144stwa danych odbywa si\u0119 w celu wype\u0142nienia zobowi\u0105za\u0144 prawnych ze strony Full Certificate, S.L., w celu wykonania wykonanej pracy, jak r\u00f3wnie\u017c gdy cel przetwarzania wymaga Pa\u0144stwa zgody, kt\u00f3ra musi by\u0107 wyra\u017cona w drodze wyra\u017anego dzia\u0142ania potwierdzaj\u0105cego.<\/p>\n<h3><strong>Zmiany w Polityce Prywatno\u015bci<\/strong><\/h3>\n<p>FULL CERTIFICATE zastrzega sobie prawo do modyfikowania niniejszego dokumentu zgodnie z jego ewolucj\u0105 i kryteriami w czasie, w tym zmianami regulacyjnymi i prawnymi.<\/p>\n<h3><strong>Prawodawstwo i jurysdykcja<\/strong><\/h3>\n<p>Wszelkie kontrowersje i\/lub roszczenia wynikaj\u0105ce z polityki prywatno\u015bci wchodz\u0105 w zakres ustawodawstwa hiszpa\u0144skiego i b\u0119d\u0105 podlega\u0142y jurysdykcji s\u0105d\u00f3w i trybuna\u0142\u00f3w w Madrycie.<\/p>\n<\/div>\n[\/vc_column_text][\/vc_column][\/vc_row]\n","protected":false},"excerpt":{"rendered":"<p>[vc_row][vc_column][vc_column_text disable_pattern=&#8221;true&#8221; align=&#8221;left&#8221; margin_bottom=&#8221;0&#8243;] Polityka prywatno\u015bci W Pe\u0142nym Certyfikacie pracujemy nad zagwarantowaniem poufno\u015bci danych osobowych dostarczanych przez naszych klient\u00f3w i u\u017cytkownik\u00f3w zgodnie z rozporz\u0105dzeniem (UE) 2016\/679. Podstawowe informacje na temat ochrony danych osobowych U\u017cytkownik, zgodnie z rozporz\u0105dzeniem Parlamentu Europejskiego i Rady (UE) 2016\/679 z dnia 27 kwietnia 2016 r. w sprawie ochrony os\u00f3b fizycznych w [&hellip;]<\/p>\n","protected":false},"author":2,"featured_media":0,"parent":0,"menu_order":0,"comment_status":"closed","ping_status":"open","template":"","meta":{"_bbp_topic_count":0,"_bbp_reply_count":0,"_bbp_total_topic_count":0,"_bbp_total_reply_count":0,"_bbp_voice_count":0,"_bbp_anonymous_reply_count":0,"_bbp_topic_count_hidden":0,"_bbp_reply_count_hidden":0,"_bbp_forum_subforum_count":0},"_links":{"self":[{"href":"https:\/\/www.fullcertificate.com\/pl\/wp-json\/wp\/v2\/pages\/15030"}],"collection":[{"href":"https:\/\/www.fullcertificate.com\/pl\/wp-json\/wp\/v2\/pages"}],"about":[{"href":"https:\/\/www.fullcertificate.com\/pl\/wp-json\/wp\/v2\/types\/page"}],"author":[{"embeddable":true,"href":"https:\/\/www.fullcertificate.com\/pl\/wp-json\/wp\/v2\/users\/2"}],"replies":[{"embeddable":true,"href":"https:\/\/www.fullcertificate.com\/pl\/wp-json\/wp\/v2\/comments?post=15030"}],"version-history":[{"count":6,"href":"https:\/\/www.fullcertificate.com\/pl\/wp-json\/wp\/v2\/pages\/15030\/revisions"}],"predecessor-version":[{"id":25256,"href":"https:\/\/www.fullcertificate.com\/pl\/wp-json\/wp\/v2\/pages\/15030\/revisions\/25256"}],"wp:attachment":[{"href":"https:\/\/www.fullcertificate.com\/pl\/wp-json\/wp\/v2\/media?parent=15030"}],"curies":[{"name":"wp","href":"https:\/\/api.w.org\/{rel}","templated":true}]}}