{"id":15034,"date":"2019-02-13T16:43:15","date_gmt":"2019-02-13T16:43:15","guid":{"rendered":"https:\/\/fullcertificate.com\/?page_id=15034"},"modified":"2022-04-13T03:58:08","modified_gmt":"2022-04-13T03:58:08","slug":"ceny","status":"publish","type":"page","link":"https:\/\/www.fullcertificate.com\/pl\/ceny\/","title":{"rendered":"Rates Burofax Prices"},"content":{"rendered":"[mk_page_section padding_top=&#8221;0&#8243; first_page=&#8221;false&#8221; last_page=&#8221;false&#8221; sidebar=&#8221;sidebar-1&#8243;][vc_column][vc_empty_space height=&#8221;20px&#8221;][mk_fancy_title color=&#8221;#0062af&#8221; size=&#8221;32&#8243; font_weight=&#8221;bold&#8221; font_style=&#8221;normal&#8221; txt_transform=&#8221;uppercase&#8221; margin_top=&#8221;-40&#8243; margin_bottom=&#8221;0&#8243; font_family=&#8221;none&#8221; align=&#8221;center&#8221;]\n<p style=\"text-align: center;\">OP\u0141ATY ZA US\u0141UG\u0118<\/p>\n[\/mk_fancy_title][vc_empty_space height=&#8221;50px&#8221;][mk_fancy_title tag_name=&#8221;h1&#8243; color=&#8221;#0062af&#8221; size=&#8221;25&#8243; font_weight=&#8221;normal&#8221; font_style=&#8221;normal&#8221; txt_transform=&#8221;none&#8221; margin_bottom=&#8221;0&#8243; font_family=&#8221;none&#8221; align=&#8221;center&#8221;]\n<p style=\"text-align: center;\">Mamy trzy poziomy us\u0142ug<\/p>\n[\/mk_fancy_title][vc_row_inner padding=&#8221;0&#8243;][vc_column_inner width=&#8221;1\/3&#8243;][vc_column_text align=&#8221;center&#8221;]<span style=\"color: #f2006e;\"><b>US\u0141UGI W CHMURZE NA PODSTAWIE<\/b><\/span><\/p>\n<p>Us\u0142ugi certyfikacji online poprzez zakup salda Brak op\u0142at, brak um\u00f3w, saldo nie wygasa i nie podlega zwrotowi. Us\u0142uga konsumpcji.[\/vc_column_text][mk_button dimension=&#8221;flat&#8221; size=&#8221;medium&#8221; url=&#8221;#servicios&#8221; align=&#8221;center&#8221; bg_color=&#8221;#0062b0&#8243; btn_hover_bg=&#8221;#252525&#8243;]Zobacz ceny[\/mk_button][vc_empty_space height=&#8221;30px&#8221;][\/vc_column_inner][vc_column_inner width=&#8221;1\/3&#8243;][vc_column_text align=&#8221;center&#8221;]\n<p style=\"text-align: center;\"><span style=\"color: #f2006e;\"><b>BONUSOWE PLANY ROCZNE<\/b><\/span><\/p>\n<p>Us\u0142ugi w chmurze dla rocznych um\u00f3w<br \/>\npremiowych Automatyczne saldo op\u0142at zgodnie<br \/>\nz potrzebami Idealny dla sta\u0142ych klient\u00f3w[\/vc_column_text][mk_button dimension=&#8221;flat&#8221; size=&#8221;medium&#8221; url=&#8221;https:\/\/fullcertificate.com\/pl\/skontaktuj-sie-z-nami\/&#8221; target=&#8221;_blank&#8221; align=&#8221;center&#8221; bg_color=&#8221;#0062b0&#8243; btn_hover_bg=&#8221;#252525&#8243;]Skontaktuj si\u0119 z nami[\/mk_button][vc_empty_space height=&#8221;30px&#8221;][\/vc_column_inner][vc_column_inner width=&#8221;1\/3&#8243;][vc_column_text align=&#8221;center&#8221;]\n<p style=\"text-align: center;\"><span style=\"color: #f2006e;\"><b>PROJEKTY IT I INTELIGENTNEJ AUTOMATYKI<\/b><\/span><\/p>\n<p>Us\u0142ugi programistyczne i programistyczne IT &#8211; WS &#8211; API Doradztwo i realizacja podstawowych projekt\u00f3w e-biznesowych. Niestandardowe integracje ze wsparciem technicznym i operacyjnym.[\/vc_column_text][mk_button dimension=&#8221;flat&#8221; size=&#8221;medium&#8221; url=&#8221;https:\/\/fullcertificate.com\/pl\/skontaktuj-sie-z-nami\/&#8221; target=&#8221;_blank&#8221; align=&#8221;center&#8221; bg_color=&#8221;#0062b0&#8243; btn_hover_bg=&#8221;#252525&#8243;]Skontaktuj si\u0119 z nami[\/mk_button][vc_empty_space height=&#8221;30px&#8221;][\/vc_column_inner][\/vc_row_inner][vc_separator border_width=&#8221;2&#8243;][vc_column_text disable_pattern=&#8221;false&#8221;]\n<p id=\"servicios\" style=\"margin-bottom: 0px; font-size: 10px; color: #ffffff;\">l<\/p>\n[\/vc_column_text][vc_empty_space height=&#8221;0px&#8221;][mk_image src=&#8221;https:\/\/fullcertificate.com\/wp-content\/uploads\/2018\/11\/Logo-full-certificate-2.png&#8221; image_width=&#8221;250&#8243; align=&#8221;center&#8221; margin_bottom=&#8221;45&#8243; crop=&#8221;false&#8221;][mk_fancy_title color=&#8221;#0062af&#8221; size=&#8221;30&#8243; font_weight=&#8221;normal&#8221; font_style=&#8221;normal&#8221; txt_transform=&#8221;uppercase&#8221; margin_bottom=&#8221;0&#8243; font_family=&#8221;none&#8221; align=&#8221;center&#8221;]\n<p style=\"text-align: center; font-weight: normal !important;\">POWIADOMIENIA, US\u0141UGI I UMOWY POTWIERDZONE CERTYFIKATEM PRAWNYM<\/p>\n[\/mk_fancy_title][vc_empty_space height=&#8221;40px&#8221;][vc_column_text align=&#8221;center&#8221; margin_bottom=&#8221;30&#8243; css=&#8221;.vc_custom_1649822266461{margin-bottom: 30px !important;}&#8221;]\n<p style=\"text-align: center;\">Rejestruj\u0105c si\u0119, zobaczysz bardziej szczeg\u00f3\u0142owo wszystkie stawki. Mo\u017cesz wynaj\u0105\u0107 pakiety produkt\u00f3w Balance lub wed\u0142ug ilo\u015bci<br \/>\n<a href=\"https:\/\/cloud.fullcertificate.com\/register\">Zarejestruj si\u0119, klikaj\u0105c tutaj<\/a><\/p>\n[\/vc_column_text][vc_column_text disable_pattern=&#8221;false&#8221;]\n<div>\n<div class=\"otw-sc-tabs ui-tabs ui-widget ui-widget-content ui-corner-all\"><ul class=\"ui-tabs-nav ui-helper-reset ui-helper-clearfix ui-widget-header ui-corner-all\"><li class=\"ui-state-default ui-corner-top\"><a href=\"#tabs-1\"><img src=\"https:\/\/www.avisoscertificados.com\/wp-content\/uploads\/2018\/11\/icono-email-certificado-2.png\" title=\"icon\" alt=\"icon\" \/><\/a><\/li><li class=\"ui-state-default ui-corner-top\"><a href=\"#tabs-2\"><img src=\"https:\/\/www.avisoscertificados.com\/wp-content\/uploads\/2019\/08\/icono-sms-certificado-4.png\" title=\"icon\" alt=\"icon\" \/><\/a><\/li><li class=\"ui-state-default ui-corner-top\"><a href=\"#tabs-3\"><img src=\"https:\/\/www.avisoscertificados.com\/wp-content\/uploads\/2018\/11\/icono-fax-certificado-2-1.png\" title=\"icon\" alt=\"icon\" \/><\/a><\/li><li class=\"ui-state-default ui-corner-top\"><a href=\"#tabs-4\"><img src=\"https:\/\/www.avisoscertificados.com\/wp-content\/uploads\/2018\/11\/icono-llamadas-certificadas-2.png\" title=\"icon\" alt=\"icon\" \/><\/a><\/li><li class=\"ui-state-default ui-corner-top\"><a href=\"#tabs-5\"><img src=\"https:\/\/www.avisoscertificados.com\/wp-content\/uploads\/2018\/11\/icono-contratos-certificados-2.png\" title=\"icon\" alt=\"icon\" \/><\/a><\/li><li class=\"ui-state-default ui-corner-top\"><a href=\"#tabs-6\"><img src=\"https:\/\/www.avisoscertificados.com\/wp-content\/uploads\/2018\/11\/icono-contenido-web-certificado-2.png\" title=\"icon\" alt=\"icon\" \/><\/a><\/li><li class=\"ui-state-default ui-corner-top\"><a href=\"#tabs-7\"><img src=\"https:\/\/www.avisoscertificados.com\/wp-content\/uploads\/2018\/11\/icono-copyright-certificado-2.png\" title=\"icon\" alt=\"icon\" \/><\/a><\/li><li class=\"ui-state-default ui-corner-top\"><a href=\"#tabs-8\"><img src=\"https:\/\/www.avisoscertificados.com\/wp-content\/uploads\/2018\/11\/icono-foto-certificada-2.png\" title=\"icon\" alt=\"icon\" \/><\/a><\/li><li class=\"ui-state-default ui-corner-top\"><a href=\"#tabs-9\"><img src=\"https:\/\/www.avisoscertificados.com\/wp-content\/uploads\/2018\/10\/grafico-smart-recovery.png\" title=\"icon\" alt=\"icon\" \/><\/a><\/li><li class=\"ui-state-default ui-corner-top\"><a href=\"#tabs-10\"><img src=\"https:\/\/www.avisoscertificados.com\/wp-content\/uploads\/2018\/11\/icono-burofax-estandar-2.png\" title=\"icon\" alt=\"icon\" \/><\/a><\/li><\/ul><div id=\"tabs-1\" class=\"ui-tabs-panel ui-widget-content ui-corner-bottom\"><p><\/p><br \/>\n<h2>Certyfikat eMail<\/h2><br \/>\n<h5>CERTYFIKOWANY EMAIL<\/h5><br \/>\n<p>Od \u20ac1.16 + VAT.<\/p><br \/>\n<h5>CERTYFIKAT CZYTANIA, POBIERANIA I DOKUMENTACJI<\/h5><br \/>\n<p>Od \u20ac1.16 + VAT. F (Opt.)<br \/><br \/>\n<\/p><\/div><div id=\"tabs-2\" class=\"ui-tabs-panel ui-widget-content ui-corner-bottom\"><p><\/p><br \/>\n<h2>Certyfikat SMS<\/h2><br \/>\n<h5>CERTYFIKOWANY SMS<\/h5><br \/>\n<p>Od \u20ac1.16 + VAT.<\/p><br \/>\n<h5>CERTYFIKAT DOSTAWY I DOKUMENT\u00d3W<\/h5><br \/>\n<p>Od \u20ac1.16 + VAT. F (Opt.)<br \/><br \/>\n<\/p><\/div><div id=\"tabs-3\" class=\"ui-tabs-panel ui-widget-content ui-corner-bottom\"><p><\/p><br \/>\n<h2>Certyfikat FAKSU<\/h2><br \/>\n<h5>CERTYFIKOWANY FAKS<\/h5><br \/>\n<p>Od \u20ac5,78 + VAT.<\/p><br \/>\n<h5>CENA ZA DODATKOW\u0104 STRON\u0118<\/h5><br \/>\n<p>Plus \u20ac1.16 + VAT.<br \/><br \/>\n<\/p><\/div><div id=\"tabs-4\" class=\"ui-tabs-panel ui-widget-content ui-corner-bottom\"><p><\/p><br \/>\n<h2>Certyfikowane po\u0142\u0105czenia<\/h2><br \/>\n<h5>PO\u0141\u0104CZENIA CERTYFIKOWANE:<\/h5><br \/>\n<p>\u20ac2,04 + VAT.<\/p><br \/>\n<h5>PRZYROSTOWY CZAS + MINUTA LUB FRAKCJA<\/h5><br \/>\n<p>Od \u20ac0,28 + VAT.<br \/><br \/>\n<\/p><\/div><div id=\"tabs-5\" class=\"ui-tabs-panel ui-widget-content ui-corner-bottom\"><p><\/p><br \/>\n<h2>Podpisanie Umowy Online<\/h2><br \/>\n<h5><\/h5><br \/>\n<p>Skontaktuj si\u0119 z konsultantem<\/p><br \/>\n<h6>* Specjalne ceny za du\u017ce ilo\u015bci i automatyzacj\u0119<\/h6><br \/>\n<p><\/p><\/div><div id=\"tabs-6\" class=\"ui-tabs-panel ui-widget-content ui-corner-bottom\"><p><\/p><br \/>\n<h2>Certyfikowane Strony Internetowe<\/h2><br \/>\n<h5>CERTYFIKOWANE STRONY INTERNETOWE<\/h5><br \/>\n<p>Od \u20ac5,78 + VAT.<br \/><br \/>\n<\/p><\/div><div id=\"tabs-7\" class=\"ui-tabs-panel ui-widget-content ui-corner-bottom\"><p><\/p><br \/>\n<h2>Certyfikat Autorski \/ Copyright<\/h2><br \/>\n<h5>AUTOR \/ CERTYFIKOWANE PRAWA AUTORSKIE<\/h5><br \/>\n<p>Od \u20ac11,56 + VAT.<\/p><br \/>\n<h5>ZWI\u0118KSZANIE MASY + 2,5 MB<\/h5><br \/>\n<p>Plus 4,13 \u20ac + VAT.<br \/><br \/>\n<\/p><\/div><div id=\"tabs-8\" class=\"ui-tabs-panel ui-widget-content ui-corner-bottom\"><p><\/p><br \/>\n<h2>Certyfikowane zdj\u0119cia i filmy<\/h2><br \/>\n<h5>ZDJ\u0118CIA I CERTYFIKOWANE FILMY<\/h5><br \/>\n<p>Od \u20ac5,78 + VAT.<br \/><br \/>\n<\/p><\/div><div id=\"tabs-9\" class=\"ui-tabs-panel ui-widget-content ui-corner-bottom\"><p><\/p><br \/>\n<h2>Elektroniczna windykacja faktur i d\u0142ug\u00f3w<\/h2><br \/>\n<p><b>Certyfikowane us\u0142ugi odzyskiwania elektronicznego z powiadomieniami o wielokana\u0142owej wa\u017cno\u015bci prawnej i ca\u0142kowitym lub cz\u0119\u015bciowym pobraniu przez POS. Generowanie pliku orzeczenia s\u0105dowego o mocy prawnej.<\/b><br \/><br \/>\nStandardowa us\u0142uga odzyskiwania cyklu od 63\u20ac<br \/><br \/>\n<\/p><\/div><div id=\"tabs-10\" class=\"ui-tabs-panel ui-widget-content ui-corner-bottom\"><p><\/p><br \/>\n<h2>Burofax Online (nied\u0142ugo)<\/h2><br \/>\n<p><b>Z potwierdzeniem odbioru i tre\u015bci\u0105<\/b><br \/><br \/>\n<\/p><\/div><\/div>\n<\/div>\n[\/vc_column_text][mk_button dimension=&#8221;flat&#8221; size=&#8221;medium&#8221; url=&#8221;https:\/\/cloud.fullcertificate.com\/register&#8221; align=&#8221;center&#8221; margin_top=&#8221;20&#8243; bg_color=&#8221;#0062b0&#8243; btn_hover_bg=&#8221;#f2006e&#8221;]Darmowa rejestracja &#8211; zakup[\/mk_button][vc_empty_space height=&#8221;30px&#8221;][vc_separator border_width=&#8221;2&#8243;][vc_empty_space height=&#8221;10px&#8221;][mk_image src=&#8221;https:\/\/fullcertificate.com\/wp-content\/uploads\/2019\/08\/logo-wevote.png&#8221; image_width=&#8221;220&#8243; align=&#8221;center&#8221; margin_bottom=&#8221;45&#8243; crop=&#8221;false&#8221;][mk_fancy_title color=&#8221;#0062af&#8221; size=&#8221;30&#8243; font_weight=&#8221;normal&#8221; font_style=&#8221;normal&#8221; txt_transform=&#8221;uppercase&#8221; margin_bottom=&#8221;0&#8243; font_family=&#8221;none&#8221; align=&#8221;center&#8221;]\n<p style=\"text-align: center; font-weight: normal !important;\">ELEKTRONICZNE US\u0141UGI G\u0141OSOWANIA O WA\u017bNO\u015aCI PRAWNEJ<\/p>\n[\/mk_fancy_title][vc_empty_space height=&#8221;50px&#8221;][vc_column_text disable_pattern=&#8221;false&#8221;]<div class=\"otw-sc-tabs ui-tabs ui-widget ui-widget-content ui-corner-all\"><ul class=\"ui-tabs-nav ui-helper-reset ui-helper-clearfix ui-widget-header ui-corner-all\"><li class=\"ui-state-default ui-corner-top\"><a href=\"#tabs-1\"><img src=\"https:\/\/www.avisoscertificados.com\/wp-content\/uploads\/2019\/08\/vot-asam-tarifas-avisos-certificados.png\" title=\"icon\" alt=\"icon\" \/><\/a><\/li><li class=\"ui-state-default ui-corner-top\"><a href=\"#tabs-2\"><img src=\"https:\/\/www.avisoscertificados.com\/wp-content\/uploads\/2019\/08\/gob-corp-tarifas-avisos.png\" title=\"icon\" alt=\"icon\" \/><\/a><\/li><li class=\"ui-state-default ui-corner-top\"><a href=\"#tabs-3\"><img src=\"https:\/\/www.avisoscertificados.com\/wp-content\/uploads\/2019\/08\/elec-gen-tarifas-avisos-certificados.png\" title=\"icon\" alt=\"icon\" \/><\/a><\/li><\/ul><div id=\"tabs-1\" class=\"ui-tabs-panel ui-widget-content ui-corner-bottom\"><p><\/p><br \/>\n<h2>weVote<\/h2><br \/>\n<p><b>G\u0142osowanie elektroniczne w zgromadzeniach i listach reprezentacyjnych<\/b><br \/><br \/>\nWybory do zgromadze\u0144 og\u00f3lnych i przedstawicieli; Firmy, stowarzyszenia, zwi\u0105zki itp.<\/p><br \/>\n<h3>G\u0142osuj i po\u015bwiadczone wyniki<\/h3><br \/>\n<p><\/p><\/div><div id=\"tabs-2\" class=\"ui-tabs-panel ui-widget-content ui-corner-bottom\"><p><\/p><br \/>\n<h2>weVote<\/h2><br \/>\n<p><b>Rz\u0105d korporacyjny i instytucjonalny<\/b><br \/><br \/>\nAdministracja elektroniczna poprzez elektroniczne procesy uwierzytelniania, eDNI i eCertyfikaty<\/p><br \/>\n<h3>eG\u0142osowanie, eForum, eTablice, eProtoko\u0142y ...<\/h3><br \/>\n<p><\/p><\/div><div id=\"tabs-3\" class=\"ui-tabs-panel ui-widget-content ui-corner-bottom\"><p><\/p><br \/>\n<h2>weVote<\/h2><br \/>\n<p><b>Wybory parlamentarne i samorz\u0105dy lokalne<\/b><br \/><br \/>\nG\u0142osowanie elektroniczne w wyborach krajowych, regionalnych i lokalnych<\/p><br \/>\n<h3>Zdalne g\u0142osowanie elektroniczne, poczt\u0105 i osobi\u015bcie<\/h3><br \/>\n<p><\/p><\/div><\/div>[\/vc_column_text][mk_button dimension=&#8221;flat&#8221; size=&#8221;medium&#8221; url=&#8221;https:\/\/fullcertificate.com\/pl\/skontaktuj-sie-z-nami\/&#8221; align=&#8221;center&#8221; margin_top=&#8221;20&#8243; bg_color=&#8221;#0062b0&#8243; btn_hover_bg=&#8221;#f2006e&#8221;]Skontaktuj si\u0119 z doradc\u0105[\/mk_button][vc_empty_space height=&#8221;30px&#8221;][vc_separator border_width=&#8221;2&#8243;][vc_empty_space height=&#8221;10px&#8221;][mk_image src=&#8221;https:\/\/www.avisoscertificados.com\/wp-content\/uploads\/2019\/04\/logo-smartmoney.png&#8221; image_width=&#8221;240&#8243; align=&#8221;center&#8221; margin_bottom=&#8221;45&#8243; crop=&#8221;false&#8221;][mk_fancy_title color=&#8221;#0062af&#8221; size=&#8221;30&#8243; font_weight=&#8221;normal&#8221; font_style=&#8221;normal&#8221; txt_transform=&#8221;uppercase&#8221; margin_bottom=&#8221;0&#8243; font_family=&#8221;none&#8221; align=&#8221;center&#8221;]\n<p style=\"text-align: center; font-weight: normal !important;\">INTELIGENTNE PIENI\u0104DZE &#8211; UMOWY, OP\u0141ATY &#8211; INTELIGENTNE P\u0141ATNO\u015aCI I ODZYSKIWANIE<\/p>\n[\/mk_fancy_title][vc_empty_space height=&#8221;50px&#8221;][vc_column_text disable_pattern=&#8221;false&#8221;]\n<div>\n<div class=\"otw-sc-tabs ui-tabs ui-widget ui-widget-content ui-corner-all\"><ul class=\"ui-tabs-nav ui-helper-reset ui-helper-clearfix ui-widget-header ui-corner-all\"><li class=\"ui-state-default ui-corner-top\"><a href=\"#tabs-1\"><img src=\"https:\/\/www.avisoscertificados.com\/wp-content\/uploads\/2019\/08\/icono-smart-money-tarifas.png\" title=\"icon\" alt=\"icon\" \/><\/a><\/li><li class=\"ui-state-default ui-corner-top\"><a href=\"#tabs-2\"><img src=\"https:\/\/www.avisoscertificados.com\/wp-content\/uploads\/2019\/08\/icono-smart-renting-tarifas.png\" title=\"icon\" alt=\"icon\" \/><\/a><\/li><li class=\"ui-state-default ui-corner-top\"><a href=\"#tabs-3\"><img src=\"https:\/\/www.avisoscertificados.com\/wp-content\/uploads\/2019\/08\/icono-smart-recovery-tarifas.png\" title=\"icon\" alt=\"icon\" \/><\/a><\/li><li class=\"ui-state-default ui-corner-top\"><a href=\"#tabs-4\"><img src=\"https:\/\/www.avisoscertificados.com\/wp-content\/uploads\/2019\/08\/icono-smart-payments-tarifas.png\" title=\"icon\" alt=\"icon\" \/><\/a><\/li><\/ul><div id=\"tabs-1\" class=\"ui-tabs-panel ui-widget-content ui-corner-bottom\"><p><\/p><br \/>\n<h2>Smart Money<\/h2><br \/>\n<p><b>Zautomatyzowane us\u0142ugi dzi\u0119ki inteligentnym umowom, windykacjom i p\u0142atno\u015bciom oraz odzyskiwaniu.<\/b><br \/><br \/>\nSmart Money to najnowocze\u015bniejsze rozwi\u0105zania dla firm, profesjonalnych biur i instytucji za po\u015brednictwem zautomatyzowanych us\u0142ug, kt\u00f3re pozwalaj\u0105 kontrolowa\u0107 w czasie rzeczywistym, wizualnie, procesy rekrutacji i afiliacji, fakturowania, windykacji i p\u0142atno\u015bci oraz przyjazne odzyskiwanie w celu wydania orzeczenia w trybie prejudycjalnym.<br \/><br \/>\n<\/p><\/div><div id=\"tabs-2\" class=\"ui-tabs-panel ui-widget-content ui-corner-bottom\"><p><\/p><br \/>\n<h2>Smart Renting<\/h2><br \/>\n<p><b>Automatyzacja um\u00f3w najmu i najmu.<\/b><br \/><br \/>\nSmart Renting umo\u017cliwia elektroniczne i automatyczne zarz\u0105dzanie wszystkimi rodzajami um\u00f3w najmu nieruchomo\u015bci, og\u00f3lnie produkt\u00f3w i um\u00f3w najmu finansowego.<br \/><br \/>\n<\/p><\/div><div id=\"tabs-3\" class=\"ui-tabs-panel ui-widget-content ui-corner-bottom\"><p><\/p><br \/>\n<h2>Smart Recovery<\/h2><br \/>\n<p><b>Zautomatyzowane i certyfikowane us\u0142ugi odzyskiwania online z aktem orzeczenia wst\u0119pnego o mocy prawnej.<\/b><br \/><br \/>\nSmart Recovery to us\u0142ugi elektroniczne o wysokiej warto\u015bci dodanej, kt\u00f3re umo\u017cliwiaj\u0105 uruchomienie w 100% spersonalizowanych cykli odzyskiwania online, zgodnie z potrzebami ka\u017cdego klienta.<br \/><br \/>\n<\/p><\/div><div id=\"tabs-4\" class=\"ui-tabs-panel ui-widget-content ui-corner-bottom\"><p><\/p><br \/>\n<h2>Smart Payments<\/h2><br \/>\n<p><b>P\u0142atno\u015bci elektroniczne i procesy p\u0142atnicze z mo\u017cliwo\u015bci\u0105 integracji z inteligentnymi procesami kontraktowymi oraz automatycznym fakturowaniem i certyfikowanym odzyskiwaniem.<\/b><br \/><br \/>\nSmart Payments umo\u017cliwia automatyczne, masowe lub terminowe dokonywanie inteligentnych kolekcji i p\u0142atno\u015bci w prosty, wydajny i szybki spos\u00f3b.<\/p><\/div><\/div>\n<\/div>\n[\/vc_column_text][mk_button dimension=&#8221;flat&#8221; size=&#8221;medium&#8221; url=&#8221;https:\/\/fullcertificate.com\/pl\/skontaktuj-sie-z-nami\/&#8221; align=&#8221;center&#8221; margin_top=&#8221;20&#8243; bg_color=&#8221;#0062b0&#8243; btn_hover_bg=&#8221;#f2006e&#8221;]Skontaktuj si\u0119 z doradc\u0105[\/mk_button][\/vc_column][\/mk_page_section]\n","protected":false},"excerpt":{"rendered":"<p>[mk_page_section padding_top=&#8221;0&#8243; first_page=&#8221;false&#8221; last_page=&#8221;false&#8221; sidebar=&#8221;sidebar-1&#8243;][vc_column][vc_empty_space height=&#8221;20px&#8221;][mk_fancy_title color=&#8221;#0062af&#8221; size=&#8221;32&#8243; font_weight=&#8221;bold&#8221; font_style=&#8221;normal&#8221; txt_transform=&#8221;uppercase&#8221; margin_top=&#8221;-40&#8243; margin_bottom=&#8221;0&#8243; font_family=&#8221;none&#8221; align=&#8221;center&#8221;] OP\u0141ATY ZA US\u0141UG\u0118 [\/mk_fancy_title][vc_empty_space height=&#8221;50px&#8221;][mk_fancy_title tag_name=&#8221;h1&#8243; color=&#8221;#0062af&#8221; size=&#8221;25&#8243; font_weight=&#8221;normal&#8221; font_style=&#8221;normal&#8221; txt_transform=&#8221;none&#8221; margin_bottom=&#8221;0&#8243; font_family=&#8221;none&#8221; align=&#8221;center&#8221;] Mamy trzy poziomy us\u0142ug [\/mk_fancy_title][vc_row_inner padding=&#8221;0&#8243;][vc_column_inner width=&#8221;1\/3&#8243;][vc_column_text align=&#8221;center&#8221;]US\u0141UGI W CHMURZE NA PODSTAWIE Us\u0142ugi certyfikacji online poprzez zakup salda Brak op\u0142at, brak um\u00f3w, saldo nie wygasa i [&hellip;]<\/p>\n","protected":false},"author":2,"featured_media":0,"parent":0,"menu_order":0,"comment_status":"closed","ping_status":"open","template":"","meta":{"_bbp_topic_count":0,"_bbp_reply_count":0,"_bbp_total_topic_count":0,"_bbp_total_reply_count":0,"_bbp_voice_count":0,"_bbp_anonymous_reply_count":0,"_bbp_topic_count_hidden":0,"_bbp_reply_count_hidden":0,"_bbp_forum_subforum_count":0},"_links":{"self":[{"href":"https:\/\/www.fullcertificate.com\/pl\/wp-json\/wp\/v2\/pages\/15034"}],"collection":[{"href":"https:\/\/www.fullcertificate.com\/pl\/wp-json\/wp\/v2\/pages"}],"about":[{"href":"https:\/\/www.fullcertificate.com\/pl\/wp-json\/wp\/v2\/types\/page"}],"author":[{"embeddable":true,"href":"https:\/\/www.fullcertificate.com\/pl\/wp-json\/wp\/v2\/users\/2"}],"replies":[{"embeddable":true,"href":"https:\/\/www.fullcertificate.com\/pl\/wp-json\/wp\/v2\/comments?post=15034"}],"version-history":[{"count":9,"href":"https:\/\/www.fullcertificate.com\/pl\/wp-json\/wp\/v2\/pages\/15034\/revisions"}],"predecessor-version":[{"id":27683,"href":"https:\/\/www.fullcertificate.com\/pl\/wp-json\/wp\/v2\/pages\/15034\/revisions\/27683"}],"wp:attachment":[{"href":"https:\/\/www.fullcertificate.com\/pl\/wp-json\/wp\/v2\/media?parent=15034"}],"curies":[{"name":"wp","href":"https:\/\/api.w.org\/{rel}","templated":true}]}}