{"id":15060,"date":"2019-02-13T16:49:16","date_gmt":"2019-02-13T16:49:16","guid":{"rendered":"https:\/\/fullcertificate.com\/?page_id=15060"},"modified":"2022-04-13T04:02:49","modified_gmt":"2022-04-13T04:02:49","slug":"burofax-online-day","status":"publish","type":"page","link":"https:\/\/www.fullcertificate.com\/pl\/burofax-online-day\/","title":{"rendered":"Register Signed Mail with Certified Content Same day"},"content":{"rendered":"[mk_page_section bg_image=&#8221;https:\/\/fullcertificate.com\/wp-content\/uploads\/2017\/03\/burofax-online-certificado-mismo-dia-urgente-1.jpg&#8221; bg_position=&#8221;center top&#8221; bg_repeat=&#8221;no-repeat&#8221; bg_stretch=&#8221;true&#8221; min_height=&#8221;350&#8243; padding_top=&#8221;20&#8243; padding_bottom=&#8221;0&#8243; first_page=&#8221;true&#8221; last_page=&#8221;true&#8221; sidebar=&#8221;sidebar-1&#8243;][vc_column][mk_fancy_title tag_name=&#8221;h1&#8243; color=&#8221;#000000&#8243; size=&#8221;40&#8243; font_weight=&#8221;normal&#8221; font_style=&#8221;normal&#8221; txt_transform=&#8221;none&#8221; margin_top=&#8221;60&#8243; margin_bottom=&#8221;0&#8243; font_family=&#8221;none&#8221;]Certyfikat Burofax Online<br \/>\n<strong>Tego samego dnia<\/strong>[\/mk_fancy_title][mk_fancy_title color=&#8221;#000000&#8243; size=&#8221;25&#8243; font_weight=&#8221;300&#8243; font_style=&#8221;normal&#8221; txt_transform=&#8221;none&#8221; margin_bottom=&#8221;0&#8243; font_family=&#8221;none&#8221;]Certyfikat Burofax Online wydany i odebrany w dniu.<br \/>\nDostawa do domu, podpis, potwierdzenie i potwierdzenie tre\u015bci.[\/mk_fancy_title][mk_button dimension=&#8221;flat&#8221; size=&#8221;medium&#8221; url=&#8221;https:\/\/cloud.fullcertificate.com\/register&#8221; target=&#8221;_blank&#8221; button_custom_width=&#8221;250&#8243; bg_color=&#8221;#0062b0&#8243; btn_hover_bg=&#8221;#252525&#8243;]UMOWA TERAZ[\/mk_button][\/vc_column][\/mk_page_section][mk_page_section padding_top=&#8221;50&#8243; padding_bottom=&#8221;0&#8243; margin_bottom=&#8221;50&#8243; first_page=&#8221;false&#8221; last_page=&#8221;false&#8221; sidebar=&#8221;sidebar-1&#8243;][vc_column width=&#8221;3\/4&#8243;][mk_fancy_title color=&#8221;#0062af&#8221; size=&#8221;30&#8243; font_weight=&#8221;normal&#8221; font_style=&#8221;normal&#8221; txt_transform=&#8221;none&#8221; margin_bottom=&#8221;0&#8243; font_family=&#8221;none&#8221;]Certyfikat Burofax Online tego Samego Dnia <span style=\"color: #f2006e; font-size: 15pt;\">(Ju\u017c nied\u0142ugo)<\/span>[\/mk_fancy_title][mk_divider style=&#8221;thin_solid&#8221; thickness=&#8221;4&#8243; margin_top=&#8221;0&#8243;][mk_fancy_title color=&#8221;#000000&#8243; size=&#8221;17&#8243; font_weight=&#8221;bold&#8221; font_style=&#8221;normal&#8221; txt_transform=&#8221;uppercase&#8221; margin_bottom=&#8221;0&#8243; font_family=&#8221;none&#8221;]CERTYFIKAT ONLINE BUROFAX. POTWIERDZENIE ODBIORU. POTWIERDZENIE TRE\u015aCI. NOTARIALNY \u015aWIADECTWO.[\/mk_fancy_title][mk_fancy_title color=&#8221;#f2006e&#8221; size=&#8221;20&#8243; font_weight=&#8221;normal&#8221; font_style=&#8221;normal&#8221; txt_transform=&#8221;none&#8221; margin_bottom=&#8221;30&#8243; font_family=&#8221;none&#8221;]\n<p id=\"fancy-title-58d1432c11ffc\" class=\"mk-shortcode mk-fancy-title fancy-title-align-left simple-style \">Wys\u0142anie i pierwsza pr\u00f3ba dostarczenia certyfikatu Burofax Online tego samego dnia jego wydania. Skuteczne, praktyczne, tanie i szybkie rozwi\u0105zanie, kt\u00f3re gwarantuje pe\u0142n\u0105 wa\u017cno\u015b\u0107 prawn\u0105 i bezpiecze\u0144stwo ca\u0142ej komunikacji.<\/p>\n[\/mk_fancy_title][vc_row_inner padding=&#8221;0&#8243;][vc_column_inner width=&#8221;1\/3&#8243;][mk_fancy_title color=&#8221;#393836&#8243; font_style=&#8221;inhert&#8221; margin_bottom=&#8221;18&#8243; font_family=&#8221;none&#8221;]<img class=\" wp-image-8813 aligncenter\" src=\"https:\/\/fullcertificate.com\/wp-content\/uploads\/2018\/11\/icono-burofax-mismo-dia-2-1-300x300.png\" alt=\"\" width=\"216\" srcset=\"https:\/\/www.fullcertificate.com\/wp-content\/uploads\/2018\/11\/icono-burofax-mismo-dia-2-1-300x300.png 300w, https:\/\/www.fullcertificate.com\/wp-content\/uploads\/2018\/11\/icono-burofax-mismo-dia-2-1-150x150.png 150w, https:\/\/www.fullcertificate.com\/wp-content\/uploads\/2018\/11\/icono-burofax-mismo-dia-2-1.png 500w\" sizes=\"(max-width: 300px) 100vw, 300px\" \/><\/p>\n<p style=\"text-align: center;\"><span style=\"color: #0062af;\"><strong>BUROFAX TEN SAM DZIE\u0143<\/strong><\/span><br \/>\nDostawa pocztowa<br \/>\nCertyfikat dostawy<br \/>\nCertyfikacja tre\u015bci<br \/>\n\u015awiadectwo notarialne<br \/>\nDostawa wydania tego samego dnia<\/p>\n[\/mk_fancy_title][mk_image src=&#8221;https:\/\/fullcertificate.com\/wp-content\/uploads\/2018\/12\/notary-europe-full-certificate.png&#8221; image_width=&#8221;100&#8243; align=&#8221;center&#8221; crop=&#8221;false&#8221;][\/vc_column_inner][vc_column_inner width=&#8221;2\/3&#8243;][mk_fancy_title tag_name=&#8221;h4&#8243; color=&#8221;#000000&#8243; font_weight=&#8221;normal&#8221; font_style=&#8221;normal&#8221; txt_transform=&#8221;none&#8221; margin_bottom=&#8221;0&#8243; font_family=&#8221;none&#8221;]Aby dokona\u0107 pierwszej pr\u00f3by dostawy tego <span style=\"color: #0062af;\">samego dnia co Burofax, nale\u017cy j\u0105 wyda\u0107 na podstawie<\/span> <strong>Certyfikowanych<\/strong> powiadomie\u0144 <span style=\"color: #0062af;\">przed godzin\u0105 12 w po\u0142udnie<\/span> ze wzgl\u0119du na wymagania logistyczne i kurierskie. Je\u015bli zostanie wys\u0142any po tym czasie, najprawdopodobniej pierwsza pr\u00f3ba dostawy zostanie podj\u0119ta nast\u0119pnego dnia.<\/p>\n<p>&nbsp;<\/p>\n<p>Nale\u017cy zauwa\u017cy\u0107, \u017ce ta us\u0142uga jest dost\u0119pna <span style=\"color: #0062af;\">tylko w stolicy Madrytu<\/span> i na <span style=\"color: #0062af;\">obszarach s\u0105siednich do 50 km.<\/span><\/p>\n<p>&nbsp;<\/p>\n<p>Dzi\u0119ki naszej <strong>certyfikowanej us\u0142udze Burofax Online<\/strong> za po\u015brednictwem Internetu mo\u017cesz powiadomi\u0107 o swoich bezpo\u015brednich roszczeniach oraz spersonalizowan\u0105 dostaw\u0119 wed\u0142ug adresata:<span style=\"color: #0062af;\"> osoby fizycznej, osoby prawnej lub organizacji publicznej.<\/span><\/p>\n<p>&nbsp;<\/p>\n<p>Wys\u0142anie <strong>Burofax Online tego samego dnia jest idealne w przypadku<\/strong> pilnych roszcze\u0144, aby powiadomienie <span style=\"color: #0062af;\">dotar\u0142o do odbiorcy w tym samym<\/span> dniu, w kt\u00f3rym <span style=\"color: #0062af;\">zosta\u0142o wydane<\/span>. Ca\u0142y proces odbywa si\u0119 w zaciszu <span style=\"color: #0062af;\">w\u0142asnego komputera i ma te same cechy<\/span>, co tradycyjny <strong>Burofax<\/strong> i mo\u017ce by\u0107 wykorzystany jako dow\u00f3d s\u0105dowy.[\/mk_fancy_title][mk_fancy_title tag_name=&#8221;h4&#8243; color=&#8221;#000000&#8243; font_weight=&#8221;normal&#8221; font_style=&#8221;normal&#8221; txt_transform=&#8221;none&#8221; font_family=&#8221;none&#8221;]Wys\u0142anie <strong>Burofax Online<\/strong> to prosty, szybki i ekonomiczny proces o pe\u0142nej <span style=\"color: #0062af;\">mocy prawnej<\/span>, przeznaczony zar\u00f3wno dla prawnik\u00f3w, os\u00f3b fizycznych i firm.<\/p>\n<p>&nbsp;<\/p>\n<p>Proces wykonania <strong>certyfikatu Burofax Online<\/strong> jest nast\u0119puj\u0105cy:<\/p>\n<ul>\n<li>Z <strong>Strefy klienta Certyfikowanych<\/strong> powiadomie\u0144 mo\u017cesz wys\u0142a\u0107 <strong>Burofax Online. Nasz system aktywuje elektronicznie<\/strong> zlecenie realizacji <span style=\"color: #0062af;\">dostawy do firmy kurierskiej.<\/span><\/li>\n<li>Firma kurierska dostarczy dokument w domu z wskazanymi instrukcjami.<\/li>\n<li><span style=\"color: #0062af;\">Podejmiemy maksymalnie jedn\u0105 pr\u00f3b\u0119 dostawy.<\/span><\/li>\n<li><span style=\"color: #0062af;\">Dostawa zostanie dor\u0119czona osobi\u015bcie odbiorcy, kt\u00f3ry podpisze j\u0105 jako otrzyman\u0105, a tak\u017ce potwierdzenie tre\u015bci, a dostawa zostanie potwierdzona elektronicznie. W przypadku niemo\u017cno\u015bci dostarczenia zostanie ono potwierdzone negatywnie, podaj\u0105c przyczyn\u0119, je\u015bli to mo\u017cliwe<\/span>. Ponadto zostanie pozostawiona notatka informuj\u0105ca, \u017ce \u200b\u200bprzesy\u0142k\u0119 mo\u017cna odebra\u0107 w siedzibie przewo\u017anika.<\/li>\n<li>Mo\u017cesz dodatkowo rozszerzy\u0107 us\u0142ug\u0119 za pomoc\u0105 Rejestru Notarialnego ze <strong>\u015awiadectwem Notarialnym<\/strong>. Maksymalna dost\u0119pna certyfikacja.<\/li>\n<\/ul>\n[\/mk_fancy_title][mk_blockquote font_family=&#8221;none&#8221; align=&#8221;left&#8221;]Save<strong> 60% &#8211; 80%<\/strong> against the UK Signed mail from post[\/mk_blockquote][mk_fancy_title tag_name=&#8221;h4&#8243; color=&#8221;#000000&#8243; font_weight=&#8221;normal&#8221; font_style=&#8221;normal&#8221; txt_transform=&#8221;none&#8221; font_family=&#8221;none&#8221;]<a href=\"https:\/\/fullcertificate.com\/pl\/ceny\/\">ZOBACZ WSZYSTKIE CENY<\/a>[\/mk_fancy_title][\/vc_column_inner][\/vc_row_inner][mk_fancy_title tag_name=&#8221;h4&#8243; color=&#8221;#000000&#8243; font_weight=&#8221;normal&#8221; font_style=&#8221;normal&#8221; txt_transform=&#8221;none&#8221; font_family=&#8221;none&#8221;]O ka\u017cdej porze dnia mo\u017cesz uzyska\u0107 dost\u0119p do tej <strong>certyfikowanej us\u0142ugi dostawy<\/strong>, wys\u0142a\u0107 potrzebny dokument i mie\u0107 dost\u0119p do odpowiedniego potwierdzenia odbioru w ka\u017cdym przypadku.<\/p>\n<p>&nbsp;<\/p>\n<p>Musisz tylko wej\u015b\u0107 na nasz\u0105 platform\u0119 <strong>Full Certificate<\/strong> ze swojego komputera, aby zako\u0144czy\u0107 procedur\u0119. Z kolei mo\u017cesz pobra\u0107 ten dokument, wchodz\u0105c w obszar <strong>Dost\u0119p klienta<\/strong> do naszej strony <strong>Full Certificate<\/strong>. <span style=\"color: #0062af;\">Ca\u0142y proces b\u0119dzie monitorowany<\/span>, od pierwszego do ostatniego kroku, dzi\u0119ki czemu wszystkie ruchy b\u0119d\u0105 rejestrowane z maksymaln\u0105 wydajno\u015bci\u0105.<\/p>\n<p>&nbsp;<\/p>\n<p>Liczba <strong>Full Certificate<\/strong> jako <strong>trzeciej strony zaufania gwarantuje<\/strong>, \u017ce Twoje przesy\u0142ki<span style=\"color: #0062af;\"> maj\u0105 pe\u0142n\u0105 moc prawn\u0105. Szybki, ekonomiczny, ekologiczny i wygodny<\/span>, z komputera, oszcz\u0119dzaj\u0105c czas i prac\u0119. Oferujemy r\u00f3wnie\u017c, wraz ze wszystkimi naszymi produktami, <strong>notarialne \u015bwiadectwo.<\/strong>[\/mk_fancy_title][\/vc_column][vc_column border_color=&#8221;#ffffff&#8221; width=&#8221;1\/4&#8243;][mk_image src=&#8221;https:\/\/fullcertificate.com\/wp-content\/uploads\/2018\/12\/european-trusted-third-party-full-certificate.png&#8221; image_width=&#8221;180&#8243; align=&#8221;center&#8221; margin_bottom=&#8221;35&#8243; crop=&#8221;false&#8221;][vc_row_inner padding=&#8221;0&#8243;][vc_column_inner css=&#8221;.vc_custom_1574163355093{border-top-width: 1px !important;border-right-width: 1px !important;border-bottom-width: 1px !important;border-left-width: 1px !important;border-left-color: #f2006e !important;border-left-style: solid !important;border-right-color: #f2006e !important;border-right-style: solid !important;border-top-color: #f2006e !important;border-top-style: solid !important;border-bottom-color: #f2006e !important;border-bottom-style: solid !important;}&#8221;][mk_fancy_title color=&#8221;#000000&#8243; size=&#8221;20&#8243; font_weight=&#8221;bold&#8221; font_style=&#8221;normal&#8221; txt_transform=&#8221;uppercase&#8221; margin_top=&#8221;20&#8243; margin_bottom=&#8221;0&#8243; font_family=&#8221;none&#8221; align=&#8221;center&#8221;]\n<p style=\"text-align: center;\">ZAREJESTRUJ SI\u0118 ZA DARMO<\/p>\n[\/mk_fancy_title][mk_fancy_title color=&#8221;#000000&#8243; size=&#8221;16&#8243; font_weight=&#8221;normal&#8221; font_style=&#8221;normal&#8221; txt_transform=&#8221;none&#8221; margin_bottom=&#8221;0&#8243; font_family=&#8221;none&#8221; align=&#8221;center&#8221;]\n<p style=\"text-align: center;\">Wypr\u00f3buj nasze certyfikowane us\u0142ugi o pe\u0142nej mocy prawnej.<\/p>\n<p>&nbsp;<\/p>\n<p style=\"text-align: center;\"><strong><span style=\"color: #0062b0;\">Bez op\u0142at, bez um\u00f3w.<\/span><br \/>\n<\/strong>Twoje saldo nigdy nie wygasa.<\/p>\n[\/mk_fancy_title][mk_button dimension=&#8221;flat&#8221; corner_style=&#8221;rounded&#8221; size=&#8221;medium&#8221; url=&#8221;https:\/\/cloud.fullcertificate.com\/register&#8221; target=&#8221;_blank&#8221; align=&#8221;center&#8221; button_custom_width=&#8221;160&#8243; bg_color=&#8221;#f2006e&#8221; btn_hover_bg=&#8221;#252525&#8243; btn_hover_txt_color=&#8221;#ffffff&#8221;]KLIKNIJ TUTAJ[\/mk_button][\/vc_column_inner][\/vc_row_inner][vc_row_inner padding=&#8221;0&#8243; el_class=&#8221;ocultar&#8221;][vc_column_inner][vc_empty_space][\/vc_column_inner][\/vc_row_inner][vc_row_inner padding=&#8221;0&#8243;][vc_column_inner][vc_empty_space height=&#8221;20px&#8221;][\/vc_column_inner][\/vc_row_inner][vc_row_inner padding=&#8221;0&#8243;][vc_column_inner][mk_icon_box2 icon_type=&#8221;image&#8221; title_size=&#8221;0&#8243; title_top_padding=&#8221;0&#8243; title_bottom_padding=&#8221;0&#8243;]<a href=\"https:\/\/fullcertificate.com\/pl\/smartmoney\/\"><img loading=\"lazy\" class=\"wp-image-6433 size-medium aligncenter\" src=\"https:\/\/fullcertificate.com\/wp-content\/uploads\/2018\/10\/logo-smartmoney-1.png\" alt=\"\" width=\"180\" height=\"31\" \/><\/a><a href=\"https:\/\/fullcertificate.com\/pl\/smartmoney\/\"><img loading=\"lazy\" class=\"wp-image-6439 size-medium aligncenter\" src=\"https:\/\/fullcertificate.com\/wp-content\/uploads\/2018\/10\/grafico-smart-money-3-1.png\" alt=\"\" width=\"170\" height=\"300\" \/><\/a><\/p>\n<p style=\"text-align: center;\"><strong><span style=\"color: #0062b0;\"><a style=\"color: #0062b0;\" href=\"https:\/\/fullcertificate.com\/pl\/smartmoney\/\">SMART MONEY<\/a><br \/>\n<\/span><\/strong>Smart Contracts<br \/>\nSmart Payments<br \/>\n<span style=\"color: #000000; text-decoration: none;\">Smart Recovery<br \/>\nDashboard<br \/>\n<\/span><\/p>\n[\/mk_icon_box2][vc_empty_space height=&#8221;0px&#8221;][mk_icon_box2 icon_type=&#8221;image&#8221; title_size=&#8221;0&#8243; title_top_padding=&#8221;0&#8243; title_bottom_padding=&#8221;0&#8243;]<a href=\"https:\/\/fullcertificate.com\/pl\/smartone2one\/\"><img loading=\"lazy\" class=\"wp-image-6433 size-medium aligncenter\" src=\"https:\/\/fullcertificate.com\/wp-content\/uploads\/2018\/10\/logo-smart-one2one-2-1.png\" alt=\"\" width=\"226\" height=\"31\" \/><\/a><a href=\"https:\/\/fullcertificate.com\/pl\/smartone2one\/\"><img loading=\"lazy\" class=\"wp-image-6439 size-medium aligncenter\" src=\"https:\/\/fullcertificate.com\/wp-content\/uploads\/2018\/10\/grafico-smart-one2one-1.png\" alt=\"\" width=\"170\" height=\"300\" \/><\/a><\/p>\n<p style=\"text-align: center;\"><strong><span style=\"color: #0062b0;\"><a style=\"color: #0062b0;\" href=\"https:\/\/fullcertificate.com\/pl\/smartone2one\/\">SMART ONE2ONE<\/a><br \/>\n<\/span><\/strong>Powiadomienia niestandardowe<br \/>\nWysoka g\u0142o\u015bno\u015b\u0107 wykonania<br \/>\nCertyfikacja wielokana\u0142owa<br \/>\nWysoka dost\u0119pno\u015b\u0107<\/p>\n[\/mk_icon_box2][\/vc_column_inner][\/vc_row_inner][vc_empty_space height=&#8221;20px&#8221;][vc_row_inner padding=&#8221;0&#8243; el_class=&#8221;ocultar&#8221;][vc_column_inner css=&#8221;.vc_custom_1540979094932{border-top-width: 1px !important;border-right-width: 1px !important;border-bottom-width: 1px !important;border-left-width: 1px !important;padding-top: 20px !important;padding-bottom: 20px !important;background-color: #ffffff !important;border-left-color: #1e73be !important;border-left-style: solid !important;border-right-color: #1e73be !important;border-right-style: solid !important;border-top-color: #1e73be !important;border-top-style: solid !important;border-bottom-color: #1e73be !important;border-bottom-style: solid !important;}&#8221;][mk_fancy_title color=&#8221;#000000&#8243; size=&#8221;20&#8243; font_weight=&#8221;bold&#8221; font_style=&#8221;normal&#8221; txt_transform=&#8221;uppercase&#8221; margin_bottom=&#8221;0&#8243; font_family=&#8221;none&#8221; align=&#8221;center&#8221;]\n<p style=\"text-align: center;\">DANE KONTAKTOWE<\/p>\n[\/mk_fancy_title][mk_fancy_title color=&#8221;#1e73be&#8221; font_weight=&#8221;normal&#8221; font_style=&#8221;normal&#8221; txt_transform=&#8221;none&#8221; margin_bottom=&#8221;0&#8243; font_family=&#8221;none&#8221; align=&#8221;center&#8221;]\n<p style=\"text-align: center;\"><strong>Telefon:<\/strong> (0034) 91 005 26 59<br \/>\n<strong>Adres: <\/strong>C \/ Boix i Morer 6, poddasze.<br \/>\n28003 Madryt, Hiszpania<\/p>\n[\/mk_fancy_title][mk_button dimension=&#8221;flat&#8221; corner_style=&#8221;rounded&#8221; size=&#8221;medium&#8221; url=&#8221;https:\/\/fullcertificate.com\/pl\/skontaktuj-sie-z-nami\/&#8221; align=&#8221;center&#8221; button_custom_width=&#8221;160&#8243; bg_color=&#8221;#0062b0&#8243; btn_hover_bg=&#8221;#252525&#8243;]SKONTAKTUJ SI\u0118 Z NAMI[\/mk_button][\/vc_column_inner][\/vc_row_inner][\/vc_column][\/mk_page_section][mk_page_section full_width=&#8221;true&#8221; first_page=&#8221;false&#8221; last_page=&#8221;false&#8221; sidebar=&#8221;sidebar-1&#8243;][vc_column][mk_divider style=&#8221;thin_solid&#8221; thickness=&#8221;4&#8243; margin_top=&#8221;10&#8243; margin_bottom=&#8221;40&#8243;][vc_row_inner padding=&#8221;0&#8243;][vc_column_inner width=&#8221;1\/4&#8243;][\/vc_column_inner][vc_column_inner width=&#8221;1\/2&#8243;][mk_fancy_title tag_name=&#8221;h4&#8243; color=&#8221;#393836&#8243; size=&#8221;30&#8243; font_weight=&#8221;normal&#8221; font_style=&#8221;normal&#8221; txt_transform=&#8221;uppercase&#8221; margin_bottom=&#8221;18&#8243; font_family=&#8221;none&#8221; align=&#8221;center&#8221;]\n<p style=\"text-align: center;\">Z GWARANCJ\u0104<\/p>\n[\/mk_fancy_title][mk_image src=&#8221;https:\/\/fullcertificate.com\/wp-content\/uploads\/2022\/04\/footer-nuevo-WE-VOTE.jpg&#8221; image_width=&#8221;1500&#8243; link=&#8221;http:\/\/fullcertificate.com\/&#8221; target=&#8221;_blank&#8221; align=&#8221;center&#8221; margin_bottom=&#8221;40&#8243; el_class=&#8221;imagen-footer-centro&#8221; crop=&#8221;false&#8221;][\/vc_column_inner][vc_column_inner width=&#8221;1\/4&#8243;][\/vc_column_inner][\/vc_row_inner][\/vc_column][\/mk_page_section]\n","protected":false},"excerpt":{"rendered":"<p>[mk_page_section bg_image=&#8221;https:\/\/fullcertificate.com\/wp-content\/uploads\/2017\/03\/burofax-online-certificado-mismo-dia-urgente-1.jpg&#8221; bg_position=&#8221;center top&#8221; bg_repeat=&#8221;no-repeat&#8221; bg_stretch=&#8221;true&#8221; min_height=&#8221;350&#8243; padding_top=&#8221;20&#8243; padding_bottom=&#8221;0&#8243; first_page=&#8221;true&#8221; last_page=&#8221;true&#8221; sidebar=&#8221;sidebar-1&#8243;][vc_column][mk_fancy_title tag_name=&#8221;h1&#8243; color=&#8221;#000000&#8243; size=&#8221;40&#8243; font_weight=&#8221;normal&#8221; font_style=&#8221;normal&#8221; txt_transform=&#8221;none&#8221; margin_top=&#8221;60&#8243; margin_bottom=&#8221;0&#8243; font_family=&#8221;none&#8221;]Certyfikat Burofax Online Tego samego dnia[\/mk_fancy_title][mk_fancy_title color=&#8221;#000000&#8243; size=&#8221;25&#8243; font_weight=&#8221;300&#8243; font_style=&#8221;normal&#8221; txt_transform=&#8221;none&#8221; margin_bottom=&#8221;0&#8243; font_family=&#8221;none&#8221;]Certyfikat Burofax Online wydany i odebrany w dniu. Dostawa do domu, podpis, potwierdzenie i potwierdzenie tre\u015bci.[\/mk_fancy_title][mk_button dimension=&#8221;flat&#8221; size=&#8221;medium&#8221; url=&#8221;https:\/\/cloud.fullcertificate.com\/register&#8221; target=&#8221;_blank&#8221; button_custom_width=&#8221;250&#8243; bg_color=&#8221;#0062b0&#8243; btn_hover_bg=&#8221;#252525&#8243;]UMOWA [&hellip;]<\/p>\n","protected":false},"author":2,"featured_media":0,"parent":0,"menu_order":0,"comment_status":"closed","ping_status":"closed","template":"","meta":{"_bbp_topic_count":0,"_bbp_reply_count":0,"_bbp_total_topic_count":0,"_bbp_total_reply_count":0,"_bbp_voice_count":0,"_bbp_anonymous_reply_count":0,"_bbp_topic_count_hidden":0,"_bbp_reply_count_hidden":0,"_bbp_forum_subforum_count":0},"_links":{"self":[{"href":"https:\/\/www.fullcertificate.com\/pl\/wp-json\/wp\/v2\/pages\/15060"}],"collection":[{"href":"https:\/\/www.fullcertificate.com\/pl\/wp-json\/wp\/v2\/pages"}],"about":[{"href":"https:\/\/www.fullcertificate.com\/pl\/wp-json\/wp\/v2\/types\/page"}],"author":[{"embeddable":true,"href":"https:\/\/www.fullcertificate.com\/pl\/wp-json\/wp\/v2\/users\/2"}],"replies":[{"embeddable":true,"href":"https:\/\/www.fullcertificate.com\/pl\/wp-json\/wp\/v2\/comments?post=15060"}],"version-history":[{"count":13,"href":"https:\/\/www.fullcertificate.com\/pl\/wp-json\/wp\/v2\/pages\/15060\/revisions"}],"predecessor-version":[{"id":27690,"href":"https:\/\/www.fullcertificate.com\/pl\/wp-json\/wp\/v2\/pages\/15060\/revisions\/27690"}],"wp:attachment":[{"href":"https:\/\/www.fullcertificate.com\/pl\/wp-json\/wp\/v2\/media?parent=15060"}],"curies":[{"name":"wp","href":"https:\/\/api.w.org\/{rel}","templated":true}]}}