{"id":15074,"date":"2019-02-13T16:52:58","date_gmt":"2019-02-13T16:52:58","guid":{"rendered":"https:\/\/fullcertificate.com\/?page_id=15074"},"modified":"2022-04-13T03:54:20","modified_gmt":"2022-04-13T03:54:20","slug":"smartcommunities","status":"publish","type":"page","link":"https:\/\/www.fullcertificate.com\/pl\/smartcommunities\/","title":{"rendered":"smartcommunities"},"content":{"rendered":"[mk_page_section bg_image=&#8221;https:\/\/fullcertificate.com\/wp-content\/uploads\/2018\/11\/banner-smartcommunities-avisos-certificados-3-1.jpg&#8221; bg_position=&#8221;center top&#8221; bg_repeat=&#8221;no-repeat&#8221; bg_stretch=&#8221;true&#8221; min_height=&#8221;350&#8243; padding_top=&#8221;20&#8243; padding_bottom=&#8221;0&#8243; first_page=&#8221;true&#8221; last_page=&#8221;true&#8221; sidebar=&#8221;sidebar-1&#8243;][vc_column][mk_fancy_title tag_name=&#8221;h1&#8243; color=&#8221;#000000&#8243; size=&#8221;40&#8243; font_weight=&#8221;normal&#8221; font_style=&#8221;normal&#8221; txt_transform=&#8221;none&#8221; margin_top=&#8221;60&#8243; margin_bottom=&#8221;0&#8243; font_family=&#8221;none&#8221;]Inteligentne Spo\u0142eczno\u015bci &#8211; eCommunities[\/mk_fancy_title][mk_fancy_title tag_name=&#8221;h1&#8243; color=&#8221;#000000&#8243; size=&#8221;25&#8243; font_weight=&#8221;300&#8243; font_style=&#8221;normal&#8221; txt_transform=&#8221;none&#8221; margin_bottom=&#8221;0&#8243; font_family=&#8221;none&#8221;]Spo\u0142eczno\u015bci inteligentnych w\u0142a\u015bcicieli[\/mk_fancy_title][mk_button dimension=&#8221;flat&#8221; size=&#8221;medium&#8221; url=&#8221;https:\/\/fullcertificate.com\/pl\/skontaktuj-sie-z-nami\/&#8221; button_custom_width=&#8221;250&#8243; margin_bottom=&#8221;20&#8243; bg_color=&#8221;#0062b0&#8243; btn_hover_bg=&#8221;#252525&#8243;]SKONTAKTUJ SI\u0118 TERAZ[\/mk_button][\/vc_column][\/mk_page_section][mk_page_section padding_top=&#8221;50&#8243; padding_bottom=&#8221;50&#8243; first_page=&#8221;false&#8221; last_page=&#8221;false&#8221; sidebar=&#8221;sidebar-1&#8243;][vc_column width=&#8221;3\/4&#8243;][mk_fancy_title tag_name=&#8221;h1&#8243; color=&#8221;#0062af&#8221; size=&#8221;30&#8243; font_weight=&#8221;normal&#8221; font_style=&#8221;normal&#8221; txt_transform=&#8221;none&#8221; margin_bottom=&#8221;0&#8243; font_family=&#8221;none&#8221;]Spo\u0142eczno\u015bci Inteligentnych W\u0142a\u015bcicieli[\/mk_fancy_title][mk_divider style=&#8221;thin_solid&#8221; thickness=&#8221;4&#8243; margin_top=&#8221;0&#8243;][mk_fancy_title color=&#8221;#000000&#8243; size=&#8221;17&#8243; font_weight=&#8221;bold&#8221; font_style=&#8221;normal&#8221; txt_transform=&#8221;uppercase&#8221; font_family=&#8221;none&#8221;]PORTAL EPROPIETARNY. ELEKTRONICZNY RZ\u0104D SPO\u0141ECZNO\u015aCI, G\u0141OSOWANIE ELEKTRONICZNE, POWIADOMIENIA O PRAWNEJ WA\u017bNO\u015aCI, ZBIERANIE I AUTOMATYCZNE ODZYSKIWANIE OP\u0141AT.[\/mk_fancy_title][vc_row_inner padding=&#8221;0&#8243;][vc_column_inner width=&#8221;1\/3&#8243;][mk_icon_box2 icon_type=&#8221;image&#8221; icon_size=&#8221;inherit&#8221; title_size=&#8221;0&#8243; title_top_padding=&#8221;0&#8243; title_bottom_padding=&#8221;0&#8243;]<img class=\"wp-image-6433 size-medium aligncenter\" src=\"https:\/\/fullcertificate.com\/wp-content\/uploads\/2018\/11\/logo-smartcommunities-500px-1.png\" alt=\"\" width=\"300\" \/><img loading=\"lazy\" class=\"wp-image-6439 aligncenter\" src=\"https:\/\/fullcertificate.com\/wp-content\/uploads\/2018\/10\/grafico-smart-communities-1.png\" alt=\"\" width=\"243\" height=\"243\" \/><\/p>\n<p style=\"text-align: center;\"><strong><span style=\"color: #0062b0;\">SMART COMMUNITIES<br \/>\n<\/span><\/strong>Portal ePropietarios<br \/>\nG\u0142osowanie i elektroniczny rz\u0105d<br \/>\nPobieranie op\u0142at<br \/>\nPrzyjazne pobieranie<br \/>\nPowiadomienia<br \/>\nArchiwum cyfrowe<br \/>\nTablica og\u0142osze\u0144<\/p>\n[\/mk_icon_box2][\/vc_column_inner][vc_column_inner width=&#8221;2\/3&#8243;][mk_fancy_title tag_name=&#8221;h4&#8243; color=&#8221;#000000&#8243; font_weight=&#8221;normal&#8221; font_style=&#8221;normal&#8221; txt_transform=&#8221;none&#8221; font_family=&#8221;none&#8221;]<strong>Inteligentne Spo\u0142eczno\u015bci<\/strong> umo\u017cliwi\u0105 spo\u0142eczno\u015bci w\u0142a\u015bcicieli aktywacj\u0119 <span style=\"color: #0062af;\">elektronicznych proces\u00f3w rz\u0105dowych, zdalnego g\u0142osowania telematycznego, powiadomie\u0144 i zaawansowanych dzia\u0142a\u0144 zautomatyzowanych zbior\u00f3w i zbior\u00f3w.<\/span><\/p>\n<p>&nbsp;<\/p>\n<p>Aby to zrobi\u0107,<strong> Full Certificate<\/strong> aktywuj\u0105 spersonalizowany portal <strong><span style=\"color: #0062af;\">ePropitarios<\/span><\/strong>, w kt\u00f3rym b\u0119dziesz mie\u0107 zaawansowane narz\u0119dzia do komunikacji, zarz\u0105dzania i certyfikacji dla swojej spo\u0142eczno\u015bci.<\/p>\n<p>&nbsp;<\/p>\n<p><strong>Inteligentne Spo\u0142eczno\u015bci<\/strong> zapewniaj\u0105 <span style=\"color: #0062af;\">trzy kluczowe cele<\/span> dla najbardziej zaawansowanych spo\u0142eczno\u015bci w\u0142a\u015bcicieli:<\/p>\n<p>&nbsp;<\/p>\n<ol>\n<li><strong><span style=\"color: #0062af;\">CA\u0141KOWITA PRZEJRZYSTO\u015a\u0106 <\/span><\/strong><\/li>\n<li><strong><span style=\"color: #0062af;\">DOST\u0118P DO KLUCZOWYCH INFORMACJI<\/span><\/strong><\/li>\n<li><strong><span style=\"color: #0062af;\">WA\u017bNO\u015a\u0106 PRAWNA<\/span><\/strong><\/li>\n<\/ol>\n<p>&nbsp;<\/p>\n<p><strong>BAZA DANYCH W\u0141A\u015aCICIELA &#8222;UWIERZYTELNIONA I CERTYFIKOWANA&#8221;<\/strong><\/p>\n<p>&nbsp;<\/p>\n<p>Dzi\u0119ki <strong>Smart Communities<\/strong> mo\u017cesz stworzy\u0107 <span style=\"color: #0062af;\">certyfikowan\u0105 i uwierzytelnion\u0105 baz\u0119 danych s\u0105siad\u00f3w<\/span>, kt\u00f3rzy tworz\u0105 twoj\u0105 spo\u0142eczno\u015b\u0107.<\/p>\n<p>&nbsp;<\/p>\n<p>Elektroniczne<span style=\"color: #0062af;\">\u00a0Listy Weryfikacji i Uwierzytelnienia<\/span> s\u0105 <span style=\"color: #0062af;\">cyfrowym identyfikatorem elektronicznym spo\u0142eczno\u015bci<\/span>. Opr\u00f3cz przyspieszenia wej\u015bcia spo\u0142eczno\u015bci w nowe formaty i procesy elektroniczne, pozwoli ci by\u0107 na bie\u017c\u0105co z tak wa\u017cnymi kwestiami, jak <strong>RODO<\/strong> <span style=\"color: #0062af;\">na poziomie Europejskim<\/span>, <span style=\"color: #0062af;\">zezwolenia na komunikacj\u0119 elektroniczn\u0105<\/span> i mo\u017cliwo\u015bci <span style=\"color: #0062af;\">podpisu elektronicznego<\/span> wszystkich cz\u0142onk\u00f3w twojego spo\u0142eczno\u015b\u0107<strong><br \/>\n<\/strong><\/p>\n<p>&nbsp;<\/p>\n<p><strong>RZ\u0104D I G\u0141OSOWANIE ELEKTRONICZNE<\/strong><\/p>\n<p>&nbsp;<\/p>\n<p>Teraz mo\u017cesz aktywowa\u0107 i personalizowa\u0107 <strong>Elektroniczne G\u0142osowanie<\/strong><span style=\"color: #0062af;\"> na odleg\u0142o\u015b\u0107 i osobi\u015bcie<\/span> dla swojej spo\u0142eczno\u015bci, znacznie zwi\u0119kszaj\u0105c udzia\u0142 swoich s\u0105siad\u00f3w. <span style=\"color: #0062af;\">Mo\u017cesz zwo\u0142ywa\u0107 zgromadzenia og\u00f3lne i nadzwyczajne za<\/span> po\u015brednictwem <span style=\"color: #0062af;\">certyfikowanej komunikacji pocztowej lub elektronicznej<\/span> z ca\u0142kowit\u0105 \u0142atwo\u015bci\u0105 oszcz\u0119dzaj\u0105c tysi\u0105ce godzin zarz\u0105dzania.<\/p>\n<p>&nbsp;<\/p>\n<p>B\u0119dzie tak\u017ce mia\u0142<span style=\"color: #0062af;\"> bezpo\u015brednie i zdalne<\/span> <strong>Certyfikowane Rady Rz\u0105dowe<\/strong>, dzi\u0119ki czemu Protoko\u0142y Rady Rz\u0105dowej b\u0119d\u0105 certyfikowane i dost\u0119pne dla spo\u0142eczno\u015bci z pe\u0142n\u0105 przejrzysto\u015bci\u0105 i w rekordowym czasie.<\/p>\n<p>&nbsp;<\/p>\n<p>Wszystko to, <span style=\"color: #0062af;\">z dowolnego telefonu kom\u00f3rkowego lub komputera<\/span>, z zachowaniem poufno\u015bci i <span style=\"color: #0062af;\">pe\u0142nej mocy prawnej<\/span>.<\/p>\n<p>&nbsp;<\/p>\n<p><strong>INTELIGENTNE PIENI\u0104DZE DLA TWOJEJ SPO\u0141ECZNO\u015aCI<\/strong><\/p>\n<p>&nbsp;<\/p>\n<p>Kolejnym wielkim osi\u0105gni\u0119ciem jest zautomatyzowane elektroniczne tworzenie <span style=\"color: #0062af;\">wystawiania rachunk\u00f3w i pobieranie op\u0142at okresowych za po\u015brednictwem<\/span> terminali POS i \/ lub polece\u0144 zap\u0142aty. W przypadku niewywi\u0105zania si\u0119 z jakichkolwiek op\u0142at, aktywacja proces\u00f3w <span style=\"color: #0062af;\">Certyfikowane przyjazne s\u0105dowe odzyskiwanie online<\/span>, kt\u00f3re rozwi\u0105\u017ce i przyspieszy odzyskiwanie d\u0142ug\u00f3w poprzez utworzenie r\u00f3wnie\u017c <span style=\"color: #0062af;\">certyfikowanych plik\u00f3w elektronicznych<\/span> w tym zakresie gotowych do dochodzenia roszcze\u0144 prawnych po obni\u017conych kosztach i, co najwa\u017cniejsze, z bardzo wa\u017cn\u0105 oszcz\u0119dno\u015bci\u0105 czasu.<\/p>\n<p>&nbsp;<\/p>\n<p><strong>NARZ\u0118DZIA PORTALU W\u0141A\u015aCICIELI<\/strong><\/p>\n<p>&nbsp;<\/p>\n<p>W naszych portalach dost\u0119pnych jest wiele r\u00f3\u017cnych narz\u0119dzi dla spo\u0142eczno\u015bci. W\u015br\u00f3d nich wyr\u00f3\u017cniamy: <span style=\"color: #0062af;\">Tablic\u0119 og\u0142osze\u0144, Archiwum dokument\u00f3w, Rejestr protoko\u0142\u00f3w, Archiwum akt\u00f3w i uprawnie\u0144, Bud\u017cety, Rachunki szczeg\u00f3\u0142owe, Kontrakty, Zgromadzenia itp.<\/span><\/p>\n<p>&nbsp;<\/p>\n<p><strong>Je\u015bli chcesz si\u0119 z nami skontaktowa\u0107<\/strong>, <strong><a href=\"https:\/\/fullcertificate.com\/pl\/skontaktuj-sie-z-nami\/\">kliknij tutaj<\/a><\/strong>.[\/mk_fancy_title][\/vc_column_inner][\/vc_row_inner][vc_empty_space height=&#8221;20px&#8221;][\/vc_column][vc_column border_color=&#8221;#ffffff&#8221; width=&#8221;1\/4&#8243;][mk_image src=&#8221;https:\/\/fullcertificate.com\/wp-content\/uploads\/2018\/12\/european-trusted-third-party-full-certificate.png&#8221; image_width=&#8221;180&#8243; align=&#8221;center&#8221; margin_bottom=&#8221;0&#8243; crop=&#8221;false&#8221;][vc_empty_space height=&#8221;30px&#8221;][vc_row_inner padding=&#8221;0&#8243;][vc_column_inner css=&#8221;.vc_custom_1574178174314{border-top-width: 1px !important;border-right-width: 1px !important;border-bottom-width: 1px !important;border-left-width: 1px !important;border-left-color: #f2006e !important;border-left-style: solid !important;border-right-color: #f2006e !important;border-right-style: solid !important;border-top-color: #f2006e !important;border-top-style: solid !important;border-bottom-color: #f2006e !important;border-bottom-style: solid !important;}&#8221;][mk_fancy_title color=&#8221;#000000&#8243; size=&#8221;20&#8243; font_weight=&#8221;bold&#8221; font_style=&#8221;normal&#8221; txt_transform=&#8221;uppercase&#8221; margin_top=&#8221;20&#8243; margin_bottom=&#8221;0&#8243; font_family=&#8221;none&#8221; align=&#8221;center&#8221;]\n<p style=\"text-align: center;\">ZAREJESTRUJ SI\u0118 ZA DARMO<\/p>\n[\/mk_fancy_title][mk_fancy_title color=&#8221;#000000&#8243; size=&#8221;16&#8243; font_weight=&#8221;normal&#8221; font_style=&#8221;normal&#8221; txt_transform=&#8221;none&#8221; margin_bottom=&#8221;0&#8243; font_family=&#8221;none&#8221; align=&#8221;center&#8221;]\n<p style=\"text-align: center;\">Wypr\u00f3buj nasze certyfikowane us\u0142ugi o pe\u0142nej mocy prawnej.<\/p>\n<p>&nbsp;<\/p>\n<p style=\"text-align: center;\"><strong><span style=\"color: #0062b0;\">Bez op\u0142at, bez um\u00f3w.<\/span><br \/>\n<\/strong>Twoje saldo nigdy nie wygasa.<\/p>\n[\/mk_fancy_title][mk_button dimension=&#8221;flat&#8221; corner_style=&#8221;rounded&#8221; size=&#8221;medium&#8221; url=&#8221;https:\/\/cloud.fullcertificate.com\/register&#8221; target=&#8221;_blank&#8221; align=&#8221;center&#8221; button_custom_width=&#8221;160&#8243; bg_color=&#8221;#f2006e&#8221; btn_hover_bg=&#8221;#252525&#8243; btn_hover_txt_color=&#8221;#ffffff&#8221;]KLIKNIJ TUTAJ[\/mk_button][\/vc_column_inner][\/vc_row_inner][vc_row_inner padding=&#8221;0&#8243;][vc_column_inner][vc_empty_space height=&#8221;35px&#8221;][\/vc_column_inner][\/vc_row_inner][vc_row_inner padding=&#8221;0&#8243;][vc_column_inner][vc_empty_space height=&#8221;0px&#8221;][mk_icon_box2 icon_type=&#8221;image&#8221; title_size=&#8221;0&#8243; title_top_padding=&#8221;0&#8243; title_bottom_padding=&#8221;0&#8243;]<a href=\"https:\/\/fullcertificate.com\/pl\/smartmoney\/\"><img loading=\"lazy\" class=\"wp-image-6433 size-medium aligncenter\" src=\"https:\/\/fullcertificate.com\/wp-content\/uploads\/2018\/10\/logo-smartmoney-1.png\" alt=\"\" width=\"180\" height=\"31\" \/><\/a><a href=\"https:\/\/fullcertificate.com\/pl\/smartmoney\/\"><img loading=\"lazy\" class=\"wp-image-6439 size-medium aligncenter\" src=\"https:\/\/fullcertificate.com\/wp-content\/uploads\/2018\/10\/grafico-smart-money-3-1.png\" alt=\"\" width=\"170\" height=\"300\" \/><\/a><\/p>\n<p style=\"text-align: center;\"><strong><span style=\"color: #0062b0;\"><a style=\"color: #0062b0;\" href=\"https:\/\/fullcertificate.com\/pl\/smartmoney\/\">SMART MONEY<\/a><br \/>\n<\/span><\/strong>Smart Contracts<br \/>\nSmart Payments<br \/>\n<span style=\"color: #000000; text-decoration: none;\">Smart Recovery<br \/>\nDashboard<br \/>\n<\/span><\/p>\n[\/mk_icon_box2][vc_empty_space height=&#8221;0px&#8221;][mk_icon_box2 icon_type=&#8221;image&#8221; title_size=&#8221;0&#8243; title_top_padding=&#8221;0&#8243; title_bottom_padding=&#8221;0&#8243;]<a href=\"https:\/\/fullcertificate.com\/pl\/smartone2one\/\"><img loading=\"lazy\" class=\"wp-image-6433 size-medium aligncenter\" src=\"https:\/\/fullcertificate.com\/wp-content\/uploads\/2018\/10\/logo-smart-one2one-2-1.png\" alt=\"\" width=\"226\" height=\"31\" \/><\/a><a href=\"https:\/\/fullcertificate.com\/pl\/smartone2one\/\"><img loading=\"lazy\" class=\"wp-image-6439 size-medium aligncenter\" src=\"https:\/\/fullcertificate.com\/wp-content\/uploads\/2018\/10\/grafico-smart-one2one-1.png\" alt=\"\" width=\"170\" height=\"300\" \/><\/a><\/p>\n<p style=\"text-align: center;\"><strong><span style=\"color: #0062b0;\"><a style=\"color: #0062b0;\" href=\"https:\/\/fullcertificate.com\/pl\/smartone2one\/\">SMART ONE2ONE<\/a><br \/>\n<\/span><\/strong>Powiadomienia niestandardowe<br \/>\nWysoka g\u0142o\u015bno\u015b\u0107 wykonania<br \/>\nCertyfikacja wielokana\u0142owa<br \/>\nWysoka dost\u0119pno\u015b\u0107<\/p>\n[\/mk_icon_box2][\/vc_column_inner][\/vc_row_inner][vc_empty_space height=&#8221;20px&#8221;][vc_row_inner el_class=&#8221;ocultar&#8221;][vc_column_inner css=&#8221;.vc_custom_1540979094932{border-top-width: 1px !important;border-right-width: 1px !important;border-bottom-width: 1px !important;border-left-width: 1px !important;padding-top: 20px !important;padding-bottom: 20px !important;background-color: #ffffff !important;border-left-color: #1e73be !important;border-left-style: solid !important;border-right-color: #1e73be !important;border-right-style: solid !important;border-top-color: #1e73be !important;border-top-style: solid !important;border-bottom-color: #1e73be !important;border-bottom-style: solid !important;}&#8221;][mk_fancy_title color=&#8221;#000000&#8243; size=&#8221;20&#8243; font_weight=&#8221;bold&#8221; font_style=&#8221;normal&#8221; txt_transform=&#8221;uppercase&#8221; margin_bottom=&#8221;0&#8243; font_family=&#8221;none&#8221; align=&#8221;center&#8221;]\n<p style=\"text-align: center;\">DANE KONTAKTOWE<\/p>\n[\/mk_fancy_title][mk_fancy_title color=&#8221;#1e73be&#8221; font_weight=&#8221;normal&#8221; font_style=&#8221;normal&#8221; txt_transform=&#8221;none&#8221; margin_bottom=&#8221;0&#8243; font_family=&#8221;none&#8221; align=&#8221;center&#8221;]\n<p style=\"text-align: center;\"><strong>Telefon:<\/strong>\u00a0(0034) 91 005 26 59<br \/>\n<strong>Adres:\u00a0<\/strong>C \/ Boix i Morer 6, poddasze.<br \/>\n28003 Madryt, Hiszpania<\/p>\n[\/mk_fancy_title][mk_button dimension=&#8221;flat&#8221; corner_style=&#8221;rounded&#8221; size=&#8221;medium&#8221; url=&#8221;https:\/\/fullcertificate.com\/pl\/skontaktuj-sie-z-nami\/&#8221; align=&#8221;center&#8221; button_custom_width=&#8221;160&#8243; bg_color=&#8221;#0062b0&#8243; btn_hover_bg=&#8221;#252525&#8243;]SKONTAKTUJ SI\u0118 Z NAMI[\/mk_button][\/vc_column_inner][\/vc_row_inner][\/vc_column][\/mk_page_section][mk_page_section full_width=&#8221;true&#8221; first_page=&#8221;false&#8221; last_page=&#8221;false&#8221; sidebar=&#8221;sidebar-1&#8243;][vc_column][mk_divider style=&#8221;thin_solid&#8221; thickness=&#8221;4&#8243; margin_top=&#8221;10&#8243; margin_bottom=&#8221;40&#8243;][vc_row_inner padding=&#8221;0&#8243;][vc_column_inner width=&#8221;1\/4&#8243;][\/vc_column_inner][vc_column_inner width=&#8221;1\/2&#8243;][mk_fancy_title tag_name=&#8221;h4&#8243; color=&#8221;#393836&#8243; size=&#8221;30&#8243; font_weight=&#8221;normal&#8221; font_style=&#8221;normal&#8221; txt_transform=&#8221;uppercase&#8221; margin_bottom=&#8221;18&#8243; font_family=&#8221;none&#8221; align=&#8221;center&#8221;]\n<p style=\"text-align: center;\">Z GWARANCJ\u0104<\/p>\n[\/mk_fancy_title][mk_image src=&#8221;https:\/\/fullcertificate.com\/wp-content\/uploads\/2022\/04\/footer-nuevo-WE-VOTE.jpg&#8221; image_width=&#8221;1500&#8243; image_height=&#8221;216&#8243; link=&#8221;http:\/\/fullcertificate.com\/&#8221; target=&#8221;_blank&#8221; align=&#8221;center&#8221; margin_bottom=&#8221;40&#8243; el_class=&#8221;imagen-footer-centro&#8221; crop=&#8221;false&#8221;][\/vc_column_inner][vc_column_inner width=&#8221;1\/4&#8243;][\/vc_column_inner][\/vc_row_inner][\/vc_column][\/mk_page_section]\n","protected":false},"excerpt":{"rendered":"<p>[mk_page_section bg_image=&#8221;https:\/\/fullcertificate.com\/wp-content\/uploads\/2018\/11\/banner-smartcommunities-avisos-certificados-3-1.jpg&#8221; bg_position=&#8221;center top&#8221; bg_repeat=&#8221;no-repeat&#8221; bg_stretch=&#8221;true&#8221; min_height=&#8221;350&#8243; padding_top=&#8221;20&#8243; padding_bottom=&#8221;0&#8243; first_page=&#8221;true&#8221; last_page=&#8221;true&#8221; sidebar=&#8221;sidebar-1&#8243;][vc_column][mk_fancy_title tag_name=&#8221;h1&#8243; color=&#8221;#000000&#8243; size=&#8221;40&#8243; font_weight=&#8221;normal&#8221; font_style=&#8221;normal&#8221; txt_transform=&#8221;none&#8221; margin_top=&#8221;60&#8243; margin_bottom=&#8221;0&#8243; font_family=&#8221;none&#8221;]Inteligentne Spo\u0142eczno\u015bci &#8211; eCommunities[\/mk_fancy_title][mk_fancy_title tag_name=&#8221;h1&#8243; color=&#8221;#000000&#8243; size=&#8221;25&#8243; font_weight=&#8221;300&#8243; font_style=&#8221;normal&#8221; txt_transform=&#8221;none&#8221; margin_bottom=&#8221;0&#8243; font_family=&#8221;none&#8221;]Spo\u0142eczno\u015bci inteligentnych w\u0142a\u015bcicieli[\/mk_fancy_title][mk_button dimension=&#8221;flat&#8221; size=&#8221;medium&#8221; url=&#8221;https:\/\/fullcertificate.com\/pl\/skontaktuj-sie-z-nami\/&#8221; button_custom_width=&#8221;250&#8243; margin_bottom=&#8221;20&#8243; bg_color=&#8221;#0062b0&#8243; btn_hover_bg=&#8221;#252525&#8243;]SKONTAKTUJ SI\u0118 TERAZ[\/mk_button][\/vc_column][\/mk_page_section][mk_page_section padding_top=&#8221;50&#8243; padding_bottom=&#8221;50&#8243; first_page=&#8221;false&#8221; last_page=&#8221;false&#8221; sidebar=&#8221;sidebar-1&#8243;][vc_column width=&#8221;3\/4&#8243;][mk_fancy_title tag_name=&#8221;h1&#8243; color=&#8221;#0062af&#8221; size=&#8221;30&#8243; font_weight=&#8221;normal&#8221; font_style=&#8221;normal&#8221; txt_transform=&#8221;none&#8221; [&hellip;]<\/p>\n","protected":false},"author":2,"featured_media":0,"parent":0,"menu_order":0,"comment_status":"closed","ping_status":"closed","template":"","meta":{"_bbp_topic_count":0,"_bbp_reply_count":0,"_bbp_total_topic_count":0,"_bbp_total_reply_count":0,"_bbp_voice_count":0,"_bbp_anonymous_reply_count":0,"_bbp_topic_count_hidden":0,"_bbp_reply_count_hidden":0,"_bbp_forum_subforum_count":0},"_links":{"self":[{"href":"https:\/\/www.fullcertificate.com\/pl\/wp-json\/wp\/v2\/pages\/15074"}],"collection":[{"href":"https:\/\/www.fullcertificate.com\/pl\/wp-json\/wp\/v2\/pages"}],"about":[{"href":"https:\/\/www.fullcertificate.com\/pl\/wp-json\/wp\/v2\/types\/page"}],"author":[{"embeddable":true,"href":"https:\/\/www.fullcertificate.com\/pl\/wp-json\/wp\/v2\/users\/2"}],"replies":[{"embeddable":true,"href":"https:\/\/www.fullcertificate.com\/pl\/wp-json\/wp\/v2\/comments?post=15074"}],"version-history":[{"count":8,"href":"https:\/\/www.fullcertificate.com\/pl\/wp-json\/wp\/v2\/pages\/15074\/revisions"}],"predecessor-version":[{"id":27677,"href":"https:\/\/www.fullcertificate.com\/pl\/wp-json\/wp\/v2\/pages\/15074\/revisions\/27677"}],"wp:attachment":[{"href":"https:\/\/www.fullcertificate.com\/pl\/wp-json\/wp\/v2\/media?parent=15074"}],"curies":[{"name":"wp","href":"https:\/\/api.w.org\/{rel}","templated":true}]}}