{"id":15081,"date":"2019-02-13T16:56:28","date_gmt":"2019-02-13T16:56:28","guid":{"rendered":"https:\/\/fullcertificate.com\/?page_id=15081"},"modified":"2022-04-13T04:13:45","modified_gmt":"2022-04-13T04:13:45","slug":"smartmoney","status":"publish","type":"page","link":"https:\/\/www.fullcertificate.com\/pl\/smartmoney\/","title":{"rendered":"SmartMoney"},"content":{"rendered":"[mk_page_section bg_image=&#8221;https:\/\/fullcertificate.com\/wp-content\/uploads\/2018\/11\/proyecto-banner-smartmoney-5-1.jpg&#8221; bg_position=&#8221;center top&#8221; bg_repeat=&#8221;no-repeat&#8221; bg_stretch=&#8221;true&#8221; min_height=&#8221;350&#8243; padding_top=&#8221;20&#8243; padding_bottom=&#8221;0&#8243; first_page=&#8221;true&#8221; last_page=&#8221;true&#8221; sidebar=&#8221;sidebar-1&#8243;][vc_column][mk_fancy_title tag_name=&#8221;h1&#8243; color=&#8221;#ffffff&#8221; size=&#8221;40&#8243; font_weight=&#8221;normal&#8221; font_style=&#8221;normal&#8221; txt_transform=&#8221;none&#8221; margin_top=&#8221;60&#8243; margin_bottom=&#8221;0&#8243; font_family=&#8221;none&#8221;]Smart Money[\/mk_fancy_title][mk_fancy_title tag_name=&#8221;h1&#8243; color=&#8221;#ffffff&#8221; size=&#8221;25&#8243; font_weight=&#8221;300&#8243; font_style=&#8221;normal&#8221; txt_transform=&#8221;none&#8221; margin_bottom=&#8221;0&#8243; font_family=&#8221;none&#8221;]Automatyzacja: podpisywania um\u00f3w, Fakturowania, Windykacji i Odzyskiwania[\/mk_fancy_title][mk_button dimension=&#8221;flat&#8221; size=&#8221;medium&#8221; url=&#8221;https:\/\/fullcertificate.com\/pl\/skontaktuj-sie-z-nami\/&#8221; button_custom_width=&#8221;250&#8243; bg_color=&#8221;#e5ac00&#8243; btn_hover_bg=&#8221;#252525&#8243;]SKONTAKTUJ SI\u0118 TERAZ[\/mk_button][\/vc_column][\/mk_page_section][mk_page_section padding_top=&#8221;50&#8243; padding_bottom=&#8221;50&#8243; first_page=&#8221;false&#8221; last_page=&#8221;false&#8221; sidebar=&#8221;sidebar-1&#8243;][vc_column width=&#8221;3\/4&#8243;][mk_fancy_title color=&#8221;#0062af&#8221; size=&#8221;30&#8243; font_weight=&#8221;normal&#8221; font_style=&#8221;normal&#8221; txt_transform=&#8221;none&#8221; margin_bottom=&#8221;0&#8243; font_family=&#8221;none&#8221;]<span style=\"color: #0062af;\">Smart Money<\/span>[\/mk_fancy_title][mk_divider style=&#8221;thin_solid&#8221; thickness=&#8221;4&#8243; margin_top=&#8221;0&#8243;][mk_fancy_title color=&#8221;#000000&#8243; size=&#8221;17&#8243; font_weight=&#8221;bold&#8221; font_style=&#8221;normal&#8221; txt_transform=&#8221;uppercase&#8221; margin_bottom=&#8221;30&#8243; font_family=&#8221;none&#8221;]AUTOMATYCZNE US\u0141UGI WED\u0141UG INTELIGENTNYCH UM\u00d3W, OP\u0141AT I P\u0141ATNO\u015aCI ORAZ ODZYSKU[\/mk_fancy_title][vc_row_inner padding=&#8221;0&#8243;][vc_column_inner width=&#8221;1\/3&#8243;][mk_image src=&#8221;https:\/\/fullcertificate.com\/wp-content\/uploads\/2018\/11\/logo-smartmoney-1.png&#8221; image_width=&#8221;240&#8243; image_height=&#8221;170&#8243; align=&#8221;center&#8221; margin_bottom=&#8221;20&#8243; crop=&#8221;false&#8221;][mk_image src=&#8221;https:\/\/fullcertificate.com\/wp-content\/uploads\/2018\/10\/grafico-smart-money-3-1.png&#8221; image_width=&#8221;216&#8243; align=&#8221;center&#8221; crop=&#8221;false&#8221;][mk_icon_box2 icon_type=&#8221;image&#8221; icon_size=&#8221;inherit&#8221; title_size=&#8221;0&#8243; title_top_padding=&#8221;0&#8243; title_bottom_padding=&#8221;0&#8243;]\n<p style=\"text-align: center;\"><strong><span style=\"color: #0062b0;\"><a style=\"color: #0062b0;\" href=\"https:\/\/www.avisoscertificados.com\/contactenos\/\">SMART MONEY<\/a><br \/>\n<\/span><\/strong>Smart Contracts<br \/>\nSmart Billing<br \/>\nSmart Payments<br \/>\n<span style=\"color: #000000; text-decoration: none;\">Smart Recovery<br \/>\nDashboard<br \/>\n<\/span><\/p>\n[\/mk_icon_box2][\/vc_column_inner][vc_column_inner width=&#8221;2\/3&#8243;][mk_fancy_title tag_name=&#8221;h4&#8243; color=&#8221;#000000&#8243; font_weight=&#8221;normal&#8221; font_style=&#8221;normal&#8221; txt_transform=&#8221;none&#8221; font_family=&#8221;none&#8221;]<strong>Smart Money<\/strong> to <span style=\"color: #0062af;\">najnowocze\u015bniejsze rozwi\u0105zania<\/span> dla firm, wyspecjalizowanych biur i instytucji za po\u015brednictwem <span style=\"color: #0062af;\">zautomatyzowanych us\u0142ug<\/span>, kt\u00f3re umo\u017cliwiaj\u0105 kontrol\u0119 w czasie rzeczywistym, w spos\u00f3b wizualny i przy ca\u0142kowitej kontroli,<span style=\"color: #0062af;\"> proces\u00f3w zatrudniania i przynale\u017cno\u015bci, fakturowania, windykacji i p\u0142atno\u015bci oraz przyjaznego powrotu do zdrowia.<\/span><\/p>\n<p>&nbsp;<\/p>\n<p><span style=\"color: #0062af;\">Nasze us\u0142ugi<\/span> mog\u0105 by\u0107 kompleksowe, zarz\u0105dza\u0107 ca\u0142ym cyklem globalnie lub <span style=\"color: #0062af;\">cz\u0119\u015bciowo<\/span> w zale\u017cno\u015bci od potrzeb klienta. Proces <strong>Smart Money<\/strong> <span style=\"color: #0062af;\">rozpoczyna si\u0119 od inteligentnych um\u00f3w.<\/span>[\/mk_fancy_title][mk_image src=&#8221;https:\/\/fullcertificate.com\/wp-content\/uploads\/2018\/11\/logo-smartcontracts-e1541887201252-1.png&#8221; image_width=&#8221;238&#8243; image_height=&#8221;55&#8243; margin_bottom=&#8221;20&#8243; crop=&#8221;false&#8221;][mk_fancy_title tag_name=&#8221;h4&#8243; color=&#8221;#000000&#8243; font_weight=&#8221;normal&#8221; font_style=&#8221;normal&#8221; txt_transform=&#8221;none&#8221; font_family=&#8221;none&#8221;]<strong>Inteligentne kontrakty<\/strong> to <span style=\"color: #0062af;\">zautomatyzowane umowy elektroniczne<\/span>, kt\u00f3re s\u0105 wdra\u017cane zgodnie z potrzebami ka\u017cdego klienta. Mo\u017cna je uruchamia\u0107 <span style=\"color: #0062af;\">z formularzy internetowych<\/span>, z <span style=\"color: #0062af;\">sieci wewn\u0119trznych lub dodatkowych,<\/span> z <span style=\"color: #0062af;\">system\u00f3w wewn\u0119trznych, takich jak ERP, CRM itp.<\/span> Pozwalaj\u0105 zarz\u0105dza\u0107 milionami proces\u00f3w biznesowych. <span style=\"color: #0062af;\">Rekrutacja i przynale\u017cno\u015b\u0107.<\/span><\/p>\n<p>&nbsp;<\/p>\n<p>Umowa jest <strong>certyfikowan\u0105 umow\u0105 elektroniczn\u0105<\/strong>, kt\u00f3ra zawiera wszystkie informacje na temat danych, zmiennych i dokument\u00f3w niezb\u0119dnych do sformalizowania umowy i programowania zautomatyzowanych proces\u00f3w. Za po\u015brednictwem wiadomo\u015bci <span style=\"color: #0062af;\">e-mail lub certyfikatu SMS <\/span>jest wysy\u0142ana do potencjalnego klienta w celu jej <strong>podpisu online.<\/strong>[\/mk_fancy_title][mk_image src=&#8221;https:\/\/fullcertificate.com\/wp-content\/uploads\/2019\/11\/POL-graphic-1-smart-contracts-full-certificate.jpg&#8221; image_width=&#8221;1000&#8243; align=&#8221;center&#8221; margin_bottom=&#8221;20&#8243; el_class=&#8221;imagen-medio&#8221; crop=&#8221;false&#8221;][mk_fancy_title tag_name=&#8221;h4&#8243; color=&#8221;#000000&#8243; font_weight=&#8221;normal&#8221; font_style=&#8221;normal&#8221; txt_transform=&#8221;none&#8221; font_family=&#8221;none&#8221;]<span style=\"color: #0062af;\">Podpis mo\u017ce<\/span> zosta\u0107 z\u0142o\u017cony w ci\u0105gu <span style=\"color: #0062af;\">kilku minut<\/span>, w bardzo wygodny spos\u00f3b <span style=\"color: #0062af;\">i przy pe\u0142nej wa\u017cno\u015bci prawnej<\/span>. <span style=\"color: #0062af;\">Klient otrzyma kopi\u0119<\/span> umowy podpisanej i po\u015bwiadczonej przez <strong>Full Certificate<\/strong> w wiadomo\u015bci e-mail.<\/p>\n<p>&nbsp;<\/p>\n<p>Umowy te s\u0105 inteligentne, poniewa\u017c wykonuj\u0105 kluczowe zmienne <span style=\"color: #0062af;\">proces\u00f3w fakturowania, windykacji i odzyskiwania<\/span>. Dlatego <strong>Smart Contracts<\/strong> dzia\u0142aj\u0105 automatycznie:<\/p>\n<p>&nbsp;<\/p>\n<ol>\n<li><strong>Smart Contract<\/strong> is sent to <span style=\"color: #0062af;\">electronic signature<\/span><\/li>\n<li><span style=\"color: #0062af;\">The system registers the contract variables<\/span><\/li>\n<li><span style=\"color: #0062af;\">It is signed electronically with full legal security.<\/span><\/li>\n<li><span style=\"color: #0062af;\">Start the billing, collection and recovery<\/span> processes.<\/li>\n<li>As an additional service, it is replicated in the<span style=\"color: #0062af;\"> blockchain network<\/span><\/li>\n<\/ol>\n<p>&nbsp;<\/p>\n<ol>\n<li><strong>Inteligentna Umowa<\/strong> jest przesy\u0142an\u00a0<span style=\"color: #0062af;\">a do podpisu elektronicznego<\/span><\/li>\n<li>System rejestruje zmienne kontraktowe<\/li>\n<li>Jest podpisany elektronicznie z ca\u0142kowit\u0105 pewno\u015bci\u0105 prawa.<\/li>\n<li>Rozpocznij proces fakturowania, gromadzenia i odzyskiwania.<\/li>\n<li>Jako dodatkowa us\u0142uga jest replikowana w sieci blockchain<\/li>\n<\/ol>\n<p>&nbsp;<\/p>\n<p><strong>Smart Money<\/strong> po\u015bwiadcza ca\u0142y proces w kluczowych momentach, zapewniaj\u0105c <strong>Trzeciemu Europejskiemu Funduszowi<\/strong> maksymaln\u0105 <span style=\"color: #0062af;\">wa\u017cno\u015b\u0107 i pewno\u015b\u0107 prawn\u0105 procesu<\/span>.[\/mk_fancy_title][mk_image src=&#8221;https:\/\/fullcertificate.com\/wp-content\/uploads\/2018\/11\/logo-smart-billing-500px-1-1.png&#8221; image_width=&#8221;195&#8243; margin_bottom=&#8221;20&#8243; crop=&#8221;false&#8221;][mk_fancy_title tag_name=&#8221;h4&#8243; color=&#8221;#000000&#8243; font_weight=&#8221;normal&#8221; font_style=&#8221;normal&#8221; txt_transform=&#8221;none&#8221; font_family=&#8221;none&#8221;]<span style=\"color: #0062af;\">Inteligentna automatyzacja faktur<\/span>, <strong>Smart Billing<\/strong>, jest procesem, kt\u00f3ry przebiega od kluczowych zmiennych kontraktowych lub poprzez zaawansowan\u0105 integracj\u0119 poprzez us\u0142ugi sieciowe WS &#8211; API. Mo\u017cna to r\u00f3wnie\u017c zrobi\u0107 p\u00f3\u0142automatycznie lub r\u0119cznie.<\/p>\n<p>&nbsp;<\/p>\n<p>Faktury wysy\u0142ane s\u0105 <span style=\"color: #0062af;\">drog\u0105 elektroniczn\u0105<\/span> do klienta ko\u0144cowego i pozostaj\u0105 do Pa\u0144stwa dyspozycji w strefie klienta <strong>Smart Money<\/strong> lub w portalach klient\u00f3w. Przesy\u0142ki mog\u0105 odbywa\u0107 si\u0119 dowolnym <strong>kana\u0142em kontaktowym<\/strong>, zwykle za po\u015brednictwem <span style=\"color: #0062af;\">Certyfikowanej wiadomo\u015bci eMail<\/span>, i zawsze maj\u0105 dow\u00f3d odbioru jako<span style=\"color: #0062af;\"> dow\u00f3d niezawodnej dostawy<\/span>.[\/mk_fancy_title][mk_image src=&#8221;https:\/\/fullcertificate.com\/wp-content\/uploads\/2018\/11\/logo-smartpayment-500px-1.png&#8221; image_width=&#8221;245&#8243; margin_bottom=&#8221;20&#8243; crop=&#8221;false&#8221;][mk_fancy_title tag_name=&#8221;h4&#8243; color=&#8221;#000000&#8243; font_weight=&#8221;normal&#8221; font_style=&#8221;normal&#8221; txt_transform=&#8221;none&#8221; font_family=&#8221;none&#8221;]<strong>Smart Payments<\/strong> umo\u017cliwia automatyczne <span style=\"color: #0062af;\">dokonywanie inteligentnych pobra\u0144 i p\u0142atno\u015bci.<\/span><\/p>\n<p>&nbsp;<\/p>\n<p>Czy to za po\u015brednictwem <strong>terminali POS, polece\u0144 zap\u0142aty czy przelew\u00f3w bankowych.<\/strong> Na poziomie obszaru SEPA system wykona <span style=\"color: #0062af;\">procesy gromadzenia masy, niestandardowe lub okresowe.<\/span><\/p>\n<p>&nbsp;<\/p>\n<p><strong>Inteligentne pieni\u0105dze<\/strong> to <span style=\"color: #0062af;\">niezb\u0119dne narz\u0119dzie<\/span> do kontrolowania ca\u0142ego procesu. Klient ma<span style=\"color: #0062af;\"> zaawansowan\u0105 internetow\u0105 konsol\u0119 zarz\u0105dzania, w kt\u00f3rej mo\u017cna zobaczy\u0107 zaprogramowane i wykonane p\u0142atno\u015bci<\/span> oraz tablic\u0119 <strong>Dashboard<\/strong>, <span style=\"color: #0062af;\">kt\u00f3ra grupuje, poprzez zaawansowan\u0105 grafik\u0119, zachowanie<\/span> <strong>przep\u0142yw\u00f3w pieni\u0119\u017cnych.<\/strong>[\/mk_fancy_title][mk_image src=&#8221;https:\/\/fullcertificate.com\/wp-content\/uploads\/2018\/11\/logo-smartrecovery-1-e1541889017293-1.png&#8221; margin_bottom=&#8221;20&#8243; crop=&#8221;false&#8221;][mk_fancy_title tag_name=&#8221;h4&#8243; color=&#8221;#000000&#8243; font_weight=&#8221;normal&#8221; font_style=&#8221;normal&#8221; txt_transform=&#8221;none&#8221; margin_bottom=&#8221;10&#8243; font_family=&#8221;none&#8221;]<strong>Smart Recovery<\/strong> to idealne rozwi\u0105zanie do<span style=\"color: #0062af;\"> szybkich i skutecznych dzia\u0142a\u0144 przyjaznego odzyskiwania<\/span> <strong>online z certyfikowanym ko\u0144cowym plikiem elektronicznym do wydania<\/strong> orzeczenia w trybie prejudycjalnym, w razie potrzeby w przypadku braku p\u0142atno\u015bci.<\/p>\n<p>&nbsp;<\/p>\n<p><span style=\"color: #0062af;\">Cykle odzyskiwania s\u0105 programowane<\/span> zgodnie z typologi\u0105 produktu \/ us\u0142ug. Proces przebiega nast\u0119puj\u0105co:<\/p>\n<p>&nbsp;<\/p>\n<ol>\n<li><span style=\"color: #0062af;\">Programowanie<\/span> <span style=\"color: #0062af;\">cykli odzyskiwania<\/span><\/li>\n<li>Aktywacja <span style=\"color: #0062af;\">zmiennych finansowych i koszt\u00f3w procesu<\/span><\/li>\n<li>Aktywacja <span style=\"color: #0062af;\">system\u00f3w \u015bci\u0105gania rachunk\u00f3w<\/span><\/li>\n<li>Elektroniczny <span style=\"color: #0062af;\">odbi\u00f3r danych i dokument\u00f3w<\/span><\/li>\n<li>Lub na\u0142aduj je w <strong>Smart Money.<\/strong><\/li>\n<li><span style=\"color: #0062af;\">Umowa o p\u0142atno\u015bci elektroniczne<\/span><\/li>\n<li><span style=\"color: #0062af;\">Mo\u017cliwy podzia\u0142<\/span> d\u0142ugu na op\u0142aty<span style=\"color: #0062af;\"> windykacyjne <\/span><\/li>\n<li><span style=\"color: #0062af;\">Kolekcja elektroniczna online<\/span><\/li>\n<li><span style=\"color: #0062af;\">Odroczone p\u0142atno\u015bci elektroniczne<\/span> \/ P\u0142atno\u015bci na konto<\/li>\n<li><strong>Wniosek o wydanie orzeczenia<\/strong> w trybie prejudycjalnym o pe\u0142nej mocy prawnej<\/li>\n<\/ol>\n[\/mk_fancy_title][mk_image src=&#8221;https:\/\/fullcertificate.com\/wp-content\/uploads\/2019\/11\/POL-grap-2-smartm-full-certificate.jpg&#8221; image_width=&#8221;1000&#8243; align=&#8221;center&#8221; margin_bottom=&#8221;50&#8243; el_class=&#8221;imagen-medio&#8221; crop=&#8221;false&#8221;][mk_image src=&#8221;https:\/\/fullcertificate.com\/wp-content\/uploads\/2019\/11\/POL-grap-1-smartm-full-certificate.jpg&#8221; image_width=&#8221;1000&#8243; align=&#8221;center&#8221; margin_bottom=&#8221;50&#8243; el_class=&#8221;imagen-medio&#8221; crop=&#8221;false&#8221;][mk_fancy_title tag_name=&#8221;h4&#8243; color=&#8221;#000000&#8243; font_weight=&#8221;normal&#8221; font_style=&#8221;normal&#8221; txt_transform=&#8221;none&#8221; margin_top=&#8221;20&#8243; font_family=&#8221;none&#8221;]<strong>Smart Money<\/strong> jako <strong>Trzeci Europejski Powierniczy<\/strong> gwarantuje,<span style=\"color: #0062af;\"> \u017ce Twoja komunikacja i umowy b\u0119d\u0105 prawomocne.<\/span><\/p>\n<p>&nbsp;<\/p>\n<p>Rozwijamy<strong> zaawansowane us\u0142ugi elektroniczne<\/strong>, kt\u00f3re zapewniaj\u0105 <span style=\"color: #0062af;\">ogromne korzy\u015bci organizacjom i ich klientom.<\/span><\/p>\n<p>&nbsp;<\/p>\n<p><strong>Je\u015bli chcesz si\u0119 z nami skontaktowa\u0107<\/strong>, wyspecjalizowany konsultant pomo\u017ce Ci osobi\u015bcie. <a href=\"https:\/\/fullcertificate.com\/pl\/skontaktuj-sie-z-nami\/\">Kliknij tutaj<\/a>.[\/mk_fancy_title][mk_image src=&#8221;https:\/\/fullcertificate.com\/wp-content\/uploads\/2019\/11\/POL-graphic-5-plakat-zaufana-strona-trzecia-full-certificate.jpg&#8221; image_width=&#8221;507&#8243; image_height=&#8221;130&#8243; align=&#8221;center&#8221; margin_bottom=&#8221;20&#8243; el_class=&#8221;imagen-medio&#8221; crop=&#8221;false&#8221;][\/vc_column_inner][\/vc_row_inner][\/vc_column][vc_column border_color=&#8221;#ffffff&#8221; width=&#8221;1\/4&#8243;][mk_image src=&#8221;https:\/\/fullcertificate.com\/wp-content\/uploads\/2022\/04\/eevidence-security-4.jpg&#8221; image_width=&#8221;180&#8243; align=&#8221;center&#8221; margin_bottom=&#8221;35&#8243; crop=&#8221;false&#8221;][vc_empty_space height=&#8221;0px&#8221;][mk_icon_box2 icon_type=&#8221;image&#8221; title_size=&#8221;0&#8243; title_top_padding=&#8221;0&#8243; title_bottom_padding=&#8221;0&#8243;]<a href=\"https:\/\/fullcertificate.com\/pl\/automation-cloud-inhouse\/\"><img loading=\"lazy\" class=\"wp-image-6433 size-medium aligncenter\" src=\"https:\/\/fullcertificate.com\/wp-content\/uploads\/2018\/10\/logo-smart-automation-2-1.png\" alt=\"\" width=\"265\" height=\"31\" \/><\/a><a href=\"https:\/\/fullcertificate.com\/pl\/automation-cloud-inhouse\/\"><img loading=\"lazy\" class=\"wp-image-6439 size-medium aligncenter\" src=\"https:\/\/fullcertificate.com\/wp-content\/uploads\/2018\/10\/grafico-smart-automation-1.png\" alt=\"\" width=\"170\" height=\"300\" \/><\/a><\/p>\n<p style=\"text-align: center;\"><strong><span style=\"color: #0062b0;\"><a style=\"color: #0062b0;\" href=\"https:\/\/fullcertificate.com\/pl\/automation-cloud-inhouse\/\">SMART AUTOMATION<\/a><br \/>\n<\/span><\/strong><span style=\"color: #000000; text-decoration: none;\">WS API-REST<br \/>\nRozw\u00f3j IT<br \/>\nZaawansowane uwierzytelnianie<br \/>\nPortale i formularze. Inteligentny<br \/>\n<\/span><\/p>\n[\/mk_icon_box2][vc_empty_space height=&#8221;20px&#8221;][vc_row_inner padding=&#8221;0&#8243; el_class=&#8221;ocultar&#8221;][vc_column_inner css=&#8221;.vc_custom_1540979094932{border-top-width: 1px !important;border-right-width: 1px !important;border-bottom-width: 1px !important;border-left-width: 1px !important;padding-top: 20px !important;padding-bottom: 20px !important;background-color: #ffffff !important;border-left-color: #1e73be !important;border-left-style: solid !important;border-right-color: #1e73be !important;border-right-style: solid !important;border-top-color: #1e73be !important;border-top-style: solid !important;border-bottom-color: #1e73be !important;border-bottom-style: solid !important;}&#8221;][mk_fancy_title color=&#8221;#000000&#8243; size=&#8221;20&#8243; font_weight=&#8221;bold&#8221; font_style=&#8221;normal&#8221; txt_transform=&#8221;uppercase&#8221; margin_bottom=&#8221;0&#8243; font_family=&#8221;none&#8221; align=&#8221;center&#8221;]\n<p style=\"text-align: center;\">DANE KONTAKTOWE<\/p>\n[\/mk_fancy_title][mk_fancy_title color=&#8221;#1e73be&#8221; font_weight=&#8221;normal&#8221; font_style=&#8221;normal&#8221; txt_transform=&#8221;none&#8221; margin_bottom=&#8221;0&#8243; font_family=&#8221;none&#8221; align=&#8221;center&#8221;]\n<p style=\"text-align: center;\"><strong>Telefon:<\/strong>\u00a0(0034) 91 005 26 59<br \/>\n<strong>Adres:\u00a0<\/strong>C \/ Boix i Morer 6, poddasze.<br \/>\n28003 Madryt, Hiszpania<\/p>\n[\/mk_fancy_title][mk_button dimension=&#8221;flat&#8221; corner_style=&#8221;rounded&#8221; size=&#8221;medium&#8221; url=&#8221;https:\/\/fullcertificate.com\/pl\/skontaktuj-sie-z-nami\/&#8221; align=&#8221;center&#8221; button_custom_width=&#8221;160&#8243; bg_color=&#8221;#0062b0&#8243; btn_hover_bg=&#8221;#252525&#8243;]SKONTAKTUJ SI\u0118 Z NAMI[\/mk_button][\/vc_column_inner][\/vc_row_inner][\/vc_column][\/mk_page_section][mk_page_section full_width=&#8221;true&#8221; first_page=&#8221;false&#8221; last_page=&#8221;false&#8221; sidebar=&#8221;sidebar-1&#8243;][vc_column][mk_divider style=&#8221;thin_solid&#8221; thickness=&#8221;4&#8243; margin_top=&#8221;10&#8243; margin_bottom=&#8221;40&#8243;][vc_row_inner padding=&#8221;0&#8243;][vc_column_inner width=&#8221;1\/4&#8243;][\/vc_column_inner][vc_column_inner width=&#8221;1\/2&#8243;][mk_fancy_title tag_name=&#8221;h4&#8243; color=&#8221;#393836&#8243; size=&#8221;30&#8243; font_weight=&#8221;normal&#8221; font_style=&#8221;normal&#8221; txt_transform=&#8221;uppercase&#8221; margin_bottom=&#8221;18&#8243; font_family=&#8221;none&#8221; align=&#8221;center&#8221;]\n<p style=\"text-align: center;\">Z GWARANCJ\u0104<\/p>\n[\/mk_fancy_title][mk_image src=&#8221;https:\/\/fullcertificate.com\/wp-content\/uploads\/2022\/04\/footer-nuevo-WE-VOTE.jpg&#8221; image_width=&#8221;1500&#8243; image_height=&#8221;216&#8243; link=&#8221;http:\/\/fullcertificate.com\/&#8221; target=&#8221;_blank&#8221; align=&#8221;center&#8221; margin_bottom=&#8221;40&#8243; el_class=&#8221;imagen-footer-centro&#8221; crop=&#8221;false&#8221;][\/vc_column_inner][vc_column_inner width=&#8221;1\/4&#8243;][\/vc_column_inner][\/vc_row_inner][\/vc_column][\/mk_page_section][vc_row padding=&#8221;0&#8243;][\/vc_row]\n","protected":false},"excerpt":{"rendered":"<p>[mk_page_section bg_image=&#8221;https:\/\/fullcertificate.com\/wp-content\/uploads\/2018\/11\/proyecto-banner-smartmoney-5-1.jpg&#8221; bg_position=&#8221;center top&#8221; bg_repeat=&#8221;no-repeat&#8221; bg_stretch=&#8221;true&#8221; min_height=&#8221;350&#8243; padding_top=&#8221;20&#8243; padding_bottom=&#8221;0&#8243; first_page=&#8221;true&#8221; last_page=&#8221;true&#8221; sidebar=&#8221;sidebar-1&#8243;][vc_column][mk_fancy_title tag_name=&#8221;h1&#8243; color=&#8221;#ffffff&#8221; size=&#8221;40&#8243; font_weight=&#8221;normal&#8221; font_style=&#8221;normal&#8221; txt_transform=&#8221;none&#8221; margin_top=&#8221;60&#8243; margin_bottom=&#8221;0&#8243; font_family=&#8221;none&#8221;]Smart Money[\/mk_fancy_title][mk_fancy_title tag_name=&#8221;h1&#8243; color=&#8221;#ffffff&#8221; size=&#8221;25&#8243; font_weight=&#8221;300&#8243; font_style=&#8221;normal&#8221; txt_transform=&#8221;none&#8221; margin_bottom=&#8221;0&#8243; font_family=&#8221;none&#8221;]Automatyzacja: podpisywania um\u00f3w, Fakturowania, Windykacji i Odzyskiwania[\/mk_fancy_title][mk_button dimension=&#8221;flat&#8221; size=&#8221;medium&#8221; url=&#8221;https:\/\/fullcertificate.com\/pl\/skontaktuj-sie-z-nami\/&#8221; button_custom_width=&#8221;250&#8243; bg_color=&#8221;#e5ac00&#8243; btn_hover_bg=&#8221;#252525&#8243;]SKONTAKTUJ SI\u0118 TERAZ[\/mk_button][\/vc_column][\/mk_page_section][mk_page_section padding_top=&#8221;50&#8243; padding_bottom=&#8221;50&#8243; first_page=&#8221;false&#8221; last_page=&#8221;false&#8221; sidebar=&#8221;sidebar-1&#8243;][vc_column width=&#8221;3\/4&#8243;][mk_fancy_title color=&#8221;#0062af&#8221; size=&#8221;30&#8243; font_weight=&#8221;normal&#8221; font_style=&#8221;normal&#8221; txt_transform=&#8221;none&#8221; [&hellip;]<\/p>\n","protected":false},"author":2,"featured_media":0,"parent":0,"menu_order":0,"comment_status":"closed","ping_status":"closed","template":"","meta":{"_bbp_topic_count":0,"_bbp_reply_count":0,"_bbp_total_topic_count":0,"_bbp_total_reply_count":0,"_bbp_voice_count":0,"_bbp_anonymous_reply_count":0,"_bbp_topic_count_hidden":0,"_bbp_reply_count_hidden":0,"_bbp_forum_subforum_count":0},"_links":{"self":[{"href":"https:\/\/www.fullcertificate.com\/pl\/wp-json\/wp\/v2\/pages\/15081"}],"collection":[{"href":"https:\/\/www.fullcertificate.com\/pl\/wp-json\/wp\/v2\/pages"}],"about":[{"href":"https:\/\/www.fullcertificate.com\/pl\/wp-json\/wp\/v2\/types\/page"}],"author":[{"embeddable":true,"href":"https:\/\/www.fullcertificate.com\/pl\/wp-json\/wp\/v2\/users\/2"}],"replies":[{"embeddable":true,"href":"https:\/\/www.fullcertificate.com\/pl\/wp-json\/wp\/v2\/comments?post=15081"}],"version-history":[{"count":14,"href":"https:\/\/www.fullcertificate.com\/pl\/wp-json\/wp\/v2\/pages\/15081\/revisions"}],"predecessor-version":[{"id":27708,"href":"https:\/\/www.fullcertificate.com\/pl\/wp-json\/wp\/v2\/pages\/15081\/revisions\/27708"}],"wp:attachment":[{"href":"https:\/\/www.fullcertificate.com\/pl\/wp-json\/wp\/v2\/media?parent=15081"}],"curies":[{"name":"wp","href":"https:\/\/api.w.org\/{rel}","templated":true}]}}