{"id":15084,"date":"2019-02-13T16:57:07","date_gmt":"2019-02-13T16:57:07","guid":{"rendered":"https:\/\/fullcertificate.com\/?page_id=15084"},"modified":"2022-04-13T03:55:25","modified_gmt":"2022-04-13T03:55:25","slug":"smartone2one","status":"publish","type":"page","link":"https:\/\/www.fullcertificate.com\/pl\/smartone2one\/","title":{"rendered":"smartone2one"},"content":{"rendered":"[mk_page_section bg_image=&#8221;https:\/\/fullcertificate.com\/wp-content\/uploads\/2018\/11\/banner-smartone2one-avisos-certificados-2-1.jpg&#8221; bg_position=&#8221;center top&#8221; bg_repeat=&#8221;no-repeat&#8221; bg_stretch=&#8221;true&#8221; min_height=&#8221;350&#8243; padding_top=&#8221;20&#8243; padding_bottom=&#8221;0&#8243; first_page=&#8221;true&#8221; last_page=&#8221;true&#8221; sidebar=&#8221;sidebar-1&#8243;][vc_column][mk_fancy_title tag_name=&#8221;h1&#8243; color=&#8221;#000000&#8243; size=&#8221;40&#8243; font_weight=&#8221;normal&#8221; font_style=&#8221;normal&#8221; txt_transform=&#8221;none&#8221; margin_top=&#8221;60&#8243; margin_bottom=&#8221;0&#8243; font_family=&#8221;none&#8221;]Smart One2One[\/mk_fancy_title][mk_fancy_title tag_name=&#8221;h1&#8243; color=&#8221;#000000&#8243; size=&#8221;25&#8243; font_weight=&#8221;300&#8243; font_style=&#8221;normal&#8221; txt_transform=&#8221;none&#8221; margin_bottom=&#8221;0&#8243; font_family=&#8221;none&#8221;]Zautomatyzowane procesy niestandardowe[\/mk_fancy_title][mk_button dimension=&#8221;flat&#8221; size=&#8221;medium&#8221; url=&#8221;https:\/\/fullcertificate.com\/pl\/skontaktuj-sie-z-nami\/&#8221; button_custom_width=&#8221;250&#8243; bg_color=&#8221;#0062b0&#8243; btn_hover_bg=&#8221;#252525&#8243;]SKONTAKTUJ SI\u0118 TERAZ[\/mk_button][\/vc_column][\/mk_page_section][mk_page_section padding_top=&#8221;50&#8243; padding_bottom=&#8221;50&#8243; first_page=&#8221;false&#8221; last_page=&#8221;false&#8221; sidebar=&#8221;sidebar-1&#8243;][vc_column width=&#8221;3\/4&#8243;][mk_fancy_title color=&#8221;#0062af&#8221; size=&#8221;30&#8243; font_weight=&#8221;normal&#8221; font_style=&#8221;normal&#8221; txt_transform=&#8221;none&#8221; margin_bottom=&#8221;0&#8243; font_family=&#8221;none&#8221;]Spersonalizowane powiadomienia, wysoki poziom wykonania i wysoka dost\u0119pno\u015b\u0107 dzi\u0119ki certyfikacji wielokana\u0142owej[\/mk_fancy_title][mk_divider style=&#8221;thin_solid&#8221; thickness=&#8221;4&#8243; margin_top=&#8221;0&#8243;][mk_fancy_title color=&#8221;#000000&#8243; size=&#8221;17&#8243; font_weight=&#8221;bold&#8221; font_style=&#8221;normal&#8221; txt_transform=&#8221;uppercase&#8221; margin_bottom=&#8221;30&#8243; font_family=&#8221;none&#8221;]<strong>Dzi\u0119ki SMART ONE2ONE DOSTOSUJEMY SI\u0118 DO TWOJEJ FIRMY, S\u0141UCHAJCIE, CZEGO TYM POTRZEBUJESZ I AUTOMATYZUJESZ WSZYSTKIE PROCESY POWIADOMIENIA.<\/strong>[\/mk_fancy_title][vc_row_inner padding=&#8221;0&#8243;][vc_column_inner width=&#8221;1\/3&#8243;][mk_icon_box2 icon_type=&#8221;image&#8221; icon_size=&#8221;inherit&#8221; title_size=&#8221;0&#8243; title_top_padding=&#8221;0&#8243; title_bottom_padding=&#8221;0&#8243;]<img class=\"wp-image-6433 size-medium aligncenter\" src=\"https:\/\/fullcertificate.com\/wp-content\/uploads\/2018\/10\/logo-smart-one2one-2-1.png\" alt=\"\" width=\"240\" \/><img class=\"wp-image-6439 size-medium aligncenter\" src=\"https:\/\/fullcertificate.com\/wp-content\/uploads\/2018\/10\/grafico-smart-one2one-1.png\" alt=\"\" width=\"216\" \/><\/p>\n<p style=\"text-align: center;\"><strong><span style=\"color: #0062b0;\">SMART ONE2ONE<br \/>\n<\/span><\/strong>Powiadomienia niestandardowe<br \/>\nWysoka g\u0142o\u015bno\u015b\u0107 wykonania<br \/>\nCertyfikacja wielokana\u0142owa<br \/>\nWysoka dost\u0119pno\u015b\u0107<\/p>\n[\/mk_icon_box2][\/vc_column_inner][vc_column_inner width=&#8221;2\/3&#8243;][mk_fancy_title tag_name=&#8221;h4&#8243; color=&#8221;#000000&#8243; font_weight=&#8221;normal&#8221; font_style=&#8221;normal&#8221; txt_transform=&#8221;none&#8221; margin_bottom=&#8221;0&#8243; font_family=&#8221;none&#8221;]Powiedzmy, \u017ce potrzebujesz wys\u0142a\u0107<span style=\"color: #0062af;\"> o\u015bwiadczenie do tysi\u0119cy odbiorc\u00f3w<\/span>. Nie b\u0119dzie problemu, dysponujemy najlepsz\u0105 technologi\u0105, aby Twoje o\u015bwiadczenie dotar\u0142o do ka\u017cdego odbiorcy, a tak\u017ce <span style=\"color: #0062af;\">po\u015bwiadcza ka\u017cdy krok, kt\u00f3ry odbiorca podejmuje po wej\u015bciu wyci\u0105gu. terminal<\/span><\/p>\n<p>&nbsp;<\/p>\n<p>Teraz powiedzmy, \u017ce chcesz, aby dla ka\u017cdego odbiorcy uruchomiono <span style=\"color: #0062af;\">spersonalizowane wyci\u0105gi z tysi\u0105cami odbiorc\u00f3w<\/span>. Tak samo nie b\u0119dzie problemu. Dzi\u0119ki <strong>Smart One2One<\/strong> <span style=\"color: #0062af;\">automatyzujemy ca\u0142y proces<\/span> w celu wysy\u0142ania <span style=\"color: #0062af;\">spersonalizowanych powiadomie\u0144 lub wszelkiego rodzaju dzia\u0142a\u0144 wymagaj\u0105cych du\u017cej liczby operacji.<\/span> Dzi\u0119ki tej us\u0142udze uzyskujemy r\u00f3wnie\u017c <span style=\"color: #0062af;\">wielokana\u0142ow\u0105 certyfikacj\u0119<\/span>, co oznacza, \u017ce \u200b\u200bka\u017cde powiadomienie otrzymane przez ka\u017cdego z tysi\u0119cy odbiorc\u00f3w w wi\u0119cej ni\u017c jednym terminalu b\u0119dzie certyfikowane z <span style=\"color: #0062af;\">pe\u0142n\u0105 moc\u0105 prawn\u0105<\/span>.<\/p>\n<p>&nbsp;<\/p>\n<p><strong>Smart One2One<\/strong>, z <strong>Full Certificate<\/strong>, pomo\u017ce Ci zautomatyzowa\u0107 wszystkie <span style=\"color: #0062af;\">procesy powiadamiania w Twojej firmie w spersonalizowany spos\u00f3b<\/span>: <strong>podpisywanie um\u00f3w online, certyfikaty potwierdzaj\u0105ce siedziby i wszelkiego rodzaju certyfikowana komunikacja<\/strong> z <span style=\"color: #0062af;\">wa\u017cno\u015bci\u0105 prawn\u0105<\/span>.<\/p>\n<p>&nbsp;<\/p>\n<p>Zaprojektowany do <span style=\"color: #0062af;\">zarz\u0105dzania du\u017cymi ilo\u015bciami klient\u00f3w<\/span>, mamy <span style=\"color: #0062af;\">ca\u0142kowit\u0105 integracj\u0119 system\u00f3w i automatyzacji proces\u00f3w<\/span>, kt\u00f3re pozwol\u0105 Ci <span style=\"color: #0062af;\">dotrze\u0107 do ka\u017cdego z odbiorc\u00f3w w spersonalizowany spos\u00f3b i za pomoc\u0105 wielokana\u0142owej certyfikacji.<\/span><\/p>\n<p>&nbsp;<\/p>\n<p>Nasze IDC, internetowe centrum danych, ma <span style=\"color: #0062af;\">42 wydajne nadmiarowe serwery<\/span>, kt\u00f3re obs\u0142uguj\u0105 firmy finansowe i komercyjne o du\u017cych potrzebach procesowych.<\/p>\n<p>&nbsp;<\/p>\n<ul>\n<li><strong>42 serwery<\/strong><\/li>\n<li><strong>Awaria odzyskiwania i pe\u0142ne kopie zapasowe.<\/strong><\/li>\n<li>Minimalny <strong>okres opieki<\/strong> 5 lat.<\/li>\n<li>Poziomy <strong>reputacji 99,99%<\/strong>.<\/li>\n<li><strong>Pe\u0142na pr\u0119dko\u015b\u0107 Internetu<\/strong>: 120 MB \/ sg.<\/li>\n<li><strong>Maksymalne bezpiecze\u0144stwo<\/strong> fizyczne i logiczne.<\/li>\n<li>Ca\u0142kowita i przyrostowa <strong>skalowalno\u015b\u0107<\/strong>.<\/li>\n<li><strong>Z\u0142ote s\u0142o\u0144ce<\/strong> w elektronicznych us\u0142ugach przesy\u0142ania wiadomo\u015bci.<\/li>\n<li><strong>Komunikacja<\/strong><\/li>\n<li><strong>Wyspecjalizowany zesp\u00f3\u0142<\/strong>.<\/li>\n<li><strong>Wiele integracji<\/strong>: systemy ERP, CRM itp.<\/li>\n<\/ul>\n<p>&nbsp;<\/p>\n<p><strong>Us\u0142ugi o warto\u015bci dodanej<\/strong><\/p>\n<p>&nbsp;<\/p>\n<ul>\n<li><span style=\"color: #0062af;\">Us\u0142ugi sieciowe.<\/span><\/li>\n<li><span style=\"color: #0062af;\">Ca\u0142kowita personalizacja.<\/span><\/li>\n<li><span style=\"color: #0062af;\">Automatyzacja marketingu.<\/span><\/li>\n<\/ul>\n<p><strong>\u00a0<\/strong><\/p>\n<p>Dzi\u0119ki automatyzacji Cloud &amp; Inhouse, kt\u00f3ra pozwala nam <span style=\"color: #0062af;\">certyfikowa\u0107 tre\u015b\u0107 z legaln\u0105 wa\u017cno\u015bci\u0105 z niezr\u00f3wnan\u0105 szybko\u015bci\u0105<\/span>, <strong>Full Certificate<\/strong> mog\u0105 oferowa\u0107 <strong>wysok\u0105 dost\u0119pno\u015b\u0107 i du\u017c\u0105 liczb\u0119 us\u0142ug wykonawczych<\/strong>, dzi\u0119ki czemu nie tracisz czasu na r\u0119czne wysy\u0142anie spersonalizowanej komunikacji.<\/p>\n<p>&nbsp;<\/p>\n<p>Wszystko, od Twojej wygody i bez czekania: korzystamy ze <span style=\"color: #0062af;\">wszystkich cyfrowych kana\u0142\u00f3w komunikacji<\/span>, aby Twoje powiadomienia dotar\u0142y do \u200b\u200bodbiorcy z najwy\u017cszym poziomem sukcesu poprzez <strong>biura, e-maile, SMS-y itp. (Wielokana\u0142owy)<\/strong><\/p>\n<p>&nbsp;<\/p>\n<p>W razie potrzeby przy wysy\u0142ce<strong> wielu urz\u0105dze\u0144<\/strong> klient otrzyma umow\u0119 na swoim smartfonie, tablecie lub komputerze i mo\u017ce podpisa\u0107 cyfrowo za pomoc\u0105 najbardziej dogodnej dla nich opcji.<\/p>\n<p>&nbsp;<\/p>\n<p>Us\u0142ugi oferowane przez <strong>Full Certificate<\/strong> w celu osi\u0105gni\u0119cia poziomu <span style=\"color: #0062af;\">doskona\u0142o\u015bci w operacjach wewn\u0119trznych<\/span>, przy znacznych oszcz\u0119dno\u015bciach czasu, <span style=\"color: #0062af;\">doskona\u0142ych kosztach jednostkowych dla ka\u017cdego procesu, ca\u0142kowitym bezpiecze\u0144stwie w procesach podpisu cyfrowego<\/span> i <span style=\"color: #0062af;\">pe\u0142nej wa\u017cno\u015bci prawnej na poziomie Europejskim.<\/span><\/p>\n<p>&nbsp;<\/p>\n<p>Ponadto:<\/p>\n<p>&nbsp;<\/p>\n<ul>\n<li><strong>Dost\u0119p<\/strong> w czasie rzeczywistym<strong> 24 godziny<\/strong>.<\/li>\n<li><strong>Automatyzacja proces\u00f3w biznesowych<\/strong> dzi\u0119ki certyfikacji elektronicznej.<\/li>\n<li>Pi\u0119\u0107 lat<strong> opieki<\/strong> zgodnie z prawem z mo\u017cliwo\u015bci\u0105 rozszerzenia w zale\u017cno\u015bci od potrzeb.<\/li>\n<li><strong>\u015awiadectwo notarialne<\/strong><\/li>\n<li><strong>Znacz\u0105ce oszcz\u0119dno\u015bci<\/strong> czasu i pieni\u0119dzy<\/li>\n<\/ul>\n[\/mk_fancy_title][mk_fancy_title tag_name=&#8221;h4&#8243; color=&#8221;#000000&#8243; font_weight=&#8221;normal&#8221; font_style=&#8221;normal&#8221; txt_transform=&#8221;none&#8221; font_family=&#8221;none&#8221;]Jako <strong>Trzecia Strona Europejskiego Zaufania<\/strong> gwarantujemy <span style=\"color: #0062af;\">pe\u0142n\u0105 wa\u017cno\u015b\u0107 prawn\u0105<\/span> w <span style=\"color: #0062af;\">Powiadomieniach, Umowach i Zaproszeniach<\/span>. B\u0119dziesz mia\u0142 szybk\u0105 i ekonomiczn\u0105 us\u0142ug\u0119, dzi\u0119ki kt\u00f3rej zaoszcz\u0119dzisz czas i pieni\u0105dze. <span style=\"color: #0062af;\">Ponadto ich certyfikaty b\u0119d\u0105 przechowywane przez 5 lat<\/span>.<\/p>\n<p>&nbsp;<\/p>\n<p><strong>Full Certificate<\/strong> opracowuj\u0105 technologi\u0119 i us\u0142ugi, tworz\u0105c <span style=\"color: #0062af;\">jedn\u0105 z najwi\u0119kszych platform<\/span> <span style=\"color: #0062af;\">certyfikacji elektronicznej<\/span> na poziomie krajowym i europejskim. Mo\u017cesz wydawa\u0107 powiadomienia, wa\u017cne komunikaty i umowy z ca\u0142kowit\u0105 kontrol\u0105 oraz oszcz\u0119dno\u015bci\u0105 czasu i pieni\u0119dzy.[\/mk_fancy_title][\/vc_column_inner][\/vc_row_inner][vc_row_inner padding=&#8221;0&#8243;][\/vc_row_inner][\/vc_column][vc_column border_color=&#8221;#ffffff&#8221; width=&#8221;1\/4&#8243;][mk_image src=&#8221;https:\/\/fullcertificate.com\/wp-content\/uploads\/2018\/12\/european-trusted-third-party-full-certificate.png&#8221; image_width=&#8221;180&#8243; align=&#8221;center&#8221; margin_bottom=&#8221;35&#8243; crop=&#8221;false&#8221;][vc_empty_space height=&#8221;0px&#8221;][vc_row_inner padding=&#8221;0&#8243;][vc_column_inner css=&#8221;.vc_custom_1574178431100{border-top-width: 1px !important;border-right-width: 1px !important;border-bottom-width: 1px !important;border-left-width: 1px !important;border-left-color: #f2006e !important;border-left-style: solid !important;border-right-color: #f2006e !important;border-right-style: solid !important;border-top-color: #f2006e !important;border-top-style: solid !important;border-bottom-color: #f2006e !important;border-bottom-style: solid !important;}&#8221;][mk_fancy_title color=&#8221;#000000&#8243; size=&#8221;20&#8243; font_weight=&#8221;bold&#8221; font_style=&#8221;normal&#8221; txt_transform=&#8221;uppercase&#8221; margin_top=&#8221;20&#8243; margin_bottom=&#8221;0&#8243; font_family=&#8221;none&#8221; align=&#8221;center&#8221;]\n<p style=\"text-align: center;\">ZAREJESTRUJ SI\u0118 ZA DARMO<\/p>\n[\/mk_fancy_title][mk_fancy_title color=&#8221;#000000&#8243; size=&#8221;16&#8243; font_weight=&#8221;normal&#8221; font_style=&#8221;normal&#8221; txt_transform=&#8221;none&#8221; margin_bottom=&#8221;0&#8243; font_family=&#8221;none&#8221; align=&#8221;center&#8221;]\n<p style=\"text-align: center;\">Wypr\u00f3buj nasze certyfikowane us\u0142ugi o pe\u0142nej mocy prawnej.<\/p>\n<p>&nbsp;<\/p>\n<p style=\"text-align: center;\"><strong><span style=\"color: #0062b0;\">Bez op\u0142at, bez um\u00f3w.<\/span><br \/>\n<\/strong>Twoje saldo nigdy nie wygasa.<\/p>\n[\/mk_fancy_title][mk_button dimension=&#8221;flat&#8221; corner_style=&#8221;rounded&#8221; size=&#8221;medium&#8221; url=&#8221;https:\/\/cloud.fullcertificate.com\/register&#8221; target=&#8221;_blank&#8221; align=&#8221;center&#8221; button_custom_width=&#8221;160&#8243; bg_color=&#8221;#f2006e&#8221; btn_hover_bg=&#8221;#252525&#8243; btn_hover_txt_color=&#8221;#ffffff&#8221;]KLIKNIJ TUTAJ[\/mk_button][\/vc_column_inner][\/vc_row_inner][vc_row_inner padding=&#8221;0&#8243;][vc_column_inner][vc_empty_space height=&#8221;20px&#8221;][mk_icon_box2 icon_type=&#8221;image&#8221; icon_size=&#8221;inherit&#8221; title_size=&#8221;0&#8243; title_top_padding=&#8221;0&#8243; title_bottom_padding=&#8221;0&#8243;]<a href=\"https:\/\/fullcertificate.com\/pl\/smartmoney\/\"><img loading=\"lazy\" class=\"wp-image-6433 size-medium aligncenter\" src=\"https:\/\/fullcertificate.com\/wp-content\/uploads\/2018\/10\/logo-smartmoney-1.png\" alt=\"\" width=\"180\" height=\"31\" \/><\/a><a href=\"https:\/\/fullcertificate.com\/pl\/smartmoney\/\"><img loading=\"lazy\" class=\"wp-image-6439 size-medium aligncenter\" src=\"https:\/\/fullcertificate.com\/wp-content\/uploads\/2018\/10\/grafico-smart-money-3-1.png\" alt=\"\" width=\"170\" height=\"300\" \/><\/a><\/p>\n<p style=\"text-align: center;\"><strong><span style=\"color: #0062b0;\"><a style=\"color: #0062b0;\" href=\"https:\/\/fullcertificate.com\/pl\/smartmoney\/\">SMART MONEY<\/a><br \/>\n<\/span><\/strong>Smart Contracts<br \/>\nSmart Payments<br \/>\n<span style=\"color: #000000; text-decoration: none;\">Smart Recovery<br \/>\nDashboard<br \/>\n<\/span><\/p>\n[\/mk_icon_box2][mk_icon_box2 icon_type=&#8221;image&#8221; icon_size=&#8221;inherit&#8221; title_size=&#8221;0&#8243; title_top_padding=&#8221;0&#8243; title_bottom_padding=&#8221;0&#8243;]<a href=\"https:\/\/fullcertificate.com\/pl\/automation-cloud-inhouse\/\"><img loading=\"lazy\" class=\"wp-image-6433 size-medium aligncenter\" src=\"https:\/\/fullcertificate.com\/wp-content\/uploads\/2018\/10\/logo-smart-automation-2-1.png\" alt=\"\" width=\"265\" height=\"31\" \/><\/a><a href=\"https:\/\/fullcertificate.com\/pl\/automation-cloud-inhouse\/\"><img loading=\"lazy\" class=\"wp-image-6439 size-medium aligncenter\" src=\"https:\/\/fullcertificate.com\/wp-content\/uploads\/2018\/10\/grafico-smart-automation-1.png\" alt=\"\" width=\"170\" height=\"300\" \/><\/a><\/p>\n<p style=\"text-align: center;\"><strong><span style=\"color: #0062b0;\"><a style=\"color: #0062b0;\" href=\"https:\/\/fullcertificate.com\/pl\/automation-cloud-inhouse\/\">SMART AUTOMATION<\/a><br \/>\n<\/span><\/strong><span style=\"color: #000000; text-decoration: none;\">WS API-REST<br \/>\nRozw\u00f3j IT<br \/>\nZaawansowane uwierzytelnianie<br \/>\nPortale i formularze. Inteligentny<br \/>\n<\/span><\/p>\n[\/mk_icon_box2][\/vc_column_inner][\/vc_row_inner][vc_empty_space height=&#8221;20px&#8221;][vc_row_inner el_class=&#8221;ocultar&#8221;][vc_column_inner css=&#8221;.vc_custom_1540979094932{border-top-width: 1px !important;border-right-width: 1px !important;border-bottom-width: 1px !important;border-left-width: 1px !important;padding-top: 20px !important;padding-bottom: 20px !important;background-color: #ffffff !important;border-left-color: #1e73be !important;border-left-style: solid !important;border-right-color: #1e73be !important;border-right-style: solid !important;border-top-color: #1e73be !important;border-top-style: solid !important;border-bottom-color: #1e73be !important;border-bottom-style: solid !important;}&#8221;][mk_fancy_title color=&#8221;#000000&#8243; size=&#8221;20&#8243; font_weight=&#8221;bold&#8221; font_style=&#8221;normal&#8221; txt_transform=&#8221;uppercase&#8221; margin_bottom=&#8221;0&#8243; font_family=&#8221;none&#8221; align=&#8221;center&#8221;]\n<p style=\"text-align: center;\">DANE KONTAKTOWE<\/p>\n[\/mk_fancy_title][mk_fancy_title color=&#8221;#1e73be&#8221; font_weight=&#8221;normal&#8221; font_style=&#8221;normal&#8221; txt_transform=&#8221;none&#8221; margin_bottom=&#8221;0&#8243; font_family=&#8221;none&#8221; align=&#8221;center&#8221;]\n<p style=\"text-align: center;\"><strong>Telefon:<\/strong>\u00a0(0034) 91 005 26 59<br \/>\n<strong>Adres:\u00a0<\/strong>C \/ Boix i Morer 6, poddasze.<br \/>\n28003 Madryt, Hiszpania<\/p>\n[\/mk_fancy_title][mk_button dimension=&#8221;flat&#8221; corner_style=&#8221;rounded&#8221; size=&#8221;medium&#8221; url=&#8221;https:\/\/fullcertificate.com\/pl\/skontaktuj-sie-z-nami\/&#8221; align=&#8221;center&#8221; button_custom_width=&#8221;160&#8243; bg_color=&#8221;#0062b0&#8243; btn_hover_bg=&#8221;#252525&#8243;]SKONTAKTUJ SI\u0118 Z NAMI[\/mk_button][\/vc_column_inner][\/vc_row_inner][\/vc_column][\/mk_page_section][mk_page_section full_width=&#8221;true&#8221; first_page=&#8221;false&#8221; last_page=&#8221;false&#8221; sidebar=&#8221;sidebar-1&#8243;][vc_column][mk_divider style=&#8221;thin_solid&#8221; thickness=&#8221;4&#8243; margin_top=&#8221;10&#8243; margin_bottom=&#8221;40&#8243;][vc_row_inner padding=&#8221;0&#8243;][vc_column_inner width=&#8221;1\/4&#8243;][\/vc_column_inner][vc_column_inner width=&#8221;1\/2&#8243;][mk_fancy_title tag_name=&#8221;h4&#8243; color=&#8221;#393836&#8243; size=&#8221;30&#8243; font_weight=&#8221;normal&#8221; font_style=&#8221;normal&#8221; txt_transform=&#8221;uppercase&#8221; margin_bottom=&#8221;18&#8243; font_family=&#8221;none&#8221; align=&#8221;center&#8221;]\n<p style=\"text-align: center;\">Z GWARANCJ\u0104<\/p>\n[\/mk_fancy_title][mk_image src=&#8221;https:\/\/fullcertificate.com\/wp-content\/uploads\/2022\/04\/footer-nuevo-WE-VOTE.jpg&#8221; image_width=&#8221;1500&#8243; image_height=&#8221;216&#8243; link=&#8221;http:\/\/fullcertificate.com\/&#8221; target=&#8221;_blank&#8221; align=&#8221;center&#8221; margin_bottom=&#8221;40&#8243; el_class=&#8221;imagen-footer-centro&#8221; crop=&#8221;false&#8221;][\/vc_column_inner][vc_column_inner width=&#8221;1\/4&#8243;][\/vc_column_inner][\/vc_row_inner][\/vc_column][\/mk_page_section]\n","protected":false},"excerpt":{"rendered":"<p>[mk_page_section bg_image=&#8221;https:\/\/fullcertificate.com\/wp-content\/uploads\/2018\/11\/banner-smartone2one-avisos-certificados-2-1.jpg&#8221; bg_position=&#8221;center top&#8221; bg_repeat=&#8221;no-repeat&#8221; bg_stretch=&#8221;true&#8221; min_height=&#8221;350&#8243; padding_top=&#8221;20&#8243; padding_bottom=&#8221;0&#8243; first_page=&#8221;true&#8221; last_page=&#8221;true&#8221; sidebar=&#8221;sidebar-1&#8243;][vc_column][mk_fancy_title tag_name=&#8221;h1&#8243; color=&#8221;#000000&#8243; size=&#8221;40&#8243; font_weight=&#8221;normal&#8221; font_style=&#8221;normal&#8221; txt_transform=&#8221;none&#8221; margin_top=&#8221;60&#8243; margin_bottom=&#8221;0&#8243; font_family=&#8221;none&#8221;]Smart One2One[\/mk_fancy_title][mk_fancy_title tag_name=&#8221;h1&#8243; color=&#8221;#000000&#8243; size=&#8221;25&#8243; font_weight=&#8221;300&#8243; font_style=&#8221;normal&#8221; txt_transform=&#8221;none&#8221; margin_bottom=&#8221;0&#8243; font_family=&#8221;none&#8221;]Zautomatyzowane procesy niestandardowe[\/mk_fancy_title][mk_button dimension=&#8221;flat&#8221; size=&#8221;medium&#8221; url=&#8221;https:\/\/fullcertificate.com\/pl\/skontaktuj-sie-z-nami\/&#8221; button_custom_width=&#8221;250&#8243; bg_color=&#8221;#0062b0&#8243; btn_hover_bg=&#8221;#252525&#8243;]SKONTAKTUJ SI\u0118 TERAZ[\/mk_button][\/vc_column][\/mk_page_section][mk_page_section padding_top=&#8221;50&#8243; padding_bottom=&#8221;50&#8243; first_page=&#8221;false&#8221; last_page=&#8221;false&#8221; sidebar=&#8221;sidebar-1&#8243;][vc_column width=&#8221;3\/4&#8243;][mk_fancy_title color=&#8221;#0062af&#8221; size=&#8221;30&#8243; font_weight=&#8221;normal&#8221; font_style=&#8221;normal&#8221; txt_transform=&#8221;none&#8221; margin_bottom=&#8221;0&#8243; font_family=&#8221;none&#8221;]Spersonalizowane powiadomienia, wysoki [&hellip;]<\/p>\n","protected":false},"author":2,"featured_media":0,"parent":0,"menu_order":0,"comment_status":"closed","ping_status":"closed","template":"","meta":{"_bbp_topic_count":0,"_bbp_reply_count":0,"_bbp_total_topic_count":0,"_bbp_total_reply_count":0,"_bbp_voice_count":0,"_bbp_anonymous_reply_count":0,"_bbp_topic_count_hidden":0,"_bbp_reply_count_hidden":0,"_bbp_forum_subforum_count":0},"_links":{"self":[{"href":"https:\/\/www.fullcertificate.com\/pl\/wp-json\/wp\/v2\/pages\/15084"}],"collection":[{"href":"https:\/\/www.fullcertificate.com\/pl\/wp-json\/wp\/v2\/pages"}],"about":[{"href":"https:\/\/www.fullcertificate.com\/pl\/wp-json\/wp\/v2\/types\/page"}],"author":[{"embeddable":true,"href":"https:\/\/www.fullcertificate.com\/pl\/wp-json\/wp\/v2\/users\/2"}],"replies":[{"embeddable":true,"href":"https:\/\/www.fullcertificate.com\/pl\/wp-json\/wp\/v2\/comments?post=15084"}],"version-history":[{"count":10,"href":"https:\/\/www.fullcertificate.com\/pl\/wp-json\/wp\/v2\/pages\/15084\/revisions"}],"predecessor-version":[{"id":27680,"href":"https:\/\/www.fullcertificate.com\/pl\/wp-json\/wp\/v2\/pages\/15084\/revisions\/27680"}],"wp:attachment":[{"href":"https:\/\/www.fullcertificate.com\/pl\/wp-json\/wp\/v2\/media?parent=15084"}],"curies":[{"name":"wp","href":"https:\/\/api.w.org\/{rel}","templated":true}]}}