{"id":15088,"date":"2019-02-13T16:58:21","date_gmt":"2019-02-13T16:58:21","guid":{"rendered":"https:\/\/fullcertificate.com\/?page_id=15088"},"modified":"2022-04-13T04:21:09","modified_gmt":"2022-04-13T04:21:09","slug":"smartrenting","status":"publish","type":"page","link":"https:\/\/www.fullcertificate.com\/pl\/smartrenting\/","title":{"rendered":"smartrenting"},"content":{"rendered":"[mk_page_section bg_image=&#8221;https:\/\/fullcertificate.com\/wp-content\/uploads\/2018\/11\/banner-smartrenting-avisos-certificados-2-1.jpg&#8221; bg_position=&#8221;center top&#8221; bg_repeat=&#8221;no-repeat&#8221; bg_stretch=&#8221;true&#8221; min_height=&#8221;350&#8243; padding_top=&#8221;20&#8243; padding_bottom=&#8221;0&#8243; first_page=&#8221;true&#8221; last_page=&#8221;true&#8221; sidebar=&#8221;sidebar-1&#8243;][vc_column][mk_fancy_title tag_name=&#8221;h1&#8243; color=&#8221;#ffffff&#8221; size=&#8221;40&#8243; font_weight=&#8221;normal&#8221; font_style=&#8221;normal&#8221; txt_transform=&#8221;none&#8221; margin_top=&#8221;60&#8243; margin_bottom=&#8221;0&#8243; font_family=&#8221;none&#8221;]Smart Renting\u00a0&#8211; Rent i Smart Renting[\/mk_fancy_title][mk_fancy_title tag_name=&#8221;h1&#8243; color=&#8221;#ffffff&#8221; size=&#8221;25&#8243; font_weight=&#8221;300&#8243; font_style=&#8221;normal&#8221; txt_transform=&#8221;none&#8221; margin_bottom=&#8221;0&#8243; font_family=&#8221;none&#8221;]Inteligentne Przep\u0142ywy Pieni\u0119\u017cne za Wynajem i Wynajem[\/mk_fancy_title][mk_button dimension=&#8221;flat&#8221; size=&#8221;medium&#8221; url=&#8221;https:\/\/fullcertificate.com\/pl\/skontaktuj-sie-z-nami\/&#8221; button_custom_width=&#8221;250&#8243; bg_color=&#8221;#0062b0&#8243; btn_hover_bg=&#8221;#252525&#8243;]SKONTAKTUJ SI\u0118 TERAZ[\/mk_button][\/vc_column][\/mk_page_section][mk_page_section padding_top=&#8221;50&#8243; padding_bottom=&#8221;0&#8243; first_page=&#8221;false&#8221; last_page=&#8221;false&#8221; sidebar=&#8221;sidebar-1&#8243;][vc_column width=&#8221;3\/4&#8243;][mk_fancy_title color=&#8221;#0062af&#8221; size=&#8221;30&#8243; font_weight=&#8221;normal&#8221; font_style=&#8221;normal&#8221; txt_transform=&#8221;none&#8221; margin_bottom=&#8221;0&#8243; font_family=&#8221;none&#8221;]Smart Renting &#8211; Rent i Smart Renting[\/mk_fancy_title][mk_divider style=&#8221;thin_solid&#8221; thickness=&#8221;4&#8243; margin_top=&#8221;0&#8243;][mk_fancy_title color=&#8221;#000000&#8243; size=&#8221;17&#8243; font_weight=&#8221;bold&#8221; font_style=&#8221;normal&#8221; txt_transform=&#8221;uppercase&#8221; margin_bottom=&#8221;30&#8243; font_family=&#8221;none&#8221;]<strong>AUTOMATYZACJA UM\u00d3W WYNAJMU I WYNAJMU.<\/strong>[\/mk_fancy_title][vc_row_inner padding=&#8221;0&#8243;][vc_column_inner width=&#8221;1\/3&#8243;][mk_icon_box2 icon_type=&#8221;image&#8221; icon_size=&#8221;inherit&#8221; title_size=&#8221;0&#8243; title_top_padding=&#8221;0&#8243; title_bottom_padding=&#8221;0&#8243;]<img class=\"wp-image-6433 size-medium aligncenter\" src=\"https:\/\/fullcertificate.com\/wp-content\/uploads\/2018\/11\/logo-smartrenting-2-1.png\" alt=\"\" width=\"240\" \/><img class=\"wp-image-6439 size-medium aligncenter\" src=\"https:\/\/fullcertificate.com\/wp-content\/uploads\/2018\/11\/grafico-smart-renting-1.png\" alt=\"\" width=\"216\" \/><\/p>\n<p style=\"text-align: center;\"><strong><span style=\"color: #0062b0;\">SMART RENTING<br \/>\n<\/span><\/strong>Smart Rental<br \/>\nZautomatyzowany wynajem<br \/>\nPobieranie op\u0142at<br \/>\nOdzyskiwanie d\u0142ug\u00f3w<br \/>\nCertyfikacja elektroniczna<br \/>\nWa\u017cno\u015b\u0107 prawna<\/p>\n[\/mk_icon_box2][\/vc_column_inner][vc_column_inner width=&#8221;2\/3&#8243;][mk_fancy_title tag_name=&#8221;h4&#8243; color=&#8221;#000000&#8243; font_weight=&#8221;normal&#8221; font_style=&#8221;normal&#8221; txt_transform=&#8221;none&#8221; font_family=&#8221;none&#8221;]<strong>Smart Renting<\/strong> umo\u017cliwia <span style=\"color: #0062af;\">elektroniczne i automatyczne zarz\u0105dzanie<\/span> wszystkimi rodzajami <span style=\"color: #0062af;\">um\u00f3w najmu nieruchomo\u015bci, og\u00f3lnie produkt\u00f3w i um\u00f3w najmu finansowego.<\/span><\/p>\n<p>&nbsp;<\/p>\n<p>Proces rozpoczyna si\u0119 od <strong>Smart Contracts<\/strong> lub <strong>inteligentnych um\u00f3w<\/strong> dotycz\u0105cych \u015bwiadczonej us\u0142ugi. Inteligentna umowa jest wysy\u0142ana do<span style=\"color: #0062af;\"> podpisu elektronicznego<\/span> przez odbiorc\u0119 i <span style=\"color: #0062af;\">realizuje finansowe i prawne zmienne umowy.<\/span><\/p>\n<p>&nbsp;<\/p>\n<p><span style=\"color: #0062af;\">Komunikacja, umowy i dzia\u0142ania zwi\u0105zane z odzyskiwaniem<\/span> i odzyskiwaniem s\u0105 po\u015bwiadczone przez <strong>Full Certificate<\/strong>, Third Party of Trust, nadaj\u0105c <span style=\"color: #0062af;\">prawn\u0105 wa\u017cno\u015b\u0107 wykonywanym faktom elektronicznym<\/span>.<\/p>\n<p>&nbsp;<\/p>\n<p>Umowy s\u0105 <strong>Certyfikowane Umowy Online<\/strong> mo\u017cna <span style=\"color: #0062af;\">podpisywa\u0107 na telefony kom\u00f3rkowe, komputery PC lub tablety<\/span>. Integracja z metodami p\u0142atno\u015bci odbywa si\u0119 w ca\u0142ej Europie za po\u015brednictwem SEPA. W ten spos\u00f3b wykonywane s\u0105 wszystkie procesy <strong>Smart Payments<\/strong> i <strong>Smart Recovery<\/strong>, czyli automatyzacja windykacji i odzyskiwania.<\/p>\n<p>&nbsp;<\/p>\n<p>W przypadku domy\u015blnych <strong>cykli odzyskiwania<\/strong> s\u0105 aktywowane. <span style=\"color: #0062af;\">Wielokana\u0142owa komunikacja certyfikowana<\/span> jest wykonywana z <span style=\"color: #0062af;\">frakcjonowaniem lub bez p\u0142atno\u015bci domy\u015blnej<\/span>. Pozostaje <span style=\"color: #0062af;\">przyjazny plik orzeczenia w trybie<\/span> prejudycjalnym gotowy na roszczenia w drodze arbitra\u017cu lub procesu.<\/p>\n<p>&nbsp;<\/p>\n<p><strong>Smart Renting<\/strong> pozwala zdefiniowa\u0107 <span style=\"color: #0062af;\">wszystkie typy zmiennych finansowych i zarz\u0105dczych<\/span> zwi\u0105zanych z warunkami umowy. W\u015br\u00f3d tych zmiennych wyr\u00f3\u017cniamy:<\/p>\n<p>&nbsp;<\/p>\n<ul>\n<li>Op\u0142aty miesi\u0119czne<\/li>\n<li>Terminy p\u0142atno\u015bci<\/li>\n<li>Odsetki za zw\u0142ok\u0119<\/li>\n<li>Koszty zwrotu<\/li>\n<li>Kary<\/li>\n<li>Metody p\u0142atno\u015bci<\/li>\n<li>Etc<\/li>\n<\/ul>\n<p>&nbsp;<\/p>\n<p>Elektroniczne kana\u0142y p\u0142atno\u015bci mog\u0105 by\u0107:<\/p>\n<p>&nbsp;<\/p>\n<ul>\n<li>POS online<\/li>\n<li>elektroniczny paragon z miejscem zamieszkania<\/li>\n<li>Elektroniczny przelew bankowy<\/li>\n<li>Etc<\/li>\n<\/ul>\n<p>&nbsp;<\/p>\n<p>W\u015br\u00f3d opcji us\u0142ug wyr\u00f3\u017cniaj\u0105 si\u0119:<\/p>\n<p>&nbsp;<\/p>\n<p><strong>WS Automation Recovery Services:<\/strong> <span style=\"color: #0062af;\">dla klient\u00f3w z wi\u0119ksz\u0105 ilo\u015bci\u0105 plik\u00f3w odzyskiwania.<\/span> Wdro\u017cenie poprzez analiz\u0119 potrzeb, programowanie IT i integracj\u0119 <span style=\"color: #0062af;\">us\u0142ug sieciowych &#8211; WS API REST &#8211;<\/span>.<\/p>\n<p>&nbsp;<\/p>\n<p><strong>Us\u0142ugi odzyskiwania danych<\/strong> w chmurze dla firm, stowarzysze\u0144 i instytucji: <span style=\"color: #0062af;\">Aktywacja w chmurze i automatyzacja plik\u00f3w odzyskiwania<\/span> za po\u015brednictwem naszych us\u0142ug online.<\/p>\n<p>&nbsp;<\/p>\n<p><span style=\"color: #0062af;\">W\u015br\u00f3d wielkich korzy\u015bci z tych projekt\u00f3w cyfrowych podkre\u015blamy:<\/span><\/p>\n<p>&nbsp;<\/p>\n<ul>\n<li>Istotne oszcz\u0119dno\u015bci finansowe<\/li>\n<li>Oszcz\u0119dno\u015bci tysi\u0119cy roboczogodzin<\/li>\n<li>Certyfikowana komunikacja elektroniczna<\/li>\n<li>Zautomatyzowane, p\u00f3\u0142automatyczne i r\u0119czne procesy<\/li>\n<li>Zautomatyzowane p\u0142atno\u015bci i p\u0142atno\u015bci z p\u0142atno\u015bciami na konto<\/li>\n<li>Kontrola i certyfikacja przez Third Party Trust<\/li>\n<li>Wa\u017cno\u015b\u0107 prawna<\/li>\n<\/ul>\n<p>&nbsp;<\/p>\n<p><strong>Smart Renting<\/strong> zapewnia <span style=\"color: #0062af;\">znaczn\u0105 redukcj\u0119 czasu w zarz\u0105dzaniu i procesach klient\u00f3w<\/span>, a co najwa\u017cniejsze, generujemy procesy o <strong>wysokim poziomie powodzenia w strategii gromadzenia, p\u0142atno\u015bci i odzyskiwania<\/strong>.<\/p>\n<p>&nbsp;<\/p>\n<p>Ta us\u0142uga jest doskonale zintegrowana<strong> z wypo\u017cyczaniem, wynajmem, Socimis, stowarzyszeniami itp.<\/strong><\/p>\n<p>&nbsp;<\/p>\n<p>Zalecamy zapoznanie si\u0119 z naszymi <strong>Smart Communities,<\/strong> kt\u00f3re pozwalaj\u0105<span style=\"color: #0062af;\"> zautomatyzowa\u0107 procesy administracji spo\u0142eczno\u015bci, pobieranie op\u0142at i odzyskiwanie zaleg\u0142o\u015bci w<\/span> <strong>Spo\u0142eczno\u015bciach S\u0105siedzkich<\/strong>.<\/p>\n<p>&nbsp;<\/p>\n<p>Liczba <strong>Full Certificate<\/strong> <span style=\"color: #0062af;\">jako Zaufanego Dostawcy Us\u0142ug Elektronicznych<\/span> gwarantuje, \u017ce <span style=\"color: #0062af;\">komunikacja, umowy i umowy maj\u0105 pe\u0142n\u0105 moc prawn\u0105.<\/span> Szybka, ekonomiczna i u\u017cyteczna us\u0142uga, kt\u00f3r\u0105 mo\u017cesz wykona\u0107 w biurze, oszcz\u0119dzaj\u0105c czas i prac\u0119. Oferujemy r\u00f3wnie\u017c, wraz ze wszystkimi naszymi produktami, mo\u017cliwo\u015b\u0107 zam\u00f3wienia naszych us\u0142ug <strong>Po\u015bwiadcze\u0144 Notarialnych<\/strong>.[\/mk_fancy_title][\/vc_column_inner][\/vc_row_inner][vc_row_inner padding=&#8221;0&#8243;][\/vc_row_inner][\/vc_column][vc_column border_color=&#8221;#ffffff&#8221; width=&#8221;1\/4&#8243;][mk_image src=&#8221;https:\/\/fullcertificate.com\/wp-content\/uploads\/2018\/12\/european-trusted-third-party-full-certificate.png&#8221; image_width=&#8221;180&#8243; align=&#8221;center&#8221; margin_bottom=&#8221;35&#8243; crop=&#8221;false&#8221;][vc_empty_space height=&#8221;0px&#8221;][vc_row_inner padding=&#8221;0&#8243;][vc_column_inner css=&#8221;.vc_custom_1574177641484{border-top-width: 1px !important;border-right-width: 1px !important;border-bottom-width: 1px !important;border-left-width: 1px !important;border-left-color: #f2006e !important;border-left-style: solid !important;border-right-color: #f2006e !important;border-right-style: solid !important;border-top-color: #f2006e !important;border-top-style: solid !important;border-bottom-color: #f2006e !important;border-bottom-style: solid !important;}&#8221;][mk_fancy_title color=&#8221;#000000&#8243; size=&#8221;20&#8243; font_weight=&#8221;bold&#8221; font_style=&#8221;normal&#8221; txt_transform=&#8221;uppercase&#8221; margin_top=&#8221;20&#8243; margin_bottom=&#8221;0&#8243; font_family=&#8221;none&#8221; align=&#8221;center&#8221;]\n<p style=\"text-align: center;\">ZAREJESTRUJ SI\u0118 ZA DARMO<\/p>\n[\/mk_fancy_title][mk_fancy_title color=&#8221;#000000&#8243; size=&#8221;16&#8243; font_weight=&#8221;normal&#8221; font_style=&#8221;normal&#8221; txt_transform=&#8221;none&#8221; margin_bottom=&#8221;0&#8243; font_family=&#8221;none&#8221; align=&#8221;center&#8221;]\n<p style=\"text-align: center;\">Wypr\u00f3buj nasze certyfikowane us\u0142ugi o pe\u0142nej mocy prawnej.<\/p>\n<p>&nbsp;<\/p>\n<p style=\"text-align: center;\"><strong><span style=\"color: #0062b0;\">Bez op\u0142at, bez um\u00f3w.<\/span><br \/>\n<\/strong>Twoje saldo nigdy nie wygasa.<\/p>\n[\/mk_fancy_title][mk_button dimension=&#8221;flat&#8221; corner_style=&#8221;rounded&#8221; size=&#8221;medium&#8221; url=&#8221;https:\/\/cloud.fullcertificate.com\/register&#8221; target=&#8221;_blank&#8221; align=&#8221;center&#8221; button_custom_width=&#8221;160&#8243; bg_color=&#8221;#f2006e&#8221; btn_hover_bg=&#8221;#252525&#8243; btn_hover_txt_color=&#8221;#ffffff&#8221;]KLIKNIJ TUTAJ[\/mk_button][\/vc_column_inner][\/vc_row_inner][vc_row_inner padding=&#8221;0&#8243;][vc_column_inner][vc_empty_space height=&#8221;20px&#8221;][mk_icon_box2 icon_type=&#8221;image&#8221; icon_size=&#8221;inherit&#8221; title_size=&#8221;0&#8243; title_top_padding=&#8221;0&#8243; title_bottom_padding=&#8221;0&#8243;]<a href=\"https:\/\/fullcertificate.com\/pl\/smartmoney\/\"><img loading=\"lazy\" class=\"wp-image-6433 size-medium aligncenter\" src=\"https:\/\/fullcertificate.com\/wp-content\/uploads\/2018\/10\/logo-smartmoney-1.png\" alt=\"\" width=\"180\" height=\"31\" \/><\/a><a href=\"https:\/\/fullcertificate.com\/pl\/smartmoney\/\"><img loading=\"lazy\" class=\"wp-image-6439 size-medium aligncenter\" src=\"https:\/\/fullcertificate.com\/wp-content\/uploads\/2018\/10\/grafico-smart-money-3-1.png\" alt=\"\" width=\"170\" height=\"300\" \/><\/a><\/p>\n<p style=\"text-align: center;\"><strong><span style=\"color: #0062b0;\"><a style=\"color: #0062b0;\" href=\"https:\/\/fullcertificate.com\/pl\/smartmoney\/\">SMART MONEY<\/a><br \/>\n<\/span><\/strong>Smart Contracts<br \/>\nSmart Payments<br \/>\n<span style=\"color: #000000; text-decoration: none;\">Smart Recovery<br \/>\nDashboard<br \/>\n<\/span><\/p>\n[\/mk_icon_box2][mk_icon_box2 icon_type=&#8221;image&#8221; icon_size=&#8221;inherit&#8221; title_size=&#8221;0&#8243; title_top_padding=&#8221;0&#8243; title_bottom_padding=&#8221;0&#8243;]<a href=\"https:\/\/fullcertificate.com\/pl\/automation-cloud-inhouse\/\"><img loading=\"lazy\" class=\"wp-image-6433 size-medium aligncenter\" src=\"https:\/\/fullcertificate.com\/wp-content\/uploads\/2018\/10\/logo-smart-automation-2-1.png\" alt=\"\" width=\"265\" height=\"31\" \/><\/a><a href=\"https:\/\/fullcertificate.com\/pl\/automation-cloud-inhouse\/\"><img loading=\"lazy\" class=\"wp-image-6439 size-medium aligncenter\" src=\"https:\/\/fullcertificate.com\/wp-content\/uploads\/2018\/10\/grafico-smart-automation-1.png\" alt=\"\" width=\"170\" height=\"300\" \/><\/a><\/p>\n<p style=\"text-align: center;\"><strong><span style=\"color: #0062b0;\"><a style=\"color: #0062b0;\" href=\"https:\/\/fullcertificate.com\/pl\/automation-cloud-inhouse\/\">SMART AUTOMATION<\/a><br \/>\n<\/span><\/strong><span style=\"color: #000000; text-decoration: none;\">WS API-REST<br \/>\nRozw\u00f3j IT<br \/>\nZaawansowane uwierzytelnianie<br \/>\nPortale i formularze. Inteligentny<br \/>\n<\/span><\/p>\n[\/mk_icon_box2][\/vc_column_inner][\/vc_row_inner][vc_empty_space height=&#8221;20px&#8221;][vc_row_inner el_class=&#8221;ocultar&#8221;][vc_column_inner css=&#8221;.vc_custom_1540979094932{border-top-width: 1px !important;border-right-width: 1px !important;border-bottom-width: 1px !important;border-left-width: 1px !important;padding-top: 20px !important;padding-bottom: 20px !important;background-color: #ffffff !important;border-left-color: #1e73be !important;border-left-style: solid !important;border-right-color: #1e73be !important;border-right-style: solid !important;border-top-color: #1e73be !important;border-top-style: solid !important;border-bottom-color: #1e73be !important;border-bottom-style: solid !important;}&#8221;][mk_fancy_title color=&#8221;#000000&#8243; size=&#8221;20&#8243; font_weight=&#8221;bold&#8221; font_style=&#8221;normal&#8221; txt_transform=&#8221;uppercase&#8221; margin_bottom=&#8221;0&#8243; font_family=&#8221;none&#8221; align=&#8221;center&#8221;]\n<p style=\"text-align: center;\">DANE KONTAKTOWE<\/p>\n[\/mk_fancy_title][mk_fancy_title color=&#8221;#1e73be&#8221; font_weight=&#8221;normal&#8221; font_style=&#8221;normal&#8221; txt_transform=&#8221;none&#8221; margin_bottom=&#8221;0&#8243; font_family=&#8221;none&#8221; align=&#8221;center&#8221;]\n<p style=\"text-align: center;\"><strong>Telefon:<\/strong>\u00a0(0034) 91 005 26 59<br \/>\n<strong>Adres:\u00a0<\/strong>C \/ Boix i Morer 6, poddasze.<br \/>\n28003 Madryt, Hiszpania<\/p>\n[\/mk_fancy_title][mk_button dimension=&#8221;flat&#8221; corner_style=&#8221;rounded&#8221; size=&#8221;medium&#8221; url=&#8221;https:\/\/fullcertificate.com\/pl\/skontaktuj-sie-z-nami\/&#8221; align=&#8221;center&#8221; button_custom_width=&#8221;160&#8243; bg_color=&#8221;#0062b0&#8243; btn_hover_bg=&#8221;#252525&#8243;]SKONTAKTUJ SI\u0118 Z NAMI[\/mk_button][\/vc_column_inner][\/vc_row_inner][vc_row_inner padding=&#8221;0&#8243;][\/vc_row_inner][\/vc_column][\/mk_page_section][mk_page_section full_width=&#8221;true&#8221; first_page=&#8221;false&#8221; last_page=&#8221;false&#8221; sidebar=&#8221;sidebar-1&#8243;][vc_column][mk_divider style=&#8221;thin_solid&#8221; thickness=&#8221;4&#8243; margin_top=&#8221;10&#8243; margin_bottom=&#8221;40&#8243;][vc_row_inner padding=&#8221;0&#8243;][vc_column_inner width=&#8221;1\/4&#8243;][\/vc_column_inner][vc_column_inner width=&#8221;1\/2&#8243;][mk_fancy_title tag_name=&#8221;h4&#8243; color=&#8221;#393836&#8243; size=&#8221;30&#8243; font_weight=&#8221;normal&#8221; font_style=&#8221;normal&#8221; txt_transform=&#8221;uppercase&#8221; margin_bottom=&#8221;18&#8243; font_family=&#8221;none&#8221; align=&#8221;center&#8221;]\n<p style=\"text-align: center;\">Z GWARANCJ\u0104<\/p>\n[\/mk_fancy_title][mk_image src=&#8221;https:\/\/fullcertificate.com\/wp-content\/uploads\/2022\/04\/footer-nuevo-WE-VOTE.jpg&#8221; image_width=&#8221;1500&#8243; image_height=&#8221;216&#8243; link=&#8221;http:\/\/fullcertificate.com\/&#8221; target=&#8221;_blank&#8221; align=&#8221;center&#8221; margin_bottom=&#8221;40&#8243; el_class=&#8221;imagen-footer-centro&#8221; crop=&#8221;false&#8221;][\/vc_column_inner][vc_column_inner width=&#8221;1\/4&#8243;][\/vc_column_inner][\/vc_row_inner][\/vc_column][\/mk_page_section]\n","protected":false},"excerpt":{"rendered":"<p>[mk_page_section bg_image=&#8221;https:\/\/fullcertificate.com\/wp-content\/uploads\/2018\/11\/banner-smartrenting-avisos-certificados-2-1.jpg&#8221; bg_position=&#8221;center top&#8221; bg_repeat=&#8221;no-repeat&#8221; bg_stretch=&#8221;true&#8221; min_height=&#8221;350&#8243; padding_top=&#8221;20&#8243; padding_bottom=&#8221;0&#8243; first_page=&#8221;true&#8221; last_page=&#8221;true&#8221; sidebar=&#8221;sidebar-1&#8243;][vc_column][mk_fancy_title tag_name=&#8221;h1&#8243; color=&#8221;#ffffff&#8221; size=&#8221;40&#8243; font_weight=&#8221;normal&#8221; font_style=&#8221;normal&#8221; txt_transform=&#8221;none&#8221; margin_top=&#8221;60&#8243; margin_bottom=&#8221;0&#8243; font_family=&#8221;none&#8221;]Smart Renting\u00a0&#8211; Rent i Smart Renting[\/mk_fancy_title][mk_fancy_title tag_name=&#8221;h1&#8243; color=&#8221;#ffffff&#8221; size=&#8221;25&#8243; font_weight=&#8221;300&#8243; font_style=&#8221;normal&#8221; txt_transform=&#8221;none&#8221; margin_bottom=&#8221;0&#8243; font_family=&#8221;none&#8221;]Inteligentne Przep\u0142ywy Pieni\u0119\u017cne za Wynajem i Wynajem[\/mk_fancy_title][mk_button dimension=&#8221;flat&#8221; size=&#8221;medium&#8221; url=&#8221;https:\/\/fullcertificate.com\/pl\/skontaktuj-sie-z-nami\/&#8221; button_custom_width=&#8221;250&#8243; bg_color=&#8221;#0062b0&#8243; btn_hover_bg=&#8221;#252525&#8243;]SKONTAKTUJ SI\u0118 TERAZ[\/mk_button][\/vc_column][\/mk_page_section][mk_page_section padding_top=&#8221;50&#8243; padding_bottom=&#8221;0&#8243; first_page=&#8221;false&#8221; last_page=&#8221;false&#8221; sidebar=&#8221;sidebar-1&#8243;][vc_column width=&#8221;3\/4&#8243;][mk_fancy_title color=&#8221;#0062af&#8221; [&hellip;]<\/p>\n","protected":false},"author":2,"featured_media":0,"parent":0,"menu_order":0,"comment_status":"closed","ping_status":"closed","template":"","meta":{"_bbp_topic_count":0,"_bbp_reply_count":0,"_bbp_total_topic_count":0,"_bbp_total_reply_count":0,"_bbp_voice_count":0,"_bbp_anonymous_reply_count":0,"_bbp_topic_count_hidden":0,"_bbp_reply_count_hidden":0,"_bbp_forum_subforum_count":0},"_links":{"self":[{"href":"https:\/\/www.fullcertificate.com\/pl\/wp-json\/wp\/v2\/pages\/15088"}],"collection":[{"href":"https:\/\/www.fullcertificate.com\/pl\/wp-json\/wp\/v2\/pages"}],"about":[{"href":"https:\/\/www.fullcertificate.com\/pl\/wp-json\/wp\/v2\/types\/page"}],"author":[{"embeddable":true,"href":"https:\/\/www.fullcertificate.com\/pl\/wp-json\/wp\/v2\/users\/2"}],"replies":[{"embeddable":true,"href":"https:\/\/www.fullcertificate.com\/pl\/wp-json\/wp\/v2\/comments?post=15088"}],"version-history":[{"count":9,"href":"https:\/\/www.fullcertificate.com\/pl\/wp-json\/wp\/v2\/pages\/15088\/revisions"}],"predecessor-version":[{"id":27719,"href":"https:\/\/www.fullcertificate.com\/pl\/wp-json\/wp\/v2\/pages\/15088\/revisions\/27719"}],"wp:attachment":[{"href":"https:\/\/www.fullcertificate.com\/pl\/wp-json\/wp\/v2\/media?parent=15088"}],"curies":[{"name":"wp","href":"https:\/\/api.w.org\/{rel}","templated":true}]}}