{"id":10463,"date":"2018-11-30T09:02:51","date_gmt":"2018-11-30T09:02:51","guid":{"rendered":"https:\/\/fullcertificate.com\/?page_id=10463"},"modified":"2022-04-12T12:31:19","modified_gmt":"2022-04-12T12:31:19","slug":"notificacao-certificada-com-certificacao-de-conteudo-padrao","status":"publish","type":"page","link":"https:\/\/www.fullcertificate.com\/pt-pt\/notificacao-certificada-com-certificacao-de-conteudo-padrao\/","title":{"rendered":"Notifica\u00e7\u00e3o Certificada com Certifica\u00e7\u00e3o de Conte\u00fado Padr\u00e3o"},"content":{"rendered":"[mk_page_section bg_image=&#8221;https:\/\/fullcertificate.com\/wp-content\/uploads\/2017\/03\/burofax-certificado-entrega-48-horas-1.jpg&#8221; bg_position=&#8221;center top&#8221; bg_repeat=&#8221;no-repeat&#8221; bg_stretch=&#8221;true&#8221; min_height=&#8221;350&#8243; padding_top=&#8221;20&#8243; padding_bottom=&#8221;0&#8243; first_page=&#8221;true&#8221; last_page=&#8221;true&#8221; sidebar=&#8221;sidebar-1&#8243;][vc_column][mk_fancy_title tag_name=&#8221;h1&#8243; color=&#8221;#000000&#8243; size=&#8221;40&#8243; font_weight=&#8221;normal&#8221; font_style=&#8221;normal&#8221; txt_transform=&#8221;none&#8221; margin_top=&#8221;60&#8243; margin_bottom=&#8221;0&#8243; font_family=&#8221;none&#8221;]Notifica\u00e7\u00e3o Certificada<br \/>\n<strong>Padr\u00e3o<\/strong>[\/mk_fancy_title][mk_fancy_title color=&#8221;#000000&#8243; size=&#8221;25&#8243; font_weight=&#8221;300&#8243; font_style=&#8221;normal&#8221; txt_transform=&#8221;none&#8221; margin_bottom=&#8221;0&#8243; font_family=&#8221;none&#8221;]Notifica\u00e7\u00e3o Certificada com validade legal<br \/>\nNotifica\u00e7\u00e3o Certificada, Aviso de recep\u00e7\u00e3o e Certifica\u00e7\u00e3o de Conte\u00fado.[\/mk_fancy_title][mk_button dimension=&#8221;flat&#8221; size=&#8221;medium&#8221; url=&#8221;https:\/\/cloud.fullcertificate.com\/register&#8221; target=&#8221;_blank&#8221; button_custom_width=&#8221;250&#8243; bg_color=&#8221;#0062b0&#8243; btn_hover_bg=&#8221;#252525&#8243;]CONTRATAR AGORA[\/mk_button][\/vc_column][\/mk_page_section][mk_page_section padding_top=&#8221;50&#8243; padding_bottom=&#8221;0&#8243; first_page=&#8221;false&#8221; last_page=&#8221;false&#8221; sidebar=&#8221;sidebar-1&#8243;][vc_column width=&#8221;3\/4&#8243;][mk_fancy_title color=&#8221;#0062af&#8221; size=&#8221;30&#8243; font_weight=&#8221;normal&#8221; font_style=&#8221;normal&#8221; txt_transform=&#8221;none&#8221; margin_bottom=&#8221;0&#8243; font_family=&#8221;none&#8221;]Notifica\u00e7\u00e3o Certificada Padr\u00e3o <span style=\"color: #f2006e; font-size: 15pt;\">(Em breve)<\/span>[\/mk_fancy_title][mk_divider style=&#8221;thin_solid&#8221; thickness=&#8221;4&#8243; margin_top=&#8221;0&#8243;][mk_fancy_title color=&#8221;#000000&#8243; size=&#8221;17&#8243; font_weight=&#8221;bold&#8221; font_style=&#8221;normal&#8221; txt_transform=&#8221;uppercase&#8221; margin_bottom=&#8221;0&#8243; font_family=&#8221;none&#8221;]NOTIFICA\u00c7\u00c3O CERTIFICADA. AVISO DE RECEP\u00c7\u00c3O. CERTIFICA\u00c7\u00c3O DE CONTE\u00daDO. TESTEMUNHO NOTARIAL.[\/mk_fancy_title][mk_fancy_title color=&#8221;#f2006e&#8221; size=&#8221;20&#8243; font_weight=&#8221;normal&#8221; font_style=&#8221;normal&#8221; txt_transform=&#8221;none&#8221; margin_bottom=&#8221;30&#8243; font_family=&#8221;none&#8221;]Envio postal ao destinat\u00e1rio pela empresa que envia as mensagens.[\/mk_fancy_title][vc_row_inner padding=&#8221;0&#8243;][vc_column_inner width=&#8221;1\/3&#8243;][mk_icon_box icon=&#8221;&#8221; font_weight=&#8221;bold&#8221; box_blur=&#8221;false&#8221;]<span style=\"color: #0062af;\"><img loading=\"lazy\" class=\"wp-image-8789 aligncenter\" src=\"https:\/\/fullcertificate.com\/wp-content\/uploads\/2018\/11\/icono-burofax-estandar-2-1-300x300.png\" alt=\"\" width=\"216\" height=\"216\" srcset=\"https:\/\/www.fullcertificate.com\/wp-content\/uploads\/2018\/11\/icono-burofax-estandar-2-1-300x300.png 300w, https:\/\/www.fullcertificate.com\/wp-content\/uploads\/2018\/11\/icono-burofax-estandar-2-1-150x150.png 150w, https:\/\/www.fullcertificate.com\/wp-content\/uploads\/2018\/11\/icono-burofax-estandar-2-1-100x100.png 100w, https:\/\/www.fullcertificate.com\/wp-content\/uploads\/2018\/11\/icono-burofax-estandar-2-1.png 500w\" sizes=\"(max-width: 216px) 100vw, 216px\" \/><\/span><\/p>\n<p style=\"text-align: center;\"><span style=\"color: #0062af;\"><strong>NOTIFICA\u00c7\u00c3O CERTIFICADA PADR\u00c3O<\/strong><\/span><br \/>\nEntrega Postal<br \/>\nCertifica\u00e7\u00e3o de entrega<br \/>\nCertifica\u00e7\u00e3o de conte\u00fado<br \/>\nTestemunho notarial<br \/>\nPrazo de 48 -72 horas<\/p>\n[\/mk_icon_box][mk_image src=&#8221;https:\/\/fullcertificate.com\/wp-content\/uploads\/2019\/04\/candado-eidas-eu-full-certificate-1.png&#8221; image_width=&#8221;100&#8243; align=&#8221;center&#8221; crop=&#8221;false&#8221;][\/vc_column_inner][vc_column_inner width=&#8221;2\/3&#8243;][mk_fancy_title tag_name=&#8221;h4&#8243; color=&#8221;#000000&#8243; font_weight=&#8221;normal&#8221; font_style=&#8221;normal&#8221; txt_transform=&#8221;none&#8221; margin_bottom=&#8221;0&#8243; font_family=&#8221;none&#8221;]O servi\u00e7o de <strong>Notifica\u00e7\u00e3o Certificada Padr\u00e3o<\/strong> \u00e9 um dos servi\u00e7os mais solicitados do nosso portal. Voc\u00ea poder\u00e1 enviar via internet suas reivindica\u00e7\u00f5es e notifica\u00e7\u00f5es com entrega personalizada ao domic\u00edlio do destinat\u00e1rio, seja <a href=\"https:\/\/fullcertificate.com\/pt-pt\/notificacao-certificada-com-certificacao-de-conteudo-pessoa-fisica\/\">Pessoa F\u00edsica<\/a>, <a href=\"https:\/\/fullcertificate.com\/pt-pt\/notificacao-certificada-com-certificacao-de-conteudo-pessoa-juridica\/\">Pessoa Jur\u00eddica<\/a> ou <a href=\"https:\/\/fullcertificate.com\/pt-pt\/notificacao-certificada-com-certificacao-de-conteudo-organizacao-publica\/\">Organiza\u00e7\u00e3o P\u00fablica<\/a>.<\/p>\n<p>&nbsp;<\/p>\n<p>O envio de uma <strong>Notifica\u00e7\u00e3o Certificada<\/strong> \u00e9 <span style=\"color: #0062af;\">ideal nos processos de<\/span> <strong>reivindica\u00e7\u00e3o e notifica\u00e7\u00f5es<\/strong> de todo tipo. <span style=\"color: #0062af;\">Tudo isso, no conforto do seu pr\u00f3prio computador<\/span> e com as mesmas car\u00e1cter\u00edsticas que a Notifica\u00e7\u00e3o tradicional, ou seja, voc\u00ea ter\u00e1 um documento eletronicamente certificado com validade legal total.<\/p>\n<p>&nbsp;<\/p>\n<p>Se o destinat\u00e1rio n\u00e3o deseja ou se op\u00f5e a receb\u00ea-la ou o endere\u00e7o est\u00e1 incorreto, a <strong>Full Certificate<\/strong> certificar\u00e1 eletronicamente cada uma desta sutia\u00e7\u00e3o.<\/p>\n<p>&nbsp;<\/p>\n<p>Ao contratar este servi\u00e7o, o sistema pedir\u00e1 que voc\u00ea escolha um dos <span style=\"color: #0062af;\">quatros n\u00edveis de certifica\u00e7\u00e3o:<\/span><\/p>\n<p>&nbsp;<\/p>\n<ol>\n<li><strong>Certifica\u00e7\u00e3o documental completa<\/strong>\n<ul>\n<li><span style=\"color: #0062af;\">Confirma\u00e7\u00e3o de entrega<\/span><\/li>\n<li><span style=\"color: #0062af;\">Aviso de entrega<\/span><\/li>\n<li><span style=\"color: #0062af;\">Certifica\u00e7\u00e3o de conte\u00fado<\/span><\/li>\n<li><span style=\"color: #0062af;\">Testemunho Notarial<\/span><\/li>\n<li><span style=\"color: #0062af;\">Documenta\u00e7\u00e3o integrada no texto do certificado<\/span><\/li>\n<\/ul>\n<\/li>\n<li><strong>Certifica\u00e7\u00e3o Documental<\/strong>\n<ul>\n<li><span style=\"color: #0062af;\">Confirma\u00e7\u00e3o de entrega<\/span><\/li>\n<li><span style=\"color: #0062af;\">Aviso de entrega<\/span><\/li>\n<li><span style=\"color: #0062af;\">Certifica\u00e7\u00e3o de conte\u00fado<\/span><\/li>\n<li><span style=\"color: #0062af;\"><span style=\"color: #0062af;\">Documenta\u00e7\u00e3o integrada no texto do certificado<br \/>\n<\/span><\/span><\/li>\n<\/ul>\n<\/li>\n<li><strong>Certifica\u00e7\u00e3o Padr\u00e3o<\/strong>\n<ul>\n<li><span style=\"color: #0062af;\">Confirma\u00e7\u00e3o de entrega<\/span><\/li>\n<li><span style=\"color: #0062af;\">Aviso de entrega<\/span><\/li>\n<\/ul>\n<\/li>\n<li><strong>Certifica\u00e7\u00e3o b\u00e1sica<\/strong>\n<ul>\n<li><span style=\"color: #0062af;\">Confirma\u00e7\u00e3o de entrega<\/span><\/li>\n<\/ul>\n<\/li>\n<\/ol>\n<p>&nbsp;<\/p>\n<p><strong>Full Certificate<\/strong>, como <strong>Terceiro de Confian\u00e7a Europeia<\/strong>, certificar\u00e1 o resultado final da entrega, podendo ser positiva ou negativa e <span style=\"color: #0062af;\">respeitando sempre os prazos estabelecidos<\/span>.<\/p>\n<p>&nbsp;<\/p>\n<p>Logicamente, quanto <span style=\"color: #0062af;\">maior<\/span> o <span style=\"color: #0062af;\">n\u00edvel de certifica\u00e7\u00e3o<\/span>, maiores ser\u00e3o as <span style=\"color: #0062af;\">garantias de sucesso<\/span> como prova documental en um poss\u00edvel julgamento.[\/mk_fancy_title][mk_fancy_title tag_name=&#8221;h4&#8243; color=&#8221;#000000&#8243; font_weight=&#8221;normal&#8221; font_style=&#8221;normal&#8221; txt_transform=&#8221;none&#8221; font_family=&#8221;none&#8221;]Enviar uma <strong>Notifica\u00e7\u00e3o Certificada<\/strong> \u00e9 um <span style=\"color: #0062af;\">processo f\u00e1cil, r\u00e1pido e econ\u00f3mico com validade legal total<\/span> que foi criado para advogados, pessoas f\u00edsicas e empresas.<\/p>\n<p>&nbsp;<\/p>\n<p>O processo para realizar uma <strong>Notifica\u00e7\u00e3o Certificada<\/strong> \u00e9 o seguinte:<\/p>\n<p>&nbsp;<\/p>\n<ul>\n<li>Na <span style=\"color: #0062af;\">\u00c1rea de cliente de<\/span> <strong>Full Certificate<\/strong>, voc\u00ea poder\u00e1 realizar o envio da sua Notifica\u00e7\u00e3o Certificada.<\/li>\n<li><strong>Recomendamos<\/strong> que voc\u00ea tenha toda a <span style=\"color: #0062af;\">documenta\u00e7\u00e3o previamente preparada, em ordem de subida<\/span> ao sistema e em <strong>formato PDF<\/strong>. J\u00e1 que esta ser\u00e1 a ordem de documentos que posteriomente aparecer\u00e1 como Certifica\u00e7\u00e3o Documental.<\/li>\n<li>Nosso sistema ativar\u00e1 eletronicamente uma <span style=\"color: #0062af;\">ordem de execu\u00e7\u00e3o de envio para a empresa respons\u00e1vel pelas<\/span> <strong>entregas.<\/strong><\/li>\n<li>A empresa respons\u00e1vel pelas entregas realizar\u00e1 uma <span style=\"color: #0062af;\"><strong>primeira tentativa de entrega<\/strong> da documenta\u00e7\u00e3o no domic\u00edlio em um prazo de 48 a 72 horas<\/span> a partir do dia seguinte da emiss\u00e3o (apenas dias \u00fateis, sem contar feriados e finais de semana)<\/li>\n<li>Faremos um <span style=\"color: #0062af;\">m\u00e1ximo de tr\u00eas tentativas de entraga<\/span>. Na terceira tentativa, n\u00f3s <span style=\"color: #0062af;\">ligaremos para o destinat\u00e1rio<\/span> no telefone indicado para <span style=\"color: #0062af;\">agendar uma data e um hor\u00e1rio<\/span> com a finalidade de <strong>maximizar a enfici\u00eancia<\/strong> do processo de entrega.<\/li>\n<li><span style=\"color: #0062af;\">A entrega<\/span> ser\u00e1 realizada <span style=\"color: #0062af;\">no domic\u00edlio<\/span> gerando uma <strong>certifica\u00e7\u00e3o de conte\u00fado<\/strong>. Caso n\u00e3o haja a posibilidade de entrega, voc\u00ea ser\u00e1 certificado que n\u00e3o foi entregue e se poss\u00edvel, a causa desta resposta negativa.<\/li>\n<li>Voc\u00ea poder\u00e1 ampliar o servi\u00e7o por meio de um <span style=\"color: #0062af;\">Registro Notarial<\/span> com o <strong>Testemunho Notarial<\/strong>. M\u00e1xima certifica\u00e7\u00e3o dispon\u00edvel.<\/li>\n<\/ul>\n[\/mk_fancy_title][mk_image src=&#8221;https:\/\/fullcertificate.com\/wp-content\/uploads\/2017\/04\/precio-burofax-online-certificado-1.jpg&#8221; image_width=&#8221;300&#8243; image_height=&#8221;202&#8243; link=&#8221;http:\/\/www.avisoscertificados.com\/tarifas-precios-burofax&#8221; margin_bottom=&#8221;30&#8243; el_class=&#8221;ocultarLeLlamamos&#8221; crop=&#8221;false&#8221;][mk_blockquote font_family=&#8221;none&#8221; align=&#8221;left&#8221;]Economize entre <strong>60% &#8211; 80%<\/strong> comparado a Notifica\u00e7\u00f5es tradicionais de correios.[\/mk_blockquote][mk_fancy_title tag_name=&#8221;h4&#8243; color=&#8221;#000000&#8243; font_weight=&#8221;normal&#8221; font_style=&#8221;normal&#8221; txt_transform=&#8221;none&#8221; font_family=&#8221;none&#8221;]<a href=\"https:\/\/fullcertificate.com\/pt-pt\/tarifas\/\">CONHE\u00c7A NOSSAS TARIFAS \/ PRE\u00c7OS<\/a>[\/mk_fancy_title][mk_fancy_title tag_name=&#8221;h4&#8243; color=&#8221;#000000&#8243; font_weight=&#8221;normal&#8221; font_style=&#8221;normal&#8221; txt_transform=&#8221;none&#8221; font_family=&#8221;none&#8221;]Todos os nossos <strong>certificados eletr\u00f3nicos<\/strong> s\u00e3o enviados a seu e-mail no momento que s\u00e3o emitidos.<\/p>\n<p>&nbsp;<\/p>\n<p>Se voc\u00ea quiser acompanhar todo o processo deste servi\u00e7o, voc\u00ea s\u00f3 precisar\u00e1 entrar na nossa plataforma em <strong>Full Certificate<\/strong>. Por sua ver, poder\u00e1 baixar este documento entrando na <strong>\u00c1rea de clientes<\/strong> na p\u00e1gina inicial e clicando em <em>Meus Full Certificates<\/em>.<\/p>\n<p>&nbsp;<\/p>\n<p>A figura de <strong>Full Certificate como Terceiro de Confian\u00e7a<\/strong> garante que seus comunicados e notifica\u00e7\u00f5es tenham validade legal total. R\u00e1pido, econ\u00f3mico, ecol\u00f3gico e c\u00f3modo, poupando tempo e trabalho. Al\u00e9m disso, n\u00f3s oferecemos o servico de Testemunho Notarial em todos os nossos produtos.[\/mk_fancy_title][\/vc_column_inner][\/vc_row_inner][\/vc_column][vc_column border_color=&#8221;#ffffff&#8221; width=&#8221;1\/4&#8243;][mk_image src=&#8221;https:\/\/fullcertificate.com\/wp-content\/uploads\/2018\/12\/european-trusted-third-party-full-certificate.png&#8221; image_width=&#8221;180&#8243; align=&#8221;center&#8221; margin_bottom=&#8221;35&#8243; crop=&#8221;false&#8221;][vc_row_inner padding=&#8221;0&#8243;][vc_column_inner css=&#8221;.vc_custom_1573751132989{border-top-width: 1px !important;border-right-width: 1px !important;border-bottom-width: 1px !important;border-left-width: 1px !important;border-left-color: #f2006e !important;border-left-style: solid !important;border-right-color: #f2006e !important;border-right-style: solid !important;border-top-color: #f2006e !important;border-top-style: solid !important;border-bottom-color: #f2006e !important;border-bottom-style: solid !important;}&#8221;][mk_fancy_title color=&#8221;#333333&#8243; size=&#8221;20&#8243; font_weight=&#8221;bold&#8221; font_style=&#8221;normal&#8221; txt_transform=&#8221;uppercase&#8221; margin_top=&#8221;20&#8243; margin_bottom=&#8221;0&#8243; font_family=&#8221;none&#8221; align=&#8221;center&#8221;]\n<p style=\"text-align: center;\">REGISTRE-SE GR\u00c1TIS<\/p>\n[\/mk_fancy_title][mk_fancy_title color=&#8221;#000000&#8243; size=&#8221;16&#8243; font_weight=&#8221;normal&#8221; font_style=&#8221;normal&#8221; txt_transform=&#8221;none&#8221; margin_bottom=&#8221;0&#8243; font_family=&#8221;none&#8221; align=&#8221;center&#8221;]\n<p style=\"text-align: center;\">Prove o nossos Servi\u00e7os Certificados com total validade legal.<\/p>\n<p>&nbsp;<\/p>\n<p style=\"text-align: center;\"><strong><span style=\"color: #0062b0;\">Sem taxas, sem contratos.<\/span><br \/>\n<\/strong>Seu saldo nunca expira.<\/p>\n[\/mk_fancy_title][mk_button dimension=&#8221;flat&#8221; corner_style=&#8221;rounded&#8221; size=&#8221;medium&#8221; url=&#8221;https:\/\/cloud.fullcertificate.com\/register&#8221; target=&#8221;_blank&#8221; align=&#8221;center&#8221; button_custom_width=&#8221;160&#8243; bg_color=&#8221;#f2006e&#8221; btn_hover_bg=&#8221;#252525&#8243; btn_hover_txt_color=&#8221;#ffffff&#8221;]CLIQUE AQU\u00cd[\/mk_button][\/vc_column_inner][\/vc_row_inner][vc_row_inner padding=&#8221;0&#8243; el_class=&#8221;ocultarPack&#8221;][vc_column_inner][vc_empty_space][\/vc_column_inner][\/vc_row_inner][vc_row_inner padding=&#8221;0&#8243;][vc_column_inner][vc_empty_space height=&#8221;20px&#8221;][mk_icon_box2 icon_type=&#8221;image&#8221; title_size=&#8221;0&#8243; title_top_padding=&#8221;0&#8243; title_bottom_padding=&#8221;0&#8243;]<a href=\"https:\/\/fullcertificate.com\/pt-pt\/smartmoney-dinheiro-inteligente\/\"><img loading=\"lazy\" class=\"wp-image-6433 size-medium aligncenter\" src=\"https:\/\/fullcertificate.com\/wp-content\/uploads\/2018\/10\/logo-smartmoney-1.png\" alt=\"\" width=\"180\" height=\"31\" \/><\/a><a href=\"https:\/\/fullcertificate.com\/pt-pt\/smartmoney-dinheiro-inteligente\/\"><img loading=\"lazy\" class=\"wp-image-6439 size-medium aligncenter\" src=\"https:\/\/fullcertificate.com\/wp-content\/uploads\/2018\/10\/grafico-smart-money-3-1.png\" alt=\"\" width=\"170\" height=\"300\" \/><\/a><\/p>\n<p style=\"text-align: center;\"><strong><span style=\"color: #0062b0;\"><a style=\"color: #0062b0;\" href=\"https:\/\/fullcertificate.com\/pt-pt\/smartmoney-dinheiro-inteligente\/\">SMART MONEY<\/a><br \/>\n<\/span><\/strong>Smart Contracts<br \/>\nSmart Payments<br \/>\n<span style=\"color: #000000; text-decoration: none;\">Smart Recovery<br \/>\nDashboard<br \/>\n<\/span><\/p>\n[\/mk_icon_box2][vc_empty_space height=&#8221;0px&#8221;][mk_icon_box box_blur=&#8221;false&#8221;]<a href=\"https:\/\/fullcertificate.com\/pt-pt\/smartone2one\/\"><img loading=\"lazy\" class=\"wp-image-6433 size-medium aligncenter\" src=\"https:\/\/fullcertificate.com\/wp-content\/uploads\/2018\/10\/logo-smart-one2one-2-1.png\" alt=\"\" width=\"226\" height=\"31\" \/><\/a><a href=\"https:\/\/fullcertificate.com\/pt-pt\/smartone2one\/\"><img loading=\"lazy\" class=\"wp-image-6439 size-medium aligncenter\" src=\"https:\/\/fullcertificate.com\/wp-content\/uploads\/2018\/10\/grafico-smart-one2one-1.png\" alt=\"\" width=\"170\" height=\"300\" \/><\/a><\/p>\n<p style=\"text-align: center;\"><strong><span style=\"color: #0062b0;\"><a style=\"color: #0062b0;\" href=\"https:\/\/fullcertificate.com\/pt-pt\/smartone2one\/\">SMART ONE2ONE<\/a><br \/>\n<\/span><\/strong>Notifica\u00e7\u00f5es Personalizadas<br \/>\nAlto volume de execu\u00e7\u00e3o<br \/>\nCertifica\u00e7\u00e3o Multicanal<br \/>\nAlta disponibilidade<\/p>\n[\/mk_icon_box][\/vc_column_inner][\/vc_row_inner][vc_empty_space height=&#8221;20px&#8221;][vc_row_inner el_class=&#8221;ocultar&#8221;][vc_column_inner css=&#8221;.vc_custom_1540979094932{border-top-width: 1px !important;border-right-width: 1px !important;border-bottom-width: 1px !important;border-left-width: 1px !important;padding-top: 20px !important;padding-bottom: 20px !important;background-color: #ffffff !important;border-left-color: #1e73be !important;border-left-style: solid !important;border-right-color: #1e73be !important;border-right-style: solid !important;border-top-color: #1e73be !important;border-top-style: solid !important;border-bottom-color: #1e73be !important;border-bottom-style: solid !important;}&#8221;][mk_fancy_title color=&#8221;#000000&#8243; size=&#8221;20&#8243; font_weight=&#8221;bold&#8221; font_style=&#8221;normal&#8221; txt_transform=&#8221;uppercase&#8221; margin_bottom=&#8221;0&#8243; font_family=&#8221;none&#8221; align=&#8221;center&#8221;]\n<p style=\"text-align: center;\">Dados de contato<\/p>\n[\/mk_fancy_title][mk_fancy_title color=&#8221;#1e73be&#8221; font_style=&#8221;normal&#8221; txt_transform=&#8221;none&#8221; margin_bottom=&#8221;18&#8243; font_family=&#8221;none&#8221; align=&#8221;center&#8221;]\n<p style=\"text-align: center;\"><span style=\"color: #000000;\"><strong>Telefone:<\/strong> EU &#8211; ES: 0034 910 052 659<br \/>\nEU &#8211; IT: 0039 0687165152<br \/>\nLATAM: 0052 55 4162 9666<\/span><\/p>\n<p>&nbsp;<\/p>\n<p style=\"text-align: center;\"><strong><span style=\"color: #000000;\">Endere\u00e7o:<\/span> <\/strong>C \/ Boix y Morer 6, Penthouse. 28003 Madri, Espanha<\/p>\n[\/mk_fancy_title][mk_button dimension=&#8221;flat&#8221; corner_style=&#8221;rounded&#8221; size=&#8221;medium&#8221; url=&#8221;https:\/\/fullcertificate.com\/pt-pt\/contato\/&#8221; align=&#8221;center&#8221; button_custom_width=&#8221;160&#8243; bg_color=&#8221;#0062b0&#8243; btn_hover_bg=&#8221;#252525&#8243;]CONTATE-NOS[\/mk_button][\/vc_column_inner][\/vc_row_inner][\/vc_column][\/mk_page_section][mk_page_section full_width=&#8221;true&#8221; first_page=&#8221;false&#8221; last_page=&#8221;false&#8221; sidebar=&#8221;sidebar-1&#8243;][vc_column][mk_divider style=&#8221;thin_solid&#8221; thickness=&#8221;4&#8243; margin_top=&#8221;10&#8243; margin_bottom=&#8221;40&#8243;][vc_row_inner padding=&#8221;0&#8243;][vc_column_inner width=&#8221;1\/4&#8243;][\/vc_column_inner][vc_column_inner width=&#8221;1\/2&#8243;][mk_fancy_title tag_name=&#8221;h4&#8243; color=&#8221;#393836&#8243; size=&#8221;30&#8243; font_weight=&#8221;normal&#8221; font_style=&#8221;normal&#8221; txt_transform=&#8221;uppercase&#8221; margin_bottom=&#8221;18&#8243; font_family=&#8221;none&#8221; align=&#8221;center&#8221;]\n<p style=\"text-align: center;\">COM GARANTIA DE<\/p>\n[\/mk_fancy_title][mk_image src=&#8221;https:\/\/fullcertificate.com\/wp-content\/uploads\/2022\/04\/footer-nuevo-WE-VOTE.jpg&#8221; image_width=&#8221;1500&#8243; image_height=&#8221;216&#8243; link=&#8221;http:\/\/fullcertificate.com\/&#8221; target=&#8221;_blank&#8221; align=&#8221;center&#8221; el_class=&#8221;imagen-footer-centro&#8221; crop=&#8221;false&#8221;][\/vc_column_inner][vc_column_inner width=&#8221;1\/4&#8243;][\/vc_column_inner][\/vc_row_inner][\/vc_column][\/mk_page_section]\n","protected":false},"excerpt":{"rendered":"<p>[mk_page_section bg_image=&#8221;https:\/\/fullcertificate.com\/wp-content\/uploads\/2017\/03\/burofax-certificado-entrega-48-horas-1.jpg&#8221; bg_position=&#8221;center top&#8221; bg_repeat=&#8221;no-repeat&#8221; bg_stretch=&#8221;true&#8221; min_height=&#8221;350&#8243; padding_top=&#8221;20&#8243; padding_bottom=&#8221;0&#8243; first_page=&#8221;true&#8221; last_page=&#8221;true&#8221; sidebar=&#8221;sidebar-1&#8243;][vc_column][mk_fancy_title tag_name=&#8221;h1&#8243; color=&#8221;#000000&#8243; size=&#8221;40&#8243; font_weight=&#8221;normal&#8221; font_style=&#8221;normal&#8221; txt_transform=&#8221;none&#8221; margin_top=&#8221;60&#8243; margin_bottom=&#8221;0&#8243; font_family=&#8221;none&#8221;]Notifica\u00e7\u00e3o Certificada Padr\u00e3o[\/mk_fancy_title][mk_fancy_title color=&#8221;#000000&#8243; size=&#8221;25&#8243; font_weight=&#8221;300&#8243; font_style=&#8221;normal&#8221; txt_transform=&#8221;none&#8221; margin_bottom=&#8221;0&#8243; font_family=&#8221;none&#8221;]Notifica\u00e7\u00e3o Certificada com validade legal Notifica\u00e7\u00e3o Certificada, Aviso de recep\u00e7\u00e3o e Certifica\u00e7\u00e3o de Conte\u00fado.[\/mk_fancy_title][mk_button dimension=&#8221;flat&#8221; size=&#8221;medium&#8221; url=&#8221;https:\/\/cloud.fullcertificate.com\/register&#8221; target=&#8221;_blank&#8221; button_custom_width=&#8221;250&#8243; bg_color=&#8221;#0062b0&#8243; btn_hover_bg=&#8221;#252525&#8243;]CONTRATAR AGORA[\/mk_button][\/vc_column][\/mk_page_section][mk_page_section padding_top=&#8221;50&#8243; padding_bottom=&#8221;0&#8243; first_page=&#8221;false&#8221; last_page=&#8221;false&#8221; [&hellip;]<\/p>\n","protected":false},"author":2,"featured_media":0,"parent":0,"menu_order":0,"comment_status":"closed","ping_status":"closed","template":"","meta":{"_bbp_topic_count":0,"_bbp_reply_count":0,"_bbp_total_topic_count":0,"_bbp_total_reply_count":0,"_bbp_voice_count":0,"_bbp_anonymous_reply_count":0,"_bbp_topic_count_hidden":0,"_bbp_reply_count_hidden":0,"_bbp_forum_subforum_count":0},"_links":{"self":[{"href":"https:\/\/www.fullcertificate.com\/pt-pt\/wp-json\/wp\/v2\/pages\/10463"}],"collection":[{"href":"https:\/\/www.fullcertificate.com\/pt-pt\/wp-json\/wp\/v2\/pages"}],"about":[{"href":"https:\/\/www.fullcertificate.com\/pt-pt\/wp-json\/wp\/v2\/types\/page"}],"author":[{"embeddable":true,"href":"https:\/\/www.fullcertificate.com\/pt-pt\/wp-json\/wp\/v2\/users\/2"}],"replies":[{"embeddable":true,"href":"https:\/\/www.fullcertificate.com\/pt-pt\/wp-json\/wp\/v2\/comments?post=10463"}],"version-history":[{"count":46,"href":"https:\/\/www.fullcertificate.com\/pt-pt\/wp-json\/wp\/v2\/pages\/10463\/revisions"}],"predecessor-version":[{"id":27541,"href":"https:\/\/www.fullcertificate.com\/pt-pt\/wp-json\/wp\/v2\/pages\/10463\/revisions\/27541"}],"wp:attachment":[{"href":"https:\/\/www.fullcertificate.com\/pt-pt\/wp-json\/wp\/v2\/media?parent=10463"}],"curies":[{"name":"wp","href":"https:\/\/api.w.org\/{rel}","templated":true}]}}