{"id":10512,"date":"2018-11-30T10:18:09","date_gmt":"2018-11-30T10:18:09","guid":{"rendered":"https:\/\/fullcertificate.com\/?page_id=10512"},"modified":"2022-04-12T12:39:49","modified_gmt":"2022-04-12T12:39:49","slug":"notificacao-certificada-com-certificacao-de-conteudo-pessoa-juridica","status":"publish","type":"page","link":"https:\/\/www.fullcertificate.com\/pt-pt\/notificacao-certificada-com-certificacao-de-conteudo-pessoa-juridica\/","title":{"rendered":"Notifica\u00e7\u00e3o Certificada com Certifica\u00e7\u00e3o de Conte\u00fado Pessoa Jur\u00eddica"},"content":{"rendered":"[mk_page_section bg_image=&#8221;https:\/\/fullcertificate.com\/wp-content\/uploads\/2017\/03\/burofax-online-certificado-persona-juridica-1.jpg&#8221; bg_position=&#8221;center top&#8221; bg_repeat=&#8221;no-repeat&#8221; bg_stretch=&#8221;true&#8221; min_height=&#8221;350&#8243; padding_top=&#8221;20&#8243; padding_bottom=&#8221;0&#8243; first_page=&#8221;true&#8221; last_page=&#8221;true&#8221; sidebar=&#8221;sidebar-1&#8243;][vc_column][mk_fancy_title tag_name=&#8221;h1&#8243; color=&#8221;#000000&#8243; size=&#8221;40&#8243; font_weight=&#8221;normal&#8221; font_style=&#8221;normal&#8221; txt_transform=&#8221;none&#8221; margin_top=&#8221;60&#8243; margin_bottom=&#8221;0&#8243; font_family=&#8221;none&#8221;]Notica\u00e7\u00e3o Certificada<br \/>\n<strong>Pessoa Jur\u00eddica<\/strong>[\/mk_fancy_title][mk_fancy_title color=&#8221;#000000&#8243; size=&#8221;25&#8243; font_weight=&#8221;300&#8243; font_style=&#8221;normal&#8221; txt_transform=&#8221;none&#8221; margin_bottom=&#8221;0&#8243; font_family=&#8221;none&#8221;]Notifica\u00e7\u00f5es com certifica\u00e7\u00e3o de entrega e de conte\u00fado com validade legal[\/mk_fancy_title][mk_button dimension=&#8221;flat&#8221; size=&#8221;medium&#8221; url=&#8221;https:\/\/cloud.fullcertificate.com\/register&#8221; target=&#8221;_blank&#8221; button_custom_width=&#8221;250&#8243; margin_bottom=&#8221;20&#8243; bg_color=&#8221;#0062b0&#8243; btn_hover_bg=&#8221;#252525&#8243;]CONTRATAR AGORA[\/mk_button][\/vc_column][\/mk_page_section][mk_page_section padding_top=&#8221;50&#8243; padding_bottom=&#8221;50&#8243; first_page=&#8221;false&#8221; last_page=&#8221;false&#8221; sidebar=&#8221;sidebar-1&#8243;][vc_column width=&#8221;3\/4&#8243;][mk_fancy_title color=&#8221;#0062af&#8221; size=&#8221;30&#8243; font_weight=&#8221;normal&#8221; font_style=&#8221;normal&#8221; txt_transform=&#8221;none&#8221; margin_bottom=&#8221;0&#8243; font_family=&#8221;none&#8221;]Notifica\u00e7\u00e3o Certificada para Empresas <span style=\"color: #f2006e; font-size: 15pt;\">(Em breve)<\/span>[\/mk_fancy_title][mk_divider style=&#8221;thin_solid&#8221; thickness=&#8221;4&#8243; margin_top=&#8221;0&#8243;][mk_fancy_title color=&#8221;#000000&#8243; size=&#8221;17&#8243; font_weight=&#8221;bold&#8221; font_style=&#8221;normal&#8221; txt_transform=&#8221;uppercase&#8221; margin_bottom=&#8221;0&#8243; font_family=&#8221;none&#8221;]COMUNICADOS E NOTIFICA\u00c7\u00d4ES PARA EMPRESAS E INSTITUI\u00c7\u00d5ES[\/mk_fancy_title][mk_fancy_title color=&#8221;#f2006e&#8221; size=&#8221;20&#8243; font_weight=&#8221;normal&#8221; font_style=&#8221;normal&#8221; txt_transform=&#8221;none&#8221; margin_bottom=&#8221;30&#8243; font_family=&#8221;none&#8221;]Envio e recep\u00e7\u00e3o de Notifica\u00e7\u00e3o Certificada emitida diretamente para uma pessoa jur\u00eddica.[\/mk_fancy_title][vc_row_inner padding=&#8221;0&#8243;][vc_column_inner width=&#8221;1\/3&#8243;][mk_fancy_title color=&#8221;#393836&#8243; font_style=&#8221;inhert&#8221; margin_bottom=&#8221;18&#8243; font_family=&#8221;none&#8221;]<img class=\"alignnone wp-image-8836 aligncenter\" src=\"https:\/\/fullcertificate.com\/wp-content\/uploads\/2018\/11\/icono-burofax-persona-fisica-juridica-2-1-300x300.png\" alt=\"\" width=\"216\" srcset=\"https:\/\/www.fullcertificate.com\/wp-content\/uploads\/2018\/11\/icono-burofax-persona-fisica-juridica-2-1-300x300.png 300w, https:\/\/www.fullcertificate.com\/wp-content\/uploads\/2018\/11\/icono-burofax-persona-fisica-juridica-2-1-150x150.png 150w, https:\/\/www.fullcertificate.com\/wp-content\/uploads\/2018\/11\/icono-burofax-persona-fisica-juridica-2-1.png 500w\" sizes=\"(max-width: 300px) 100vw, 300px\" \/><\/p>\n<p style=\"text-align: center;\"><span style=\"color: #0062af;\"><strong>NOTIFICA\u00c7\u00c3O CERTIFICADA PESSOA JUR\u00cdDICA<\/strong><\/span><br \/>\nEntrega Postal<br \/>\nCertifica\u00e7\u00e3o de entrega<br \/>\nCertifica\u00e7\u00e3o de conte\u00fado<br \/>\nTestemunho notarial<br \/>\nEntrega para pessoa jur\u00eddica<\/p>\n[\/mk_fancy_title][mk_image src=&#8221;https:\/\/fullcertificate.com\/wp-content\/uploads\/2019\/04\/candado-eidas-eu-full-certificate-1.png&#8221; image_width=&#8221;100&#8243; align=&#8221;center&#8221; crop=&#8221;false&#8221;][\/vc_column_inner][vc_column_inner width=&#8221;2\/3&#8243;][mk_fancy_title tag_name=&#8221;h4&#8243; color=&#8221;#000000&#8243; font_weight=&#8221;normal&#8221; font_style=&#8221;normal&#8221; txt_transform=&#8221;none&#8221; margin_bottom=&#8221;0&#8243; font_family=&#8221;none&#8221;]Com o nosso servi\u00e7o de <strong>Notifica\u00e7\u00e3o Certificada Pessoa F\u00edsica<\/strong>, voc\u00ea poder\u00e1 enviar, via internet, as Notifica\u00e7\u00f5es Certificadas que necessitam <span style=\"color: #0062af;\">de urg\u00eancia e com uma entrega personalizada e validade legal total<\/span>.<\/p>\n<p>&nbsp;<\/p>\n<p>Assim como na Notifica\u00e7\u00e3o Certificada Pessoa F\u00edsica, com esta op\u00e7\u00e3o voc\u00ea tamb\u00e9m poder\u00e1 enviar seus comunicados em<span style=\"color: #0062af;\"> diferentes prazos, dependendo da urg\u00eancia<\/span> que voc\u00ea tiver: Envio Padr\u00e3o, Envio no dia seguinte e Envio no mesmo dia.<\/p>\n<p>&nbsp;<\/p>\n<p>Voc\u00ea poder\u00e1 obter a<strong> Certifica\u00e7\u00e3o de Entrega<\/strong> por meio do <strong>selo\/carimbo da empresa<\/strong> e\/ou <span style=\"color: #0062af;\">o nome completo da pessoa<\/span> a que se destina a documenta\u00e7\u00e3.[\/mk_fancy_title][mk_fancy_title tag_name=&#8221;h4&#8243; color=&#8221;#000000&#8243; font_weight=&#8221;normal&#8221; font_style=&#8221;normal&#8221; txt_transform=&#8221;none&#8221; font_family=&#8221;none&#8221;]O processo para enviar uma <strong>Notifica\u00e7\u00e3o Certificada<\/strong> \u00e9 o seguinte:<\/p>\n<p>&nbsp;<\/p>\n<ul>\n<li>Atrav\u00e9s do painel de clientes do <strong>Full Certificate<\/strong> enviaremos para a <span style=\"color: #0062af;\">empresa respons\u00e1vel pelas entregas o seu documento ou comunicado<\/span>.<\/li>\n<li>A empresa respons\u00e1vel pelas mensagens entregar\u00e1 o documento que voc\u00ea deseja enviar com um <span style=\"color: #0062af;\">m\u00e1ximo de tr\u00eas tentativas<\/span> (exceto os envios de mesmo dia, apenas 1 tentativa).<\/li>\n<li>A <span style=\"color: #0062af;\">entrega ser\u00e1 realizada pessoalmente ao destinat\u00e1rio que assinar\u00e1 eletronicamente<\/span> no mesmo momento.<\/li>\n<li>Imediatamente, o nosso sistema <span style=\"color: #0062af;\">emitir\u00e1 um certificado eletr\u00f3nico<\/span>, informando a entrega.<\/li>\n<li>Voc\u00ea tamb\u00e9m poder\u00e1 ampliar o servi\u00e7o com o <strong>Testemunho Notarial<\/strong>.<\/li>\n<\/ul>\n[\/mk_fancy_title][mk_image src=&#8221;https:\/\/fullcertificate.com\/wp-content\/uploads\/2016\/05\/precio-burofax-online-certificado-1.jpg&#8221; image_width=&#8221;300&#8243; image_height=&#8221;192&#8243; link=&#8221;https:\/\/www.avisoscertificados.com\/tarifas-precios-burofax\/&#8221; el_class=&#8221;ocultarLeLlamamos&#8221; crop=&#8221;true&#8221;][mk_blockquote font_family=&#8221;none&#8221; align=&#8221;left&#8221;]Economize entre <strong>60% &#8211; 80%<\/strong> comparado a notifica\u00e7\u00f5es tradicionais dos correios[\/mk_blockquote][mk_fancy_title tag_name=&#8221;h4&#8243; color=&#8221;#000000&#8243; font_weight=&#8221;normal&#8221; font_style=&#8221;normal&#8221; txt_transform=&#8221;none&#8221; margin_bottom=&#8221;30&#8243; font_family=&#8221;none&#8221;]<a href=\"https:\/\/fullcertificate.com\/pt-pt\/tarifas\/\">VER TODAS AS TARIFAS \/ PRE\u00c7OS<\/a>[\/mk_fancy_title][\/vc_column_inner][\/vc_row_inner][mk_fancy_title tag_name=&#8221;h4&#8243; color=&#8221;#000000&#8243; font_weight=&#8221;normal&#8221; font_style=&#8221;normal&#8221; txt_transform=&#8221;none&#8221; font_family=&#8221;none&#8221;]Todos os nossos <span style=\"color: #0062af;\">certificados eletr\u00f3nicos<\/span> s\u00e3o enviados para o seu eMail no memento que s\u00e3o emitidos.<\/p>\n<p>&nbsp;<\/p>\n<p>Se voc\u00ea deseja acompanhar todo processo do servi\u00e7o, voc\u00ea s\u00f3 precisa entrar ne nossa plataforma de <strong>Full Certificate<\/strong>. Por sua vez, voc\u00ea poder\u00e1 baixar este documento entrando na <strong>\u00c1rea de Cliente<\/strong> na p\u00e1gina inical e clicar en <strong>Meus Full Certificate<\/strong>.<\/p>\n<p>&nbsp;<\/p>\n<p>A figura de <strong>Full Certificate como Terceiro de Confian\u00e7a<\/strong> garante que seus envios possuam <span style=\"color: #0062af;\">validade legal total. R\u00e1pido, econ\u00f4mico, ecol\u00f3gico e c\u00f4modo<\/span>, a partir do seu computador, economizando tempo e trabalho. Al\u00e9m disso, n\u00f3s oferecemos o servi\u00e7o de <strong>Testemunho Notarial<\/strong> en todos os nossos produtos.[\/mk_fancy_title][\/vc_column][vc_column border_color=&#8221;#ffffff&#8221; width=&#8221;1\/4&#8243;][mk_image src=&#8221;https:\/\/fullcertificate.com\/wp-content\/uploads\/2018\/12\/european-trusted-third-party-full-certificate.png&#8221; image_width=&#8221;180&#8243; align=&#8221;center&#8221; margin_bottom=&#8221;35&#8243; crop=&#8221;false&#8221;][vc_row_inner padding=&#8221;0&#8243;][vc_column_inner css=&#8221;.vc_custom_1573753094425{border-top-width: 1px !important;border-right-width: 1px !important;border-bottom-width: 1px !important;border-left-width: 1px !important;border-left-color: #f2006e !important;border-left-style: solid !important;border-right-color: #f2006e !important;border-right-style: solid !important;border-top-color: #f2006e !important;border-top-style: solid !important;border-bottom-color: #f2006e !important;border-bottom-style: solid !important;}&#8221;][mk_fancy_title color=&#8221;#000000&#8243; size=&#8221;20&#8243; font_weight=&#8221;bold&#8221; font_style=&#8221;normal&#8221; txt_transform=&#8221;uppercase&#8221; margin_top=&#8221;20&#8243; margin_bottom=&#8221;0&#8243; font_family=&#8221;none&#8221; align=&#8221;center&#8221;]\n<p style=\"text-align: center;\">REGISTRE-SE GR\u00c1TIS<\/p>\n[\/mk_fancy_title][mk_fancy_title color=&#8221;#000000&#8243; size=&#8221;16&#8243; font_weight=&#8221;normal&#8221; font_style=&#8221;normal&#8221; txt_transform=&#8221;none&#8221; margin_bottom=&#8221;0&#8243; font_family=&#8221;none&#8221; align=&#8221;center&#8221;]\n<p style=\"text-align: center;\">Prove o nossos Servi\u00e7os Certificados com total validade legal.<\/p>\n<p>&nbsp;<\/p>\n<p style=\"text-align: center;\"><strong><span style=\"color: #0062b0;\">Sem taxas, sem contratos.<\/span><br \/>\n<\/strong>Seu saldo nunca expira.<\/p>\n[\/mk_fancy_title][mk_button dimension=&#8221;flat&#8221; corner_style=&#8221;rounded&#8221; size=&#8221;medium&#8221; url=&#8221;https:\/\/cloud.fullcertificate.com\/register&#8221; target=&#8221;_blank&#8221; align=&#8221;center&#8221; button_custom_width=&#8221;160&#8243; bg_color=&#8221;#f2006e&#8221; btn_hover_bg=&#8221;#252525&#8243; btn_hover_txt_color=&#8221;#ffffff&#8221;]CLIQUE AQU\u00cd[\/mk_button][\/vc_column_inner][\/vc_row_inner][vc_row_inner padding=&#8221;0&#8243; el_class=&#8221;ocultarLeLlamamos&#8221;][vc_column_inner][vc_empty_space height=&#8221;35px&#8221;][\/vc_column_inner][\/vc_row_inner][vc_empty_space height=&#8221;20px&#8221;][vc_row_inner padding=&#8221;0&#8243;][vc_column_inner][mk_icon_box2 icon_type=&#8221;image&#8221; title_size=&#8221;0&#8243; title_top_padding=&#8221;0&#8243; title_bottom_padding=&#8221;0&#8243;]<a href=\"https:\/\/fullcertificate.com\/pt-pt\/smartmoney-dinheiro-inteligente\/\"><img loading=\"lazy\" class=\"wp-image-6433 size-medium aligncenter\" src=\"https:\/\/fullcertificate.com\/wp-content\/uploads\/2018\/10\/logo-smartmoney-1.png\" alt=\"\" width=\"180\" height=\"31\" \/><\/a><a href=\"https:\/\/fullcertificate.com\/pt-pt\/smartmoney-dinheiro-inteligente\/\"><img loading=\"lazy\" class=\"wp-image-6439 size-medium aligncenter\" src=\"https:\/\/fullcertificate.com\/wp-content\/uploads\/2018\/10\/grafico-smart-money-3-1.png\" alt=\"\" width=\"170\" height=\"300\" \/><\/a><\/p>\n<p style=\"text-align: center;\"><strong><span style=\"color: #0062b0;\"><a style=\"color: #0062b0;\" href=\"https:\/\/fullcertificate.com\/pt-pt\/smartmoney-dinheiro-inteligente\/\">SMART MONEY<\/a><br \/>\n<\/span><\/strong>Smart Contracts<br \/>\nSmart Payments<br \/>\n<span style=\"color: #000000; text-decoration: none;\">Smart Recovery<br \/>\nDashboard<br \/>\n<\/span><\/p>\n[\/mk_icon_box2][vc_empty_space height=&#8221;0px&#8221;][mk_icon_box2 icon_type=&#8221;image&#8221; title_size=&#8221;0&#8243; title_top_padding=&#8221;0&#8243; title_bottom_padding=&#8221;0&#8243;]<a href=\"https:\/\/fullcertificate.com\/pt-pt\/smartone2one\/\"><img loading=\"lazy\" class=\"wp-image-6433 size-medium aligncenter\" src=\"https:\/\/fullcertificate.com\/wp-content\/uploads\/2018\/10\/logo-smart-one2one-2-1.png\" alt=\"\" width=\"226\" height=\"31\" \/><\/a><a href=\"https:\/\/fullcertificate.com\/pt-pt\/smartone2one\/\"><img loading=\"lazy\" class=\"wp-image-6439 size-medium aligncenter\" src=\"https:\/\/fullcertificate.com\/wp-content\/uploads\/2018\/10\/grafico-smart-one2one-1.png\" alt=\"\" width=\"170\" height=\"300\" \/><\/a><\/p>\n<p style=\"text-align: center;\"><strong><span style=\"color: #0062b0;\"><a style=\"color: #0062b0;\" href=\"https:\/\/fullcertificate.com\/pt-pt\/smartone2one\/\">SMART ONE2ONE<\/a><br \/>\n<\/span><\/strong>Notifica\u00e7\u00f5es Personalizadas<br \/>\nAlto volume de execu\u00e7\u00e3o<br \/>\nCertifica\u00e7\u00e3o Multicanal<br \/>\nAlta disponibilidade<\/p>\n[\/mk_icon_box2][\/vc_column_inner][\/vc_row_inner][vc_empty_space height=&#8221;20px&#8221;][vc_row_inner el_class=&#8221;ocultar&#8221;][vc_column_inner css=&#8221;.vc_custom_1540979094932{border-top-width: 1px !important;border-right-width: 1px !important;border-bottom-width: 1px !important;border-left-width: 1px !important;padding-top: 20px !important;padding-bottom: 20px !important;background-color: #ffffff !important;border-left-color: #1e73be !important;border-left-style: solid !important;border-right-color: #1e73be !important;border-right-style: solid !important;border-top-color: #1e73be !important;border-top-style: solid !important;border-bottom-color: #1e73be !important;border-bottom-style: solid !important;}&#8221;][mk_fancy_title color=&#8221;#000000&#8243; size=&#8221;20&#8243; font_weight=&#8221;bold&#8221; font_style=&#8221;normal&#8221; txt_transform=&#8221;uppercase&#8221; margin_bottom=&#8221;0&#8243; font_family=&#8221;none&#8221; align=&#8221;center&#8221;]\n<p style=\"text-align: center;\">Dados de contato<\/p>\n[\/mk_fancy_title][mk_fancy_title color=&#8221;#1e73be&#8221; font_style=&#8221;normal&#8221; txt_transform=&#8221;none&#8221; margin_bottom=&#8221;18&#8243; font_family=&#8221;none&#8221; align=&#8221;center&#8221;]\n<p style=\"text-align: center;\"><span style=\"color: #000000;\"><strong>Telefone:<\/strong> EU &#8211; ES: 0034 910 052 659<br \/>\nEU &#8211; IT: 0039 0687165152<br \/>\nLATAM: 0052 55 4162 9666<\/span><\/p>\n<p>&nbsp;<\/p>\n<p style=\"text-align: center;\"><strong><span style=\"color: #000000;\">Endere\u00e7o:<\/span> <\/strong>C \/ Boix y Morer 6, Penthouse. 28003 Madri, Espanha<\/p>\n[\/mk_fancy_title][mk_button dimension=&#8221;flat&#8221; corner_style=&#8221;rounded&#8221; size=&#8221;medium&#8221; url=&#8221;https:\/\/fullcertificate.com\/pt-pt\/contato\/&#8221; align=&#8221;center&#8221; button_custom_width=&#8221;160&#8243; bg_color=&#8221;#0062b0&#8243; btn_hover_bg=&#8221;#252525&#8243;]CONTATE-NOS[\/mk_button][\/vc_column_inner][\/vc_row_inner][\/vc_column][\/mk_page_section][mk_page_section full_width=&#8221;true&#8221; first_page=&#8221;false&#8221; last_page=&#8221;false&#8221; sidebar=&#8221;sidebar-1&#8243;][vc_column][mk_divider style=&#8221;thin_solid&#8221; thickness=&#8221;4&#8243; margin_top=&#8221;10&#8243; margin_bottom=&#8221;40&#8243;][vc_row_inner padding=&#8221;0&#8243;][vc_column_inner width=&#8221;1\/4&#8243;][\/vc_column_inner][vc_column_inner width=&#8221;1\/2&#8243;][mk_fancy_title tag_name=&#8221;h4&#8243; color=&#8221;#393836&#8243; size=&#8221;30&#8243; font_weight=&#8221;normal&#8221; font_style=&#8221;normal&#8221; txt_transform=&#8221;uppercase&#8221; margin_bottom=&#8221;18&#8243; font_family=&#8221;none&#8221; align=&#8221;center&#8221;]\n<p style=\"text-align: center;\">COM A GARANTIA DE<\/p>\n[\/mk_fancy_title][mk_image src=&#8221;https:\/\/fullcertificate.com\/wp-content\/uploads\/2022\/04\/footer-nuevo-WE-VOTE.jpg&#8221; image_width=&#8221;1500&#8243; link=&#8221;http:\/\/fullcertificate.com\/&#8221; target=&#8221;_blank&#8221; align=&#8221;center&#8221; el_class=&#8221;imagen-footer-centro&#8221; crop=&#8221;false&#8221;][\/vc_column_inner][vc_column_inner width=&#8221;1\/4&#8243;][\/vc_column_inner][\/vc_row_inner][\/vc_column][\/mk_page_section]\n","protected":false},"excerpt":{"rendered":"<p>[mk_page_section bg_image=&#8221;https:\/\/fullcertificate.com\/wp-content\/uploads\/2017\/03\/burofax-online-certificado-persona-juridica-1.jpg&#8221; bg_position=&#8221;center top&#8221; bg_repeat=&#8221;no-repeat&#8221; bg_stretch=&#8221;true&#8221; min_height=&#8221;350&#8243; padding_top=&#8221;20&#8243; padding_bottom=&#8221;0&#8243; first_page=&#8221;true&#8221; last_page=&#8221;true&#8221; sidebar=&#8221;sidebar-1&#8243;][vc_column][mk_fancy_title tag_name=&#8221;h1&#8243; color=&#8221;#000000&#8243; size=&#8221;40&#8243; font_weight=&#8221;normal&#8221; font_style=&#8221;normal&#8221; txt_transform=&#8221;none&#8221; margin_top=&#8221;60&#8243; margin_bottom=&#8221;0&#8243; font_family=&#8221;none&#8221;]Notica\u00e7\u00e3o Certificada Pessoa Jur\u00eddica[\/mk_fancy_title][mk_fancy_title color=&#8221;#000000&#8243; size=&#8221;25&#8243; font_weight=&#8221;300&#8243; font_style=&#8221;normal&#8221; txt_transform=&#8221;none&#8221; margin_bottom=&#8221;0&#8243; font_family=&#8221;none&#8221;]Notifica\u00e7\u00f5es com certifica\u00e7\u00e3o de entrega e de conte\u00fado com validade legal[\/mk_fancy_title][mk_button dimension=&#8221;flat&#8221; size=&#8221;medium&#8221; url=&#8221;https:\/\/cloud.fullcertificate.com\/register&#8221; target=&#8221;_blank&#8221; button_custom_width=&#8221;250&#8243; margin_bottom=&#8221;20&#8243; bg_color=&#8221;#0062b0&#8243; btn_hover_bg=&#8221;#252525&#8243;]CONTRATAR AGORA[\/mk_button][\/vc_column][\/mk_page_section][mk_page_section padding_top=&#8221;50&#8243; padding_bottom=&#8221;50&#8243; first_page=&#8221;false&#8221; last_page=&#8221;false&#8221; sidebar=&#8221;sidebar-1&#8243;][vc_column [&hellip;]<\/p>\n","protected":false},"author":2,"featured_media":0,"parent":0,"menu_order":0,"comment_status":"closed","ping_status":"closed","template":"","meta":{"_bbp_topic_count":0,"_bbp_reply_count":0,"_bbp_total_topic_count":0,"_bbp_total_reply_count":0,"_bbp_voice_count":0,"_bbp_anonymous_reply_count":0,"_bbp_topic_count_hidden":0,"_bbp_reply_count_hidden":0,"_bbp_forum_subforum_count":0},"_links":{"self":[{"href":"https:\/\/www.fullcertificate.com\/pt-pt\/wp-json\/wp\/v2\/pages\/10512"}],"collection":[{"href":"https:\/\/www.fullcertificate.com\/pt-pt\/wp-json\/wp\/v2\/pages"}],"about":[{"href":"https:\/\/www.fullcertificate.com\/pt-pt\/wp-json\/wp\/v2\/types\/page"}],"author":[{"embeddable":true,"href":"https:\/\/www.fullcertificate.com\/pt-pt\/wp-json\/wp\/v2\/users\/2"}],"replies":[{"embeddable":true,"href":"https:\/\/www.fullcertificate.com\/pt-pt\/wp-json\/wp\/v2\/comments?post=10512"}],"version-history":[{"count":16,"href":"https:\/\/www.fullcertificate.com\/pt-pt\/wp-json\/wp\/v2\/pages\/10512\/revisions"}],"predecessor-version":[{"id":27549,"href":"https:\/\/www.fullcertificate.com\/pt-pt\/wp-json\/wp\/v2\/pages\/10512\/revisions\/27549"}],"wp:attachment":[{"href":"https:\/\/www.fullcertificate.com\/pt-pt\/wp-json\/wp\/v2\/media?parent=10512"}],"curies":[{"name":"wp","href":"https:\/\/api.w.org\/{rel}","templated":true}]}}