{"id":10532,"date":"2018-11-30T10:22:09","date_gmt":"2018-11-30T10:22:09","guid":{"rendered":"https:\/\/fullcertificate.com\/?page_id=10532"},"modified":"2022-04-12T12:35:13","modified_gmt":"2022-04-12T12:35:13","slug":"notificacao-certificada-com-certificacao-de-conteudo-mesmo-dia","status":"publish","type":"page","link":"https:\/\/www.fullcertificate.com\/pt-pt\/notificacao-certificada-com-certificacao-de-conteudo-mesmo-dia\/","title":{"rendered":"Notifica\u00e7\u00e3o Certificada com Certifica\u00e7\u00e3o de Conte\u00fado Mesmo dia"},"content":{"rendered":"[mk_page_section bg_image=&#8221;https:\/\/fullcertificate.com\/wp-content\/uploads\/2017\/03\/burofax-online-certificado-mismo-dia-urgente-1.jpg&#8221; bg_position=&#8221;center top&#8221; bg_repeat=&#8221;no-repeat&#8221; bg_stretch=&#8221;true&#8221; min_height=&#8221;350&#8243; padding_top=&#8221;20&#8243; padding_bottom=&#8221;0&#8243; first_page=&#8221;true&#8221; last_page=&#8221;true&#8221; sidebar=&#8221;sidebar-1&#8243;][vc_column][mk_fancy_title tag_name=&#8221;h1&#8243; color=&#8221;#000000&#8243; size=&#8221;40&#8243; font_weight=&#8221;normal&#8221; font_style=&#8221;normal&#8221; txt_transform=&#8221;none&#8221; margin_top=&#8221;60&#8243; margin_bottom=&#8221;0&#8243; font_family=&#8221;none&#8221;]Notifica\u00e7\u00e3o Certificada<br \/>\n<strong>Mesmo dia<\/strong>[\/mk_fancy_title][mk_fancy_title color=&#8221;#000000&#8243; size=&#8221;25&#8243; font_weight=&#8221;300&#8243; font_style=&#8221;normal&#8221; txt_transform=&#8221;none&#8221; margin_bottom=&#8221;0&#8243; font_family=&#8221;none&#8221;]Notifica\u00e7\u00e3o Certificada emitida e recebida no mesmo dia.<br \/>\nEntrega a domic\u00edlio, Assinatura, Aviso de Recep\u00e7\u00e3o e Certifica\u00e7\u00e3o de Conte\u00fado.[\/mk_fancy_title][mk_button dimension=&#8221;flat&#8221; size=&#8221;medium&#8221; url=&#8221;https:\/\/cloud.fullcertificate.com\/register&#8221; target=&#8221;_blank&#8221; button_custom_width=&#8221;250&#8243; bg_color=&#8221;#0062b0&#8243; btn_hover_bg=&#8221;#252525&#8243;]CONTRATAR AGORA[\/mk_button][\/vc_column][\/mk_page_section][mk_page_section padding_top=&#8221;50&#8243; padding_bottom=&#8221;50&#8243; first_page=&#8221;false&#8221; last_page=&#8221;false&#8221; sidebar=&#8221;sidebar-1&#8243;][vc_column width=&#8221;3\/4&#8243;][mk_fancy_title color=&#8221;#0062af&#8221; size=&#8221;30&#8243; font_weight=&#8221;normal&#8221; font_style=&#8221;normal&#8221; txt_transform=&#8221;none&#8221; margin_bottom=&#8221;0&#8243; font_family=&#8221;none&#8221;]Notifica\u00e7\u00e3o Certificada Mesmo Dia <span style=\"color: #f2006e; font-size: 15pt;\">(Em breve)<\/span>[\/mk_fancy_title][mk_divider style=&#8221;thin_solid&#8221; thickness=&#8221;4&#8243; margin_top=&#8221;0&#8243;][mk_fancy_title color=&#8221;#000000&#8243; size=&#8221;17&#8243; font_weight=&#8221;bold&#8221; font_style=&#8221;normal&#8221; txt_transform=&#8221;uppercase&#8221; margin_bottom=&#8221;0&#8243; font_family=&#8221;none&#8221;]NOTIFICA\u00c7\u00c3O CERTIFICADA. AVISO DE RECEP\u00c7\u00c3O. CERTIFICA\u00c7\u00c3O DE CONTE\u00daDO. TESTEMUNHO NOTORIAL.[\/mk_fancy_title][mk_fancy_title color=&#8221;#f2006e&#8221; size=&#8221;20&#8243; font_weight=&#8221;normal&#8221; font_style=&#8221;normal&#8221; txt_transform=&#8221;none&#8221; margin_bottom=&#8221;30&#8243; font_family=&#8221;none&#8221;]A primeira tentativa de entrega da Notifica\u00e7\u00e3o Certificada ser\u00e1 no mesmo dia da emiss\u00e3o. Uma solu\u00e7\u00e3o eficaz, pr\u00e1tica, barata e r\u00e1pida que garante vaildade legal total e a seguran\u00e7a de todos os seus comunicados.[\/mk_fancy_title][vc_row_inner padding=&#8221;0&#8243;][vc_column_inner width=&#8221;1\/3&#8243;][mk_fancy_title color=&#8221;#393836&#8243; font_style=&#8221;inhert&#8221; margin_bottom=&#8221;18&#8243; font_family=&#8221;none&#8221;]<img class=\" wp-image-8813 aligncenter\" src=\"https:\/\/fullcertificate.com\/wp-content\/uploads\/2018\/11\/icono-burofax-mismo-dia-2-1-300x300.png\" alt=\"\" width=\"216\" srcset=\"https:\/\/www.fullcertificate.com\/wp-content\/uploads\/2018\/11\/icono-burofax-mismo-dia-2-1-300x300.png 300w, https:\/\/www.fullcertificate.com\/wp-content\/uploads\/2018\/11\/icono-burofax-mismo-dia-2-1-150x150.png 150w, https:\/\/www.fullcertificate.com\/wp-content\/uploads\/2018\/11\/icono-burofax-mismo-dia-2-1.png 500w\" sizes=\"(max-width: 300px) 100vw, 300px\" \/><\/p>\n<p style=\"text-align: center;\"><span style=\"color: #0062af;\"><strong>CORREIO CERTIFICADO MESMO DIA<\/strong><\/span><br \/>\nEntrega Postal<br \/>\nCertifica\u00e7\u00e3o de entrega<br \/>\nCertifica\u00e7\u00e3o de conte\u00fado<br \/>\nTestemunho notarial<br \/>\nEntrega no mesmo dia da emiss\u00e3o<\/p>\n[\/mk_fancy_title][mk_image src=&#8221;https:\/\/fullcertificate.com\/wp-content\/uploads\/2019\/04\/candado-eidas-eu-full-certificate-1.png&#8221; image_width=&#8221;100&#8243; align=&#8221;center&#8221; crop=&#8221;false&#8221;][\/vc_column_inner][vc_column_inner width=&#8221;2\/3&#8243;][mk_fancy_title tag_name=&#8221;h4&#8243; color=&#8221;#000000&#8243; font_weight=&#8221;normal&#8221; font_style=&#8221;normal&#8221; txt_transform=&#8221;none&#8221; margin_bottom=&#8221;0&#8243; font_family=&#8221;none&#8221;]Para realizar a primeira tentativa de entrega <span style=\"color: #0062af;\">no mesmo dia da emiss\u00e3o da Notifica\u00e7\u00e3o Certificada<\/span>, esta deve ser realizada em <strong>Full Certificate<\/strong> <span style=\"color: #0062af;\">antes das 12h<\/span> devidos ao regulamento da empresa de log\u00edstica e mensagens. Se emitir depois desse hor\u00e1rio o mais prov\u00e1vel \u00e9 que a entrega seja realizada no dia seguinte.<\/p>\n<p>&nbsp;<\/p>\n<p>\u00c9 importante ressaltar que este servi\u00e7o est\u00e1 <span style=\"color: #0062af;\">dispon\u00edvel s\u00f3 para Madrid<\/span> Capital e zonas em um <span style=\"color: #0062af;\">raio de at\u00e9 50 km<\/span>.<\/p>\n<p>&nbsp;<\/p>\n<p>Com nosso servi\u00e7o de <strong>Notifica\u00e7\u00e3o Certificada<\/strong>, voc\u00ea poder\u00e1 via internet notificar suas reivindica\u00e7\u00f5es iminentes e por meio de entrega personalizada de acordo com o destinat\u00e1rio:<span style=\"color: #0062af;\"><a style=\"color: #0062af;\" href=\"https:\/\/www.avisoscertificados.com\/burofax-online-certificado-persona-fisica\/\">Pessoa f\u00edsica<\/a><\/span>,<span style=\"color: #0062af;\"><a style=\"color: #0062af;\" href=\"https:\/\/www.avisoscertificados.com\/burofax-online-certificado-persona-juridica\/\"> Pessoa Jur\u00eddica<\/a><\/span> ou <a href=\"https:\/\/www.avisoscertificados.com\/burofax-online-certificado-organismo-publico\/\"><span style=\"color: #0062af;\">Organiza\u00e7\u00e3o P\u00fablica<\/span><\/a>.<\/p>\n<p>&nbsp;<\/p>\n<p>O envio de uma <strong>Notifica\u00e7\u00e3o Certificada Mesmo Dia<\/strong> \u00e9 ideal nos <span style=\"color: #0062af;\">processos de reivindica\u00e7\u00f5es de tipo urgente<\/span>, pois a notifica\u00e7\u00e3o chega <span style=\"color: #0062af;\">no mesmo dia em que \u00e9 emitida<\/span>. Todo este processo \u00e9 realizado<span style=\"color: #0062af;\"> no conforto do seu pr\u00f3prio computador<\/span> e com as mesmas car\u00e1cter\u00edsticas que a <strong>Notifica\u00e7\u00e3o<\/strong> tradicional, podendo ser utilizados como prova judicial.[\/mk_fancy_title][mk_fancy_title tag_name=&#8221;h4&#8243; color=&#8221;#000000&#8243; font_weight=&#8221;normal&#8221; font_style=&#8221;normal&#8221; txt_transform=&#8221;none&#8221; font_family=&#8221;none&#8221;]Enviar uma <strong>Notifica\u00e7\u00e3o Certificada<\/strong> \u00e9 um processo f\u00e1cil, r\u00e1pido e econ\u00f4mico com<span style=\"color: #0062af;\"> validade legal total<\/span> e foi criada para advogados, pessoas f\u00edsicas e empresas.<\/p>\n<p>&nbsp;<\/p>\n<p>O processo para enviar uma <strong>Notifica\u00e7\u00e3o Certificada<\/strong> \u00e9 o seguinte:<\/p>\n<p>&nbsp;<\/p>\n<ul>\n<li>Na <strong>\u00c1rea de cliente de Full Certificate<\/strong>, voc\u00ea poder\u00e1 realizar o envio da sua <strong>Notifica\u00e7\u00e3o Certificada<\/strong>. Nosso sistema ativar\u00e1 eletonicamente uma <span style=\"color: #0062af;\">ordem de execu\u00e7\u00e3o de envio para a empresa respons\u00e1vel pelas mensagens.<\/span><\/li>\n<li>A empresa respons\u00e1vel pelas mensagens entregar\u00e1 o documento no domic\u00edlio com as instru\u00e7\u00f5es indicadas.<\/li>\n<li><span style=\"color: #0062af;\">Faremos uma tentativa de entrega<\/span>.<\/li>\n<li><span style=\"color: #0062af;\">A entrega ser\u00e1 realizada pessoalmente ao destinat\u00e1rio que assinar\u00e1 como recebido, assim como a certifica\u00e7\u00e3o de conte\u00fado e eletronicamente voc\u00ea ser\u00e1 certifiado sobre a entrega<\/span>. Caso n\u00e3o haja a posibilidade de entrega, voc\u00ea ser\u00e1 certificado que n\u00e3o foi entregue e se poss\u00edvel, a causa desta resposta negativa. Al\u00e9m disso,<span style=\"color: #0062af;\"> o destinat\u00e1rio ser\u00e1 informado de que o documento pode ser recolhido nas instala\u00e7\u00f5es da transportadora<\/span>.<\/li>\n<li>Voc\u00ea poder\u00e1 ampliar o servi\u00e7o por meio de um Registro Notarial com o Testemunho Notarial. M\u00e1xima certifica\u00e7\u00e3o dispon\u00edvel.<\/li>\n<\/ul>\n[\/mk_fancy_title][mk_image src=&#8221;https:\/\/fullcertificate.com\/wp-content\/uploads\/2017\/03\/burofax-online-mismo-dia-precios-tarifas-urgente-1.jpg&#8221; image_width=&#8221;300&#8243; image_height=&#8221;202&#8243; link=&#8221;http:\/\/www.avisoscertificados.com\/tarifas-precios-burofax&#8221; margin_bottom=&#8221;30&#8243; el_class=&#8221;ocultarLeLlamamos&#8221; crop=&#8221;false&#8221;][mk_blockquote font_family=&#8221;none&#8221; align=&#8221;left&#8221;]Economize entre <strong>60% &#8211; 80%<\/strong> comparado a Notifica\u00e7\u00f5es tradicionais de correios.[\/mk_blockquote][mk_fancy_title tag_name=&#8221;h4&#8243; color=&#8221;#000000&#8243; font_weight=&#8221;normal&#8221; font_style=&#8221;normal&#8221; txt_transform=&#8221;none&#8221; font_family=&#8221;none&#8221;]<a href=\"https:\/\/fullcertificate.com\/pt-pt\/tarifas\/\">CONHE\u00c7A NOSSAS TARIFAS\/PRE\u00c7OS<\/a>[\/mk_fancy_title][\/vc_column_inner][\/vc_row_inner][mk_fancy_title tag_name=&#8221;h4&#8243; color=&#8221;#000000&#8243; font_weight=&#8221;normal&#8221; font_style=&#8221;normal&#8221; txt_transform=&#8221;none&#8221; font_family=&#8221;none&#8221;]Em qualquer momento do dia voc\u00ea pode acessar a este <strong>servi\u00e7o de entrega certificada<\/strong>, enviar o documento que precisa e ter acesso ao aviso de recep\u00e7\u00e3o pertinente em cada caso.<\/p>\n<p>&nbsp;<\/p>\n<p>Para isso, s\u00f3 precisar\u00e1 entrar na nossa plataforma em <strong>Full Certificate<\/strong> e do seu computador realizar todo o tr\u00e2mite. Por sua vez, voc\u00ea poder\u00e1 baixar este documento entrando na <strong>\u00c1rea de cliente<\/strong>\u00a0na p\u00e1gina inicial e clicacando em Meus <strong>Full Certificates<\/strong>. <span style=\"color: #0062af;\">Todo o processo ser\u00e1 monitorado<\/span>, desde o primeiro at\u00e9 o \u00faltimo passo para que todos os movimentos tenham const\u00e2ncia e m\u00e1xima efic\u00e1cia.<\/p>\n<p>&nbsp;<\/p>\n<p>A figura de <strong>Full Certificate<\/strong> como <strong>Terceiro de Confian\u00e7a<\/strong> garante que seus comunicados e notifica\u00e7\u00f5es tenham <span style=\"color: #0062af;\">validade legal total. R\u00e1pido, econ\u00f3mico, ecol\u00f3gico e c\u00f3modo<\/span>, poupando tempo e trabalho. Al\u00e9m disso, n\u00f3s oferecemos o servico de <strong>Testemunho Notarial<\/strong> em todos os nossos produtos.[\/mk_fancy_title][\/vc_column][vc_column border_color=&#8221;#ffffff&#8221; width=&#8221;1\/4&#8243;][mk_image src=&#8221;https:\/\/fullcertificate.com\/wp-content\/uploads\/2018\/12\/european-trusted-third-party-full-certificate.png&#8221; image_width=&#8221;180&#8243; align=&#8221;center&#8221; margin_bottom=&#8221;35&#8243; crop=&#8221;false&#8221;][vc_row_inner padding=&#8221;0&#8243;][vc_column_inner css=&#8221;.vc_custom_1573752215249{border-top-width: 1px !important;border-right-width: 1px !important;border-bottom-width: 1px !important;border-left-width: 1px !important;border-left-color: #f2006e !important;border-left-style: solid !important;border-right-color: #f2006e !important;border-right-style: solid !important;border-top-color: #f2006e !important;border-top-style: solid !important;border-bottom-color: #f2006e !important;border-bottom-style: solid !important;}&#8221;][mk_fancy_title color=&#8221;#000000&#8243; size=&#8221;20&#8243; font_weight=&#8221;bold&#8221; font_style=&#8221;normal&#8221; txt_transform=&#8221;uppercase&#8221; margin_top=&#8221;20&#8243; margin_bottom=&#8221;0&#8243; font_family=&#8221;none&#8221; align=&#8221;center&#8221;]\n<p style=\"text-align: center;\">REGISTRE-SE GR\u00c1TIS<\/p>\n[\/mk_fancy_title][mk_fancy_title color=&#8221;#000000&#8243; size=&#8221;16&#8243; font_weight=&#8221;normal&#8221; font_style=&#8221;normal&#8221; txt_transform=&#8221;none&#8221; margin_bottom=&#8221;0&#8243; font_family=&#8221;none&#8221; align=&#8221;center&#8221;]\n<p style=\"text-align: center;\">Prove o nossos Servi\u00e7os Certificados com total validade legal.<\/p>\n<p>&nbsp;<\/p>\n<p style=\"text-align: center;\"><strong><span style=\"color: #0062b0;\">Sem taxas, sem contratos.<\/span><br \/>\n<\/strong>Seu saldo nunca expira.<\/p>\n[\/mk_fancy_title][mk_button dimension=&#8221;flat&#8221; corner_style=&#8221;rounded&#8221; size=&#8221;medium&#8221; url=&#8221;https:\/\/cloud.fullcertificate.com\/register&#8221; target=&#8221;_blank&#8221; align=&#8221;center&#8221; button_custom_width=&#8221;160&#8243; bg_color=&#8221;#f2006e&#8221; btn_hover_bg=&#8221;#252525&#8243; btn_hover_txt_color=&#8221;#ffffff&#8221;]CLIQUE AQU\u00cd[\/mk_button][\/vc_column_inner][\/vc_row_inner][vc_row_inner padding=&#8221;0&#8243; el_class=&#8221;ocultarPack&#8221;][vc_column_inner][vc_empty_space][\/vc_column_inner][\/vc_row_inner][vc_row_inner padding=&#8221;0&#8243;][vc_column_inner][vc_empty_space height=&#8221;20px&#8221;][\/vc_column_inner][\/vc_row_inner][vc_row_inner padding=&#8221;0&#8243;][vc_column_inner][mk_icon_box2 icon_type=&#8221;image&#8221; title_size=&#8221;0&#8243; title_top_padding=&#8221;0&#8243; title_bottom_padding=&#8221;0&#8243;]<a href=\"https:\/\/fullcertificate.com\/pt-pt\/smartmoney-dinheiro-inteligente\/\"><img loading=\"lazy\" class=\"wp-image-6433 size-medium aligncenter\" src=\"https:\/\/fullcertificate.com\/wp-content\/uploads\/2018\/10\/logo-smartmoney-1.png\" alt=\"\" width=\"180\" height=\"31\" \/><\/a><a href=\"https:\/\/fullcertificate.com\/pt-pt\/smartmoney-dinheiro-inteligente\/\"><img loading=\"lazy\" class=\"wp-image-6439 size-medium aligncenter\" src=\"https:\/\/fullcertificate.com\/wp-content\/uploads\/2018\/10\/grafico-smart-money-3-1.png\" alt=\"\" width=\"170\" height=\"300\" \/><\/a><\/p>\n<p style=\"text-align: center;\"><strong><span style=\"color: #0062b0;\"><a style=\"color: #0062b0;\" href=\"https:\/\/fullcertificate.com\/pt-pt\/smartmoney-dinheiro-inteligente\/\">SMART MONEY<\/a><br \/>\n<\/span><\/strong>Smart Contracts<br \/>\nSmart Payments<br \/>\n<span style=\"color: #000000; text-decoration: none;\">Smart Recovery<br \/>\nDashboard<br \/>\n<\/span><\/p>\n[\/mk_icon_box2][vc_empty_space height=&#8221;0px&#8221;][mk_icon_box2 icon_type=&#8221;image&#8221; title_size=&#8221;0&#8243; title_top_padding=&#8221;0&#8243; title_bottom_padding=&#8221;0&#8243;]<a href=\"https:\/\/fullcertificate.com\/pt-pt\/smartone2one\/\"><img loading=\"lazy\" class=\"wp-image-6433 size-medium aligncenter\" src=\"https:\/\/fullcertificate.com\/wp-content\/uploads\/2018\/10\/logo-smart-one2one-2-1.png\" alt=\"\" width=\"226\" height=\"31\" \/><\/a><a href=\"https:\/\/fullcertificate.com\/pt-pt\/smartone2one\/\"><img loading=\"lazy\" class=\"wp-image-6439 size-medium aligncenter\" src=\"https:\/\/fullcertificate.com\/wp-content\/uploads\/2018\/10\/grafico-smart-one2one-1.png\" alt=\"\" width=\"170\" height=\"300\" \/><\/a><\/p>\n<p style=\"text-align: center;\"><strong><span style=\"color: #0062b0;\"><a style=\"color: #0062b0;\" href=\"https:\/\/fullcertificate.com\/pt-pt\/smartone2one\/\">SMART ONE2ONE<\/a><br \/>\n<\/span><\/strong>Notifica\u00e7\u00f5es Personalizadas<br \/>\nAlto volume de execu\u00e7\u00e3o<br \/>\nCertifica\u00e7\u00e3o Multicanal<br \/>\nAlta disponibilidade<\/p>\n[\/mk_icon_box2][\/vc_column_inner][\/vc_row_inner][vc_empty_space height=&#8221;20px&#8221;][vc_row_inner padding=&#8221;0&#8243; el_class=&#8221;ocultar&#8221;][vc_column_inner css=&#8221;.vc_custom_1540979094932{border-top-width: 1px !important;border-right-width: 1px !important;border-bottom-width: 1px !important;border-left-width: 1px !important;padding-top: 20px !important;padding-bottom: 20px !important;background-color: #ffffff !important;border-left-color: #1e73be !important;border-left-style: solid !important;border-right-color: #1e73be !important;border-right-style: solid !important;border-top-color: #1e73be !important;border-top-style: solid !important;border-bottom-color: #1e73be !important;border-bottom-style: solid !important;}&#8221;][mk_fancy_title color=&#8221;#000000&#8243; size=&#8221;20&#8243; font_weight=&#8221;bold&#8221; font_style=&#8221;normal&#8221; txt_transform=&#8221;uppercase&#8221; margin_bottom=&#8221;0&#8243; font_family=&#8221;none&#8221; align=&#8221;center&#8221;]\n<p style=\"text-align: center;\">Dados de contato<\/p>\n[\/mk_fancy_title][mk_fancy_title color=&#8221;#1e73be&#8221; font_style=&#8221;normal&#8221; txt_transform=&#8221;none&#8221; margin_bottom=&#8221;18&#8243; font_family=&#8221;none&#8221; align=&#8221;center&#8221;]\n<p style=\"text-align: center;\"><span style=\"color: #000000;\"><strong>Telefone:<\/strong> EU &#8211; ES: 0034 910 052 659<br \/>\nEU &#8211; IT: 0039 0687165152<br \/>\nLATAM: 0052 55 4162 9666<\/span><\/p>\n<p>&nbsp;<\/p>\n<p style=\"text-align: center;\"><strong><span style=\"color: #000000;\">Endere\u00e7o:<\/span> <\/strong>C \/ Boix y Morer 6, Penthouse. 28003 Madri, Espanha<\/p>\n[\/mk_fancy_title][mk_button dimension=&#8221;flat&#8221; corner_style=&#8221;rounded&#8221; size=&#8221;medium&#8221; url=&#8221;https:\/\/fullcertificate.com\/pt-pt\/contato\/&#8221; align=&#8221;center&#8221; button_custom_width=&#8221;160&#8243; bg_color=&#8221;#0062b0&#8243; btn_hover_bg=&#8221;#252525&#8243;]CONTATE-NOS[\/mk_button][\/vc_column_inner][\/vc_row_inner][\/vc_column][\/mk_page_section][mk_page_section full_width=&#8221;true&#8221; first_page=&#8221;false&#8221; last_page=&#8221;false&#8221; sidebar=&#8221;sidebar-1&#8243;][vc_column][mk_divider style=&#8221;thin_solid&#8221; thickness=&#8221;4&#8243; margin_top=&#8221;10&#8243; margin_bottom=&#8221;40&#8243;][vc_row_inner padding=&#8221;0&#8243;][vc_column_inner width=&#8221;1\/4&#8243;][\/vc_column_inner][vc_column_inner width=&#8221;1\/2&#8243;][mk_fancy_title tag_name=&#8221;h4&#8243; color=&#8221;#393836&#8243; size=&#8221;30&#8243; font_weight=&#8221;normal&#8221; font_style=&#8221;normal&#8221; txt_transform=&#8221;uppercase&#8221; margin_bottom=&#8221;18&#8243; font_family=&#8221;none&#8221; align=&#8221;center&#8221;]\n<p style=\"text-align: center;\">COM A GARANTIA DE<\/p>\n[\/mk_fancy_title][mk_image src=&#8221;https:\/\/fullcertificate.com\/wp-content\/uploads\/2022\/04\/footer-nuevo-WE-VOTE.jpg&#8221; image_width=&#8221;1500&#8243; link=&#8221;http:\/\/fullcertificate.com\/&#8221; target=&#8221;_blank&#8221; align=&#8221;center&#8221; el_class=&#8221;imagen-footer-centro&#8221; crop=&#8221;false&#8221;][\/vc_column_inner][vc_column_inner width=&#8221;1\/4&#8243;][\/vc_column_inner][\/vc_row_inner][\/vc_column][\/mk_page_section]\n","protected":false},"excerpt":{"rendered":"<p>[mk_page_section bg_image=&#8221;https:\/\/fullcertificate.com\/wp-content\/uploads\/2017\/03\/burofax-online-certificado-mismo-dia-urgente-1.jpg&#8221; bg_position=&#8221;center top&#8221; bg_repeat=&#8221;no-repeat&#8221; bg_stretch=&#8221;true&#8221; min_height=&#8221;350&#8243; padding_top=&#8221;20&#8243; padding_bottom=&#8221;0&#8243; first_page=&#8221;true&#8221; last_page=&#8221;true&#8221; sidebar=&#8221;sidebar-1&#8243;][vc_column][mk_fancy_title tag_name=&#8221;h1&#8243; color=&#8221;#000000&#8243; size=&#8221;40&#8243; font_weight=&#8221;normal&#8221; font_style=&#8221;normal&#8221; txt_transform=&#8221;none&#8221; margin_top=&#8221;60&#8243; margin_bottom=&#8221;0&#8243; font_family=&#8221;none&#8221;]Notifica\u00e7\u00e3o Certificada Mesmo dia[\/mk_fancy_title][mk_fancy_title color=&#8221;#000000&#8243; size=&#8221;25&#8243; font_weight=&#8221;300&#8243; font_style=&#8221;normal&#8221; txt_transform=&#8221;none&#8221; margin_bottom=&#8221;0&#8243; font_family=&#8221;none&#8221;]Notifica\u00e7\u00e3o Certificada emitida e recebida no mesmo dia. Entrega a domic\u00edlio, Assinatura, Aviso de Recep\u00e7\u00e3o e Certifica\u00e7\u00e3o de Conte\u00fado.[\/mk_fancy_title][mk_button dimension=&#8221;flat&#8221; size=&#8221;medium&#8221; url=&#8221;https:\/\/cloud.fullcertificate.com\/register&#8221; target=&#8221;_blank&#8221; button_custom_width=&#8221;250&#8243; bg_color=&#8221;#0062b0&#8243; [&hellip;]<\/p>\n","protected":false},"author":2,"featured_media":0,"parent":0,"menu_order":0,"comment_status":"closed","ping_status":"closed","template":"","meta":{"_bbp_topic_count":0,"_bbp_reply_count":0,"_bbp_total_topic_count":0,"_bbp_total_reply_count":0,"_bbp_voice_count":0,"_bbp_anonymous_reply_count":0,"_bbp_topic_count_hidden":0,"_bbp_reply_count_hidden":0,"_bbp_forum_subforum_count":0},"_links":{"self":[{"href":"https:\/\/www.fullcertificate.com\/pt-pt\/wp-json\/wp\/v2\/pages\/10532"}],"collection":[{"href":"https:\/\/www.fullcertificate.com\/pt-pt\/wp-json\/wp\/v2\/pages"}],"about":[{"href":"https:\/\/www.fullcertificate.com\/pt-pt\/wp-json\/wp\/v2\/types\/page"}],"author":[{"embeddable":true,"href":"https:\/\/www.fullcertificate.com\/pt-pt\/wp-json\/wp\/v2\/users\/2"}],"replies":[{"embeddable":true,"href":"https:\/\/www.fullcertificate.com\/pt-pt\/wp-json\/wp\/v2\/comments?post=10532"}],"version-history":[{"count":24,"href":"https:\/\/www.fullcertificate.com\/pt-pt\/wp-json\/wp\/v2\/pages\/10532\/revisions"}],"predecessor-version":[{"id":27545,"href":"https:\/\/www.fullcertificate.com\/pt-pt\/wp-json\/wp\/v2\/pages\/10532\/revisions\/27545"}],"wp:attachment":[{"href":"https:\/\/www.fullcertificate.com\/pt-pt\/wp-json\/wp\/v2\/media?parent=10532"}],"curies":[{"name":"wp","href":"https:\/\/api.w.org\/{rel}","templated":true}]}}