{"id":10543,"date":"2018-11-30T10:25:10","date_gmt":"2018-11-30T10:25:10","guid":{"rendered":"https:\/\/fullcertificate.com\/?page_id=10543"},"modified":"2022-04-12T13:17:49","modified_gmt":"2022-04-12T13:17:49","slug":"consultas-populares-e-voto-popular","status":"publish","type":"page","link":"https:\/\/www.fullcertificate.com\/pt-pt\/consultas-populares-e-voto-popular\/","title":{"rendered":"Consultas Populares e Voto Popular"},"content":{"rendered":"[mk_page_section bg_image=&#8221;https:\/\/fullcertificate.com\/wp-content\/uploads\/2018\/11\/banner-consultas-populares-voto-popular-avisos-certificados-5-1.jpg&#8221; bg_position=&#8221;center top&#8221; bg_repeat=&#8221;no-repeat&#8221; bg_stretch=&#8221;true&#8221; min_height=&#8221;350&#8243; padding_top=&#8221;20&#8243; padding_bottom=&#8221;0&#8243; first_page=&#8221;true&#8221; last_page=&#8221;true&#8221; sidebar=&#8221;sidebar-1&#8243;][vc_column][mk_fancy_title color=&#8221;#000000&#8243; size=&#8221;40&#8243; font_weight=&#8221;normal&#8221; font_style=&#8221;normal&#8221; txt_transform=&#8221;none&#8221; margin_top=&#8221;60&#8243; margin_bottom=&#8221;0&#8243; font_family=&#8221;none&#8221;]Consultas Populares e Voto Popular[\/mk_fancy_title][mk_fancy_title color=&#8221;#000000&#8243; size=&#8221;25&#8243; font_weight=&#8221;300&#8243; font_style=&#8221;normal&#8221; txt_transform=&#8221;none&#8221; margin_bottom=&#8221;0&#8243; font_family=&#8221;none&#8221;]Participa\u00e7\u00e3o Popular no Governo Local[\/mk_fancy_title][mk_button dimension=&#8221;flat&#8221; size=&#8221;medium&#8221; url=&#8221;https:\/\/www.wevote.eu\/en&#8221; target=&#8221;_blank&#8221; button_custom_width=&#8221;250&#8243; bg_color=&#8221;#0062b0&#8243; btn_hover_bg=&#8221;#252525&#8243;]VISITAR WWW.WEVOTE.EU[\/mk_button][\/vc_column][\/mk_page_section][mk_page_section padding_top=&#8221;50&#8243; padding_bottom=&#8221;50&#8243; first_page=&#8221;false&#8221; last_page=&#8221;false&#8221; sidebar=&#8221;sidebar-1&#8243;][vc_column width=&#8221;3\/4&#8243;][mk_fancy_title color=&#8221;#0062af&#8221; size=&#8221;30&#8243; font_weight=&#8221;normal&#8221; font_style=&#8221;normal&#8221; txt_transform=&#8221;none&#8221; margin_bottom=&#8221;0&#8243; font_family=&#8221;none&#8221;]Consultas Populares Certificadas e-Governo local[\/mk_fancy_title][mk_divider style=&#8221;thin_solid&#8221; thickness=&#8221;4&#8243; margin_top=&#8221;0&#8243;][mk_fancy_title color=&#8221;#000000&#8243; size=&#8221;17&#8243; font_weight=&#8221;bold&#8221; font_style=&#8221;normal&#8221; txt_transform=&#8221;uppercase&#8221; margin_bottom=&#8221;0&#8243; font_family=&#8221;none&#8221;]VOTO POPULAR ELETR\u00d3NICO PARA FOMENTAR A PARTICIPA\u00c7\u00c3O DO CIDAD\u00c3O[\/mk_fancy_title][mk_fancy_title color=&#8221;#f2006e&#8221; size=&#8221;20&#8243; font_weight=&#8221;normal&#8221; font_style=&#8221;normal&#8221; txt_transform=&#8221;none&#8221; margin_bottom=&#8221;30&#8243; font_family=&#8221;none&#8221;]Prefeituras, Munic\u00edpios, C\u00e2maras, Comunidades, Associa\u00e7\u00f5es, etc.[\/mk_fancy_title][vc_row_inner padding=&#8221;0&#8243;][vc_column_inner width=&#8221;1\/4&#8243;][mk_icon_box2 icon_type=&#8221;image&#8221; icon_size=&#8221;inherit&#8221; title_size=&#8221;0&#8243; title_top_padding=&#8221;0&#8243; title_bottom_padding=&#8221;0&#8243;]<img loading=\"lazy\" class=\"wp-image-6433 size-medium aligncenter\" src=\"https:\/\/fullcertificate.com\/wp-content\/uploads\/2018\/10\/logo-wevote-2-1.png\" alt=\"\" width=\"130\" height=\"31\" \/><br \/>\n<img class=\"wp-image-6439 size-medium aligncenter\" src=\"https:\/\/fullcertificate.com\/wp-content\/uploads\/2018\/10\/grafico-smart-wevote-1.png\" alt=\"\" width=\"216\" \/><\/p>\n<p style=\"text-align: center;\"><strong><span style=\"color: #0062b0;\">VOTO POPULAR<br \/>\n<\/span><\/strong>Consultas Populares<br \/>\neVote Mobile<br \/>\nApura\u00e7\u00e3o Certificada<br \/>\nAta Certificada<br \/>\nEscalabilidade Total<br \/>\nValidade Legal<\/p>\n[\/mk_icon_box2][mk_image src=&#8221;https:\/\/fullcertificate.com\/wp-content\/uploads\/2019\/04\/candado-eidas-eu-full-certificate-1.png&#8221; image_width=&#8221;100&#8243; align=&#8221;center&#8221; margin_bottom=&#8221;5&#8243; crop=&#8221;false&#8221;][\/vc_column_inner][vc_column_inner width=&#8221;3\/4&#8243;][mk_fancy_title tag_name=&#8221;h4&#8243; color=&#8221;#000000&#8243; font_weight=&#8221;normal&#8221; font_style=&#8221;normal&#8221; txt_transform=&#8221;none&#8221; margin_bottom=&#8221;5&#8243; font_family=&#8221;none&#8221;]<span style=\"color: #0062af;\">Perguntar diretamente \u00e0 popula\u00e7\u00e3o local<\/span> \u00e9 o melhor procedimento para <span style=\"color: #0062af;\">entender as prioridades e interesses dos cidad\u00e3os<\/span> e, assim, poder aplic\u00e1-los \u00e0s a\u00e7\u00f5es do governo local.<\/p>\n<p>&nbsp;<\/p>\n<p>As diferentes comunidades locais, vizinhas, empresas e \/ ou agentes sociais t\u00eam agora a capacidade de participar, por meio da implementa\u00e7\u00e3o dos nossos <span style=\"color: #0062af;\">Servi\u00e7os de Vota\u00e7\u00e3o Popular<\/span>, de aspectos como a aloca\u00e7\u00e3o de a\u00e7\u00f5es e or\u00e7amentos, temas de interesse social, gest\u00e3o de prioridades e recursos, etc.<\/p>\n<p>&nbsp;<\/p>\n<p style=\"padding-left: 30px;\"><span style=\"color: #0062af;\">&#8220;As<\/span><span style=\"color: #f2006e;\"> Consultas Populares<\/span> <span style=\"color: #0062af;\">podem ser informativas ou vinculativas. Permitem<\/span> <span style=\"color: #f2006e;\">avaliar o interesse<\/span> <span style=\"color: #0062af;\">e as<\/span> <span style=\"color: #f2006e;\">necessidades locais<\/span><span style=\"color: #0062af;\">, incentivam<\/span> <span style=\"color: #f2006e;\">a participa\u00e7\u00e3o dos cidad\u00e3os<\/span><span style=\"color: #0062af;\"> e proporcionar<\/span><span style=\"color: #f2006e;\"> maior transpar\u00eancia e proximidade <\/span><span style=\"color: #0062af;\">dos governos locais&#8221;.<\/span><\/p>\n<p>&nbsp;<\/p>\n<p>Nossos servi\u00e7os de Voto Eletr\u00f3nico Popular s\u00e3o desenvolvidos da seguinte forma:<\/p>\n<p>&nbsp;<\/p>\n<ul>\n<li><span style=\"color: #0062af;\">Convocat\u00f3ria e prazos<\/span><\/li>\n<li><span style=\"color: #0062af;\">Acesso via link e \/ ou QR.<\/span><\/li>\n<li><span style=\"color: #0062af;\">Identifica\u00e7\u00e3o \/ Autentica\u00e7\u00e3o<\/span>\n<ul>\n<li>Lista de verifica\u00e7\u00e3o local<\/li>\n<li>Identidade Eletr\u00f3nica<\/li>\n<li>Certificados pessoais avan\u00e7ados<\/li>\n<\/ul>\n<\/li>\n<li><span style=\"color: #0062af;\">Duplo fator de seguran\u00e7a<\/span><\/li>\n<li><span style=\"color: #0062af;\">Vota\u00e7\u00e3o eletr\u00f3nica e mista atrav\u00e9s de:<\/span>\n<ul>\n<li>Celulares<\/li>\n<li>Tablets<\/li>\n<li>PC&#8217;s<\/li>\n<li>Pontos locais de votos eletr\u00f3nicos<\/li>\n<li>Pontos locais de votos f\u00edsicos<\/li>\n<\/ul>\n<\/li>\n<li><span style=\"color: #0062af;\">Certifica\u00e7\u00e3o e envio do voto para cada cidad\u00e3o<\/span><\/li>\n<li><span style=\"color: #0062af;\">Apura\u00e7\u00e3o dos resultados<\/span><\/li>\n<li><span style=\"color: #0062af;\">Ata de Resultados Certificada e Referenciada<\/span><\/li>\n<\/ul>\n<p>&nbsp;<\/p>\n<p><strong>VANTAGENS DO SERVI\u00c7O<\/strong><\/p>\n<p>&nbsp;<\/p>\n<p>Entre as vantagens destacamos o seguinte:<\/p>\n<p>&nbsp;<\/p>\n<ul>\n<li><span style=\"color: #0062af;\">F\u00e1cil implementa\u00e7\u00e3o<\/span><\/li>\n<li><span style=\"color: #0062af;\">Seguran\u00e7a total<\/span><\/li>\n<li><span style=\"color: #0062af;\">Autentica\u00e7\u00e3o avan\u00e7ada<\/span><\/li>\n<li><span style=\"color: #0062af;\">Unicidade<\/span><\/li>\n<li><span style=\"color: #0062af;\">Vota\u00e7\u00f5es locaias e microlocalizadas<\/span><\/li>\n<li><span style=\"color: #0062af;\">Cust\u00f3dia eletr\u00f3nica por Terceiro de Confian\u00e7a<\/span><\/li>\n<li><span style=\"color: #0062af;\">\u00c9 totalmente audit\u00e1vel<\/span><\/li>\n<li><span style=\"color: #0062af;\">Importante economia de tempo<\/span><\/li>\n<\/ul>\n<p>&nbsp;<\/p>\n<p><span style=\"color: #0062af;\">Full Certificate<\/span> \u00e9 um\u00a0<span style=\"color: #0062af;\">Terceiro de Confian\u00e7a Europeu<\/span>\u00a0e garantem a qualidade e o funcionamento adequado do processo de Vota\u00e7\u00e3o Popular com total Validade Legal. N\u00f3s tamb\u00e9m oferecemos, com todos os nossos produtos, o servi\u00e7o de dep\u00f3sito notarial baixo demanda.<\/p>\n<p>&nbsp;<\/p>\n<p><span style=\"color: #0062af;\">Full Certificate<\/span> \u00e9 <span style=\"color: #0062af;\">Terceira de Confian\u00e7a Europeia<\/span> e garante a qualidade e o funcionamento adequado do processo de Vota\u00e7\u00e3o Popular com validade legal total. Al\u00e9m disso, n\u00f3s tamb\u00e9m oferecemos, com todos os nossos produtos, o servi\u00e7o de dep\u00f3sito notarial sob demanda.<\/p>\n<p>&nbsp;<\/p>\n<p style=\"text-align: left;\">Por favor, <a href=\"https:\/\/fullcertificate.com\/pt-pt\/contato\/\"><span style=\"color: #0062af;\">contate-nos<\/span><\/a> e conte-nos sobre o seu projeto para estud\u00e1-lo e dar-lhe todas as op\u00e7\u00f5es e garantias necess\u00e1rias.<\/p>\n[\/mk_fancy_title][\/vc_column_inner][\/vc_row_inner][\/vc_column][vc_column border_color=&#8221;#ffffff&#8221; width=&#8221;1\/4&#8243;][mk_image src=&#8221;https:\/\/fullcertificate.com\/wp-content\/uploads\/2018\/12\/european-trusted-third-party-full-certificate.png&#8221; image_width=&#8221;180&#8243; align=&#8221;center&#8221; margin_bottom=&#8221;35&#8243; crop=&#8221;false&#8221;][vc_row_inner padding=&#8221;0&#8243;][vc_column_inner css=&#8221;.vc_custom_1573816580123{border-top-width: 1px !important;border-right-width: 1px !important;border-bottom-width: 1px !important;border-left-width: 1px !important;border-left-color: #f2006e !important;border-left-style: solid !important;border-right-color: #f2006e !important;border-right-style: solid !important;border-top-color: #f2006e !important;border-top-style: solid !important;border-bottom-color: #f2006e !important;border-bottom-style: solid !important;}&#8221;][mk_fancy_title color=&#8221;#000000&#8243; size=&#8221;20&#8243; font_weight=&#8221;bold&#8221; font_style=&#8221;normal&#8221; txt_transform=&#8221;uppercase&#8221; margin_top=&#8221;20&#8243; margin_bottom=&#8221;0&#8243; font_family=&#8221;none&#8221; align=&#8221;center&#8221;]\n<p style=\"text-align: center;\">REGISTRE-SE GR\u00c1TIS<\/p>\n[\/mk_fancy_title][mk_fancy_title color=&#8221;#000000&#8243; size=&#8221;16&#8243; font_weight=&#8221;normal&#8221; font_style=&#8221;normal&#8221; txt_transform=&#8221;none&#8221; margin_bottom=&#8221;0&#8243; font_family=&#8221;none&#8221; align=&#8221;center&#8221;]\n<p style=\"text-align: center;\">Tente nossos Servi\u00e7os Certificados com total validade legal.<\/p>\n<p>&nbsp;<\/p>\n<p style=\"text-align: center;\"><strong><span style=\"color: #0062b0;\">Sem taxas, sem contratos.<\/span><br \/>\n<\/strong>Seu saldo nunca expira.<\/p>\n[\/mk_fancy_title][mk_button dimension=&#8221;flat&#8221; corner_style=&#8221;rounded&#8221; size=&#8221;medium&#8221; url=&#8221;https:\/\/cloud.fullcertificate.com\/register&#8221; target=&#8221;_blank&#8221; align=&#8221;center&#8221; button_custom_width=&#8221;160&#8243; bg_color=&#8221;#f2006e&#8221; btn_hover_bg=&#8221;#252525&#8243; btn_hover_txt_color=&#8221;#ffffff&#8221;]CLIQUE AQU\u00cd[\/mk_button][\/vc_column_inner][\/vc_row_inner][vc_row_inner padding=&#8221;0&#8243;][vc_column_inner][vc_empty_space height=&#8221;20px&#8221;][\/vc_column_inner][\/vc_row_inner][vc_row_inner padding=&#8221;0&#8243;][vc_column_inner][vc_empty_space height=&#8221;0px&#8221;][mk_icon_box2 icon_type=&#8221;image&#8221; title_size=&#8221;0&#8243; title_top_padding=&#8221;0&#8243; title_bottom_padding=&#8221;0&#8243;]<a href=\"https:\/\/fullcertificate.com\/pt-pt\/smartmoney-dinheiro-inteligente\/\"><img loading=\"lazy\" class=\"wp-image-6433 size-medium aligncenter\" src=\"https:\/\/fullcertificate.com\/wp-content\/uploads\/2018\/10\/logo-smartmoney-1.png\" alt=\"\" width=\"180\" height=\"31\" \/><\/a><a href=\"https:\/\/fullcertificate.com\/pt-pt\/smartmoney-dinheiro-inteligente\/\"><img loading=\"lazy\" class=\"wp-image-6439 size-medium aligncenter\" src=\"https:\/\/fullcertificate.com\/wp-content\/uploads\/2018\/10\/grafico-smart-money-3-1.png\" alt=\"\" width=\"170\" height=\"300\" \/><\/a><\/p>\n<p style=\"text-align: center;\"><strong><span style=\"color: #0062b0;\"><a style=\"color: #0062b0;\" href=\"https:\/\/fullcertificate.com\/pt-pt\/smartmoney-dinheiro-inteligente\/\">SMART MONEY<\/a><br \/>\n<\/span><\/strong>Smart Contracts<br \/>\nSmart Payments<br \/>\n<span style=\"color: #000000; text-decoration: none;\">Smart Recovery<br \/>\nDashboard<br \/>\n<\/span><\/p>\n[\/mk_icon_box2][vc_empty_space height=&#8221;0px&#8221;][mk_icon_box2 icon_type=&#8221;image&#8221; title_size=&#8221;0&#8243; title_top_padding=&#8221;0&#8243; title_bottom_padding=&#8221;0&#8243;]<a href=\"https:\/\/fullcertificate.com\/pt-pt\/automacao-cloud-inhouse\/\"><img loading=\"lazy\" class=\"wp-image-6433 size-medium aligncenter\" src=\"https:\/\/fullcertificate.com\/wp-content\/uploads\/2018\/10\/logo-smart-automation-2-1.png\" alt=\"\" width=\"265\" height=\"31\" \/><\/a><a href=\"https:\/\/fullcertificate.com\/pt-pt\/automacao-cloud-inhouse\/\"><img loading=\"lazy\" class=\"wp-image-6439 size-medium aligncenter\" src=\"https:\/\/fullcertificate.com\/wp-content\/uploads\/2018\/10\/grafico-smart-automation-1.png\" alt=\"\" width=\"170\" height=\"300\" \/><\/a><\/p>\n<p style=\"text-align: center;\"><strong><span style=\"color: #0062b0;\"><a style=\"color: #0062b0;\" href=\"https:\/\/fullcertificate.com\/pt-pt\/automacao-cloud-inhouse\/\">SMART AUTOMATION<\/a><br \/>\n<\/span><\/strong>WS API-REST<br \/>\nDesenvolvimento de TI<br \/>\nAutentica\u00e7\u00e3o avan\u00e7ada<br \/>\nPortais e Formul\u00e1rios Inteligente<\/p>\n[\/mk_icon_box2][\/vc_column_inner][\/vc_row_inner][vc_empty_space height=&#8221;20px&#8221;][vc_row_inner el_class=&#8221;ocultar&#8221; padding=&#8221;0&#8243;][vc_column_inner css=&#8221;.vc_custom_1540979094932{border-top-width: 1px !important;border-right-width: 1px !important;border-bottom-width: 1px !important;border-left-width: 1px !important;padding-top: 20px !important;padding-bottom: 20px !important;background-color: #ffffff !important;border-left-color: #1e73be !important;border-left-style: solid !important;border-right-color: #1e73be !important;border-right-style: solid !important;border-top-color: #1e73be !important;border-top-style: solid !important;border-bottom-color: #1e73be !important;border-bottom-style: solid !important;}&#8221;][mk_fancy_title color=&#8221;#000000&#8243; size=&#8221;20&#8243; font_weight=&#8221;bold&#8221; font_style=&#8221;normal&#8221; txt_transform=&#8221;uppercase&#8221; margin_bottom=&#8221;0&#8243; font_family=&#8221;none&#8221; align=&#8221;center&#8221;]\n<p style=\"text-align: center;\">Dados de contato<\/p>\n[\/mk_fancy_title][mk_fancy_title color=&#8221;#1e73be&#8221; font_style=&#8221;normal&#8221; txt_transform=&#8221;none&#8221; margin_bottom=&#8221;18&#8243; font_family=&#8221;none&#8221; align=&#8221;center&#8221;]\n<p style=\"text-align: center;\"><span style=\"color: #000000;\"><strong>Telefone:<\/strong> EU &#8211; ES: 0034 910 052 659<br \/>\nEU &#8211; IT: 0039 0687165152<br \/>\nLATAM: 0052 55 4162 9666<\/span><\/p>\n<p style=\"text-align: center;\"><strong><span style=\"color: #000000;\">Endere\u00e7o:<\/span> <\/strong>C \/ Boix y Morer 6, Penthouse. 28003 Madri, Espanha<\/p>\n[\/mk_fancy_title][mk_button dimension=&#8221;flat&#8221; corner_style=&#8221;rounded&#8221; size=&#8221;medium&#8221; url=&#8221;https:\/\/fullcertificate.com\/pt-pt\/contato\/&#8221; align=&#8221;center&#8221; button_custom_width=&#8221;160&#8243; bg_color=&#8221;#0062b0&#8243; btn_hover_bg=&#8221;#252525&#8243;]CONTATE-NOS[\/mk_button][\/vc_column_inner][\/vc_row_inner][\/vc_column][\/mk_page_section][mk_page_section full_width=&#8221;true&#8221; first_page=&#8221;false&#8221; last_page=&#8221;false&#8221; sidebar=&#8221;sidebar-1&#8243;][vc_column][mk_divider style=&#8221;thin_solid&#8221; thickness=&#8221;4&#8243; margin_top=&#8221;10&#8243; margin_bottom=&#8221;40&#8243;][vc_row_inner padding=&#8221;0&#8243;][vc_column_inner width=&#8221;1\/4&#8243;][\/vc_column_inner][vc_column_inner width=&#8221;1\/2&#8243;][mk_fancy_title tag_name=&#8221;h4&#8243; color=&#8221;#393836&#8243; size=&#8221;30&#8243; font_weight=&#8221;normal&#8221; font_style=&#8221;normal&#8221; txt_transform=&#8221;uppercase&#8221; margin_bottom=&#8221;18&#8243; font_family=&#8221;none&#8221; align=&#8221;center&#8221;]\n<p style=\"text-align: center;\">COM A GARANTIA DE<\/p>\n[\/mk_fancy_title][mk_image src=&#8221;https:\/\/fullcertificate.com\/wp-content\/uploads\/2022\/04\/footer-nuevo-WE-VOTE.jpg&#8221; image_width=&#8221;1500&#8243; image_height=&#8221;216&#8243; link=&#8221;http:\/\/fullcertificate.com\/&#8221; target=&#8221;_blank&#8221; align=&#8221;center&#8221; el_class=&#8221;imagen-footer-centro&#8221; crop=&#8221;false&#8221;][\/vc_column_inner][vc_column_inner width=&#8221;1\/4&#8243;][\/vc_column_inner][\/vc_row_inner][\/vc_column][\/mk_page_section]\n","protected":false},"excerpt":{"rendered":"<p>[mk_page_section bg_image=&#8221;https:\/\/fullcertificate.com\/wp-content\/uploads\/2018\/11\/banner-consultas-populares-voto-popular-avisos-certificados-5-1.jpg&#8221; bg_position=&#8221;center top&#8221; bg_repeat=&#8221;no-repeat&#8221; bg_stretch=&#8221;true&#8221; min_height=&#8221;350&#8243; padding_top=&#8221;20&#8243; padding_bottom=&#8221;0&#8243; first_page=&#8221;true&#8221; last_page=&#8221;true&#8221; sidebar=&#8221;sidebar-1&#8243;][vc_column][mk_fancy_title color=&#8221;#000000&#8243; size=&#8221;40&#8243; font_weight=&#8221;normal&#8221; font_style=&#8221;normal&#8221; txt_transform=&#8221;none&#8221; margin_top=&#8221;60&#8243; margin_bottom=&#8221;0&#8243; font_family=&#8221;none&#8221;]Consultas Populares e Voto Popular[\/mk_fancy_title][mk_fancy_title color=&#8221;#000000&#8243; size=&#8221;25&#8243; font_weight=&#8221;300&#8243; font_style=&#8221;normal&#8221; txt_transform=&#8221;none&#8221; margin_bottom=&#8221;0&#8243; font_family=&#8221;none&#8221;]Participa\u00e7\u00e3o Popular no Governo Local[\/mk_fancy_title][mk_button dimension=&#8221;flat&#8221; size=&#8221;medium&#8221; url=&#8221;https:\/\/www.wevote.eu\/en&#8221; target=&#8221;_blank&#8221; button_custom_width=&#8221;250&#8243; bg_color=&#8221;#0062b0&#8243; btn_hover_bg=&#8221;#252525&#8243;]VISITAR WWW.WEVOTE.EU[\/mk_button][\/vc_column][\/mk_page_section][mk_page_section padding_top=&#8221;50&#8243; padding_bottom=&#8221;50&#8243; first_page=&#8221;false&#8221; last_page=&#8221;false&#8221; sidebar=&#8221;sidebar-1&#8243;][vc_column width=&#8221;3\/4&#8243;][mk_fancy_title color=&#8221;#0062af&#8221; size=&#8221;30&#8243; font_weight=&#8221;normal&#8221; font_style=&#8221;normal&#8221; txt_transform=&#8221;none&#8221; margin_bottom=&#8221;0&#8243; [&hellip;]<\/p>\n","protected":false},"author":2,"featured_media":0,"parent":0,"menu_order":0,"comment_status":"closed","ping_status":"closed","template":"","meta":{"_bbp_topic_count":0,"_bbp_reply_count":0,"_bbp_total_topic_count":0,"_bbp_total_reply_count":0,"_bbp_voice_count":0,"_bbp_anonymous_reply_count":0,"_bbp_topic_count_hidden":0,"_bbp_reply_count_hidden":0,"_bbp_forum_subforum_count":0},"_links":{"self":[{"href":"https:\/\/www.fullcertificate.com\/pt-pt\/wp-json\/wp\/v2\/pages\/10543"}],"collection":[{"href":"https:\/\/www.fullcertificate.com\/pt-pt\/wp-json\/wp\/v2\/pages"}],"about":[{"href":"https:\/\/www.fullcertificate.com\/pt-pt\/wp-json\/wp\/v2\/types\/page"}],"author":[{"embeddable":true,"href":"https:\/\/www.fullcertificate.com\/pt-pt\/wp-json\/wp\/v2\/users\/2"}],"replies":[{"embeddable":true,"href":"https:\/\/www.fullcertificate.com\/pt-pt\/wp-json\/wp\/v2\/comments?post=10543"}],"version-history":[{"count":17,"href":"https:\/\/www.fullcertificate.com\/pt-pt\/wp-json\/wp\/v2\/pages\/10543\/revisions"}],"predecessor-version":[{"id":27590,"href":"https:\/\/www.fullcertificate.com\/pt-pt\/wp-json\/wp\/v2\/pages\/10543\/revisions\/27590"}],"wp:attachment":[{"href":"https:\/\/www.fullcertificate.com\/pt-pt\/wp-json\/wp\/v2\/media?parent=10543"}],"curies":[{"name":"wp","href":"https:\/\/api.w.org\/{rel}","templated":true}]}}