{"id":10590,"date":"2018-11-30T10:36:59","date_gmt":"2018-11-30T10:36:59","guid":{"rendered":"https:\/\/fullcertificate.com\/?page_id=10590"},"modified":"2022-04-12T12:47:34","modified_gmt":"2022-04-12T12:47:34","slug":"faxes-certificados","status":"publish","type":"page","link":"https:\/\/www.fullcertificate.com\/pt-pt\/faxes-certificados\/","title":{"rendered":"faxes certificados"},"content":{"rendered":"[mk_page_section bg_image=&#8221;https:\/\/fullcertificate.com\/wp-content\/uploads\/2016\/06\/fax-1.jpg&#8221; bg_position=&#8221;center top&#8221; bg_repeat=&#8221;no-repeat&#8221; bg_stretch=&#8221;true&#8221; min_height=&#8221;350&#8243; padding_top=&#8221;20&#8243; padding_bottom=&#8221;0&#8243; first_page=&#8221;true&#8221; last_page=&#8221;true&#8221; sidebar=&#8221;sidebar-1&#8243;][vc_column][mk_fancy_title color=&#8221;#000000&#8243; size=&#8221;40&#8243; font_weight=&#8221;normal&#8221; font_style=&#8221;normal&#8221; txt_transform=&#8221;none&#8221; margin_top=&#8221;60&#8243; margin_bottom=&#8221;0&#8243; font_family=&#8221;none&#8221;]Faxes Certificados[\/mk_fancy_title][mk_fancy_title color=&#8221;#000000&#8243; size=&#8221;25&#8243; font_weight=&#8221;300&#8243; font_style=&#8221;normal&#8221; txt_transform=&#8221;none&#8221; margin_bottom=&#8221;0&#8243; font_family=&#8221;none&#8221;]Faxes com validade legal e certifica\u00e7\u00e3o de conte\u00fado[\/mk_fancy_title][mk_button dimension=&#8221;flat&#8221; size=&#8221;medium&#8221; url=&#8221;https:\/\/cloud.fullcertificate.com\/register&#8221; target=&#8221;_blank&#8221; button_custom_width=&#8221;250&#8243; bg_color=&#8221;#0062b0&#8243; btn_hover_bg=&#8221;#252525&#8243;]CONTRATAR AGORA[\/mk_button][\/vc_column][\/mk_page_section][mk_page_section padding_top=&#8221;50&#8243; padding_bottom=&#8221;0&#8243; first_page=&#8221;false&#8221; last_page=&#8221;false&#8221; sidebar=&#8221;sidebar-1&#8243;][vc_column width=&#8221;3\/4&#8243;][mk_fancy_title color=&#8221;#0062af&#8221; size=&#8221;30&#8243; font_weight=&#8221;normal&#8221; font_style=&#8221;normal&#8221; txt_transform=&#8221;none&#8221; margin_bottom=&#8221;0&#8243; font_family=&#8221;none&#8221;]Faxes Certificados[\/mk_fancy_title][mk_divider style=&#8221;thin_solid&#8221; thickness=&#8221;4&#8243; margin_top=&#8221;0&#8243;][mk_fancy_title color=&#8221;#000000&#8243; size=&#8221;17&#8243; font_weight=&#8221;bold&#8221; font_style=&#8221;normal&#8221; txt_transform=&#8221;uppercase&#8221; margin_bottom=&#8221;0&#8243; font_family=&#8221;none&#8221;]Fax Certificado: Um canal importante com muita hist\u00f3ria e valor[\/mk_fancy_title][mk_fancy_title color=&#8221;#f2006e&#8221; size=&#8221;20&#8243; font_weight=&#8221;normal&#8221; font_style=&#8221;normal&#8221; txt_transform=&#8221;none&#8221; margin_bottom=&#8221;30&#8243; font_family=&#8221;none&#8221;]O antigo servi\u00e7o de fax tradicional continua sendo uma excelente ferramenta de comunica\u00e7\u00e3o para notifica\u00e7\u00f5es com validade legal para as empresas, institui\u00e7\u00f5es e escrit\u00f3rios profissionais.[\/mk_fancy_title][vc_row_inner padding=&#8221;0&#8243;][vc_column_inner width=&#8221;1\/3&#8243;][mk_icon_box text_size=&#8221;0&#8243; box_blur=&#8221;false&#8221;]<span style=\"color: #0062af;\"><img class=\"wp-image-8789 aligncenter\" src=\"https:\/\/fullcertificate.com\/wp-content\/uploads\/2018\/11\/icono-fax-certificado-2-1-1.png\" alt=\"\" width=\"216\" \/><\/span><\/p>\n<p style=\"text-align: center;\"><span style=\"color: #0062af;\"><strong>FAX CERTIFICADO<\/strong><\/span><br \/>\nCertifica\u00e7\u00e3o de entrega<br \/>\nCertifica\u00e7\u00e3o de conte\u00fado<br \/>\nTestemunho notarial<\/p>\n[\/mk_icon_box][mk_image src=&#8221;https:\/\/fullcertificate.com\/wp-content\/uploads\/2019\/04\/candado-eidas-eu-full-certificate-1.png&#8221; image_width=&#8221;100&#8243; align=&#8221;center&#8221; crop=&#8221;false&#8221;][\/vc_column_inner][vc_column_inner width=&#8221;2\/3&#8243;][mk_fancy_title tag_name=&#8221;h4&#8243; color=&#8221;#000000&#8243; font_weight=&#8221;normal&#8221; font_style=&#8221;normal&#8221; txt_transform=&#8221;none&#8221; margin_bottom=&#8221;0&#8243; font_family=&#8221;none&#8221;]Dentro do sistema de comunica\u00e7\u00e3o cl\u00e1ssica, <span style=\"color: #0062af;\">o fax se destaca pela sua import\u00e2ncia e hist\u00f3ria.<\/span> Que agora n\u00f3s o reinventamos com uma nova e importante<span style=\"color: #0062af;\"> aplica\u00e7\u00e3o simples, econ\u00f4mica e c\u00f4moda:<\/span> o<strong> Fax Certificado<\/strong>.<\/p>\n<p>&nbsp;<\/p>\n<p>Como os <strong>n\u00fameros de telefones fixos e de fax<\/strong> <span style=\"color: #0062af;\">s\u00e3o atribu\u00eddos a um registro nacional,<\/span> seja de pessoa f\u00edsica, aut\u00f4nomos ou empresas, <span style=\"color: #0062af;\">as notifica\u00e7\u00f5es por meio desse canal s\u00e3o de grande interesse<\/span>, desde que sejam <span style=\"color: #0062af;\">certificadas<\/span> como provas com <span style=\"color: #0062af;\">validade legal<\/span> em um julgamento.<\/p>\n<p>&nbsp;<\/p>\n<p>Agora voc\u00ea poder\u00e1 enviar <strong>qualquer documento em formato PDF para um fax<\/strong><span style=\"color: #0062af;\"> nacional ou europeu<\/span>. Faremos<strong> tr\u00eas tentativas de entrega<\/strong> quando o fax for detectado como dispon\u00edvel. Nossos servidores <span style=\"color: #0062af;\">enviar\u00e3o a documenta\u00e7\u00e3o<\/span> para o fax do destinat\u00e1rio. <span style=\"color: #0062af;\">Este processo pode durar de minutos a v\u00e1rios dias.<\/span><\/p>\n<p>&nbsp;<\/p>\n<p>Existem v\u00e1rios n\u00edveis de certifica\u00e7\u00e3o, deixando um <span style=\"color: #0062af;\">registo completo das comunica\u00e7\u00f5es realizadas e transmitidas:<\/span><\/p>\n<p>&nbsp;<\/p>\n<ul>\n<li><strong>Fax Certificado<\/strong> com o <span style=\"color: #0062af;\">Recep\u00e7\u00e3o de entrega<\/span><\/li>\n<li><strong>Fax certificado<\/strong> com <span style=\"color: #0062af;\">Certifica\u00e7\u00e3o de conte\u00fado<\/span><\/li>\n<li><strong>Fax Certificado<\/strong> com <span style=\"color: #0062af;\">Testemunha de Notarial<\/span><\/li>\n<\/ul>\n<p>&nbsp;<\/p>\n<p>O servi\u00e7o de <strong>Fax Certificado<\/strong> assegura <span style=\"color: #0062af;\">validade legal<\/span> total a suas notifica\u00e7\u00f5es e comunicados importantes em um curto per\u00edodo de tempo e com um custo de transporte muito acess\u00edvel.<\/p>\n<p>&nbsp;<\/p>\n<p><strong>Faxes certificados<\/strong> lhe permitir\u00e1<span style=\"color: #0062af;\"> enviar<\/span> notifica\u00e7\u00f5es e documentos,<span style=\"color: #0062af;\"> do seu pr\u00f3prio computador<\/span> em formato <strong>PDF<\/strong> com total <span style=\"color: #0062af;\">conforto<\/span> e a qualquer hora do dia.<\/p>\n<p>&nbsp;<\/p>\n<p>Em <strong>Full Certificate<\/strong> queremos oferecer a maior plataforma de certifica\u00e7\u00e3o a n\u00edvel nacional, de forma que nossos clientes tenham todos os canais de comunica\u00e7\u00e3o certificados com validade legal total, aumentando assim suas possibilidades de notifica\u00e7\u00e3o.[\/mk_fancy_title][mk_fancy_title tag_name=&#8221;h4&#8243; color=&#8221;#000000&#8243; font_weight=&#8221;normal&#8221; font_style=&#8221;normal&#8221; txt_transform=&#8221;none&#8221; font_family=&#8221;none&#8221;]Envie um <strong>Fax Certificado<\/strong> atrav\u00e9s da nossa plataforma de <strong>Full Certificate<\/strong>, no conforto do seu pr\u00f3prio computador. Quando chegar ao seu destino e <span style=\"color: #0062af;\">o processo de certifica\u00e7\u00e3o ser\u00e1 ativado, voc\u00ea receber\u00e1 um eMail<\/span> com o certificado emitido, que voc\u00ea pode baixar na sua \u00e1rea de cliente em <strong>Meus Full Certificates<\/strong>.<\/p>\n<p>&nbsp;<\/p>\n<p>A figura de <strong>Full Certificate<\/strong> como <strong>Terceiro de Confian\u00e7a Europeia<\/strong> garante que <span style=\"color: #0062af;\">seus envios tenham validade legal total. R\u00e1pido, econ\u00f3mico, ecol\u00f3gico e c\u00f4modo<\/span>, do seu computador, poupando tempo e muitas horas de trabalho em escrit\u00f3rios profissionais.<\/p>\n<p>&nbsp;<\/p>\n<p>Al\u00e9m disso, n\u00f3s tamb\u00e9m oferecemos, com todos os nossos produtos, o <span style=\"color: #0062af;\">servi\u00e7o de<\/span><strong> testemunho notarial<\/strong> <span style=\"color: #0062af;\">sob demanda<\/span>: um not\u00e1rio registrar\u00e1 em seu protocolo o certificado eletr\u00f4nico de Fax.[\/mk_fancy_title][mk_image src=&#8221;https:\/\/fullcertificate.com\/wp-content\/uploads\/2016\/05\/fax-certificado-precios-tarifas-1.jpg&#8221; image_width=&#8221;300&#8243; image_height=&#8221;192&#8243; link=&#8221;https:\/\/fullcertificate.com\/pt-pt\/tarifas\/&#8221; crop=&#8221;false&#8221;][mk_blockquote font_family=&#8221;none&#8221; align=&#8221;left&#8221;]Economize <strong>mais de 80%<\/strong> comparado a notifica\u00e7\u00e3o tradicionais dos correios[\/mk_blockquote][mk_fancy_title tag_name=&#8221;h4&#8243; color=&#8221;#000000&#8243; font_weight=&#8221;normal&#8221; font_style=&#8221;normal&#8221; txt_transform=&#8221;none&#8221; font_family=&#8221;none&#8221;]\n<p class=\"mk-shortcode mk-fancy-title fancy-title-align-left simple-style \"><a href=\"https:\/\/fullcertificate.com\/pt-pt\/tarifas\/\">VER TODOS OS PRE\u00c7OS<\/a><\/p>\n[\/mk_fancy_title][\/vc_column_inner][\/vc_row_inner][mk_fancy_title color=&#8221;#000000&#8243; size=&#8221;30&#8243; font_weight=&#8221;normal&#8221; font_style=&#8221;normal&#8221; txt_transform=&#8221;uppercase&#8221; margin_top=&#8221;20&#8243; margin_bottom=&#8221;0&#8243; font_family=&#8221;none&#8221;]PROCESSO DE ENVIAR UM FAX CERTIFICADO[\/mk_fancy_title][mk_divider style=&#8221;thin_solid&#8221; thickness=&#8221;4&#8243; margin_top=&#8221;0&#8243;][mk_fancy_title tag_name=&#8221;h1&#8243; color=&#8221;#0062af&#8221; size=&#8221;25&#8243; font_weight=&#8221;bold&#8221; font_style=&#8221;normal&#8221; txt_transform=&#8221;uppercase&#8221; margin_top=&#8221;20&#8243; margin_bottom=&#8221;0&#8243; font_family=&#8221;none&#8221;]Fax\u00a0Certificado[\/mk_fancy_title][mk_fancy_title color=&#8221;#f2006e&#8221; size=&#8221;20&#8243; font_weight=&#8221;normal&#8221; font_style=&#8221;normal&#8221; txt_transform=&#8221;none&#8221; margin_bottom=&#8221;0&#8243; font_family=&#8221;none&#8221;]Notifica\u00e7\u00e3o Certificada por Fax Certificado com validade legal total em todos os envios.[\/mk_fancy_title][vc_row_inner padding=&#8221;0&#8243;][vc_column_inner width=&#8221;1\/6&#8243;][mk_image src=&#8221;https:\/\/fullcertificate.com\/wp-content\/uploads\/2016\/05\/email_certificados-1.png&#8221; image_width=&#8221;82&#8243; image_height=&#8221;92&#8243; align=&#8221;center&#8221; margin_bottom=&#8221;0&#8243; crop=&#8221;false&#8221;][mk_image src=&#8221;https:\/\/fullcertificate.com\/wp-content\/uploads\/2016\/05\/Captura-de-pantalla-2016-05-27-a-las-09.20.23-1.png&#8221; image_width=&#8221;53&#8243; image_height=&#8221;48&#8243; align=&#8221;center&#8221; margin_bottom=&#8221;0&#8243; crop=&#8221;false&#8221;][mk_fancy_title color=&#8221;#404040&#8243; size=&#8221;11&#8243; font_weight=&#8221;bold&#8221; font_style=&#8221;inhert&#8221; txt_transform=&#8221;none&#8221; margin_bottom=&#8221;0&#8243; font_family=&#8221;none&#8221; align=&#8221;center&#8221;]\n<p style=\"text-align: center;\">Crie seu Fax carregando o documento que voc\u00ea deseja enviar<\/p>\n[\/mk_fancy_title][\/vc_column_inner][vc_column_inner width=&#8221;1\/6&#8243;][mk_image src=&#8221;https:\/\/fullcertificate.com\/wp-content\/uploads\/2016\/05\/recepcion-del-destinatario-1.png&#8221; image_width=&#8221;82&#8243; image_height=&#8221;92&#8243; align=&#8221;center&#8221; margin_bottom=&#8221;0&#8243; crop=&#8221;false&#8221;][mk_image src=&#8221;https:\/\/fullcertificate.com\/wp-content\/uploads\/2016\/05\/Captura-de-pantalla-2016-05-27-a-las-09.20.23-1.png&#8221; image_width=&#8221;53&#8243; image_height=&#8221;48&#8243; align=&#8221;center&#8221; margin_bottom=&#8221;0&#8243; crop=&#8221;false&#8221;][mk_fancy_title color=&#8221;#404040&#8243; size=&#8221;11&#8243; font_weight=&#8221;bold&#8221; font_style=&#8221;inhert&#8221; txt_transform=&#8221;none&#8221; margin_bottom=&#8221;0&#8243; font_family=&#8221;none&#8221; align=&#8221;center&#8221;]\n<p style=\"text-align: center;\">O Fax chega ao seu destinat\u00e1rio<\/p>\n[\/mk_fancy_title][\/vc_column_inner][vc_column_inner width=&#8221;1\/6&#8243;][mk_image src=&#8221;https:\/\/fullcertificate.com\/wp-content\/uploads\/2016\/05\/sms_certificados_03-1.png&#8221; image_width=&#8221;82&#8243; image_height=&#8221;92&#8243; align=&#8221;center&#8221; margin_bottom=&#8221;0&#8243; crop=&#8221;false&#8221;][mk_image src=&#8221;https:\/\/fullcertificate.com\/wp-content\/uploads\/2016\/05\/Captura-de-pantalla-2016-05-27-a-las-09.20.23-1.png&#8221; image_width=&#8221;53&#8243; image_height=&#8221;48&#8243; align=&#8221;center&#8221; margin_bottom=&#8221;0&#8243; crop=&#8221;false&#8221;][mk_fancy_title color=&#8221;#404040&#8243; size=&#8221;11&#8243; font_weight=&#8221;bold&#8221; font_style=&#8221;inhert&#8221; txt_transform=&#8221;none&#8221; margin_bottom=&#8221;0&#8243; font_family=&#8221;none&#8221; align=&#8221;center&#8221;]\n<p style=\"text-align: center;\">Certificado de recep\u00e7\u00e3o<\/p>\n[\/mk_fancy_title][\/vc_column_inner][vc_column_inner width=&#8221;1\/6&#8243;][\/vc_column_inner][vc_column_inner width=&#8221;1\/6&#8243;][\/vc_column_inner][vc_column_inner width=&#8221;1\/6&#8243;][\/vc_column_inner][\/vc_row_inner][mk_fancy_title tag_name=&#8221;h4&#8243; color=&#8221;#000000&#8243; font_weight=&#8221;normal&#8221; font_style=&#8221;normal&#8221; txt_transform=&#8221;none&#8221; font_family=&#8221;none&#8221;]Em primeiro lugar o Fax \u00e9 enviado. Um certificado de recep\u00e7\u00e3o ser\u00e1 gerado. Posteriormente, ser\u00e1 gerado um certificado relacionado \u00e0 aceita\u00e7\u00e3o do Fax com validade legal, no caso desta aceita\u00e7\u00e3o ocorrer.[\/mk_fancy_title][\/vc_column][vc_column border_color=&#8221;#ffffff&#8221; width=&#8221;1\/4&#8243;][vc_row_inner padding=&#8221;0&#8243;][vc_column_inner][mk_image src=&#8221;https:\/\/fullcertificate.com\/wp-content\/uploads\/2018\/12\/european-trusted-third-party-full-certificate.png&#8221; image_width=&#8221;180&#8243; align=&#8221;center&#8221; margin_bottom=&#8221;35&#8243; crop=&#8221;false&#8221;][\/vc_column_inner][\/vc_row_inner][vc_row_inner padding=&#8221;0&#8243;][vc_column_inner css=&#8221;.vc_custom_1573809246248{border-top-width: 1px !important;border-right-width: 1px !important;border-bottom-width: 1px !important;border-left-width: 1px !important;border-left-color: #f2006e !important;border-left-style: solid !important;border-right-color: #f2006e !important;border-right-style: solid !important;border-top-color: #f2006e !important;border-top-style: solid !important;border-bottom-color: #f2006e !important;border-bottom-style: solid !important;}&#8221;][mk_fancy_title color=&#8221;#000000&#8243; size=&#8221;20&#8243; font_weight=&#8221;bold&#8221; font_style=&#8221;normal&#8221; txt_transform=&#8221;uppercase&#8221; margin_top=&#8221;20&#8243; margin_bottom=&#8221;0&#8243; font_family=&#8221;none&#8221; align=&#8221;center&#8221;]\n<p style=\"text-align: center;\">REGISTRE-SE GR\u00c1TIS<\/p>\n[\/mk_fancy_title][mk_fancy_title color=&#8221;#000000&#8243; size=&#8221;16&#8243; font_weight=&#8221;normal&#8221; font_style=&#8221;normal&#8221; txt_transform=&#8221;none&#8221; margin_bottom=&#8221;0&#8243; font_family=&#8221;none&#8221; align=&#8221;center&#8221;]\n<p style=\"text-align: center;\">Prove o nossos Servi\u00e7os Certificados com total validade legal.<\/p>\n<p>&nbsp;<\/p>\n<p style=\"text-align: center;\"><strong><span style=\"color: #0062b0;\">Sem taxas, sem contratos.<\/span><br \/>\n<\/strong>Seu saldo nunca expira.<\/p>\n[\/mk_fancy_title][mk_button dimension=&#8221;flat&#8221; corner_style=&#8221;rounded&#8221; size=&#8221;medium&#8221; url=&#8221;https:\/\/cloud.fullcertificate.com\/register&#8221; target=&#8221;_blank&#8221; align=&#8221;center&#8221; button_custom_width=&#8221;160&#8243; bg_color=&#8221;#f2006e&#8221; btn_hover_bg=&#8221;#252525&#8243; btn_hover_txt_color=&#8221;#ffffff&#8221;]CLIQUE AQU\u00cd[\/mk_button][\/vc_column_inner][\/vc_row_inner][vc_row_inner padding=&#8221;0&#8243; el_class=&#8221;ocultarPack&#8221;][vc_column_inner][vc_empty_space][\/vc_column_inner][\/vc_row_inner][vc_row_inner padding=&#8221;0&#8243;][vc_column_inner][vc_empty_space height=&#8221;20px&#8221;][mk_icon_box2 icon_type=&#8221;image&#8221; title_size=&#8221;0&#8243; title_top_padding=&#8221;0&#8243; title_bottom_padding=&#8221;0&#8243;]<a href=\"https:\/\/fullcertificate.com\/pt-pt\/smartmoney-dinheiro-inteligente\/\"><img loading=\"lazy\" class=\"wp-image-6433 size-medium aligncenter\" src=\"https:\/\/fullcertificate.com\/wp-content\/uploads\/2018\/10\/logo-smartmoney-1.png\" alt=\"\" width=\"180\" height=\"31\" \/><\/a><a href=\"https:\/\/fullcertificate.com\/pt-pt\/smartmoney-dinheiro-inteligente\/\"><img loading=\"lazy\" class=\"wp-image-6439 size-medium aligncenter\" src=\"https:\/\/fullcertificate.com\/wp-content\/uploads\/2018\/10\/grafico-smart-money-3-1.png\" alt=\"\" width=\"170\" height=\"300\" \/><\/a><\/p>\n<p style=\"text-align: center;\"><strong><span style=\"color: #0062b0;\"><a style=\"color: #0062b0;\" href=\"https:\/\/fullcertificate.com\/pt-pt\/smartmoney-dinheiro-inteligente\/\">SMART MONEY<\/a><br \/>\n<\/span><\/strong>Smart Contracts<br \/>\nSmart Payments<br \/>\n<span style=\"color: #000000; text-decoration: none;\">Smart Recovery<br \/>\nDashboard<br \/>\n<\/span><\/p>\n[\/mk_icon_box2][mk_icon_box2 icon_type=&#8221;image&#8221; title_size=&#8221;0&#8243; title_top_padding=&#8221;0&#8243; title_bottom_padding=&#8221;0&#8243;]<a href=\"https:\/\/fullcertificate.com\/pt-pt\/smartone2one\/ \"><img loading=\"lazy\" class=\"wp-image-6433 size-medium aligncenter\" src=\"https:\/\/fullcertificate.com\/wp-content\/uploads\/2018\/10\/logo-smart-one2one-2-1.png\" alt=\"\" width=\"226\" height=\"31\" \/><\/a><a href=\"https:\/\/fullcertificate.com\/pt-pt\/smartone2one\/\"><img loading=\"lazy\" class=\"wp-image-6439 size-medium aligncenter\" src=\"https:\/\/fullcertificate.com\/wp-content\/uploads\/2018\/10\/grafico-smart-one2one-1.png\" alt=\"\" width=\"170\" height=\"300\" \/><\/a><\/p>\n<p style=\"text-align: center;\"><strong><span style=\"color: #0062b0;\"><a style=\"color: #0062b0;\" href=\"https:\/\/fullcertificate.com\/pt-pt\/smartone2one\/\">SMART ONE2ONE<\/a><br \/>\n<\/span><\/strong>Notifica\u00e7\u00f5es Personalizadas<br \/>\nAlto volume de execu\u00e7\u00e3o<br \/>\n<span style=\"text-decoration: none;\">Certifica\u00e7\u00e3o Multicanal<br \/>\nAlta disponibilidade<\/span><\/p>\n[\/mk_icon_box2][\/vc_column_inner][\/vc_row_inner][vc_empty_space height=&#8221;20px&#8221;][vc_row_inner padding=&#8221;0&#8243; el_class=&#8221;ocultar&#8221;][vc_column_inner css=&#8221;.vc_custom_1540979094932{border-top-width: 1px !important;border-right-width: 1px !important;border-bottom-width: 1px !important;border-left-width: 1px !important;padding-top: 20px !important;padding-bottom: 20px !important;background-color: #ffffff !important;border-left-color: #1e73be !important;border-left-style: solid !important;border-right-color: #1e73be !important;border-right-style: solid !important;border-top-color: #1e73be !important;border-top-style: solid !important;border-bottom-color: #1e73be !important;border-bottom-style: solid !important;}&#8221;][mk_fancy_title color=&#8221;#000000&#8243; size=&#8221;20&#8243; font_weight=&#8221;bold&#8221; font_style=&#8221;normal&#8221; txt_transform=&#8221;uppercase&#8221; margin_bottom=&#8221;0&#8243; font_family=&#8221;none&#8221; align=&#8221;center&#8221;]\n<p style=\"text-align: center;\">Dados de contato<\/p>\n[\/mk_fancy_title][mk_fancy_title color=&#8221;#1e73be&#8221; font_style=&#8221;normal&#8221; txt_transform=&#8221;none&#8221; margin_bottom=&#8221;18&#8243; font_family=&#8221;none&#8221; align=&#8221;center&#8221;]\n<p style=\"text-align: center;\"><span style=\"color: #000000;\"><strong>Telefone:<\/strong> EU &#8211; ES: 0034 910 052 659<br \/>\nEU &#8211; IT: 0039 0687165152<br \/>\nLATAM: 0052 55 4162 9666<\/span><\/p>\n<p style=\"text-align: center;\"><strong><span style=\"color: #000000;\">Endere\u00e7o:<\/span> <\/strong>C \/ Boix y Morer 6, Penthouse. 28003 Madri, Espanha<\/p>\n[\/mk_fancy_title][mk_button dimension=&#8221;flat&#8221; corner_style=&#8221;rounded&#8221; size=&#8221;medium&#8221; url=&#8221;https:\/\/fullcertificate.com\/pt-pt\/contato\/&#8221; align=&#8221;center&#8221; button_custom_width=&#8221;160&#8243; bg_color=&#8221;#0062b0&#8243; btn_hover_bg=&#8221;#252525&#8243;]CONTATE-NOS[\/mk_button][\/vc_column_inner][\/vc_row_inner][\/vc_column][\/mk_page_section][mk_page_section full_width=&#8221;true&#8221; first_page=&#8221;false&#8221; last_page=&#8221;false&#8221; sidebar=&#8221;sidebar-1&#8243;][vc_column][mk_divider style=&#8221;thin_solid&#8221; thickness=&#8221;4&#8243; margin_top=&#8221;10&#8243; margin_bottom=&#8221;40&#8243;][vc_row_inner padding=&#8221;0&#8243;][vc_column_inner width=&#8221;1\/4&#8243;][\/vc_column_inner][vc_column_inner width=&#8221;1\/2&#8243;][mk_fancy_title tag_name=&#8221;h4&#8243; color=&#8221;#393836&#8243; size=&#8221;30&#8243; font_weight=&#8221;normal&#8221; font_style=&#8221;normal&#8221; txt_transform=&#8221;uppercase&#8221; margin_bottom=&#8221;18&#8243; font_family=&#8221;none&#8221; align=&#8221;center&#8221;]\n<p style=\"text-align: center;\">COM A GARANTIA DE<\/p>\n[\/mk_fancy_title][mk_image src=&#8221;https:\/\/fullcertificate.com\/wp-content\/uploads\/2022\/04\/footer-nuevo-WE-VOTE.jpg&#8221; image_width=&#8221;1500&#8243; link=&#8221;http:\/\/fullcertificate.com\/&#8221; target=&#8221;_blank&#8221; align=&#8221;center&#8221; el_class=&#8221;imagen-footer-centro&#8221; crop=&#8221;false&#8221;][\/vc_column_inner][vc_column_inner width=&#8221;1\/4&#8243;][\/vc_column_inner][\/vc_row_inner][\/vc_column][\/mk_page_section]\n","protected":false},"excerpt":{"rendered":"<p>[mk_page_section bg_image=&#8221;https:\/\/fullcertificate.com\/wp-content\/uploads\/2016\/06\/fax-1.jpg&#8221; bg_position=&#8221;center top&#8221; bg_repeat=&#8221;no-repeat&#8221; bg_stretch=&#8221;true&#8221; min_height=&#8221;350&#8243; padding_top=&#8221;20&#8243; padding_bottom=&#8221;0&#8243; first_page=&#8221;true&#8221; last_page=&#8221;true&#8221; sidebar=&#8221;sidebar-1&#8243;][vc_column][mk_fancy_title color=&#8221;#000000&#8243; size=&#8221;40&#8243; font_weight=&#8221;normal&#8221; font_style=&#8221;normal&#8221; txt_transform=&#8221;none&#8221; margin_top=&#8221;60&#8243; margin_bottom=&#8221;0&#8243; font_family=&#8221;none&#8221;]Faxes Certificados[\/mk_fancy_title][mk_fancy_title color=&#8221;#000000&#8243; size=&#8221;25&#8243; font_weight=&#8221;300&#8243; font_style=&#8221;normal&#8221; txt_transform=&#8221;none&#8221; margin_bottom=&#8221;0&#8243; font_family=&#8221;none&#8221;]Faxes com validade legal e certifica\u00e7\u00e3o de conte\u00fado[\/mk_fancy_title][mk_button dimension=&#8221;flat&#8221; size=&#8221;medium&#8221; url=&#8221;https:\/\/cloud.fullcertificate.com\/register&#8221; target=&#8221;_blank&#8221; button_custom_width=&#8221;250&#8243; bg_color=&#8221;#0062b0&#8243; btn_hover_bg=&#8221;#252525&#8243;]CONTRATAR AGORA[\/mk_button][\/vc_column][\/mk_page_section][mk_page_section padding_top=&#8221;50&#8243; padding_bottom=&#8221;0&#8243; first_page=&#8221;false&#8221; last_page=&#8221;false&#8221; sidebar=&#8221;sidebar-1&#8243;][vc_column width=&#8221;3\/4&#8243;][mk_fancy_title color=&#8221;#0062af&#8221; size=&#8221;30&#8243; font_weight=&#8221;normal&#8221; font_style=&#8221;normal&#8221; txt_transform=&#8221;none&#8221; margin_bottom=&#8221;0&#8243; [&hellip;]<\/p>\n","protected":false},"author":2,"featured_media":0,"parent":0,"menu_order":0,"comment_status":"closed","ping_status":"closed","template":"","meta":{"_bbp_topic_count":0,"_bbp_reply_count":0,"_bbp_total_topic_count":0,"_bbp_total_reply_count":0,"_bbp_voice_count":0,"_bbp_anonymous_reply_count":0,"_bbp_topic_count_hidden":0,"_bbp_reply_count_hidden":0,"_bbp_forum_subforum_count":0},"_links":{"self":[{"href":"https:\/\/www.fullcertificate.com\/pt-pt\/wp-json\/wp\/v2\/pages\/10590"}],"collection":[{"href":"https:\/\/www.fullcertificate.com\/pt-pt\/wp-json\/wp\/v2\/pages"}],"about":[{"href":"https:\/\/www.fullcertificate.com\/pt-pt\/wp-json\/wp\/v2\/types\/page"}],"author":[{"embeddable":true,"href":"https:\/\/www.fullcertificate.com\/pt-pt\/wp-json\/wp\/v2\/users\/2"}],"replies":[{"embeddable":true,"href":"https:\/\/www.fullcertificate.com\/pt-pt\/wp-json\/wp\/v2\/comments?post=10590"}],"version-history":[{"count":19,"href":"https:\/\/www.fullcertificate.com\/pt-pt\/wp-json\/wp\/v2\/pages\/10590\/revisions"}],"predecessor-version":[{"id":27557,"href":"https:\/\/www.fullcertificate.com\/pt-pt\/wp-json\/wp\/v2\/pages\/10590\/revisions\/27557"}],"wp:attachment":[{"href":"https:\/\/www.fullcertificate.com\/pt-pt\/wp-json\/wp\/v2\/media?parent=10590"}],"curies":[{"name":"wp","href":"https:\/\/api.w.org\/{rel}","templated":true}]}}