{"id":10711,"date":"2018-11-30T11:14:33","date_gmt":"2018-11-30T11:14:33","guid":{"rendered":"https:\/\/fullcertificate.com\/?page_id=10711"},"modified":"2019-05-31T11:31:03","modified_gmt":"2019-05-31T11:31:03","slug":"politica-de-cookies","status":"publish","type":"page","link":"https:\/\/www.fullcertificate.com\/pt-pt\/politica-de-cookies\/","title":{"rendered":"Pol\u00edtica de cookies"},"content":{"rendered":"<h1>Pol\u00edtica de cookies<\/h1>\n<p>Um cookie \u00e9 um pequeno arquivo de texto que \u00e9 armazenado em seu navegador quando voc\u00ea visita a quase qualquer p\u00e1gina da web. Sua utilidade \u00e9 que a web \u00e9 capaz de lembrar sua visita quando voc\u00ea voltar para navegar nessa p\u00e1gina. Os cookies geralmente armazenam informa\u00e7\u00f5es de natureza t\u00e9cnica, prefer\u00eancias pessoais, personaliza\u00e7\u00e3o de conte\u00fado, estat\u00edsticas de uso, links para redes sociais, acesso a contas de usu\u00e1rios, etc. O objetivo da cookie \u00e9 adaptar o conte\u00fado da web ao seu perfil e necessidades, sem cookies os servi\u00e7os oferecidos por qualquer p\u00e1gina seriam significativamente reduzidos. Se voc\u00ea deseja consultar mais informa\u00e7\u00f5es sobre o que s\u00e3o as cookies, o que elas armazenam, como elimin\u00e1-las, desativ\u00e1-los, etc., acesse este link.<\/p>\n<h3>COOKIES UTILIZADAS NESTE WEBSITE<\/h3>\n<p>Seguindo as diretrizes da Ag\u00eancia Espanhola de Prote\u00e7\u00e3o de Dados, procedemos ao detalhamento do uso de cookies feitos por este site, com a finalidade de inform\u00e1-lo com a maior precis\u00e3o poss\u00edvel.<\/p>\n<p>Este site usa os <strong>seguintes cookies pr\u00f3prios<\/strong>:<\/p>\n<ul>\n<li style=\"list-style-type: none;\">\n<ul>\n<li>Cookies de sess\u00e3o, para garantir que os usu\u00e1rios que escrevem coment\u00e1rios no blog sejam humanos e n\u00e3o aplicativos automatizados. Desta forma se evita spams.<\/li>\n<\/ul>\n<\/li>\n<\/ul>\n<p>Este site usa os seguintes <strong>cookies de terceiros<\/strong>:<\/p>\n<ul>\n<li style=\"list-style-type: none;\">\n<ul>\n<li>Google Analytics: armazena cookies para poder compilar estat\u00edsticas sobre o tr\u00e1fego e o volume de visitas a este site. Ao utilizar este site, voc\u00ea concorda com o processamento de informa\u00e7\u00f5es sobre voc\u00ea pelo Google. Portanto, o exerc\u00edcio de qualquer direito neste sentido deve ser feito comunicando-se diretamente com o Google.<\/li>\n<\/ul>\n<\/li>\n<\/ul>\n<ul>\n<li style=\"list-style-type: none;\">\n<ul>\n<li>Redes sociais: cada rede social usa seus pr\u00f3prios cookies para que voc\u00ea possa clicar em bot\u00f5es como, &#8220;Like&#8221; ou Compartilhar.<\/li>\n<\/ul>\n<\/li>\n<\/ul>\n<h3>DESATIVA\u00c7\u00c3O OU ELIMINA\u00c7\u00c3O DE COOKIES<\/h3>\n<p>A qualquer momento, voc\u00ea poder\u00e1 exercer seu direito de desativa\u00e7\u00e3o ou elimina\u00e7\u00e3o das cookies deste site. Essas a\u00e7\u00f5es s\u00e3o executadas de maneira diferente em fun\u00e7\u00e3o do navegador que voc\u00ea est\u00e1 usando. <a href=\"#\">Aqui est\u00e1 um guia r\u00e1pido para os navegadores mais populares<\/a>.<\/p>\n<h2>NOTAS ADICIONAIS<\/h2>\n<ul>\n<li style=\"list-style-type: none;\">\n<ul>\n<li>Nem este site e nem seus representantes legais s\u00e3o respons\u00e1veis pela veracidade do conte\u00fado ou das pol\u00edticas de privacidade que podem ter os terceiros mencionados nesta pol\u00edtica de cookies.<\/li>\n<\/ul>\n<\/li>\n<\/ul>\n<ul>\n<li style=\"list-style-type: none;\">\n<ul>\n<li>Os navegadores web s\u00e3o as ferramentas respons\u00e1veis pelo armazenamento das cookies e, \u00e9 neste local, que voc\u00ea deve efetuar seu direito de elimina\u00e7\u00e3o ou desativa\u00e7\u00e3o delas. Nem este website e nem seus representantes legais podem garantir a correta ou incorreta manipula\u00e7\u00e3o das cookies pelos navegadores mencionados.<\/li>\n<\/ul>\n<\/li>\n<\/ul>\n<ul>\n<li style=\"list-style-type: none;\">\n<ul>\n<li>Em alguns casos, \u00e9 necess\u00e1rio instalar cookies para que o navegador n\u00e3o esque\u00e7a sua decis\u00e3o de n\u00e3o aceit\u00e1-las.<\/li>\n<\/ul>\n<\/li>\n<\/ul>\n<ul>\n<li style=\"list-style-type: none;\">\n<ul>\n<li>No caso das cookies do Google Analytics, esta empresa armazena cookies em servidores localizados nos Estados Unidos e se compromete a n\u00e3o compartilh\u00e1-las com terceiros, exceto nos casos em que \u00e9 necess\u00e1rio para o funcionamento do sistema ou quando a lei exige que elas sejam compartilhadas. Segundo o Google, n\u00e3o salva seu endere\u00e7o IP. Google Inc. \u00e9 uma empresa que adere ao Acordo de Porto Seguro e garante que todos os dados transferidos ser\u00e3o tratados com um n\u00edvel de prote\u00e7\u00e3o de acordo com os regulamentos europeus. Voc\u00ea pode consultar informa\u00e7\u00f5es detalhadas sobre este assunto <a href=\"http:\/\/safeharbor.export.gov\/companyinfo.aspx?id=16626\">neste link<\/a>. Se voc\u00ea quiser informa\u00e7\u00f5es sobre o uso das cookies pelo Google, <a href=\"https:\/\/developers.google.com\/analytics\/devguides\/collection\/analyticsjs\/cookie-usage?hl=es&amp;csw=1\">anexamos esse outro link<\/a>.<\/li>\n<\/ul>\n<\/li>\n<\/ul>\n<ul>\n<li>Para qualquer d\u00favida ou pergunta sobre esta pol\u00edtica de cookies, n\u00e3o hesite em nos contatar atrav\u00e9s da p\u00e1gina de contato.<\/li>\n<\/ul>\n","protected":false},"excerpt":{"rendered":"<p>Pol\u00edtica de cookies Um cookie \u00e9 um pequeno arquivo de texto que \u00e9 armazenado em seu navegador quando voc\u00ea visita a quase qualquer p\u00e1gina da web. Sua utilidade \u00e9 que a web \u00e9 capaz de lembrar sua visita quando voc\u00ea voltar para navegar nessa p\u00e1gina. Os cookies geralmente armazenam informa\u00e7\u00f5es de natureza t\u00e9cnica, prefer\u00eancias pessoais, [&hellip;]<\/p>\n","protected":false},"author":2,"featured_media":0,"parent":0,"menu_order":0,"comment_status":"closed","ping_status":"open","template":"","meta":{"_bbp_topic_count":0,"_bbp_reply_count":0,"_bbp_total_topic_count":0,"_bbp_total_reply_count":0,"_bbp_voice_count":0,"_bbp_anonymous_reply_count":0,"_bbp_topic_count_hidden":0,"_bbp_reply_count_hidden":0,"_bbp_forum_subforum_count":0},"_links":{"self":[{"href":"https:\/\/www.fullcertificate.com\/pt-pt\/wp-json\/wp\/v2\/pages\/10711"}],"collection":[{"href":"https:\/\/www.fullcertificate.com\/pt-pt\/wp-json\/wp\/v2\/pages"}],"about":[{"href":"https:\/\/www.fullcertificate.com\/pt-pt\/wp-json\/wp\/v2\/types\/page"}],"author":[{"embeddable":true,"href":"https:\/\/www.fullcertificate.com\/pt-pt\/wp-json\/wp\/v2\/users\/2"}],"replies":[{"embeddable":true,"href":"https:\/\/www.fullcertificate.com\/pt-pt\/wp-json\/wp\/v2\/comments?post=10711"}],"version-history":[{"count":5,"href":"https:\/\/www.fullcertificate.com\/pt-pt\/wp-json\/wp\/v2\/pages\/10711\/revisions"}],"predecessor-version":[{"id":17468,"href":"https:\/\/www.fullcertificate.com\/pt-pt\/wp-json\/wp\/v2\/pages\/10711\/revisions\/17468"}],"wp:attachment":[{"href":"https:\/\/www.fullcertificate.com\/pt-pt\/wp-json\/wp\/v2\/media?parent=10711"}],"curies":[{"name":"wp","href":"https:\/\/api.w.org\/{rel}","templated":true}]}}