{"id":10713,"date":"2018-11-30T11:15:29","date_gmt":"2018-11-30T11:15:29","guid":{"rendered":"https:\/\/fullcertificate.com\/?page_id=10713"},"modified":"2020-03-30T11:21:52","modified_gmt":"2020-03-30T11:21:52","slug":"politica-de-privacidade","status":"publish","type":"page","link":"https:\/\/www.fullcertificate.com\/pt-pt\/politica-de-privacidade\/","title":{"rendered":"Pol\u00edtica de privacidade"},"content":{"rendered":"[vc_row][vc_column][vc_column_text disable_pattern=&#8221;true&#8221; align=&#8221;left&#8221; margin_bottom=&#8221;0&#8243;]\n<div style=\"margin: 0 5%;\">\n<h1>Pol\u00edtica de Privacidade<\/h1>\n<p>No Certificado Completo trabalhamos para garantir a confidencialidade dos dados pessoais fornecidos pelos nossos clientes e utilizadores em conformidade com o Regulamento (EU) 2016\/679.<\/p>\n<h3>INFORMA\u00c7\u00c3O B\u00c1SICA SOBRE PROTEC\u00c7\u00c3O DE DADOS<\/h3>\n<p>O utilizador, em conformidade com o Regulamento (UE) 2016\/679 do Parlamento Europeu e do Conselho, de 27 de Abril de 2016, relativo \u00e0 protec\u00e7\u00e3o das pessoas singulares no que diz respeito ao tratamento de dados pessoais e \u00e0 livre circula\u00e7\u00e3o desses dados, pode revogar o consentimento dado e exercer os seus direitos de acesso, rectifica\u00e7\u00e3o, apagamento, cancelamento, objec\u00e7\u00e3o, limita\u00e7\u00e3o do tratamento e portabilidade nos termos especificados na legisla\u00e7\u00e3o sobre protec\u00e7\u00e3o de dados, enviando uma comunica\u00e7\u00e3o formal para o endere\u00e7o electr\u00f3nico: rgpd@fullcertificate. com, indicando o seu desejo expresso de cancelar a sua inscri\u00e7\u00e3o, escrevendo para o Data Processing Manager, Full Certificate, S.L. Calle Boix y Morer, 6-9\u00aa planta \u00c1tico 28003 Madrid.<\/p>\n<h3>OBJETIVO DO TRATAMENTO<\/h3>\n<p>O certificado completo ir\u00e1 recolher os seus dados pessoais atrav\u00e9s dos formul\u00e1rios localizados na Web e no seu sistema e com a seguinte finalidade<\/p>\n<p>1. para identificar usu\u00e1rios e clientes<br \/>\n2. identificar as empresas e as pessoas a quem se dirigem as suas comunica\u00e7\u00f5es e contratos<br \/>\n3. Desenvolver os servi\u00e7os eletr\u00f4nicos de confian\u00e7a que lhe s\u00e3o pr\u00f3prios, pois s\u00e3o Notifica\u00e7\u00f5es Eletr\u00f4nicas Certificadas, Contratos Eletr\u00f4nicos, etc.<br \/>\n4. Envio dos certificados electr\u00f3nicos emitidos<br \/>\n5. Envio de informa\u00e7\u00f5es comerciais e operacionais<br \/>\n6. Qualquer actividade de comunica\u00e7\u00e3o que fa\u00e7a parte do objecto social da empresa<\/p>\n<h3>RESPONS\u00c1VEL PELO PROCESSAMENTO<\/h3>\n<p>Os dados pessoais que possam ser recolhidos directamente do interessado ser\u00e3o tratados de forma confidencial e ser\u00e3o incorporados na correspondente actividade de tratamento propriedade da Full Certificate, S.L.<\/p>\n<h3>DIREITOS SOBRE OS DADOS PESSOAIS<\/h3>\n<p>Os clientes e utilizadores podem exercer os seguintes direitos sobre os seus dados pessoais:<\/p>\n<p>&#8211; Direito de acesso<br \/>\n&#8211; Direito de rectifica\u00e7\u00e3o<br \/>\n&#8211; Lei da Portabilidade<br \/>\n&#8211; Direito de obje\u00e7\u00e3o ao processamento<br \/>\n&#8211; Direito de retirar o consentimento<br \/>\n&#8211; Direito \u00e0 limita\u00e7\u00e3o de tratamento<\/p>\n<h3>RETEN\u00c7\u00c3O DE DADOS<\/h3>\n<p>O certificado completo manter\u00e1 por lei os certificados eletr\u00f4nicos emitidos por um per\u00edodo m\u00ednimo de cinco anos e tamb\u00e9m os dados pessoais fornecidos pelos usu\u00e1rios para este fim.<\/p>\n<p>Ou seja, eles ser\u00e3o mantidos pelo tempo necess\u00e1rio para cumprir o prop\u00f3sito para o qual s\u00e3o recolhidos e para determinar as poss\u00edveis responsabilidades que possam surgir do prop\u00f3sito.<\/p>\n<h3>COMUNICA\u00c7\u00c3O DE DADOS<\/h3>\n<p>Em geral, os dados pessoais n\u00e3o ser\u00e3o comunicados a terceiros, a n\u00e3o ser que isso seja legalmente exigido. Qualquer pessoa tem o direito de obter a confirma\u00e7\u00e3o do processamento dos seus dados por Full Certificate, S.L.<\/p>\n<h3>SEGURAN\u00c7A<\/h3>\n<p>A FULL CERTIFICATE desenvolveu medidas de seguran\u00e7a t\u00e9cnica e organizacional de acordo com as necessidades dos seus servi\u00e7os digitais.<\/p>\n<p>Tamb\u00e9m garante a seguran\u00e7a dos seus dados pessoais.<\/p>\n<h3>COOKIES<\/h3>\n<p>Este site utiliza cookies. Voc\u00ea pode evitar o uso de cookies desativando-os em seu navegador de internet.<\/p>\n<h3>LEGITIMA\u00c7\u00c3O<\/h3>\n<p>O tratamento dos seus dados \u00e9 efectuado com o objectivo de cumprir as obriga\u00e7\u00f5es legais por parte da Full Certificate, S.L., para o cumprimento do trabalho realizado, bem como quando a finalidade do tratamento requer o seu consentimento, que deve ser dado atrav\u00e9s de uma clara ac\u00e7\u00e3o afirmativa.<\/p>\n<h3>MODIFICA\u00c7\u00d5ES NA POL\u00cdTICA DE PRIVACIDADE<\/h3>\n<p>A FULL CERTIFICATE reserva-se o direito de modificar este documento de acordo com a sua evolu\u00e7\u00e3o e crit\u00e9rios ao longo do tempo, incluindo altera\u00e7\u00f5es regulamentares e legais.<\/p>\n<h3>LEGISLA\u00c7\u00c3O E JURISDI\u00c7\u00c3O<\/h3>\n<p>Qualquer controv\u00e9rsia e\/ou reclama\u00e7\u00e3o decorrente da pol\u00edtica de privacidade est\u00e1 dentro do \u00e2mbito da legisla\u00e7\u00e3o espanhola e ser\u00e1 submetida \u00e0 jurisdi\u00e7\u00e3o dos Tribunais e Tribunais de Madrid.<\/p>\n<\/div>\n[\/vc_column_text][\/vc_column][\/vc_row]\n","protected":false},"excerpt":{"rendered":"<p>[vc_row][vc_column][vc_column_text disable_pattern=&#8221;true&#8221; align=&#8221;left&#8221; margin_bottom=&#8221;0&#8243;] Pol\u00edtica de Privacidade No Certificado Completo trabalhamos para garantir a confidencialidade dos dados pessoais fornecidos pelos nossos clientes e utilizadores em conformidade com o Regulamento (EU) 2016\/679. INFORMA\u00c7\u00c3O B\u00c1SICA SOBRE PROTEC\u00c7\u00c3O DE DADOS O utilizador, em conformidade com o Regulamento (UE) 2016\/679 do Parlamento Europeu e do Conselho, de 27 de [&hellip;]<\/p>\n","protected":false},"author":2,"featured_media":0,"parent":0,"menu_order":0,"comment_status":"closed","ping_status":"open","template":"","meta":{"_bbp_topic_count":0,"_bbp_reply_count":0,"_bbp_total_topic_count":0,"_bbp_total_reply_count":0,"_bbp_voice_count":0,"_bbp_anonymous_reply_count":0,"_bbp_topic_count_hidden":0,"_bbp_reply_count_hidden":0,"_bbp_forum_subforum_count":0},"_links":{"self":[{"href":"https:\/\/www.fullcertificate.com\/pt-pt\/wp-json\/wp\/v2\/pages\/10713"}],"collection":[{"href":"https:\/\/www.fullcertificate.com\/pt-pt\/wp-json\/wp\/v2\/pages"}],"about":[{"href":"https:\/\/www.fullcertificate.com\/pt-pt\/wp-json\/wp\/v2\/types\/page"}],"author":[{"embeddable":true,"href":"https:\/\/www.fullcertificate.com\/pt-pt\/wp-json\/wp\/v2\/users\/2"}],"replies":[{"embeddable":true,"href":"https:\/\/www.fullcertificate.com\/pt-pt\/wp-json\/wp\/v2\/comments?post=10713"}],"version-history":[{"count":10,"href":"https:\/\/www.fullcertificate.com\/pt-pt\/wp-json\/wp\/v2\/pages\/10713\/revisions"}],"predecessor-version":[{"id":25263,"href":"https:\/\/www.fullcertificate.com\/pt-pt\/wp-json\/wp\/v2\/pages\/10713\/revisions\/25263"}],"wp:attachment":[{"href":"https:\/\/www.fullcertificate.com\/pt-pt\/wp-json\/wp\/v2\/media?parent=10713"}],"curies":[{"name":"wp","href":"https:\/\/api.w.org\/{rel}","templated":true}]}}