{"id":10737,"date":"2018-11-30T11:19:58","date_gmt":"2018-11-30T11:19:58","guid":{"rendered":"https:\/\/fullcertificate.com\/?page_id=10737"},"modified":"2022-04-12T13:00:27","modified_gmt":"2022-04-12T13:00:27","slug":"recibo-domiciliado-sepa","status":"publish","type":"page","link":"https:\/\/www.fullcertificate.com\/pt-pt\/recibo-domiciliado-sepa\/","title":{"rendered":"Recibo domiciliado SEPA"},"content":{"rendered":"[mk_page_section bg_image=&#8221;https:\/\/fullcertificate.com\/wp-content\/uploads\/2016\/09\/recibo-domiciliado-sepa-1.jpg&#8221; bg_position=&#8221;center top&#8221; bg_repeat=&#8221;no-repeat&#8221; bg_stretch=&#8221;true&#8221; min_height=&#8221;350&#8243; padding_top=&#8221;20&#8243; padding_bottom=&#8221;0&#8243; first_page=&#8221;true&#8221; last_page=&#8221;true&#8221; sidebar=&#8221;sidebar-1&#8243;][vc_column][mk_fancy_title tag_name=&#8221;h1&#8243; color=&#8221;#000000&#8243; size=&#8221;40&#8243; font_weight=&#8221;normal&#8221; font_style=&#8221;normal&#8221; txt_transform=&#8221;none&#8221; margin_top=&#8221;60&#8243; margin_bottom=&#8221;0&#8243; font_family=&#8221;none&#8221;]D\u00e9bito Autom\u00e1tico SEPA[\/mk_fancy_title][mk_fancy_title tag_name=&#8221;h1&#8243; color=&#8221;#000000&#8243; size=&#8221;25&#8243; font_weight=&#8221;300&#8243; font_style=&#8221;normal&#8221; txt_transform=&#8221;none&#8221; margin_bottom=&#8221;0&#8243; font_family=&#8221;none&#8221;]Automatize seus d\u00e9bitos e faturas com acordo eletr\u00f3nico para cobran\u00e7a em C \/ C.[\/mk_fancy_title][mk_button dimension=&#8221;flat&#8221; size=&#8221;medium&#8221; url=&#8221;https:\/\/fullcertificate.com\/pt-pt\/contato\/&#8221; button_custom_width=&#8221;250&#8243; bg_color=&#8221;#0062b0&#8243; btn_hover_bg=&#8221;#252525&#8243;]CONTATAR AGORA[\/mk_button][\/vc_column][\/mk_page_section][mk_page_section padding_top=&#8221;50&#8243; padding_bottom=&#8221;50&#8243; first_page=&#8221;false&#8221; last_page=&#8221;false&#8221; sidebar=&#8221;sidebar-1&#8243;][vc_column width=&#8221;3\/4&#8243;][mk_fancy_title color=&#8221;#0062af&#8221; size=&#8221;30&#8243; font_weight=&#8221;normal&#8221; font_style=&#8221;normal&#8221; txt_transform=&#8221;none&#8221; margin_bottom=&#8221;0&#8243; font_family=&#8221;none&#8221;]D\u00e9bito Autom\u00e1tico SEPA[\/mk_fancy_title][mk_divider style=&#8221;thin_solid&#8221; thickness=&#8221;4&#8243; margin_top=&#8221;0&#8243;][mk_fancy_title color=&#8221;#000000&#8243; size=&#8221;17&#8243; font_weight=&#8221;bold&#8221; font_style=&#8221;normal&#8221; txt_transform=&#8221;uppercase&#8221; margin_bottom=&#8221;30&#8243; font_family=&#8221;none&#8221;]FACILITAMOS SUAS COBRAN\u00c7AS DE QUALQUER ENTIDADE FINANCEIRA EUROPEIA COM A M\u00c1XIMA AGILIDADE E SEGURAN\u00c7A.[\/mk_fancy_title][vc_row_inner padding=&#8221;0&#8243;][vc_column_inner width=&#8221;1\/3&#8243;][mk_icon_box2 icon_type=&#8221;image&#8221; icon_size=&#8221;inherit&#8221; title_size=&#8221;0&#8243; title_top_padding=&#8221;0&#8243; title_bottom_padding=&#8221;0&#8243;]<img class=\"wp-image-6439 size-medium aligncenter\" src=\"https:\/\/fullcertificate.com\/wp-content\/uploads\/2018\/11\/icono-sepa-avisos-certificados-1.png\" alt=\"\" width=\"216\" \/><\/p>\n<p style=\"text-align: center;\"><strong><span style=\"color: #0062b0;\"><a style=\"color: #0062b0;\" href=\"https:\/\/www.avisoscertificados.com\/contactenos\/\">S\u20acPA<\/a><br \/>\n<\/span><\/strong>D\u00e9bito Autom\u00e1tico<br \/>\nSmart Contracts<br \/>\nSmart Payments<br \/>\nSmart Recovery<br \/>\nDashboard<\/p>\n[\/mk_icon_box2][\/vc_column_inner][vc_column_inner width=&#8221;2\/3&#8243;][mk_fancy_title tag_name=&#8221;h4&#8243; color=&#8221;#000000&#8243; font_weight=&#8221;normal&#8221; font_style=&#8221;normal&#8221; txt_transform=&#8221;none&#8221; margin_bottom=&#8221;0&#8243; font_family=&#8221;none&#8221;]<strong>\u00bfO QUE \u00c9 A SEPA?<\/strong><\/p>\n<p>&nbsp;<\/p>\n<p>A \u00e1rea \u00fanica de pagamentos em euros (conhecida pela sigla SEPA, Single Euro Payments Area) \u00e9 uma iniciativa da Uni\u00e3o Europeia (UE) para harmonizar os pagamentos na Eurozona. O seu <span style=\"color: #0062af;\">objetivo \u00e9 conseguir que os pagamentos europeus sejam simples e baratos como os nacionais,<\/span> criando um mercado \u00fanico para pagamentos denominados em euros.<\/p>\n<p>&nbsp;<\/p>\n<p>Atrav\u00e9s do servi\u00e7o\u00a0<strong>D\u00c9BITO AUTOM\u00c1TICO SEPA<\/strong>, voc\u00ea poder\u00e1 fazer uma ordem de d\u00e9bito direto com a qual<span style=\"color: #0062af;\"> o devedor autoriza e consente o credor a:<\/span><\/p>\n<p>&nbsp;<\/p>\n<ul>\n<li><span style=\"color: #0062af;\">Iniciar as cobran\u00e7as<\/span> por meio do d\u00e9bito na conta indicada pelo devedor.<\/li>\n<li><span style=\"color: #0062af;\">Debitar em sua conta as d\u00edvidas<\/span> apresentadas na cobran\u00e7a pela entidade banc\u00e1ria do credor.<\/li>\n<\/ul>\n[\/mk_fancy_title][mk_fancy_title tag_name=&#8221;h4&#8243; color=&#8221;#000000&#8243; font_weight=&#8221;normal&#8221; font_style=&#8221;normal&#8221; txt_transform=&#8221;none&#8221; margin_bottom=&#8221;0&#8243; font_family=&#8221;none&#8221;]<strong>PROCESSO:<\/strong><\/p>\n<p>&nbsp;<\/p>\n<ol>\n<li><span style=\"color: #0062af;\">Adicionar clientes:<\/span> convide clientes faturados periodicamente para preencher um formul\u00e1rio de autoriza\u00e7\u00e3o de pagamento ou cobran\u00e7a, apenas uma vez.<\/li>\n<li><span style=\"color: #0062af;\">Programar pagamentos:<\/span>\u00a0Crie um pagamento para o cliente. Selecione a data e o valor do pagamento. Voc\u00ea pode criar um \u00fanico pagamento ou v\u00e1rios pagamentos para cada cliente.<\/li>\n<li><span style=\"color: #0062af;\">D\u00e9bito no prazo:<\/span> Os pagamentos s\u00e3o cobrados automaticamente nas datas que voc\u00ea estabeleceu e o cliente recebe uma notifica\u00e7\u00e3o pr\u00e9via.<\/li>\n<\/ol>\n<p>&nbsp;<\/p>\n<p>Com o <strong>D\u00e9bito Autom\u00e1tico SEPA<\/strong>, as <span style=\"color: #0062af;\">diferen\u00e7as entre pagamentos nacionais e transfronteiri\u00e7os<\/span> s\u00e3o eliminadas, o que se refere \u00e0s seguintes opera\u00e7\u00f5es: d\u00e9bitos autorizados, transfer\u00eancias e pagamentos com cart\u00e3o.<\/p>\n<p>&nbsp;<\/p>\n<p>Esse servi\u00e7o \u00e9 muito <span style=\"color: #0062af;\">ben\u00e9fico para cobrar dos clientes por meio de recebimento de d\u00e9bitos autorizados<\/span>, necessitando antes uma autoriza\u00e7\u00e3o expl\u00edcita para que o seu banco debite os valores em sua conta.[\/mk_fancy_title][mk_fancy_title tag_name=&#8221;h4&#8243; color=&#8221;#000000&#8243; font_weight=&#8221;normal&#8221; font_style=&#8221;normal&#8221; txt_transform=&#8221;none&#8221; font_family=&#8221;none&#8221;]A figura de <strong>Full Certificate<\/strong> como <strong>Terceiro de Confian\u00e7a<\/strong> garante que envios tenham validade legal total. R\u00e1pido, econ\u00f3mico, ecol\u00f3gico e c\u00f3modo do seu computador, poupando tempo e trabalho. Al\u00e9m disso, N\u00f3s oferecemos, com todos os nossos produtos, o servi\u00e7o de Testemunho notarial sob demanda.[\/mk_fancy_title][mk_fancy_title tag_name=&#8221;h4&#8243; color=&#8221;#0062af&#8221; font_weight=&#8221;normal&#8221; font_style=&#8221;normal&#8221; txt_transform=&#8221;none&#8221; font_family=&#8221;none&#8221;]\n<p class=\"mk-shortcode mk-fancy-title fancy-title-align-left simple-style \"><span style=\"color: #0062af;\"><a style=\"color: #0062af;\" href=\"https:\/\/fullcertificate.com\/pt-pt\/tarifas\/\">VER TODAS AS TARIFAS \/ PRE\u00c7OS<\/a><\/span><\/p>\n[\/mk_fancy_title][\/vc_column_inner][\/vc_row_inner][\/vc_column][vc_column border_color=&#8221;#ffffff&#8221; width=&#8221;1\/4&#8243;][mk_image src=&#8221;https:\/\/fullcertificate.com\/wp-content\/uploads\/2018\/12\/european-trusted-third-party-full-certificate.png&#8221; image_width=&#8221;180&#8243; align=&#8221;center&#8221; margin_bottom=&#8221;35&#8243; crop=&#8221;false&#8221;][vc_row_inner padding=&#8221;0&#8243;][vc_column_inner css=&#8221;.vc_custom_1573813683371{margin-bottom: 32px !important;border-top-width: 1px !important;border-right-width: 1px !important;border-bottom-width: 1px !important;border-left-width: 1px !important;border-left-color: #f2006e !important;border-left-style: solid !important;border-right-color: #f2006e !important;border-right-style: solid !important;border-top-color: #f2006e !important;border-top-style: solid !important;border-bottom-color: #f2006e !important;border-bottom-style: solid !important;}&#8221;][mk_fancy_title color=&#8221;#000000&#8243; size=&#8221;20&#8243; font_weight=&#8221;bold&#8221; font_style=&#8221;normal&#8221; txt_transform=&#8221;uppercase&#8221; margin_top=&#8221;20&#8243; margin_bottom=&#8221;0&#8243; font_family=&#8221;none&#8221; align=&#8221;center&#8221;]\n<p style=\"text-align: center;\">REGISTRE-SE GR\u00c1TIS<\/p>\n[\/mk_fancy_title][mk_fancy_title color=&#8221;#000000&#8243; size=&#8221;16&#8243; font_weight=&#8221;normal&#8221; font_style=&#8221;normal&#8221; txt_transform=&#8221;none&#8221; margin_bottom=&#8221;0&#8243; font_family=&#8221;none&#8221; align=&#8221;center&#8221;]\n<p style=\"text-align: center;\">Prove o nossos Servi\u00e7os Certificados com total validade legal.<\/p>\n<p>&nbsp;<\/p>\n<p style=\"text-align: center;\"><strong><span style=\"color: #0062b0;\">Sem taxas, sem contratos.<\/span><br \/>\n<\/strong>Seu saldo nunca expira.<\/p>\n[\/mk_fancy_title][mk_button dimension=&#8221;flat&#8221; corner_style=&#8221;rounded&#8221; size=&#8221;medium&#8221; url=&#8221;https:\/\/cloud.fullcertificate.com\/register&#8221; target=&#8221;_blank&#8221; align=&#8221;center&#8221; button_custom_width=&#8221;160&#8243; bg_color=&#8221;#f2006e&#8221; btn_hover_bg=&#8221;#252525&#8243; btn_hover_txt_color=&#8221;#ffffff&#8221;]CLIQUE AQU\u00cd[\/mk_button][\/vc_column_inner][\/vc_row_inner][vc_empty_space height=&#8221;0px&#8221;][mk_icon_box2 icon_type=&#8221;image&#8221; title_size=&#8221;0&#8243; title_top_padding=&#8221;0&#8243; title_bottom_padding=&#8221;0&#8243;]<a href=\"https:\/\/fullcertificate.com\/pt-pt\/smartmoney-dinheiro-inteligente\/\"><img loading=\"lazy\" class=\"wp-image-6433 size-medium aligncenter\" src=\"https:\/\/fullcertificate.com\/wp-content\/uploads\/2018\/10\/logo-smartmoney-1.png\" alt=\"\" width=\"180\" height=\"31\" \/><\/a><a href=\"https:\/\/fullcertificate.com\/pt-pt\/smartmoney-dinheiro-inteligente\/\"><img loading=\"lazy\" class=\"wp-image-6439 size-medium aligncenter\" src=\"https:\/\/fullcertificate.com\/wp-content\/uploads\/2018\/10\/grafico-smart-money-3-1.png\" alt=\"\" width=\"170\" height=\"300\" \/><\/a><\/p>\n<p style=\"text-align: center;\"><strong><span style=\"color: #0062b0;\"><a style=\"color: #0062b0;\" href=\"https:\/\/fullcertificate.com\/pt-pt\/smartmoney-dinheiro-inteligente\/\">SMART MONEY<\/a><br \/>\n<\/span><\/strong>Smart Contracts<br \/>\nSmart Payments<br \/>\n<span style=\"color: #000000; text-decoration: none;\">Smart Recovery<br \/>\nDashboard<br \/>\n<\/span><\/p>\n[\/mk_icon_box2][vc_row_inner padding=&#8221;0&#8243;][vc_column_inner][mk_icon_box2 icon_type=&#8221;image&#8221; title_size=&#8221;0&#8243; title_top_padding=&#8221;0&#8243; title_bottom_padding=&#8221;0&#8243;]<a href=\"https:\/\/fullcertificate.com\/pt-pt\/smartcontracts\/\"><img loading=\"lazy\" class=\"aligncenter wp-image-6393 size-full\" src=\"https:\/\/fullcertificate.com\/wp-content\/uploads\/2018\/10\/logo-smartcontracts-2-1.png\" alt=\"\" width=\"210\" height=\"29\" \/><\/a><a href=\"https:\/\/fullcertificate.com\/pt-pt\/smartcontracts\/\"><img loading=\"lazy\" class=\"wp-image-6387 size-medium aligncenter\" src=\"https:\/\/fullcertificate.com\/wp-content\/uploads\/2018\/10\/grafico-smart-contracts-1.png\" alt=\"\" width=\"170\" height=\"297\" \/><\/a><\/p>\n<p style=\"text-align: center;\"><a href=\"https:\/\/fullcertificate.com\/pt-pt\/smartcontracts\/\"><strong><span style=\"color: #0062b0;\">SMART CONTRACTS<\/span><\/strong><br \/>\n<\/a><span style=\"color: #000000; text-decoration: none;\">Contratos Eletr\u00f3nicos<\/span><br \/>\n<span style=\"color: #000000; text-decoration: none;\">Processos automatizados<\/span><br \/>\n<span style=\"color: #000000; text-decoration: none;\">Validade legal<\/span><\/p>\n[\/mk_icon_box2][\/vc_column_inner][\/vc_row_inner][vc_row_inner padding=&#8221;0&#8243;][vc_column_inner][vc_empty_space height=&#8221;20px&#8221;][\/vc_column_inner][\/vc_row_inner][vc_row_inner padding=&#8221;0&#8243; el_class=&#8221;ocultar&#8221;][vc_column_inner css=&#8221;.vc_custom_1540979094932{border-top-width: 1px !important;border-right-width: 1px !important;border-bottom-width: 1px !important;border-left-width: 1px !important;padding-top: 20px !important;padding-bottom: 20px !important;background-color: #ffffff !important;border-left-color: #1e73be !important;border-left-style: solid !important;border-right-color: #1e73be !important;border-right-style: solid !important;border-top-color: #1e73be !important;border-top-style: solid !important;border-bottom-color: #1e73be !important;border-bottom-style: solid !important;}&#8221;][mk_fancy_title color=&#8221;#000000&#8243; size=&#8221;20&#8243; font_weight=&#8221;bold&#8221; font_style=&#8221;normal&#8221; txt_transform=&#8221;uppercase&#8221; margin_bottom=&#8221;0&#8243; font_family=&#8221;none&#8221; align=&#8221;center&#8221;]\n<p style=\"text-align: center;\">Dados de contato<\/p>\n[\/mk_fancy_title][mk_fancy_title color=&#8221;#1e73be&#8221; font_style=&#8221;normal&#8221; txt_transform=&#8221;none&#8221; margin_bottom=&#8221;18&#8243; font_family=&#8221;none&#8221; align=&#8221;center&#8221;]\n<p style=\"text-align: center;\"><span style=\"color: #000000;\"><strong>Telefone:<\/strong> EU &#8211; ES: 0034 910 052 659<br \/>\nEU &#8211; IT: 0039 0687165152<br \/>\nLATAM: 0052 55 4162 9666<\/span><\/p>\n<p style=\"text-align: center;\"><strong><span style=\"color: #000000;\">Endere\u00e7o:<\/span> <\/strong>C \/ Boix y Morer 6, Penthouse. 28003 Madri, Espanha<\/p>\n[\/mk_fancy_title][mk_button dimension=&#8221;flat&#8221; corner_style=&#8221;rounded&#8221; size=&#8221;medium&#8221; url=&#8221;https:\/\/fullcertificate.com\/pt-pt\/contato\/&#8221; align=&#8221;center&#8221; button_custom_width=&#8221;160&#8243; bg_color=&#8221;#0062b0&#8243; btn_hover_bg=&#8221;#252525&#8243;]CONTATE-NOS[\/mk_button][\/vc_column_inner][\/vc_row_inner][\/vc_column][\/mk_page_section][mk_page_section full_width=&#8221;true&#8221; first_page=&#8221;false&#8221; last_page=&#8221;false&#8221; sidebar=&#8221;sidebar-1&#8243;][vc_column][mk_divider style=&#8221;thin_solid&#8221; thickness=&#8221;4&#8243; margin_top=&#8221;10&#8243; margin_bottom=&#8221;40&#8243;][vc_row_inner padding=&#8221;0&#8243;][vc_column_inner width=&#8221;1\/4&#8243;][\/vc_column_inner][vc_column_inner width=&#8221;1\/2&#8243;][mk_fancy_title tag_name=&#8221;h4&#8243; color=&#8221;#393836&#8243; size=&#8221;30&#8243; font_weight=&#8221;normal&#8221; font_style=&#8221;normal&#8221; txt_transform=&#8221;uppercase&#8221; margin_bottom=&#8221;18&#8243; font_family=&#8221;none&#8221; align=&#8221;center&#8221;]\n<p style=\"text-align: center;\">COM A GARANTIA DE<\/p>\n[\/mk_fancy_title][mk_image src=&#8221;https:\/\/fullcertificate.com\/wp-content\/uploads\/2022\/04\/footer-nuevo-WE-VOTE.jpg&#8221; image_width=&#8221;1500&#8243; image_height=&#8221;216&#8243; link=&#8221;http:\/\/fullcertificate.com\/&#8221; target=&#8221;_blank&#8221; align=&#8221;center&#8221; el_class=&#8221;imagen-footer-centro&#8221; crop=&#8221;false&#8221;][\/vc_column_inner][vc_column_inner width=&#8221;1\/4&#8243;][\/vc_column_inner][\/vc_row_inner][\/vc_column][\/mk_page_section]\n","protected":false},"excerpt":{"rendered":"<p>[mk_page_section bg_image=&#8221;https:\/\/fullcertificate.com\/wp-content\/uploads\/2016\/09\/recibo-domiciliado-sepa-1.jpg&#8221; bg_position=&#8221;center top&#8221; bg_repeat=&#8221;no-repeat&#8221; bg_stretch=&#8221;true&#8221; min_height=&#8221;350&#8243; padding_top=&#8221;20&#8243; padding_bottom=&#8221;0&#8243; first_page=&#8221;true&#8221; last_page=&#8221;true&#8221; sidebar=&#8221;sidebar-1&#8243;][vc_column][mk_fancy_title tag_name=&#8221;h1&#8243; color=&#8221;#000000&#8243; size=&#8221;40&#8243; font_weight=&#8221;normal&#8221; font_style=&#8221;normal&#8221; txt_transform=&#8221;none&#8221; margin_top=&#8221;60&#8243; margin_bottom=&#8221;0&#8243; font_family=&#8221;none&#8221;]D\u00e9bito Autom\u00e1tico SEPA[\/mk_fancy_title][mk_fancy_title tag_name=&#8221;h1&#8243; color=&#8221;#000000&#8243; size=&#8221;25&#8243; font_weight=&#8221;300&#8243; font_style=&#8221;normal&#8221; txt_transform=&#8221;none&#8221; margin_bottom=&#8221;0&#8243; font_family=&#8221;none&#8221;]Automatize seus d\u00e9bitos e faturas com acordo eletr\u00f3nico para cobran\u00e7a em C \/ C.[\/mk_fancy_title][mk_button dimension=&#8221;flat&#8221; size=&#8221;medium&#8221; url=&#8221;https:\/\/fullcertificate.com\/pt-pt\/contato\/&#8221; button_custom_width=&#8221;250&#8243; bg_color=&#8221;#0062b0&#8243; btn_hover_bg=&#8221;#252525&#8243;]CONTATAR AGORA[\/mk_button][\/vc_column][\/mk_page_section][mk_page_section padding_top=&#8221;50&#8243; padding_bottom=&#8221;50&#8243; first_page=&#8221;false&#8221; last_page=&#8221;false&#8221; [&hellip;]<\/p>\n","protected":false},"author":2,"featured_media":0,"parent":0,"menu_order":0,"comment_status":"closed","ping_status":"closed","template":"","meta":{"_bbp_topic_count":0,"_bbp_reply_count":0,"_bbp_total_topic_count":0,"_bbp_total_reply_count":0,"_bbp_voice_count":0,"_bbp_anonymous_reply_count":0,"_bbp_topic_count_hidden":0,"_bbp_reply_count_hidden":0,"_bbp_forum_subforum_count":0},"_links":{"self":[{"href":"https:\/\/www.fullcertificate.com\/pt-pt\/wp-json\/wp\/v2\/pages\/10737"}],"collection":[{"href":"https:\/\/www.fullcertificate.com\/pt-pt\/wp-json\/wp\/v2\/pages"}],"about":[{"href":"https:\/\/www.fullcertificate.com\/pt-pt\/wp-json\/wp\/v2\/types\/page"}],"author":[{"embeddable":true,"href":"https:\/\/www.fullcertificate.com\/pt-pt\/wp-json\/wp\/v2\/users\/2"}],"replies":[{"embeddable":true,"href":"https:\/\/www.fullcertificate.com\/pt-pt\/wp-json\/wp\/v2\/comments?post=10737"}],"version-history":[{"count":15,"href":"https:\/\/www.fullcertificate.com\/pt-pt\/wp-json\/wp\/v2\/pages\/10737\/revisions"}],"predecessor-version":[{"id":27574,"href":"https:\/\/www.fullcertificate.com\/pt-pt\/wp-json\/wp\/v2\/pages\/10737\/revisions\/27574"}],"wp:attachment":[{"href":"https:\/\/www.fullcertificate.com\/pt-pt\/wp-json\/wp\/v2\/media?parent=10737"}],"curies":[{"name":"wp","href":"https:\/\/api.w.org\/{rel}","templated":true}]}}