{"id":10743,"date":"2018-11-30T11:22:11","date_gmt":"2018-11-30T11:22:11","guid":{"rendered":"https:\/\/fullcertificate.com\/?page_id=10743"},"modified":"2022-04-12T13:26:18","modified_gmt":"2022-04-12T13:26:18","slug":"recuperacao-online-certificada","status":"publish","type":"page","link":"https:\/\/www.fullcertificate.com\/pt-pt\/recuperacao-online-certificada\/","title":{"rendered":"Recupera\u00e7\u00e3o Online Certificada"},"content":{"rendered":"[mk_page_section bg_image=&#8221;https:\/\/fullcertificate.com\/wp-content\/uploads\/2018\/11\/banner-smart-recovery-2-1.jpg&#8221; bg_position=&#8221;center top&#8221; bg_repeat=&#8221;no-repeat&#8221; bg_stretch=&#8221;true&#8221; min_height=&#8221;350&#8243; padding_top=&#8221;20&#8243; padding_bottom=&#8221;0&#8243; first_page=&#8221;true&#8221; last_page=&#8221;true&#8221; sidebar=&#8221;sidebar-1&#8243;][vc_column][mk_fancy_title tag_name=&#8221;h1&#8243; color=&#8221;#ffffff&#8221; size=&#8221;40&#8243; font_weight=&#8221;normal&#8221; font_style=&#8221;normal&#8221; txt_transform=&#8221;none&#8221; margin_top=&#8221;60&#8243; margin_bottom=&#8221;0&#8243; font_family=&#8221;none&#8221;]Smart Recovery &#8211; Recupera\u00e7\u00e3o inteligente[\/mk_fancy_title][mk_fancy_title tag_name=&#8221;h1&#8243; color=&#8221;#ffffff&#8221; size=&#8221;25&#8243; font_weight=&#8221;300&#8243; font_style=&#8221;normal&#8221; txt_transform=&#8221;none&#8221; margin_bottom=&#8221;0&#8243; font_family=&#8221;none&#8221;]Automatiza\u00e7\u00e3o do ciclo de recupera\u00e7\u00e3o certificado[\/mk_fancy_title][mk_button dimension=&#8221;flat&#8221; size=&#8221;medium&#8221; url=&#8221;https:\/\/fullcertificate.com\/pt-pt\/contato\/&#8221; button_custom_width=&#8221;250&#8243; bg_color=&#8221;#f2b42a&#8221; btn_hover_bg=&#8221;#dd821f&#8221;]CONTATAR AGORA[\/mk_button][\/vc_column][\/mk_page_section][mk_page_section padding_top=&#8221;50&#8243; padding_bottom=&#8221;0&#8243; first_page=&#8221;false&#8221; last_page=&#8221;false&#8221; sidebar=&#8221;sidebar-1&#8243;][vc_column width=&#8221;3\/4&#8243;][mk_fancy_title tag_name=&#8221;h1&#8243; color=&#8221;#0062af&#8221; size=&#8221;30&#8243; font_weight=&#8221;normal&#8221; font_style=&#8221;normal&#8221; txt_transform=&#8221;none&#8221; margin_bottom=&#8221;0&#8243; font_family=&#8221;none&#8221;]SmartRecovery &#8211; eRecupera\u00e7\u00e3o Certificada[\/mk_fancy_title][mk_divider style=&#8221;thin_solid&#8221; thickness=&#8221;4&#8243; margin_top=&#8221;0&#8243;][mk_fancy_title color=&#8221;#000000&#8243; size=&#8221;16.8&#8243; font_weight=&#8221;bold&#8221; font_style=&#8221;normal&#8221; txt_transform=&#8221;uppercase&#8221; margin_bottom=&#8221;30&#8243; font_family=&#8221;none&#8221;]SERVI\u00c7OS DE RECUPERA\u00c7\u00c3O ONLINE AUTOMATIZADA E CERTIFICADA COM REGISTRO PR\u00c9-JUDICIAL COM VALIDADE LEGAL[\/mk_fancy_title][vc_empty_space height=&#8221;0px&#8221;][vc_row_inner padding=&#8221;0&#8243;][vc_column_inner width=&#8221;1\/3&#8243;][mk_image src=&#8221;https:\/\/fullcertificate.com\/wp-content\/uploads\/2018\/11\/logo-smartrecovery-1-e1541889017293-1.png&#8221; image_width=&#8221;240&#8243; align=&#8221;center&#8221; margin_bottom=&#8221;-35&#8243; crop=&#8221;false&#8221;][mk_icon_box2 icon_type=&#8221;image&#8221; icon_size=&#8221;inherit&#8221; title_size=&#8221;0&#8243; title_top_padding=&#8221;0&#8243; title_bottom_padding=&#8221;30&#8243;]<img class=\"wp-image-6483 aligncenter\" src=\"https:\/\/fullcertificate.com\/wp-content\/uploads\/2018\/10\/grafico-smart-recovery-1.png\" alt=\"\" width=\"216\" \/><\/p>\n<p style=\"text-align: center;\"><strong><span style=\"color: #0062b0;\">SMART RECOVERY<\/span><\/strong><br \/>\n<span style=\"color: #000000; text-decoration: none;\">Recupera\u00e7\u00e3o Inteligente<br \/>\nAutoma\u00e7\u00e3o de ciclos<br \/>\nAcordo de pagamento eletr\u00f3nico<br \/>\nCobran\u00e7a em parcelas<br \/>\nArquivo completo e certificado<br \/>\nPagamentos por conta<br \/>\n<\/span><\/p>\n[\/mk_icon_box2][mk_image src=&#8221;https:\/\/fullcertificate.com\/wp-content\/uploads\/2018\/11\/SELLO-CERTIFICADO-1.png&#8221; image_width=&#8221;660&#8243; image_height=&#8221;405&#8243; align=&#8221;center&#8221; crop=&#8221;false&#8221;][\/vc_column_inner][vc_column_inner width=&#8221;2\/3&#8243;][mk_fancy_title tag_name=&#8221;h4&#8243; color=&#8221;#000000&#8243; font_weight=&#8221;normal&#8221; font_style=&#8221;normal&#8221; txt_transform=&#8221;none&#8221; margin_bottom=&#8221;0&#8243; font_family=&#8221;none&#8221;]<strong>Smart Recovery<\/strong> s\u00e3o <span style=\"color: #0062af;\">servi\u00e7os eletr\u00f3nicos de alto valor agregado<\/span> que permitem o lan\u00e7amento de ciclos de <strong>Recupera\u00e7\u00e3o Online<\/strong>, <span style=\"color: #0062af;\">100% personalizados<\/span> de acordo com as necessidades de cada cliente.<\/p>\n<p>&nbsp;<\/p>\n<p>Al\u00e9m de sua <span style=\"color: #0062af;\">capacidades de cobran\u00e7a multicanal<\/span> dentro de 30 a 60 dias a partir do momento em que o default surge, ele fornece como um valor adicional importante pelo fato de que as <span style=\"color: #0062af;\">comunica\u00e7\u00f5es s\u00e3o certificadas<\/span> por meio de <strong>Notifica\u00e7\u00f5es eletr\u00f3nicas de d\u00edvida<\/strong>, <span style=\"color: #0062af;\">gerando provas no caso de uma poss\u00edvel processo jur\u00eddico de reivindica\u00e7\u00e3o de quantidade<\/span>.<\/p>\n<p>&nbsp;<\/p>\n<p><span style=\"color: #0062af;\">Todas as a\u00e7\u00f5es do inadimplente s\u00e3o registradas<\/span> por meio de certifica\u00e7\u00e3o eletr\u00f3nica pela<strong> Smart Recovery &amp; Full Certificate<\/strong>, Terceira de Confian\u00e7a Europeia, gerando um arquivo certificado de todo o processo com <strong>validade legal<\/strong>.<\/p>\n<p>&nbsp;<\/p>\n<h5><span style=\"color: #0062af;\">EXISTEM DOIS TIPOS DE SERVI\u00c7OS:<\/span><\/h5>\n<p>&nbsp;<\/p>\n<p><strong>Servi\u00e7os de Recupera\u00e7\u00e3o por Automa\u00e7\u00e3o WS:<\/strong> <span style=\"color: #0062af;\">para clientes com o maior volume de registros de recupera\u00e7\u00e3o.<\/span> Implementa\u00e7\u00e3o por meio de an\u00e1lise de necessidades, programa\u00e7\u00e3o de TI e integra\u00e7\u00e3o de servi\u00e7os web &#8211; WS API REST -.<\/p>\n<p>&nbsp;<\/p>\n<p><strong>Servi\u00e7os de Recupera\u00e7\u00e3o na nuvem<\/strong> para empresas, associa\u00e7\u00f5es e institui\u00e7\u00f5es: <span style=\"color: #0062af;\">Ativa\u00e7\u00e3o na nuvem e automa\u00e7\u00e3o de registros de recupera\u00e7\u00e3o<\/span> atrav\u00e9s de nossos servi\u00e7os online.[\/mk_fancy_title][mk_image src=&#8221;https:\/\/fullcertificate.com\/wp-content\/uploads\/2019\/05\/pt-Duas-soluc\u0327o\u0303es-para-o-seu-nego\u0301cio-smart-money-full-certificate.jpg&#8221; image_width=&#8221;610&#8243; margin_bottom=&#8221;15&#8243; el_class=&#8221;imagen-medio&#8221; crop=&#8221;false&#8221;][mk_fancy_title tag_name=&#8221;h4&#8243; color=&#8221;#000000&#8243; font_weight=&#8221;normal&#8221; font_style=&#8221;normal&#8221; txt_transform=&#8221;none&#8221; font_family=&#8221;none&#8221;]<strong>Smart Recovery<\/strong> traz grandes benef\u00edcios para empresas, associa\u00e7\u00f5es, institui\u00e7\u00f5es, prefeituras, etc. Uma vez que contribui para importantes <span style=\"color: #0062af;\">economias de tempo, sucesso do processo e baixos custos de recupera\u00e7\u00e3o.<\/span> Sem d\u00favida, \u00e9 ideal em <span style=\"color: #0062af;\">processos massivos com centenas ou milh\u00f5es de registros.<\/span><\/p>\n<p>&nbsp;<\/p>\n<p>Mas <strong>o mais importante<\/strong> \u00e9 que ele permite<strong> personalizar<\/strong> <span style=\"color: #0062af;\">todo o ciclo de recupera\u00e7\u00e3o<\/span>. Desde o formato das <span style=\"color: #0062af;\">notifica\u00e7\u00f5es<\/span> e os canais de comunica\u00e7\u00e3o: &#8220;<span style=\"color: #0062af;\">eMail Certificados, SMS Certificados, Fax Certificados, Liga\u00e7\u00f5es Certificadas<\/span>, etc.&#8221;, at\u00e9 o m\u00e9todo de cobran\u00e7a eletr\u00f3nica.<\/p>\n<p>&nbsp;<\/p>\n<p>Al\u00e9m disso, tamb\u00e9m permite uma <span style=\"color: #0062af;\">gest\u00e3o semi-autom\u00e1tica e manual<\/span> completa e extensiva do ciclo de recupera\u00e7\u00e3o. Sua equipe pode realizar a\u00e7\u00f5es como:<span style=\"color: #0062af;\"> interromper um ciclo<\/span>, criar um<span style=\"color: #0062af;\"> acordo direto com o devedor, pagamentos por conta, chamadas certificadas, rec\u00e1lculo de juros e comiss\u00f5es,<\/span> etc.[\/mk_fancy_title][mk_image src=&#8221;https:\/\/fullcertificate.com\/wp-content\/uploads\/2019\/05\/pt-2-O-processo-Sistema-eletro\u0302nico-de-Recuperac\u0327a\u0303o-smartmoney-full-certificate.jpg&#8221; image_width=&#8221;1000&#8243; align=&#8221;center&#8221; margin_bottom=&#8221;30&#8243; el_class=&#8221;imagen-medio&#8221; crop=&#8221;false&#8221;][mk_image src=&#8221;https:\/\/fullcertificate.com\/wp-content\/uploads\/2019\/05\/pt-smartrecovery-full-certificate.jpg&#8221; image_width=&#8221;450&#8243; image_height=&#8221;405&#8243; align=&#8221;center&#8221; margin_bottom=&#8221;30&#8243; el_class=&#8221;imagen-medio&#8221; crop=&#8221;false&#8221;][mk_fancy_title tag_name=&#8221;h4&#8243; color=&#8221;#000000&#8243; font_weight=&#8221;normal&#8221; font_style=&#8221;normal&#8221; txt_transform=&#8221;none&#8221; margin_bottom=&#8221;0&#8243; font_family=&#8221;none&#8221;]\n<h3><span style=\"color: #0062af;\"><span style=\"color: #000000;\">O PROCESSO<\/span><\/span><\/h3>\n<h3><span style=\"color: #0062af;\"><br \/>\nSistema de Recupera\u00e7\u00e3o Eletr\u00f3nica Certificada<\/span><\/h3>\n<p>&nbsp;<\/p>\n<ol>\n<li>Ativa\u00e7\u00e3o de<span style=\"color: #0062af;\"> vari\u00e1veis inteligentes<\/span> e ciclos do processo<\/li>\n<li>Recep\u00e7\u00e3o de <span style=\"color: #0062af;\">dados e documentos<\/span><\/li>\n<li>In\u00edcio do ciclo de recupera\u00e7\u00e3o com comunica\u00e7\u00f5es eletr\u00f3nicas certificadas ao devedor<\/li>\n<li>Assinatura eletr\u00f3nica do <span style=\"color: #0062af;\">Contrato de Pagamento Certificado<\/span> com poss\u00edvel acr\u00e9scimo em fra\u00e7\u00f5es de pagamento ao longo do tempo.<\/li>\n<li><span style=\"color: #0062af;\"> Recupera\u00e7\u00e3o da d\u00edvida<\/span> com a possibilidade de <span style=\"color: #0062af;\">pagamentos para a conta<\/span>, dependendo das negocia\u00e7\u00f5es com o devedor<\/li>\n<li><span style=\"color: #0062af;\">Registro Pr\u00e9-judicial Certificado<\/span> com <span style=\"color: #0062af;\">validade legal total<\/span>.<\/li>\n<\/ol>\n[\/mk_fancy_title][mk_fancy_title tag_name=&#8221;h4&#8243; color=&#8221;#000000&#8243; font_weight=&#8221;normal&#8221; font_style=&#8221;normal&#8221; txt_transform=&#8221;none&#8221; font_family=&#8221;none&#8221;]<strong>Smart Recovery<\/strong> &amp; <strong>Smart Money<\/strong> s\u00e3o servi\u00e7os de <strong>Full Certificate<\/strong>, <strong><span style=\"color: #0062af;\">Terceiro de Confian\u00e7a Europeu<\/span><\/strong>, garante que seus comunicados e contratos ter\u00e3o <span style=\"color: #0062af;\">validade legal total.<\/span><\/p>\n<p>&nbsp;<\/p>\n<p>Desenvolvemos<span style=\"color: #0062af;\"> servi\u00e7os eletr\u00f3nicos avan\u00e7ados<\/span> que fornecem<strong> grandes benef\u00edcios<\/strong> para as organiza\u00e7\u00f5es e seus clientes.<\/p>\n<p>&nbsp;<\/p>\n<p>Se voc\u00ea deseja <strong>entrar em contato conosco<\/strong>, um consultor especializado ir\u00e1 ajud\u00e1-lo pessoalmente. Por favor, <strong><span style=\"color: #0062af;\"><a style=\"color: #0062af;\" href=\"https:\/\/fullcertificate.com\/pt-pt\/contato\/\">clique aqu\u00ed<\/a><\/span><\/strong>[\/mk_fancy_title][mk_image src=&#8221;https:\/\/fullcertificate.com\/wp-content\/uploads\/2019\/05\/pt-cartel-Terceiros-de-Confianc\u0327a-full-certificate.jpg&#8221; image_width=&#8221;584&#8243; align=&#8221;center&#8221; margin_bottom=&#8221;30&#8243; el_class=&#8221;imagen-medio&#8221; crop=&#8221;false&#8221;][mk_blockquote font_family=&#8221;none&#8221; align=&#8221;left&#8221;]&#8221;<strong>Conhe\u00e7a nossas solu\u00e7\u00f5es.<\/strong> Entre em contato conosco e proporemos a melhor solu\u00e7\u00e3o para suas necessidades.&#8221;[\/mk_blockquote][vc_column_text][\/vc_column_text][vc_column_text][\/vc_column_text][\/vc_column_inner][\/vc_row_inner][mk_fancy_title color=&#8221;#0062af&#8221; size=&#8221;25&#8243; font_weight=&#8221;normal&#8221; font_style=&#8221;normal&#8221; txt_transform=&#8221;none&#8221; margin_top=&#8221;50&#8243; margin_bottom=&#8221;5&#8243; font_family=&#8221;none&#8221;]O servi\u00e7o consiste nos seguintes pontos principais:[\/mk_fancy_title][mk_divider style=&#8221;thin_solid&#8221; thickness=&#8221;4&#8243; margin_top=&#8221;0&#8243; margin_bottom=&#8221;30&#8243;][vc_row_inner padding=&#8221;0&#8243;][vc_column_inner width=&#8221;1\/3&#8243;][mk_fancy_title tag_name=&#8221;h4&#8243; color=&#8221;#000000&#8243; font_weight=&#8221;normal&#8221; font_style=&#8221;normal&#8221; txt_transform=&#8221;none&#8221; margin_bottom=&#8221;0&#8243; font_family=&#8221;none&#8221;]<span style=\"color: #0062af;\"><strong>AUTOMA\u00c7\u00c3O<\/strong><\/span> program\u00e1tica do processo de recupera\u00e7\u00e3o.[\/mk_fancy_title][\/vc_column_inner][vc_column_inner width=&#8221;2\/3&#8243;][vc_text_separator title=&#8221;AUTOMA\u00c7\u00c3O&#8221; title_align=&#8221;separator_align_left&#8221; style=&#8221;double&#8221; el_width=&#8221;80&#8243;][mk_image src=&#8221;https:\/\/fullcertificate.com\/wp-content\/uploads\/2016\/09\/settings-gears-1.png&#8221; image_width=&#8221;64&#8243; image_height=&#8221;64&#8243; align=&#8221;center&#8221; crop=&#8221;false&#8221;][\/vc_column_inner][vc_column_inner][\/vc_column_inner][\/vc_row_inner][vc_empty_space height=&#8221;20px&#8221;][vc_row_inner padding=&#8221;0&#8243;][vc_column_inner width=&#8221;1\/3&#8243;][mk_fancy_title tag_name=&#8221;h4&#8243; color=&#8221;#000000&#8243; font_weight=&#8221;normal&#8221; font_style=&#8221;normal&#8221; txt_transform=&#8221;none&#8221; margin_bottom=&#8221;0&#8243; font_family=&#8221;none&#8221;]Certifica\u00e7\u00e3o de um <strong>REGISTRO \u00daNICO PR\u00c9-JUDICIAL<\/strong> de todas as a\u00e7\u00f5es do devedor<span style=\"color: #0062af;\"> com plena validade legal.<\/span>[\/mk_fancy_title][\/vc_column_inner][vc_column_inner width=&#8221;2\/3&#8243;][vc_text_separator title=&#8221;REGISTRO \u00daNICO&#8221; title_align=&#8221;separator_align_left&#8221; style=&#8221;double&#8221; el_width=&#8221;80&#8243;][mk_image src=&#8221;https:\/\/fullcertificate.com\/wp-content\/uploads\/2016\/09\/folder-1.png&#8221; image_width=&#8221;64&#8243; image_height=&#8221;64&#8243; align=&#8221;center&#8221; crop=&#8221;false&#8221;][\/vc_column_inner][\/vc_row_inner][vc_empty_space height=&#8221;20px&#8221;][vc_row_inner padding=&#8221;0&#8243;][vc_column_inner width=&#8221;1\/3&#8243;][mk_fancy_title tag_name=&#8221;h4&#8243; color=&#8221;#000000&#8243; font_weight=&#8221;normal&#8221; font_style=&#8221;normal&#8221; txt_transform=&#8221;none&#8221; margin_bottom=&#8221;0&#8243; font_family=&#8221;none&#8221;]<strong>Campanhas de<span style=\"color: #0062af;\"> COMUNICA\u00c7\u00c3O MULTICANAL CERTIFICADA<\/span><\/strong> que ajudam a <span style=\"color: #0062af;\">gerenciar milh\u00f5es de registros.<\/span>[\/mk_fancy_title][\/vc_column_inner][vc_column_inner width=&#8221;2\/3&#8243;][vc_text_separator title=&#8221;COMUNICA\u00c7\u00c3O MULTICANAL CERTIFICADA&#8221; title_align=&#8221;separator_align_left&#8221; style=&#8221;double&#8221; el_width=&#8221;80&#8243;][mk_image src=&#8221;https:\/\/fullcertificate.com\/wp-content\/uploads\/2016\/09\/comunicacion-1.png&#8221; image_width=&#8221;368&#8243; image_height=&#8221;64&#8243; align=&#8221;center&#8221; crop=&#8221;false&#8221;][\/vc_column_inner][\/vc_row_inner][vc_empty_space height=&#8221;20px&#8221;][vc_row_inner padding=&#8221;0&#8243;][vc_column_inner width=&#8221;1\/3&#8243;][mk_fancy_title tag_name=&#8221;h4&#8243; color=&#8221;#000000&#8243; font_weight=&#8221;normal&#8221; font_style=&#8221;normal&#8221; txt_transform=&#8221;none&#8221; margin_bottom=&#8221;0&#8243; font_family=&#8221;none&#8221;]<strong>COBRAN\u00c7A DA D\u00cdVIDA<\/strong> por meio de um Acordo Certificado de cobran\u00e7a online <span style=\"color: #1e73be;\">por cart\u00e3o de cr\u00e9dito, SEPA e transfer\u00eancia banc\u00e1ria.<\/span>[\/mk_fancy_title][\/vc_column_inner][vc_column_inner width=&#8221;2\/3&#8243;][vc_text_separator title=&#8221;COBRAN\u00c7A DE D\u00cdVIDA&#8221; title_align=&#8221;separator_align_left&#8221; style=&#8221;double&#8221; el_width=&#8221;80&#8243;][mk_image src=&#8221;https:\/\/fullcertificate.com\/wp-content\/uploads\/2016\/09\/banco-1.png&#8221; image_width=&#8221;368&#8243; image_height=&#8221;64&#8243; align=&#8221;center&#8221; crop=&#8221;false&#8221;][\/vc_column_inner][\/vc_row_inner][vc_empty_space height=&#8221;20px&#8221;][vc_row_inner padding=&#8221;0&#8243;][vc_column_inner width=&#8221;1\/3&#8243;][mk_fancy_title tag_name=&#8221;h4&#8243; color=&#8221;#000000&#8243; font_weight=&#8221;normal&#8221; font_style=&#8221;normal&#8221; txt_transform=&#8221;none&#8221; font_family=&#8221;none&#8221;]Ativa\u00e7\u00e3o de <strong>SISTEMAS PREDITIVOS SCORING<\/strong> associado ao <span style=\"color: #0062af;\">sucesso da cobran\u00e7a<\/span>. Servi\u00e7o opcional[\/mk_fancy_title][\/vc_column_inner][vc_column_inner width=&#8221;2\/3&#8243;][vc_text_separator title=&#8221;SISTEMAS PREDITIVOS SCORING&#8221; title_align=&#8221;separator_align_left&#8221; style=&#8221;double&#8221; el_width=&#8221;80&#8243;][mk_image src=&#8221;https:\/\/fullcertificate.com\/wp-content\/uploads\/2016\/09\/codigos1-1.png&#8221; image_width=&#8221;368&#8243; image_height=&#8221;64&#8243; align=&#8221;center&#8221; margin_bottom=&#8221;30&#8243; crop=&#8221;false&#8221;][\/vc_column_inner][\/vc_row_inner][mk_fancy_title tag_name=&#8221;h4&#8243; color=&#8221;#000000&#8243; size=&#8221;16&#8243; font_weight=&#8221;normal&#8221; font_style=&#8221;normal&#8221; txt_transform=&#8221;none&#8221; margin_bottom=&#8221;0&#8243; font_family=&#8221;none&#8221;]Se voc\u00ea deseja mais informa\u00e7\u00f5es, entre em <strong><span style=\"color: #0062af;\"><a style=\"color: #0062af;\" href=\"https:\/\/fullcertificate.com\/pt-pt\/contato\/\">contato conosco<\/a><\/span><\/strong> e um consultor ir\u00e1 ajud\u00e1-lo pessoalmente.[\/mk_fancy_title][mk_divider style=&#8221;thin_solid&#8221; thickness=&#8221;4&#8243; margin_top=&#8221;0&#8243;][\/vc_column][vc_column border_color=&#8221;#ffffff&#8221; width=&#8221;1\/4&#8243;][mk_image src=&#8221;https:\/\/fullcertificate.com\/wp-content\/uploads\/2018\/12\/european-trusted-third-party-full-certificate.png&#8221; image_width=&#8221;180&#8243; align=&#8221;center&#8221; margin_bottom=&#8221;35&#8243; crop=&#8221;false&#8221;][mk_icon_box2 icon_type=&#8221;image&#8221; title_size=&#8221;0&#8243; title_top_padding=&#8221;0&#8243; title_bottom_padding=&#8221;0&#8243;]<a href=\"https:\/\/fullcertificate.com\/pt-pt\/automacao-cloud-inhouse\/\"><img loading=\"lazy\" class=\"wp-image-6433 size-medium aligncenter\" src=\"https:\/\/fullcertificate.com\/wp-content\/uploads\/2018\/10\/logo-smart-automation-2-1.png\" alt=\"\" width=\"265\" height=\"31\" \/><\/a><a href=\"https:\/\/fullcertificate.com\/pt-pt\/automacao-cloud-inhouse\/\"><img loading=\"lazy\" class=\"wp-image-6439 size-medium aligncenter\" src=\"https:\/\/fullcertificate.com\/wp-content\/uploads\/2018\/10\/grafico-smart-automation-1.png\" alt=\"\" width=\"170\" height=\"300\" \/><\/a><\/p>\n<p style=\"text-align: center;\"><strong><span style=\"color: #0062b0;\"><a style=\"color: #0062b0;\" href=\"https:\/\/fullcertificate.com\/pt-pt\/automacao-cloud-inhouse\/\">SMART AUTOMATION<\/a><br \/>\n<\/span><\/strong>WS API-REST<br \/>\nDesenvolvimento de TI<br \/>\nAutentica\u00e7\u00e3o avan\u00e7ada<br \/>\nPortais e Formul\u00e1rios Inteligente<\/p>\n[\/mk_icon_box2][vc_empty_space height=&#8221;20px&#8221;][vc_row_inner padding=&#8221;0&#8243; el_class=&#8221;ocultar&#8221;][vc_column_inner css=&#8221;.vc_custom_1540979094932{border-top-width: 1px !important;border-right-width: 1px !important;border-bottom-width: 1px !important;border-left-width: 1px !important;padding-top: 20px !important;padding-bottom: 20px !important;background-color: #ffffff !important;border-left-color: #1e73be !important;border-left-style: solid !important;border-right-color: #1e73be !important;border-right-style: solid !important;border-top-color: #1e73be !important;border-top-style: solid !important;border-bottom-color: #1e73be !important;border-bottom-style: solid !important;}&#8221;][mk_fancy_title color=&#8221;#000000&#8243; size=&#8221;20&#8243; font_weight=&#8221;bold&#8221; font_style=&#8221;normal&#8221; txt_transform=&#8221;uppercase&#8221; margin_bottom=&#8221;0&#8243; font_family=&#8221;none&#8221; align=&#8221;center&#8221;]\n<p style=\"text-align: center;\">Dados de contato<\/p>\n[\/mk_fancy_title][mk_fancy_title color=&#8221;#1e73be&#8221; font_style=&#8221;normal&#8221; txt_transform=&#8221;none&#8221; margin_bottom=&#8221;18&#8243; font_family=&#8221;none&#8221; align=&#8221;center&#8221;]\n<p style=\"text-align: center;\"><span style=\"color: #000000;\"><strong>Telefone:<\/strong> EU &#8211; ES: 0034 910 052 659<br \/>\nEU &#8211; IT: 0039 0687165152<br \/>\nLATAM: 0052 55 4162 9666<\/span><\/p>\n<p style=\"text-align: center;\"><strong><span style=\"color: #000000;\">Endere\u00e7o:<\/span> <\/strong>C \/ Boix y Morer 6, Penthouse. 28003 Madri, Espanha<\/p>\n[\/mk_fancy_title][mk_button dimension=&#8221;flat&#8221; corner_style=&#8221;rounded&#8221; size=&#8221;medium&#8221; url=&#8221;https:\/\/fullcertificate.com\/pt-pt\/contato\/&#8221; align=&#8221;center&#8221; button_custom_width=&#8221;160&#8243; bg_color=&#8221;#0062b0&#8243; btn_hover_bg=&#8221;#252525&#8243;]CONTATE-NOS[\/mk_button][\/vc_column_inner][\/vc_row_inner][\/vc_column][\/mk_page_section][mk_page_section full_width=&#8221;true&#8221; first_page=&#8221;false&#8221; last_page=&#8221;false&#8221; sidebar=&#8221;sidebar-1&#8243;][vc_column][mk_divider style=&#8221;thin_solid&#8221; thickness=&#8221;4&#8243; margin_top=&#8221;10&#8243; margin_bottom=&#8221;40&#8243;][vc_row_inner padding=&#8221;0&#8243;][vc_column_inner width=&#8221;1\/4&#8243;][\/vc_column_inner][vc_column_inner width=&#8221;1\/2&#8243;][mk_fancy_title tag_name=&#8221;h4&#8243; color=&#8221;#393836&#8243; size=&#8221;30&#8243; font_weight=&#8221;normal&#8221; font_style=&#8221;normal&#8221; txt_transform=&#8221;uppercase&#8221; margin_bottom=&#8221;18&#8243; font_family=&#8221;none&#8221; align=&#8221;center&#8221;]\n<p style=\"text-align: center;\">COM A GARANTIA DE<\/p>\n[\/mk_fancy_title][mk_image src=&#8221;https:\/\/fullcertificate.com\/wp-content\/uploads\/2022\/04\/footer-nuevo-WE-VOTE.jpg&#8221; image_width=&#8221;1500&#8243; image_height=&#8221;216&#8243; link=&#8221;http:\/\/fullcertificate.com\/&#8221; target=&#8221;_blank&#8221; align=&#8221;center&#8221; el_class=&#8221;imagen-footer-centro&#8221; crop=&#8221;false&#8221;][\/vc_column_inner][vc_column_inner width=&#8221;1\/4&#8243;][\/vc_column_inner][\/vc_row_inner][\/vc_column][\/mk_page_section][vc_row padding=&#8221;0&#8243;][\/vc_row]\n","protected":false},"excerpt":{"rendered":"<p>[mk_page_section bg_image=&#8221;https:\/\/fullcertificate.com\/wp-content\/uploads\/2018\/11\/banner-smart-recovery-2-1.jpg&#8221; bg_position=&#8221;center top&#8221; bg_repeat=&#8221;no-repeat&#8221; bg_stretch=&#8221;true&#8221; min_height=&#8221;350&#8243; padding_top=&#8221;20&#8243; padding_bottom=&#8221;0&#8243; first_page=&#8221;true&#8221; last_page=&#8221;true&#8221; sidebar=&#8221;sidebar-1&#8243;][vc_column][mk_fancy_title tag_name=&#8221;h1&#8243; color=&#8221;#ffffff&#8221; size=&#8221;40&#8243; font_weight=&#8221;normal&#8221; font_style=&#8221;normal&#8221; txt_transform=&#8221;none&#8221; margin_top=&#8221;60&#8243; margin_bottom=&#8221;0&#8243; font_family=&#8221;none&#8221;]Smart Recovery &#8211; Recupera\u00e7\u00e3o inteligente[\/mk_fancy_title][mk_fancy_title tag_name=&#8221;h1&#8243; color=&#8221;#ffffff&#8221; size=&#8221;25&#8243; font_weight=&#8221;300&#8243; font_style=&#8221;normal&#8221; txt_transform=&#8221;none&#8221; margin_bottom=&#8221;0&#8243; font_family=&#8221;none&#8221;]Automatiza\u00e7\u00e3o do ciclo de recupera\u00e7\u00e3o certificado[\/mk_fancy_title][mk_button dimension=&#8221;flat&#8221; size=&#8221;medium&#8221; url=&#8221;https:\/\/fullcertificate.com\/pt-pt\/contato\/&#8221; button_custom_width=&#8221;250&#8243; bg_color=&#8221;#f2b42a&#8221; btn_hover_bg=&#8221;#dd821f&#8221;]CONTATAR AGORA[\/mk_button][\/vc_column][\/mk_page_section][mk_page_section padding_top=&#8221;50&#8243; padding_bottom=&#8221;0&#8243; first_page=&#8221;false&#8221; last_page=&#8221;false&#8221; sidebar=&#8221;sidebar-1&#8243;][vc_column width=&#8221;3\/4&#8243;][mk_fancy_title tag_name=&#8221;h1&#8243; color=&#8221;#0062af&#8221; size=&#8221;30&#8243; font_weight=&#8221;normal&#8221; [&hellip;]<\/p>\n","protected":false},"author":2,"featured_media":0,"parent":0,"menu_order":0,"comment_status":"closed","ping_status":"closed","template":"","meta":{"_bbp_topic_count":0,"_bbp_reply_count":0,"_bbp_total_topic_count":0,"_bbp_total_reply_count":0,"_bbp_voice_count":0,"_bbp_anonymous_reply_count":0,"_bbp_topic_count_hidden":0,"_bbp_reply_count_hidden":0,"_bbp_forum_subforum_count":0},"_links":{"self":[{"href":"https:\/\/www.fullcertificate.com\/pt-pt\/wp-json\/wp\/v2\/pages\/10743"}],"collection":[{"href":"https:\/\/www.fullcertificate.com\/pt-pt\/wp-json\/wp\/v2\/pages"}],"about":[{"href":"https:\/\/www.fullcertificate.com\/pt-pt\/wp-json\/wp\/v2\/types\/page"}],"author":[{"embeddable":true,"href":"https:\/\/www.fullcertificate.com\/pt-pt\/wp-json\/wp\/v2\/users\/2"}],"replies":[{"embeddable":true,"href":"https:\/\/www.fullcertificate.com\/pt-pt\/wp-json\/wp\/v2\/comments?post=10743"}],"version-history":[{"count":25,"href":"https:\/\/www.fullcertificate.com\/pt-pt\/wp-json\/wp\/v2\/pages\/10743\/revisions"}],"predecessor-version":[{"id":27598,"href":"https:\/\/www.fullcertificate.com\/pt-pt\/wp-json\/wp\/v2\/pages\/10743\/revisions\/27598"}],"wp:attachment":[{"href":"https:\/\/www.fullcertificate.com\/pt-pt\/wp-json\/wp\/v2\/media?parent=10743"}],"curies":[{"name":"wp","href":"https:\/\/api.w.org\/{rel}","templated":true}]}}