{"id":10775,"date":"2018-11-30T11:43:21","date_gmt":"2018-11-30T11:43:21","guid":{"rendered":"https:\/\/fullcertificate.com\/?page_id=10775"},"modified":"2022-04-12T12:55:33","modified_gmt":"2022-04-12T12:55:33","slug":"smartcontracts","status":"publish","type":"page","link":"https:\/\/www.fullcertificate.com\/pt-pt\/smartcontracts\/","title":{"rendered":"SmartContracts"},"content":{"rendered":"[mk_page_section bg_image=&#8221;https:\/\/fullcertificate.com\/wp-content\/uploads\/2018\/11\/banner-smartcontracts-1.jpg&#8221; bg_position=&#8221;center top&#8221; bg_repeat=&#8221;no-repeat&#8221; bg_stretch=&#8221;true&#8221; min_height=&#8221;350&#8243; padding_top=&#8221;20&#8243; padding_bottom=&#8221;0&#8243; first_page=&#8221;true&#8221; last_page=&#8221;true&#8221; sidebar=&#8221;sidebar-1&#8243;][vc_column][mk_fancy_title tag_name=&#8221;h1&#8243; color=&#8221;#ffffff&#8221; size=&#8221;40&#8243; font_weight=&#8221;normal&#8221; font_style=&#8221;normal&#8221; txt_transform=&#8221;none&#8221; margin_top=&#8221;60&#8243; margin_bottom=&#8221;0&#8243; font_family=&#8221;none&#8221;]Smart Contracts &#8211; Contratos Inteligentes[\/mk_fancy_title][mk_fancy_title tag_name=&#8221;h1&#8243; color=&#8221;#ffffff&#8221; size=&#8221;25&#8243; font_weight=&#8221;300&#8243; font_style=&#8221;normal&#8221; txt_transform=&#8221;none&#8221; margin_bottom=&#8221;0&#8243; font_family=&#8221;none&#8221;]Contratos Eletr\u00f3nicos Inteligentes[\/mk_fancy_title][mk_button dimension=&#8221;flat&#8221; size=&#8221;medium&#8221; url=&#8221;https:\/\/fullcertificate.com\/pt-pt\/contato\/&#8221; button_custom_width=&#8221;250&#8243; bg_color=&#8221;#e5ac00&#8243; btn_hover_bg=&#8221;#252525&#8243;]CONTATAR AGORA[\/mk_button][\/vc_column][\/mk_page_section][mk_page_section padding_top=&#8221;50&#8243; padding_bottom=&#8221;50&#8243; first_page=&#8221;false&#8221; last_page=&#8221;false&#8221; sidebar=&#8221;sidebar-1&#8243;][vc_column width=&#8221;3\/4&#8243;][mk_fancy_title color=&#8221;#0062af&#8221; size=&#8221;30&#8243; font_weight=&#8221;normal&#8221; font_style=&#8221;normal&#8221; txt_transform=&#8221;none&#8221; margin_bottom=&#8221;0&#8243; font_family=&#8221;none&#8221;]Smart Contracts &#8211; Contratos Inteligentes[\/mk_fancy_title][mk_divider style=&#8221;thin_solid&#8221; thickness=&#8221;4&#8243; margin_top=&#8221;0&#8243;][mk_fancy_title color=&#8221;#000000&#8243; size=&#8221;17&#8243; font_weight=&#8221;normal&#8221; font_style=&#8221;normal&#8221; txt_transform=&#8221;uppercase&#8221; margin_bottom=&#8221;30&#8243; font_family=&#8221;none&#8221;]<strong>CONTRATOS ELETR\u00d3NICOS INTELIGENTES QUE PROCESSAM E EXECUTAM TODO O CIRCUITO DE FATURA\u00c7\u00c3O, COBRAN\u00c7A E RECUPERA\u00c7\u00c3O POR MEIO DE PROCESSOS CERTIFICADOS COM VALIDADE LEGAL<\/strong>[\/mk_fancy_title][vc_row_inner padding=&#8221;0&#8243;][vc_column_inner width=&#8221;1\/3&#8243;][mk_icon_box2 icon_type=&#8221;image&#8221; icon_size=&#8221;inherit&#8221; title_size=&#8221;0&#8243; title_top_padding=&#8221;0&#8243; title_bottom_padding=&#8221;0&#8243;]<img loading=\"lazy\" class=\"aligncenter wp-image-6393 size-full\" src=\"https:\/\/fullcertificate.com\/wp-content\/uploads\/2018\/11\/smartcontracts-1.jpg\" alt=\"\" width=\"240\" height=\"29\" \/><br \/>\n<img class=\"wp-image-6387 size-medium aligncenter\" src=\"https:\/\/fullcertificate.com\/wp-content\/uploads\/2018\/10\/grafico-smart-contracts-2-1.png\" alt=\"\" width=\"216\" \/><\/p>\n<p style=\"text-align: center;\"><a href=\"https:\/\/www.avisoscertificados.com\/contactenos\/\"><strong><span style=\"color: #0062b0;\">SMART CONTRACTS<\/span><\/strong><br \/>\n<\/a><span style=\"color: #000000; text-decoration: none;\">Contratos inteligentes<br \/>\nContratos de assinatura online<br \/>\nProcessos automatizados<br \/>\nFaturamento automatizado<br \/>\nCobran\u00e7a automatizada<br \/>\nRecupera\u00e7\u00e3o Amig\u00e1vel antes de Processo Judicial<br \/>\nValidade legal<\/span><\/p>\n[\/mk_icon_box2][\/vc_column_inner][vc_column_inner width=&#8221;2\/3&#8243;][mk_fancy_title tag_name=&#8221;h4&#8243; color=&#8221;#000000&#8243; font_weight=&#8221;normal&#8221; font_style=&#8221;normal&#8221; txt_transform=&#8221;none&#8221; margin_bottom=&#8221;0&#8243; font_family=&#8221;none&#8221;]<strong>Smart Contracts<\/strong> s\u00e3o <span style=\"color: #0062af;\">solu\u00e7\u00f5es de \u00faltima gera\u00e7\u00e3o<\/span> para empresas e institui\u00e7\u00f5es por meio de <span style=\"color: #0062af;\">servi\u00e7os automatizados de emiss\u00e3o de contratos e recibos<\/span> que permitem controlar em tempo real, de forma visual e com controle total, <span style=\"color: #0062af;\">os processos de contrata\u00e7\u00e3o e afilia\u00e7\u00e3o<\/span> e com o <strong>Smart Money<\/strong> <span style=\"color: #0062af;\">a fatura\u00e7\u00e3o, cobran\u00e7as e recupera\u00e7\u00f5es amig\u00e1veis antes de um poss\u00edvel processo judicial.<\/span><\/p>\n<p>&nbsp;<\/p>\n<p><span style=\"color: #0062af;\">Nossos servi\u00e7os<\/span> podem ser <span style=\"color: #0062af;\">integrais<\/span>, gerenciando de forma global todo o processo, ou ent\u00e3o, <span style=\"color: #0062af;\">parciais<\/span>, de acordo com as necessidades do cliente. O processo <strong>Smart Money<\/strong> <span style=\"color: #0062af;\">come\u00e7a com os contratos inteligentes.<\/span>[\/mk_fancy_title][mk_fancy_title tag_name=&#8221;h4&#8243; color=&#8221;#000000&#8243; font_weight=&#8221;normal&#8221; font_style=&#8221;normal&#8221; txt_transform=&#8221;none&#8221; font_family=&#8221;none&#8221;]Os <strong>Smart Contracts<\/strong> s\u00e3o <span style=\"color: #0062af;\">contratos eletr\u00f3nicos automatizados<\/span> e implementados de acordo com as necessidades de cada cliente. Eles podem ser lan\u00e7ados <span style=\"color: #0062af;\">desde formul\u00e1rios web, intraNets ou extraNets<\/span>, at\u00e9 <span style=\"color: #0062af;\">sistemas internos como ERPs, CRMs, etc.<\/span> Eles permitem gerenciar de um a milh\u00f5es de <span style=\"color: #0062af;\">processos de contrata\u00e7\u00e3o e afilia\u00e7\u00e3o.<\/span><\/p>\n<p>&nbsp;<\/p>\n<p>O contrato \u00e9 um <strong>contrato eletr\u00f3nico certificado<\/strong> que cont\u00e9m todas as informa\u00e7\u00f5es de dados, vari\u00e1veis e documentos necess\u00e1rios para a formaliza\u00e7\u00e3o do contrato e a programa\u00e7\u00e3o dos processos automatizados. Por meio de <span style=\"color: #0062af;\">eMail ou SMS Certificado<\/span>, este contrato \u00e9 enviado para o cliente potencial para sua <strong>assinatura online<\/strong>.[\/mk_fancy_title][mk_image src=&#8221;https:\/\/fullcertificate.com\/wp-content\/uploads\/2019\/05\/pt-Processos-automatizados-smart-contracts-full-certificate.jpg&#8221; image_width=&#8221;1000&#8243; align=&#8221;center&#8221; margin_bottom=&#8221;20&#8243; el_class=&#8221;imagen-medio&#8221; crop=&#8221;false&#8221;][mk_fancy_title tag_name=&#8221;h4&#8243; color=&#8221;#000000&#8243; font_weight=&#8221;normal&#8221; font_style=&#8221;normal&#8221; txt_transform=&#8221;none&#8221; margin_bottom=&#8221;0&#8243; font_family=&#8221;none&#8221;]<span style=\"color: #0062af;\">A assinatura<\/span> pode ser realizada em quest\u00e3o de <span style=\"color: #0062af;\">poucos minutos<\/span>, de forma muito c\u00f3moda e <span style=\"color: #0062af;\">com validade legal total<\/span>. O <span style=\"color: #0062af;\">cliente receber\u00e1 uma c\u00f3pia<\/span> do contrato assinado e certificado de <strong>Full Certificate<\/strong> no seu eMail.<\/p>\n<p>&nbsp;<\/p>\n<p>Estes contratos s\u00e3o inteligentes porque executam as principais vari\u00e1veis <span style=\"color: #0062af;\">dos processos de fatura\u00e7\u00e3o, cobran\u00e7a e recupera\u00e7\u00e3o<\/span>. Assim, os <strong>Smart Contracts<\/strong> operam de maneira automatizada:<\/p>\n<p>&nbsp;<\/p>\n<ol>\n<li><strong>Smart Contracts<\/strong> \u00e9 enviado para <span style=\"color: #0062af;\">assinatura eletr\u00f3nica<\/span><\/li>\n<li><span style=\"color: #0062af;\">O sistema registra as vari\u00e1veis do contrato<\/span><\/li>\n<li><span style=\"color: #0062af;\">\u00c9 assinado eletronicamente com total seguran\u00e7a jur\u00eddica.<\/span><\/li>\n<li><span style=\"color: #0062af;\"> Iniciam<\/span> os processos de <span style=\"color: #0062af;\">fatura\u00e7\u00e3o, cobran\u00e7a e recupera\u00e7\u00e3o.<\/span><\/li>\n<li>Como um servi\u00e7o adicional, ele \u00e9 replicado na<span style=\"color: #0062af;\"> rede blockchain<\/span><\/li>\n<\/ol>\n<p>&nbsp;<\/p>\n<p><strong>Smart Money<\/strong> certifica todo o processo nos seus momentos-chave, proporcionando, como <strong>Terceiro de Confian\u00e7a Europeia<\/strong>, a m\u00e1xima <span style=\"color: #0062af;\">validade e seguran\u00e7a jur\u00eddica ao processo.<\/span>[\/mk_fancy_title][mk_fancy_title tag_name=&#8221;h4&#8243; color=&#8221;#000000&#8243; font_weight=&#8221;normal&#8221; font_style=&#8221;normal&#8221; txt_transform=&#8221;none&#8221; margin_bottom=&#8221;0&#8243; font_family=&#8221;none&#8221;]<strong>Smart Money<\/strong> &amp; <strong>Full Certificate<\/strong>, como <strong>Terceiro de Confian\u00e7a Europeia<\/strong>, garante que <span style=\"color: #0062af;\">seus comunicados e acordos ter\u00e3o validade legal<\/span><\/p>\n<p>&nbsp;<\/p>\n<p>Desenvolvemos <strong>servi\u00e7os eletr\u00f3nicos avan\u00e7ados<\/strong> que fornecem <span style=\"color: #0062af;\">grandes benef\u00edcios para as organiza\u00e7\u00f5es e seus clientes.<\/span><\/p>\n<p>&nbsp;<\/p>\n<p><strong>Se voc\u00ea deseja entrar em contato conosco<\/strong>, um consultor especializado ir\u00e1 ajud\u00e1-lo pessoalmente. Por favor, <strong><span style=\"color: #0062af;\"><a style=\"color: #0062af;\" href=\"https:\/\/fullcertificate.com\/pt-pt\/contato\/\">clique aqu\u00ed<\/a><\/span><\/strong>[\/mk_fancy_title][mk_image src=&#8221;https:\/\/fullcertificate.com\/wp-content\/uploads\/2019\/05\/pt-cartel-Terceiros-de-Confianc\u0327a-full-certificate.jpg&#8221; image_width=&#8221;507&#8243; image_height=&#8221;130&#8243; align=&#8221;center&#8221; margin_bottom=&#8221;20&#8243; el_class=&#8221;imagen-medio&#8221; crop=&#8221;false&#8221;][\/vc_column_inner][\/vc_row_inner][vc_empty_space height=&#8221;20px&#8221;][\/vc_column][vc_column border_color=&#8221;#ffffff&#8221; width=&#8221;1\/4&#8243;][mk_image src=&#8221;https:\/\/fullcertificate.com\/wp-content\/uploads\/2018\/12\/european-trusted-third-party-full-certificate.png&#8221; image_width=&#8221;180&#8243; align=&#8221;center&#8221; margin_bottom=&#8221;35&#8243; crop=&#8221;false&#8221;][mk_icon_box2 icon_type=&#8221;image&#8221; title_size=&#8221;0&#8243; title_top_padding=&#8221;0&#8243; title_bottom_padding=&#8221;0&#8243;]<a href=\"https:\/\/fullcertificate.com\/pt-pt\/smartmoney-dinheiro-inteligente\/\"><img loading=\"lazy\" class=\"wp-image-6433 size-medium aligncenter\" src=\"https:\/\/fullcertificate.com\/wp-content\/uploads\/2018\/10\/logo-smartmoney-1.png\" alt=\"\" width=\"180\" height=\"31\" \/><\/a><a href=\"https:\/\/fullcertificate.com\/pt-pt\/smartmoney-dinheiro-inteligente\/\"><img loading=\"lazy\" class=\"wp-image-6439 size-medium aligncenter\" src=\"https:\/\/fullcertificate.com\/wp-content\/uploads\/2018\/10\/grafico-smart-money-3-1.png\" alt=\"\" width=\"170\" height=\"300\" \/><\/a><\/p>\n<p style=\"text-align: center;\"><strong><span style=\"color: #0062b0;\"><a style=\"color: #0062b0;\" href=\"https:\/\/fullcertificate.com\/pt-pt\/smartmoney-dinheiro-inteligente\/\">SMART MONEY<\/a><br \/>\n<\/span><\/strong>smart Contracts<br \/>\nsmart Payments<br \/>\n<span style=\"color: #000000; text-decoration: none;\">smart Recovery<br \/>\nDashboard<br \/>\n<\/span><\/p>\n[\/mk_icon_box2][vc_empty_space height=&#8221;20px&#8221;][vc_row_inner padding=&#8221;0&#8243; el_class=&#8221;ocultar&#8221;][vc_column_inner css=&#8221;.vc_custom_1540979094932{border-top-width: 1px !important;border-right-width: 1px !important;border-bottom-width: 1px !important;border-left-width: 1px !important;padding-top: 20px !important;padding-bottom: 20px !important;background-color: #ffffff !important;border-left-color: #1e73be !important;border-left-style: solid !important;border-right-color: #1e73be !important;border-right-style: solid !important;border-top-color: #1e73be !important;border-top-style: solid !important;border-bottom-color: #1e73be !important;border-bottom-style: solid !important;}&#8221;][mk_fancy_title color=&#8221;#000000&#8243; size=&#8221;20&#8243; font_weight=&#8221;bold&#8221; font_style=&#8221;normal&#8221; txt_transform=&#8221;uppercase&#8221; margin_bottom=&#8221;0&#8243; font_family=&#8221;none&#8221; align=&#8221;center&#8221;]\n<p style=\"text-align: center;\">Dados de contato<\/p>\n[\/mk_fancy_title][mk_fancy_title color=&#8221;#1e73be&#8221; font_style=&#8221;normal&#8221; txt_transform=&#8221;none&#8221; margin_bottom=&#8221;18&#8243; font_family=&#8221;none&#8221; align=&#8221;center&#8221;]\n<p style=\"text-align: center;\"><span style=\"color: #000000;\"><strong>Telefone:<\/strong> EU &#8211; ES: 0034 910 052 659<br \/>\nEU &#8211; IT: 0039 0687165152<br \/>\nLATAM: 0052 55 4162 9666<\/span><\/p>\n<p style=\"text-align: center;\"><strong><span style=\"color: #000000;\">Endere\u00e7o:<\/span> <\/strong>C \/ Boix y Morer 6, Penthouse. 28003 Madri, Espanha<\/p>\n[\/mk_fancy_title][mk_button dimension=&#8221;flat&#8221; corner_style=&#8221;rounded&#8221; size=&#8221;medium&#8221; url=&#8221;https:\/\/fullcertificate.com\/pt-pt\/contato\/&#8221; align=&#8221;center&#8221; button_custom_width=&#8221;160&#8243; bg_color=&#8221;#0062b0&#8243; btn_hover_bg=&#8221;#252525&#8243;]CONTATE-NOS[\/mk_button][\/vc_column_inner][\/vc_row_inner][\/vc_column][\/mk_page_section][mk_page_section full_width=&#8221;true&#8221; first_page=&#8221;false&#8221; last_page=&#8221;false&#8221; sidebar=&#8221;sidebar-1&#8243;][vc_column][mk_divider style=&#8221;thin_solid&#8221; thickness=&#8221;4&#8243; margin_top=&#8221;10&#8243; margin_bottom=&#8221;40&#8243;][vc_row_inner padding=&#8221;0&#8243;][vc_column_inner width=&#8221;1\/4&#8243;][\/vc_column_inner][vc_column_inner width=&#8221;1\/2&#8243;][mk_fancy_title tag_name=&#8221;h4&#8243; color=&#8221;#393836&#8243; size=&#8221;30&#8243; font_weight=&#8221;normal&#8221; font_style=&#8221;normal&#8221; txt_transform=&#8221;uppercase&#8221; margin_bottom=&#8221;18&#8243; font_family=&#8221;none&#8221; align=&#8221;center&#8221;]\n<p style=\"text-align: center;\">COM A GARANTIA DE<\/p>\n[\/mk_fancy_title][mk_image src=&#8221;https:\/\/fullcertificate.com\/wp-content\/uploads\/2022\/04\/footer-nuevo-WE-VOTE.jpg&#8221; image_width=&#8221;1500&#8243; image_height=&#8221;216&#8243; link=&#8221;http:\/\/fullcertificate.com\/&#8221; target=&#8221;_blank&#8221; align=&#8221;center&#8221; el_class=&#8221;imagen-footer-centro&#8221; crop=&#8221;false&#8221;][\/vc_column_inner][vc_column_inner width=&#8221;1\/4&#8243;][\/vc_column_inner][\/vc_row_inner][\/vc_column][\/mk_page_section][vc_row padding=&#8221;0&#8243;][\/vc_row]\n","protected":false},"excerpt":{"rendered":"<p>[mk_page_section bg_image=&#8221;https:\/\/fullcertificate.com\/wp-content\/uploads\/2018\/11\/banner-smartcontracts-1.jpg&#8221; bg_position=&#8221;center top&#8221; bg_repeat=&#8221;no-repeat&#8221; bg_stretch=&#8221;true&#8221; min_height=&#8221;350&#8243; padding_top=&#8221;20&#8243; padding_bottom=&#8221;0&#8243; first_page=&#8221;true&#8221; last_page=&#8221;true&#8221; sidebar=&#8221;sidebar-1&#8243;][vc_column][mk_fancy_title tag_name=&#8221;h1&#8243; color=&#8221;#ffffff&#8221; size=&#8221;40&#8243; font_weight=&#8221;normal&#8221; font_style=&#8221;normal&#8221; txt_transform=&#8221;none&#8221; margin_top=&#8221;60&#8243; margin_bottom=&#8221;0&#8243; font_family=&#8221;none&#8221;]Smart Contracts &#8211; Contratos Inteligentes[\/mk_fancy_title][mk_fancy_title tag_name=&#8221;h1&#8243; color=&#8221;#ffffff&#8221; size=&#8221;25&#8243; font_weight=&#8221;300&#8243; font_style=&#8221;normal&#8221; txt_transform=&#8221;none&#8221; margin_bottom=&#8221;0&#8243; font_family=&#8221;none&#8221;]Contratos Eletr\u00f3nicos Inteligentes[\/mk_fancy_title][mk_button dimension=&#8221;flat&#8221; size=&#8221;medium&#8221; url=&#8221;https:\/\/fullcertificate.com\/pt-pt\/contato\/&#8221; button_custom_width=&#8221;250&#8243; bg_color=&#8221;#e5ac00&#8243; btn_hover_bg=&#8221;#252525&#8243;]CONTATAR AGORA[\/mk_button][\/vc_column][\/mk_page_section][mk_page_section padding_top=&#8221;50&#8243; padding_bottom=&#8221;50&#8243; first_page=&#8221;false&#8221; last_page=&#8221;false&#8221; sidebar=&#8221;sidebar-1&#8243;][vc_column width=&#8221;3\/4&#8243;][mk_fancy_title color=&#8221;#0062af&#8221; size=&#8221;30&#8243; font_weight=&#8221;normal&#8221; font_style=&#8221;normal&#8221; txt_transform=&#8221;none&#8221; margin_bottom=&#8221;0&#8243; font_family=&#8221;none&#8221;]Smart [&hellip;]<\/p>\n","protected":false},"author":2,"featured_media":0,"parent":0,"menu_order":0,"comment_status":"closed","ping_status":"closed","template":"","meta":{"_bbp_topic_count":0,"_bbp_reply_count":0,"_bbp_total_topic_count":0,"_bbp_total_reply_count":0,"_bbp_voice_count":0,"_bbp_anonymous_reply_count":0,"_bbp_topic_count_hidden":0,"_bbp_reply_count_hidden":0,"_bbp_forum_subforum_count":0},"_links":{"self":[{"href":"https:\/\/www.fullcertificate.com\/pt-pt\/wp-json\/wp\/v2\/pages\/10775"}],"collection":[{"href":"https:\/\/www.fullcertificate.com\/pt-pt\/wp-json\/wp\/v2\/pages"}],"about":[{"href":"https:\/\/www.fullcertificate.com\/pt-pt\/wp-json\/wp\/v2\/types\/page"}],"author":[{"embeddable":true,"href":"https:\/\/www.fullcertificate.com\/pt-pt\/wp-json\/wp\/v2\/users\/2"}],"replies":[{"embeddable":true,"href":"https:\/\/www.fullcertificate.com\/pt-pt\/wp-json\/wp\/v2\/comments?post=10775"}],"version-history":[{"count":18,"href":"https:\/\/www.fullcertificate.com\/pt-pt\/wp-json\/wp\/v2\/pages\/10775\/revisions"}],"predecessor-version":[{"id":27564,"href":"https:\/\/www.fullcertificate.com\/pt-pt\/wp-json\/wp\/v2\/pages\/10775\/revisions\/27564"}],"wp:attachment":[{"href":"https:\/\/www.fullcertificate.com\/pt-pt\/wp-json\/wp\/v2\/media?parent=10775"}],"curies":[{"name":"wp","href":"https:\/\/api.w.org\/{rel}","templated":true}]}}