{"id":10796,"date":"2018-11-30T11:47:31","date_gmt":"2018-11-30T11:47:31","guid":{"rendered":"https:\/\/fullcertificate.com\/?page_id=10796"},"modified":"2022-04-12T13:33:56","modified_gmt":"2022-04-12T13:33:56","slug":"tarifas","status":"publish","type":"page","link":"https:\/\/www.fullcertificate.com\/pt-pt\/tarifas\/","title":{"rendered":"Tarifas \/ Pre\u00e7os"},"content":{"rendered":"[mk_page_section first_page=&#8221;false&#8221; last_page=&#8221;false&#8221; sidebar=&#8221;sidebar-1&#8243;][vc_column][vc_empty_space height=&#8221;20px&#8221;][mk_fancy_title color=&#8221;#0062af&#8221; size=&#8221;32&#8243; font_weight=&#8221;bold&#8221; font_style=&#8221;normal&#8221; txt_transform=&#8221;uppercase&#8221; margin_top=&#8221;-40&#8243; margin_bottom=&#8221;0&#8243; font_family=&#8221;none&#8221; align=&#8221;center&#8221;]\n<p style=\"text-align: center;\"><b>TARIFAS DOS SERVI\u00c7OS<\/b><\/p>\n[\/mk_fancy_title][vc_empty_space height=&#8221;50px&#8221;][mk_fancy_title tag_name=&#8221;h1&#8243; color=&#8221;#0062af&#8221; size=&#8221;25&#8243; font_weight=&#8221;normal&#8221; font_style=&#8221;normal&#8221; margin_bottom=&#8221;10&#8243; font_family=&#8221;none&#8221; align=&#8221;center&#8221;]\n<p style=\"text-align: center;\">Contamos com tr\u00eas n\u00edveis de servi\u00e7o<\/p>\n[\/mk_fancy_title][vc_row_inner padding=&#8221;0&#8243;][vc_column_inner width=&#8221;1\/3&#8243;][vc_column_text disable_pattern=&#8221;false&#8221; align=&#8221;center&#8221;]<span style=\"color: #f2006e;\"><b>SERVI\u00c7OS NA NUVEM SOB DEMANDA<\/b><\/span><\/p>\n<p>Servi\u00e7os online de certifica\u00e7\u00e3o por meio de compra de cr\u00e9dito, sem mensalidade, sem contrato, seu saldo n\u00e3o caduca e n\u00e3o \u00e9 reembols\u00e1vel. Servi\u00e7o por consumo.[\/vc_column_text][mk_button dimension=&#8221;flat&#8221; size=&#8221;medium&#8221; url=&#8221;#servicios&#8221; align=&#8221;center&#8221; bg_color=&#8221;#0062b0&#8243; btn_hover_bg=&#8221;#252525&#8243;]Ver pre\u00e7os[\/mk_button][vc_empty_space height=&#8221;30px&#8221;][\/vc_column_inner][vc_column_inner width=&#8221;1\/3&#8243;][vc_column_text disable_pattern=&#8221;false&#8221; align=&#8221;center&#8221;]<span style=\"color: #f2006e;\"><b>PLANOS ANUAIS BONIFICADOS<\/b><\/span><\/p>\n<p>Servi\u00e7os na nuvem por contratos anuais bonificados. Cargas autom\u00e1ticas de saldo de acordo com as suas necessidades. Ideal para clientes com uso habitual.[\/vc_column_text][mk_button dimension=&#8221;flat&#8221; size=&#8221;medium&#8221; url=&#8221;https:\/\/fullcertificate.com\/pt-pt\/contato\/&#8221; align=&#8221;center&#8221; bg_color=&#8221;#0062b0&#8243; btn_hover_bg=&#8221;#252525&#8243;]Contacte-nos[\/mk_button][vc_empty_space height=&#8221;30px&#8221;][\/vc_column_inner][vc_column_inner width=&#8221;1\/3&#8243;][vc_column_text disable_pattern=&#8221;false&#8221; align=&#8221;center&#8221;]\n<p style=\"text-align: center;\"><span style=\"color: #f2006e;\"><b>PROJETOS DE TI &amp; SMART AUTOMATION<\/b><\/span><\/p>\n<p>Servi\u00e7os de desenvolvimento e programa\u00e7\u00e3o IT &#8211; WS &#8211; API. Consultoria e execu\u00e7\u00e3o de projetos Core eBusiness. Integra\u00e7\u00f5es a medida com suporte t\u00e9cnico e operacional.[\/vc_column_text][mk_button dimension=&#8221;flat&#8221; size=&#8221;medium&#8221; url=&#8221;https:\/\/fullcertificate.com\/pt-pt\/contato\/&#8221; align=&#8221;center&#8221; bg_color=&#8221;#0062b0&#8243; btn_hover_bg=&#8221;#252525&#8243;]Contacte-nos[\/mk_button][vc_empty_space height=&#8221;30px&#8221;][\/vc_column_inner][\/vc_row_inner][vc_separator border_width=&#8221;2&#8243;][vc_column_text]\n<p id=\"servicios\" style=\"margin-bottom: 0px; font-size: 10px; color: #ffffff;\">l<\/p>\n[\/vc_column_text][vc_empty_space height=&#8221;0px&#8221;][mk_image src=&#8221;https:\/\/fullcertificate.com\/wp-content\/uploads\/2018\/11\/Logo-full-certificate-2.png&#8221; image_width=&#8221;250&#8243; align=&#8221;center&#8221; crop=&#8221;false&#8221;][mk_fancy_title color=&#8221;#0062af&#8221; size=&#8221;30&#8243; font_weight=&#8221;normal&#8221; font_style=&#8221;normal&#8221; txt_transform=&#8221;uppercase&#8221; margin_bottom=&#8221;18&#8243; font_family=&#8221;none&#8221; align=&#8221;center&#8221;]NOTIFICA\u00c7\u00d5ES, SERVI\u00c7OS E CONTRATOS CERTIFICADOS COM VALIDADE LEGAL[\/mk_fancy_title][vc_empty_space height=&#8221;40px&#8221;][vc_column_text align=&#8221;center&#8221; margin_bottom=&#8221;30&#8243; css=&#8221;.vc_custom_1649770414022{margin-bottom: 30px !important;}&#8221;]\n<p style=\"text-align: center;\">Ao se registrar, voc\u00ea ver\u00e1 com mais detalhes todas as tarifas. Voc\u00ea tamb\u00e9m poder\u00e1 comprar salto por Packs de Produtos ou por Quantidade<br \/>\n<a href=\"https:\/\/cloud.fullcertificate.com\/register\">Registre-se a clicar aqui<\/a><\/p>\n[\/vc_column_text][vc_column_text][\/vc_column_text][vc_column_text disable_pattern=&#8221;false&#8221;]\n<div>\n<div class=\"otw-sc-tabs ui-tabs ui-widget ui-widget-content ui-corner-all\"><ul class=\"ui-tabs-nav ui-helper-reset ui-helper-clearfix ui-widget-header ui-corner-all\"><li class=\"ui-state-default ui-corner-top\"><a href=\"#tabs-1\"><img src=\"https:\/\/www.avisoscertificados.com\/wp-content\/uploads\/2018\/11\/icono-email-certificado-2.png\" title=\"icon\" alt=\"icon\" \/><\/a><\/li><li class=\"ui-state-default ui-corner-top\"><a href=\"#tabs-2\"><img src=\"https:\/\/www.avisoscertificados.com\/wp-content\/uploads\/2019\/08\/icono-sms-certificado-4.png\" title=\"icon\" alt=\"icon\" \/><\/a><\/li><li class=\"ui-state-default ui-corner-top\"><a href=\"#tabs-3\"><img src=\"https:\/\/www.avisoscertificados.com\/wp-content\/uploads\/2018\/11\/icono-fax-certificado-2-1.png\" title=\"icon\" alt=\"icon\" \/><\/a><\/li><li class=\"ui-state-default ui-corner-top\"><a href=\"#tabs-4\"><img src=\"https:\/\/www.avisoscertificados.com\/wp-content\/uploads\/2018\/11\/icono-llamadas-certificadas-2.png\" title=\"icon\" alt=\"icon\" \/><\/a><\/li><li class=\"ui-state-default ui-corner-top\"><a href=\"#tabs-5\"><img src=\"https:\/\/www.avisoscertificados.com\/wp-content\/uploads\/2018\/11\/icono-contratos-certificados-2.png\" title=\"icon\" alt=\"icon\" \/><\/a><\/li><li class=\"ui-state-default ui-corner-top\"><a href=\"#tabs-6\"><img src=\"https:\/\/www.avisoscertificados.com\/wp-content\/uploads\/2018\/11\/icono-contenido-web-certificado-2.png\" title=\"icon\" alt=\"icon\" \/><\/a><\/li><li class=\"ui-state-default ui-corner-top\"><a href=\"#tabs-7\"><img src=\"https:\/\/www.avisoscertificados.com\/wp-content\/uploads\/2018\/11\/icono-copyright-certificado-2.png\" title=\"icon\" alt=\"icon\" \/><\/a><\/li><li class=\"ui-state-default ui-corner-top\"><a href=\"#tabs-8\"><img src=\"https:\/\/www.avisoscertificados.com\/wp-content\/uploads\/2018\/11\/icono-foto-certificada-2.png\" title=\"icon\" alt=\"icon\" \/><\/a><\/li><li class=\"ui-state-default ui-corner-top\"><a href=\"#tabs-9\"><img src=\"https:\/\/www.avisoscertificados.com\/wp-content\/uploads\/2018\/10\/grafico-smart-recovery.png\" title=\"icon\" alt=\"icon\" \/><\/a><\/li><li class=\"ui-state-default ui-corner-top\"><a href=\"#tabs-10\"><img src=\"https:\/\/www.avisoscertificados.com\/wp-content\/uploads\/2018\/11\/icono-burofax-estandar-2.png\" title=\"icon\" alt=\"icon\" \/><\/a><\/li><\/ul><div id=\"tabs-1\" class=\"ui-tabs-panel ui-widget-content ui-corner-bottom\"><p><\/p><br \/>\n<h2>eMail Certificado<\/h2><br \/>\n<h5>eMail Certificado<\/h5><br \/>\n<p>A partir de \u20ac 0,83 + IVA.<\/p><br \/>\n<h5>Certificar leitura, downloads e documentos<\/h5><br \/>\n<p>A partir de \u20ac 0,83 + IVA. f (Opcional)<br \/><br \/>\n<\/p><\/div><div id=\"tabs-2\" class=\"ui-tabs-panel ui-widget-content ui-corner-bottom\"><p><\/p><br \/>\n<h2>SMS Certificado<\/h2><br \/>\n<h5>SMS Certificado<\/h5><br \/>\n<p>A partir de \u20ac 0,83 + IVA.<\/p><br \/>\n<h5>Certificar entrega e documentos<\/h5><br \/>\n<p>A partir de \u20ac 0,83 + IVA. f (Opcional)<br \/><br \/>\n<\/p><\/div><div id=\"tabs-3\" class=\"ui-tabs-panel ui-widget-content ui-corner-bottom\"><p><\/p><br \/>\n<h2>Fax Certificado<\/h2><br \/>\n<h5>Fax Certificado<\/h5><br \/>\n<p>A partir de 4,13 \u20ac + IVA.<\/p><br \/>\n<h5>Pre\u00e7o por p\u00e1gina adicional<\/h5><br \/>\n<p>Mais 0,83 \u20ac + IVA.<br \/><br \/>\n<\/p><\/div><div id=\"tabs-4\" class=\"ui-tabs-panel ui-widget-content ui-corner-bottom\"><p><\/p><br \/>\n<h2>Liga\u00e7\u00f5es Certificadas<\/h2><br \/>\n<h5>Liga\u00e7\u00f5es Certificadas:<\/h5><br \/>\n<p>1.46 \u20ac + IVA.<\/p><br \/>\n<h5>TEMPO ADICIONAL + MINUTO OU FRA\u00c7\u00c3O<\/h5><br \/>\n<p>De 0,20\u20ac + Iva.<br \/><br \/>\n<\/p><\/div><div id=\"tabs-5\" class=\"ui-tabs-panel ui-widget-content ui-corner-bottom\"><p><\/p><br \/>\n<h2>Contratos Online Formul\u00e1rios Web<\/h2><br \/>\n<h5><\/h5><br \/>\n<p>Contate-se com um consultor<\/p><br \/>\n<h6>* Pre\u00e7os especiais para grandes volumes e automatiza\u00e7\u00e3o<\/h6><br \/>\n<p><\/p><\/div><div id=\"tabs-6\" class=\"ui-tabs-panel ui-widget-content ui-corner-bottom\"><p><\/p><br \/>\n<h2>Websites Certificados<\/h2><br \/>\n<h5>Website Certificado<\/h5><br \/>\n<p>A partir de 4,13\u20ac + IVA.<br \/><br \/>\n<\/p><\/div><div id=\"tabs-7\" class=\"ui-tabs-panel ui-widget-content ui-corner-bottom\"><p><\/p><br \/>\n<h2>Autoria \/ Copyright Certificada<\/h2><br \/>\n<h5>Autoria \/ Copyright Certificada<\/h5><br \/>\n<p>A partir de 8,26 \u20ac + IVA.<\/p><br \/>\n<h5>Aumento por peso + 2,5 Mb<\/h5><br \/>\n<p>Mais \u20ac + IVA.<br \/><br \/>\n<\/p><\/div><div id=\"tabs-8\" class=\"ui-tabs-panel ui-widget-content ui-corner-bottom\"><p><\/p><br \/>\n<h2>Fotos & Videos Certificados<\/h2><br \/>\n<h5>Fotos & Videos Certificados<\/h5><br \/>\n<p>A partir de 4,13 \u20ac + IVA.<br \/><br \/>\n<\/p><\/div><div id=\"tabs-9\" class=\"ui-tabs-panel ui-widget-content ui-corner-bottom\"><p><\/p><br \/>\n<h2>Recupera\u00e7\u00e3o Eletr\u00f3nica de Faturas e D\u00edvidas<\/h2><br \/>\n<p><b>Servi\u00e7o de recupera\u00e7\u00e3o eletr\u00f3nica certificada com notifica\u00e7\u00f5es com validade legal, multicanal e cobran\u00e7a total ou fracionada por TPV. Gera\u00e7\u00e3o de Documentos Certificados Pr\u00e9-Judicial com validade legal.<\/b><br \/><br \/>\nServi\u00e7o de Recupera\u00e7\u00e3o Ciclo Padr\u00e3o a partir de 45\u20ac<br \/><br \/>\n<\/p><\/div><div id=\"tabs-10\" class=\"ui-tabs-panel ui-widget-content ui-corner-bottom\"><p><\/p><br \/>\n<h2>Notifica\u00e7\u00e3o Certificada (Em Breve)<\/h2><br \/>\n<p><b>com Aviso de Recep\u00e7\u00e3o e Certifica\u00e7\u00e3o de Conte\u00fado<\/b><\/p><br \/>\n<h4>Padr\u00e3o<\/h4><br \/>\n<p>1 p\u00e1gina a partir de 9,92 \u20ac + IVA<br \/><br \/>\n5 p\u00e1ginas a partir de 12,40 \u20ac + IVA<\/p><br \/>\n<h4>No Dia Seguinte<\/h4><br \/>\n<p>1 p\u00e1gina da \u20ac + IVA<br \/><br \/>\n5 p\u00e1ginas a partir de \u20ac + IVA<\/p><br \/>\n<h6>(*) Ilhas possuem um custo adicional<\/h6><br \/>\n<p><\/p><\/div><\/div>\n<\/div>\n[\/vc_column_text][mk_button dimension=&#8221;flat&#8221; size=&#8221;medium&#8221; url=&#8221;https:\/\/cloud.fullcertificate.com\/register&#8221; align=&#8221;center&#8221; margin_top=&#8221;20&#8243; bg_color=&#8221;#0062b0&#8243; btn_hover_bg=&#8221;#f2006e&#8221;]Registro gr\u00e1tis &#8211; comprar[\/mk_button][vc_empty_space height=&#8221;30px&#8221;][vc_separator border_width=&#8221;2&#8243;][vc_empty_space height=&#8221;10px&#8221;][mk_image src=&#8221;https:\/\/fullcertificate.com\/wp-content\/uploads\/2019\/08\/logo-wevote.png&#8221; image_width=&#8221;220&#8243; align=&#8221;center&#8221; margin_bottom=&#8221;45&#8243; crop=&#8221;false&#8221;][mk_fancy_title color=&#8221;#0062af&#8221; size=&#8221;30&#8243; font_weight=&#8221;normal&#8221; font_style=&#8221;normal&#8221; txt_transform=&#8221;uppercase&#8221; margin_bottom=&#8221;0&#8243; font_family=&#8221;none&#8221; align=&#8221;center&#8221;]SERVI\u00c7OS DE VOTO ELETR\u00d3NICO COM VALIDADE LEGAL[\/mk_fancy_title][vc_empty_space height=&#8221;50px&#8221;][vc_column_text disable_pattern=&#8221;false&#8221;]\n<div>\n<div class=\"otw-sc-tabs ui-tabs ui-widget ui-widget-content ui-corner-all\"><ul class=\"ui-tabs-nav ui-helper-reset ui-helper-clearfix ui-widget-header ui-corner-all\"><li class=\"ui-state-default ui-corner-top\"><a href=\"#tabs-1\"><img src=\"https:\/\/www.avisoscertificados.com\/wp-content\/uploads\/2019\/08\/vot-asam-tarifas-avisos-certificados.png\" title=\"icon\" alt=\"icon\" \/><\/a><\/li><li class=\"ui-state-default ui-corner-top\"><a href=\"#tabs-2\"><img src=\"https:\/\/www.avisoscertificados.com\/wp-content\/uploads\/2019\/08\/gob-corp-tarifas-avisos.png\" title=\"icon\" alt=\"icon\" \/><\/a><\/li><li class=\"ui-state-default ui-corner-top\"><a href=\"#tabs-3\"><img src=\"https:\/\/www.avisoscertificados.com\/wp-content\/uploads\/2019\/08\/elec-gen-tarifas-avisos-certificados.png\" title=\"icon\" alt=\"icon\" \/><\/a><\/li><\/ul><div id=\"tabs-1\" class=\"ui-tabs-panel ui-widget-content ui-corner-bottom\"><p><\/p><br \/>\n<h2>weVote<\/h2><br \/>\n<p><b>Voto Eletr\u00f3nico em Assembleias e Listas de Representa\u00e7\u00e3o<\/b><br \/><br \/>\nAssembleias gerais e elei\u00e7\u00f5es de represententes, Empresas, Associa\u00e7\u00f5es, Sindicatos, etc.<\/p><br \/>\n<h3>Voto e ata de resultados certificada<\/h3><br \/>\n<p><\/p><\/div><div id=\"tabs-2\" class=\"ui-tabs-panel ui-widget-content ui-corner-bottom\"><p><\/p><br \/>\n<h2>weVote<\/h2><br \/>\n<p><b>Governo Corporativo e Institucional<\/b><br \/><br \/>\neGoverno por meio de processos de Autentica\u00e7\u00e3o eletr\u00f3nica, eID e eCertificados<\/p><br \/>\n<h3>eVoto, eF\u00f3rum, eConferencias, eAtas ...<\/h3><br \/>\n<p><\/p><\/div><div id=\"tabs-3\" class=\"ui-tabs-panel ui-widget-content ui-corner-bottom\"><p><\/p><br \/>\n<h2>weVote<\/h2><br \/>\n<p><b>Elei\u00e7\u00f5es Gerais e Governo Local<\/b><br \/><br \/>\nVoto Eletr\u00f3nico para elei\u00e7\u00f5es nacionais, aut\u00f3nomas e locais<\/p><br \/>\n<h3>Voto eletr\u00f3nico remoto, por correio e presencial<\/h3><br \/>\n<p><\/p><\/div><\/div>\n<\/div>\n[\/vc_column_text][mk_button dimension=&#8221;flat&#8221; size=&#8221;medium&#8221; url=&#8221;https:\/\/fullcertificate.com\/pt-pt\/contato\/&#8221; align=&#8221;center&#8221; margin_top=&#8221;20&#8243; bg_color=&#8221;#0062b0&#8243; btn_hover_bg=&#8221;#f2006e&#8221;]Contate-se com um consultor[\/mk_button][vc_empty_space][vc_separator][vc_empty_space][mk_image src=&#8221;https:\/\/fullcertificate.com\/wp-content\/uploads\/2019\/08\/logo-smartmoney.png&#8221; image_width=&#8221;240&#8243; align=&#8221;center&#8221; margin_bottom=&#8221;45&#8243; crop=&#8221;false&#8221;][mk_fancy_title color=&#8221;#0062af&#8221; size=&#8221;30&#8243; font_weight=&#8221;normal&#8221; font_style=&#8221;normal&#8221; txt_transform=&#8221;uppercase&#8221; margin_bottom=&#8221;0&#8243; font_family=&#8221;none&#8221; align=&#8221;center&#8221;]SMART MONEY &#8211; CONTRATOS, COBRAN\u00c7AS &#8211; PAGAMENTOS E RECUPERA\u00c7\u00d5ES INTELIGENTES[\/mk_fancy_title][vc_empty_space height=&#8221;50px&#8221;][vc_column_text]\n<div>\n<div class=\"otw-sc-tabs ui-tabs ui-widget ui-widget-content ui-corner-all\"><ul class=\"ui-tabs-nav ui-helper-reset ui-helper-clearfix ui-widget-header ui-corner-all\"><li class=\"ui-state-default ui-corner-top\"><a href=\"#tabs-1\"><img src=\"https:\/\/www.avisoscertificados.com\/wp-content\/uploads\/2019\/08\/icono-smart-money-tarifas.png\" title=\"icon\" alt=\"icon\" \/><\/a><\/li><li class=\"ui-state-default ui-corner-top\"><a href=\"#tabs-2\"><img src=\"https:\/\/www.avisoscertificados.com\/wp-content\/uploads\/2019\/08\/icono-smart-renting-tarifas.png\" title=\"icon\" alt=\"icon\" \/><\/a><\/li><li class=\"ui-state-default ui-corner-top\"><a href=\"#tabs-3\"><img src=\"https:\/\/www.avisoscertificados.com\/wp-content\/uploads\/2019\/08\/icono-smart-recovery-tarifas.png\" title=\"icon\" alt=\"icon\" \/><\/a><\/li><li class=\"ui-state-default ui-corner-top\"><a href=\"#tabs-4\"><img src=\"https:\/\/www.avisoscertificados.com\/wp-content\/uploads\/2019\/08\/icono-smart-payments-tarifas.png\" title=\"icon\" alt=\"icon\" \/><\/a><\/li><\/ul><div id=\"tabs-1\" class=\"ui-tabs-panel ui-widget-content ui-corner-bottom\"><p><\/p><br \/>\n<h2>Smart Money<\/h2><br \/>\n<p><b>Servi\u00e7os automatizados por meio de contratos inteligentes, cobran\u00e7as & pagamentos e recupera\u00e7\u00e3o.<\/b><br \/><br \/>\nSmart Money s\u00e3o solu\u00e7\u00f5es de \u00faltima gera\u00e7\u00e3o para empresas, escrit\u00f3rios profissionais e institui\u00e7\u00f5es, por meio de servi\u00e7os automatizados que permitem controlar em tempo real, de forma visual, os processos de contrata\u00e7\u00e3o e afilia\u00e7\u00e3o, fatura\u00e7\u00e3o, cobran\u00e7as & pagamentos e recupera\u00e7\u00e3o amig\u00e1vel para uma decis\u00e3o preliminar.<br \/><br \/>\n<\/p><\/div><div id=\"tabs-2\" class=\"ui-tabs-panel ui-widget-content ui-corner-bottom\"><p><\/p><br \/>\n<h2>Smart Renting<\/h2><br \/>\n<p><b>Automatiza\u00e7\u00e3o de contratos de loca\u00e7\u00e3o e renting.<\/b><br \/><br \/>\nSmart Renting permite o gerenciamento eletr\u00f3nico e automatizado de todos os tipos de contratos de aluguel de im\u00f3veis, produtos em geral e contratos financeiro de renting.<br \/><br \/>\n<\/p><\/div><div id=\"tabs-3\" class=\"ui-tabs-panel ui-widget-content ui-corner-bottom\"><p><\/p><br \/>\n<h2>Smart Recovery<\/h2><br \/>\n<p><b>Servi\u00e7os de recupera\u00e7\u00e3o online automatizados e certificados com documento de decis\u00e3o preliminar com validade legal.<\/b><br \/><br \/>\nSmart Recovery s\u00e3o servi\u00e7os eletr\u00f3nicos de alto valor agregado que permitem o lan\u00e7amento de ciclos de Recupera\u00e7\u00e3o Online 100% personalizados, de acordo com as necessidades de cada cliente.<br \/><br \/>\n<\/p><\/div><div id=\"tabs-4\" class=\"ui-tabs-panel ui-widget-content ui-corner-bottom\"><p><\/p><br \/>\n<h2>Smart Payments<\/h2><br \/>\n<p><b>Processos de cobran\u00e7as e pagamentos eletr\u00f3nicos com a possibilidade de integra\u00e7\u00e3o com processos de contratos inteligentes, fatura\u00e7\u00e3o automatizada e recupera\u00e7\u00e3o certificada.<\/b><br \/><br \/>\nSmart Payments oferece a oportunidade de realizar cobran\u00e7as e pagamentos inteligentes automaticamente, de forma massiva ou pontual, simples, eficiente e r\u00e1pida.<br \/><br \/>\n<\/p><\/div><\/div>\n<\/div>\n[\/vc_column_text][mk_button dimension=&#8221;flat&#8221; size=&#8221;medium&#8221; url=&#8221;https:\/\/fullcertificate.com\/pt-pt\/contato\/&#8221; align=&#8221;center&#8221; margin_top=&#8221;20&#8243; bg_color=&#8221;#0062b0&#8243; btn_hover_bg=&#8221;#f2006e&#8221;]Contate-se com um consultor[\/mk_button][\/vc_column][\/mk_page_section]\n","protected":false},"excerpt":{"rendered":"<p>[mk_page_section first_page=&#8221;false&#8221; last_page=&#8221;false&#8221; sidebar=&#8221;sidebar-1&#8243;][vc_column][vc_empty_space height=&#8221;20px&#8221;][mk_fancy_title color=&#8221;#0062af&#8221; size=&#8221;32&#8243; font_weight=&#8221;bold&#8221; font_style=&#8221;normal&#8221; txt_transform=&#8221;uppercase&#8221; margin_top=&#8221;-40&#8243; margin_bottom=&#8221;0&#8243; font_family=&#8221;none&#8221; align=&#8221;center&#8221;] TARIFAS DOS SERVI\u00c7OS [\/mk_fancy_title][vc_empty_space height=&#8221;50px&#8221;][mk_fancy_title tag_name=&#8221;h1&#8243; color=&#8221;#0062af&#8221; size=&#8221;25&#8243; font_weight=&#8221;normal&#8221; font_style=&#8221;normal&#8221; margin_bottom=&#8221;10&#8243; font_family=&#8221;none&#8221; align=&#8221;center&#8221;] Contamos com tr\u00eas n\u00edveis de servi\u00e7o [\/mk_fancy_title][vc_row_inner padding=&#8221;0&#8243;][vc_column_inner width=&#8221;1\/3&#8243;][vc_column_text disable_pattern=&#8221;false&#8221; align=&#8221;center&#8221;]SERVI\u00c7OS NA NUVEM SOB DEMANDA Servi\u00e7os online de certifica\u00e7\u00e3o por meio de compra de cr\u00e9dito, sem mensalidade, sem [&hellip;]<\/p>\n","protected":false},"author":2,"featured_media":0,"parent":0,"menu_order":0,"comment_status":"closed","ping_status":"open","template":"","meta":{"_bbp_topic_count":0,"_bbp_reply_count":0,"_bbp_total_topic_count":0,"_bbp_total_reply_count":0,"_bbp_voice_count":0,"_bbp_anonymous_reply_count":0,"_bbp_topic_count_hidden":0,"_bbp_reply_count_hidden":0,"_bbp_forum_subforum_count":0},"_links":{"self":[{"href":"https:\/\/www.fullcertificate.com\/pt-pt\/wp-json\/wp\/v2\/pages\/10796"}],"collection":[{"href":"https:\/\/www.fullcertificate.com\/pt-pt\/wp-json\/wp\/v2\/pages"}],"about":[{"href":"https:\/\/www.fullcertificate.com\/pt-pt\/wp-json\/wp\/v2\/types\/page"}],"author":[{"embeddable":true,"href":"https:\/\/www.fullcertificate.com\/pt-pt\/wp-json\/wp\/v2\/users\/2"}],"replies":[{"embeddable":true,"href":"https:\/\/www.fullcertificate.com\/pt-pt\/wp-json\/wp\/v2\/comments?post=10796"}],"version-history":[{"count":54,"href":"https:\/\/www.fullcertificate.com\/pt-pt\/wp-json\/wp\/v2\/pages\/10796\/revisions"}],"predecessor-version":[{"id":27607,"href":"https:\/\/www.fullcertificate.com\/pt-pt\/wp-json\/wp\/v2\/pages\/10796\/revisions\/27607"}],"wp:attachment":[{"href":"https:\/\/www.fullcertificate.com\/pt-pt\/wp-json\/wp\/v2\/media?parent=10796"}],"curies":[{"name":"wp","href":"https:\/\/api.w.org\/{rel}","templated":true}]}}