{"id":10820,"date":"2018-11-30T11:53:19","date_gmt":"2018-11-30T11:53:19","guid":{"rendered":"https:\/\/fullcertificate.com\/?page_id=10820"},"modified":"2022-04-12T13:10:51","modified_gmt":"2022-04-12T13:10:51","slug":"voto-eletronico-para-as-listas-comites-e-encargos","status":"publish","type":"page","link":"https:\/\/www.fullcertificate.com\/pt-pt\/voto-eletronico-para-as-listas-comites-e-encargos\/","title":{"rendered":"Voto Eletr\u00f3nico para as Listas, Comit\u00e9s e Encargos"},"content":{"rendered":"[mk_page_section bg_image=&#8221;https:\/\/fullcertificate.com\/wp-content\/uploads\/2018\/11\/banner-voto-electronico-listas-comites-cargos-avisos-certificados-2-1.jpg&#8221; bg_position=&#8221;center top&#8221; bg_repeat=&#8221;no-repeat&#8221; bg_stretch=&#8221;true&#8221; min_height=&#8221;350&#8243; padding_top=&#8221;20&#8243; padding_bottom=&#8221;0&#8243; first_page=&#8221;true&#8221; last_page=&#8221;true&#8221; sidebar=&#8221;sidebar-1&#8243;][vc_column][mk_fancy_title color=&#8221;#000000&#8243; size=&#8221;40&#8243; font_weight=&#8221;normal&#8221; font_style=&#8221;normal&#8221; txt_transform=&#8221;none&#8221; margin_top=&#8221;60&#8243; margin_bottom=&#8221;0&#8243; font_family=&#8221;none&#8221;]Vote Online \u00e0s Listas de Comit\u00e9s[\/mk_fancy_title][mk_fancy_title color=&#8221;#000000&#8243; size=&#8221;25&#8243; font_weight=&#8221;300&#8243; font_style=&#8221;normal&#8221; txt_transform=&#8221;none&#8221; margin_bottom=&#8221;0&#8243; font_family=&#8221;none&#8221;]Voto pela Internet e misto via telefones celulares, tablets ou PCs[\/mk_fancy_title][mk_button dimension=&#8221;flat&#8221; size=&#8221;medium&#8221; url=&#8221;https:\/\/www.wevote.eu\/en&#8221; target=&#8221;_blank&#8221; button_custom_width=&#8221;250&#8243; bg_color=&#8221;#0062b0&#8243; btn_hover_bg=&#8221;#252525&#8243;]VISITAR WWW.WEVOTE.EU[\/mk_button][\/vc_column][\/mk_page_section][mk_page_section padding_top=&#8221;50&#8243; padding_bottom=&#8221;0&#8243; first_page=&#8221;false&#8221; last_page=&#8221;false&#8221; sidebar=&#8221;sidebar-1&#8243;][vc_column width=&#8221;3\/4&#8243;][mk_fancy_title color=&#8221;#0062af&#8221; size=&#8221;30&#8243; font_weight=&#8221;normal&#8221; font_style=&#8221;normal&#8221; txt_transform=&#8221;none&#8221; margin_bottom=&#8221;0&#8243; font_family=&#8221;none&#8221;]Voto Online \u00e0s Listas de Candidatos[\/mk_fancy_title][mk_divider style=&#8221;thin_solid&#8221; thickness=&#8221;4&#8243; margin_top=&#8221;0&#8243;][mk_fancy_title color=&#8221;#000000&#8243; size=&#8221;17&#8243; font_weight=&#8221;bold&#8221; font_style=&#8221;normal&#8221; txt_transform=&#8221;uppercase&#8221; margin_bottom=&#8221;0&#8243; font_family=&#8221;none&#8221;]PROCESSOS DE VOTA\u00c7\u00c3O CERTIFICADO POR TERCEIRO DE CONFIAN\u00c7A[\/mk_fancy_title][mk_fancy_title color=&#8221;#f2006e&#8221; size=&#8221;20&#8243; font_weight=&#8221;normal&#8221; font_style=&#8221;normal&#8221; txt_transform=&#8221;none&#8221; margin_bottom=&#8221;30&#8243; font_family=&#8221;none&#8221;]Prim\u00e1rias, Comit\u00e9s esportivos, Representantes sindicais, Listas de representantes, etc.[\/mk_fancy_title][vc_row_inner padding=&#8221;0&#8243;][vc_column_inner width=&#8221;1\/4&#8243;][mk_icon_box2 icon_type=&#8221;image&#8221; icon_size=&#8221;inherit&#8221; title_size=&#8221;0&#8243; title_top_padding=&#8221;0&#8243; title_bottom_padding=&#8221;0&#8243;]<img loading=\"lazy\" class=\"wp-image-6433 size-medium aligncenter\" src=\"https:\/\/fullcertificate.com\/wp-content\/uploads\/2018\/10\/logo-wevote-2-1.png\" alt=\"\" width=\"130\" height=\"31\" \/><br \/>\n<img class=\"wp-image-6439 size-medium aligncenter\" src=\"https:\/\/fullcertificate.com\/wp-content\/uploads\/2018\/10\/grafico-smart-wevote-1.png\" alt=\"\" width=\"216\" \/><\/p>\n<p style=\"text-align: center;\"><strong><span style=\"color: #0062b0;\">VOTO \u00c0S LISTAS<br \/>\n<\/span><\/strong>eVote para Prim\u00e1rias<br \/>\nListas de candidatos<br \/>\nCertifica\u00e7\u00e3o Multicanal<br \/>\nApura\u00e7\u00e3o certificada<br \/>\nAta certificada<br \/>\nAlta disponibilidade<br \/>\nSeguran\u00e7a Total<br \/>\nValidade legal<\/p>\n[\/mk_icon_box2][mk_image src=&#8221;https:\/\/fullcertificate.com\/wp-content\/uploads\/2018\/10\/movil-wevote-afe-3.png&#8221; image_width=&#8221;191&#8243; image_height=&#8221;213&#8243; align=&#8221;center&#8221; margin_bottom=&#8221;46&#8243; animation=&#8221;fade-in&#8221; crop=&#8221;false&#8221;][mk_image src=&#8221;https:\/\/fullcertificate.com\/wp-content\/uploads\/2019\/04\/candado-eidas-eu-full-certificate-1.png&#8221; image_width=&#8221;100&#8243; align=&#8221;center&#8221; crop=&#8221;false&#8221;][\/vc_column_inner][vc_column_inner width=&#8221;3\/4&#8243;][mk_fancy_title tag_name=&#8221;h4&#8243; color=&#8221;#000000&#8243; font_weight=&#8221;normal&#8221; font_style=&#8221;normal&#8221; txt_transform=&#8221;none&#8221; margin_bottom=&#8221;5&#8243; font_family=&#8221;none&#8221;]Uma das grandes aplica\u00e7\u00f5es do<strong><span style=\"color: #0062af;\"> eVoto<\/span><\/strong> ou <strong><span style=\"color: #0062af;\">Voto Eletr\u00f3nico \u00e0 Dist\u00e2ncia<\/span> \u00e9 a elei\u00e7\u00e3o de comit\u00e9s e cargos de representa\u00e7\u00e3o<\/strong>. Nosso sistema de Voto \u00e9 especialmente recomendado em casos de elei\u00e7\u00f5es com <strong>listas de candidatos<\/strong>, como s\u00e3o a forma\u00e7\u00e3o de Comit\u00e9s de <strong>Associa\u00e7\u00f5es, Empresas, Federa\u00e7\u00f5es, Funda\u00e7\u00f5es, Partidos Pol\u00edticos, Sindicatos,<\/strong> etc.<\/p>\n<p>&nbsp;<\/p>\n<p>A weVote &amp; Full Certificate, <strong><span style=\"color: #0062af;\">Terceiro de Confian\u00e7a<\/span><\/strong>, desenvolve servi\u00e7os de <strong><span style=\"color: #0062af;\">Voto Eletr\u00f3nico com validade legal<\/span><\/strong>. Emitimos para cada voto um <strong><span style=\"color: #b30404;\">&#8220;Certificado de Voto&#8221;<\/span><\/strong> que \u00e9 secreto e, uma vez terminado o per\u00edodo de vota\u00e7\u00e3o, nosso sistema emitir\u00e1 a <strong><span style=\"color: #b30404;\">&#8220;Ata de Resultados Certificados&#8221;<\/span><\/strong>.<\/p>\n<p>&nbsp;<\/p>\n<p>Este procedimento de <strong>Voto Eletr\u00f3nico \u00e0 Dist\u00e2ncia<\/strong> garante uma Imparcialidade total (Terceira de Confian\u00e7a), <strong>Seguran\u00e7a e Validade Legal total<\/strong>. Sendo tamb\u00e9m um sistema audit\u00e1vel quando necess\u00e1rio. Al\u00e9m disso, por lei e por pelo menos cinco anos, as informa\u00e7\u00f5es do processo de <strong><span style=\"color: #0062af;\">Vota\u00e7\u00e3o Eletr\u00f3nica<\/span><\/strong> s\u00e3o custodiadas e protegidas, garantindo total <strong>confidencialidade<\/strong> para seus clientes e fornecendo todas as garantias necess\u00e1rias a todas as partes.<\/p>\n<p>&nbsp;<\/p>\n<p>Por outro lado, oferece grandes benef\u00edcios como comodidade, rapidez e grande economia de tempo e custos.<\/p>\n<p>&nbsp;<\/p>\n<p><strong>Um servi\u00e7o ideal<\/strong> para a elei\u00e7\u00e3o de representantes em:<\/p>\n<p>&nbsp;<\/p>\n<ol>\n<li><span style=\"color: #0062af;\">eVoto para Comit\u00e9s de Associa\u00e7\u00f5es<\/span><\/li>\n<li><span style=\"color: #0062af;\">eVoto para Comit\u00e9s de Empresas<\/span><\/li>\n<li><span style=\"color: #0062af;\">eVoto para Comit\u00e9s de Federa\u00e7\u00f5es<\/span><\/li>\n<li><span style=\"color: #0062af;\">eVoto para Comit\u00e9s de Funda\u00e7\u00f5es<\/span><\/li>\n<li><span style=\"color: #0062af;\">eVoto para Comit\u00e9s de Partidos Pol\u00edticos<\/span><\/li>\n<li><span style=\"color: #0062af;\">eVoto para Comit\u00e9s Sindicais<\/span><\/li>\n<li><span style=\"color: #0062af;\">eVoto para Comit\u00e9s de ONGs<\/span><\/li>\n<li><span style=\"color: #0062af;\">eVoto para \u00d3rg\u00e3os Governamentais<\/span><\/li>\n<li><span style=\"color: #0062af;\">eVoto para Representante Legal dos trabalhadores<\/span><\/li>\n<li><span style=\"color: #0062af;\">Etc.<\/span><\/li>\n<\/ol>\n<p>&nbsp;<\/p>\n<p>Podem existir v\u00e1rios processos de <strong><span style=\"color: #0062af;\">eVoto<\/span><\/strong> ou <strong><span style=\"color: #0062af;\">Voto eletr\u00f3nico a dist\u00e2ncia<\/span><\/strong>, ou at\u00e9 mesmo, misto com voto postal e voto em presencial.[\/mk_fancy_title][vc_separator][mk_image src=&#8221;https:\/\/fullcertificate.com\/wp-content\/uploads\/2019\/05\/pt-2-O-servic\u0327o-ideal-wevote-full-certificate.jpg&#8221; image_height=&#8221;800&#8243; align=&#8221;center&#8221; margin_bottom=&#8221;20&#8243; el_class=&#8221;imagen-medio&#8221; crop=&#8221;false&#8221;][mk_image src=&#8221;https:\/\/fullcertificate.com\/wp-content\/uploads\/2019\/05\/pt-2-modalidade-de-voto-wevote-full-certificate.jpg&#8221; image_width=&#8221;450&#8243; align=&#8221;center&#8221; margin_bottom=&#8221;20&#8243; el_class=&#8221;imagen-medio&#8221; crop=&#8221;false&#8221;][vc_separator][mk_fancy_title tag_name=&#8221;h4&#8243; color=&#8221;#000000&#8243; font_weight=&#8221;normal&#8221; font_style=&#8221;normal&#8221; txt_transform=&#8221;none&#8221; font_family=&#8221;none&#8221;]O processo de <strong><span style=\"color: #0062af;\">Voto Eletr\u00f3nico \u00e0 Dist\u00e2ncia<\/span><\/strong> mais utilizado \u00e9 o seguinte:<\/p>\n<p>&nbsp;<\/p>\n<ol>\n<li>A <span style=\"color: #0062af;\">convocat\u00f3ria<\/span> \u00e9 realizada<\/li>\n<li><span style=\"color: #0062af;\">Os prazos de todo processo<\/span> s\u00e3o comunicados<\/li>\n<li>A <span style=\"color: #0062af;\">lista de candidatos<\/span> \u00e9 criada<\/li>\n<li>A<span style=\"color: #0062af;\"> lista de eleitores<\/span> \u00e9 criada.<\/li>\n<li>Os <span style=\"color: #0062af;\">canais de vota\u00e7\u00e3o<\/span> s\u00e3o criados\n<ol>\n<li>Vota\u00e7\u00e3o online ou por internet<\/li>\n<li>Vota\u00e7\u00e3o postal<\/li>\n<li>Vota\u00e7\u00e3o em presencial<\/li>\n<\/ol>\n<\/li>\n<li><span style=\"color: #0062af;\">O per\u00edodo de vota\u00e7\u00e3o \u00e9 aberto e a vota\u00e7\u00e3o \u00e9 realizada.<\/span>\n<ol>\n<li>Vota\u00e7\u00e3o por<strong> SMS Certificado<\/strong> para celular<\/li>\n<li>Vota\u00e7\u00e3o online por <strong>eMail Certificado<\/strong> para vota\u00e7\u00e3o pela internet<\/li>\n<li>Vota\u00e7\u00e3o Postal.<\/li>\n<\/ol>\n<\/li>\n<li>weVote &amp; Full Certificate emite um <span style=\"color: #c40000;\">Certificado de Voto Eletr\u00f3nico<\/span> para cada eVoto<span style=\"color: #0062af;\"> com cust\u00f3dia eletr\u00f3nica por no m\u00ednimo cinco anos. <\/span><\/li>\n<li>No final do per\u00edodo, <span style=\"color: #0062af;\">\u00e9 emitida uma<\/span> <strong>Ata Certificado do Resultado<\/strong> do processo de Vota\u00e7\u00e3o Online ou Vota\u00e7\u00e3o Eletr\u00f3nica.<\/li>\n<li>Cada processo de <span style=\"color: #0062af;\">eVoto ou Voto Eletr\u00f3nico<\/span> pode ser regulado pelos estatutos de cada organiza\u00e7\u00e3o e pode ser adaptado para cada caso.<\/li>\n<\/ol>\n<p>&nbsp;<\/p>\n<p>Se voc\u00ea estiver interessado em conhecer detalhadamente nossos servi\u00e7os <span style=\"color: #0062af;\">eVoto<\/span> ou <span style=\"color: #0062af;\">Voto Eletr\u00f3nico \u00e0 Dist\u00e2ncia Certificado<\/span>, <span style=\"color: #0062af;\"><strong><a style=\"color: #0062af;\" href=\"https:\/\/fullcertificate.com\/pt-pt\/contato\/\">ENTRE EM CONTATO CONOSCO<\/a><\/strong><\/span> e n\u00f3s o ajudaremos o quanto antes.[\/mk_fancy_title][\/vc_column_inner][\/vc_row_inner][\/vc_column][vc_column border_color=&#8221;#ffffff&#8221; width=&#8221;1\/4&#8243;][mk_image src=&#8221;https:\/\/fullcertificate.com\/wp-content\/uploads\/2018\/12\/european-trusted-third-party-full-certificate.png&#8221; image_width=&#8221;180&#8243; align=&#8221;center&#8221; margin_bottom=&#8221;35&#8243; crop=&#8221;false&#8221;][vc_row_inner padding=&#8221;0&#8243;][vc_column_inner css=&#8221;.vc_custom_1573815080500{border-top-width: 1px !important;border-right-width: 1px !important;border-bottom-width: 1px !important;border-left-width: 1px !important;border-left-color: #f2006e !important;border-left-style: solid !important;border-right-color: #f2006e !important;border-right-style: solid !important;border-top-color: #f2006e !important;border-top-style: solid !important;border-bottom-color: #f2006e !important;border-bottom-style: solid !important;}&#8221;][mk_fancy_title color=&#8221;#000000&#8243; size=&#8221;20&#8243; font_weight=&#8221;bold&#8221; font_style=&#8221;normal&#8221; txt_transform=&#8221;uppercase&#8221; margin_top=&#8221;20&#8243; margin_bottom=&#8221;0&#8243; font_family=&#8221;none&#8221; align=&#8221;center&#8221;]\n<p style=\"text-align: center;\">REGISTRE-SE GR\u00c1TIS<\/p>\n[\/mk_fancy_title][mk_fancy_title color=&#8221;#000000&#8243; size=&#8221;16&#8243; font_weight=&#8221;normal&#8221; font_style=&#8221;normal&#8221; txt_transform=&#8221;none&#8221; margin_bottom=&#8221;0&#8243; font_family=&#8221;none&#8221; align=&#8221;center&#8221;]\n<p style=\"text-align: center;\">Prove o nossos Servi\u00e7os Certificados com total validade legal.<\/p>\n<p>&nbsp;<\/p>\n<p style=\"text-align: center;\"><strong><span style=\"color: #0062b0;\">Sem taxas, sem contratos.<\/span><br \/>\n<\/strong>Seu saldo nunca expira.<\/p>\n[\/mk_fancy_title][mk_button dimension=&#8221;flat&#8221; corner_style=&#8221;rounded&#8221; size=&#8221;medium&#8221; url=&#8221;https:\/\/cloud.fullcertificate.com\/register&#8221; target=&#8221;_blank&#8221; align=&#8221;center&#8221; button_custom_width=&#8221;160&#8243; bg_color=&#8221;#f2006e&#8221; btn_hover_bg=&#8221;#252525&#8243; btn_hover_txt_color=&#8221;#ffffff&#8221;]CLIQUE AQU\u00cd[\/mk_button][\/vc_column_inner][\/vc_row_inner][vc_row_inner padding=&#8221;0&#8243; el_class=&#8221;ocultarPack&#8221;][vc_column_inner][vc_empty_space height=&#8221;35px&#8221;][\/vc_column_inner][\/vc_row_inner][vc_row_inner padding=&#8221;0&#8243;][vc_column_inner][vc_empty_space height=&#8221;0px&#8221;][mk_icon_box2 icon_type=&#8221;image&#8221; title_size=&#8221;0&#8243; title_top_padding=&#8221;0&#8243; title_bottom_padding=&#8221;0&#8243;]<a href=\"https:\/\/fullcertificate.com\/pt-pt\/smartmoney-dinheiro-inteligente\/\"><img loading=\"lazy\" class=\"wp-image-6433 size-medium aligncenter\" src=\"https:\/\/fullcertificate.com\/wp-content\/uploads\/2018\/10\/logo-smartmoney-1.png\" alt=\"\" width=\"180\" height=\"31\" \/><\/a><a href=\"https:\/\/fullcertificate.com\/pt-pt\/smartmoney-dinheiro-inteligente\/\"><img loading=\"lazy\" class=\"wp-image-6439 size-medium aligncenter\" src=\"https:\/\/fullcertificate.com\/wp-content\/uploads\/2018\/10\/grafico-smart-money-3-1.png\" alt=\"\" width=\"170\" height=\"300\" \/><\/a><\/p>\n<p style=\"text-align: center;\"><strong><span style=\"color: #0062b0;\"><a style=\"color: #0062b0;\" href=\"https:\/\/fullcertificate.com\/pt-pt\/smartmoney-dinheiro-inteligente\/\">SMART MONEY<\/a><br \/>\n<\/span><\/strong>Smart Contracts<br \/>\nSmart Payments<br \/>\n<span style=\"color: #000000; text-decoration: none;\">Smart Recovery<br \/>\nDashboard<br \/>\n<\/span><\/p>\n[\/mk_icon_box2][vc_empty_space height=&#8221;0px&#8221;][mk_icon_box2 icon_type=&#8221;image&#8221; title_size=&#8221;0&#8243; title_top_padding=&#8221;0&#8243; title_bottom_padding=&#8221;0&#8243;]<a href=\"https:\/\/fullcertificate.com\/pt-pt\/automacao-cloud-inhouse\/ \"><img loading=\"lazy\" class=\"wp-image-6433 size-medium aligncenter\" src=\"https:\/\/fullcertificate.com\/wp-content\/uploads\/2018\/10\/logo-smart-automation-2-1.png\" alt=\"\" width=\"265\" height=\"31\" \/><\/a><a href=\"https:\/\/fullcertificate.com\/pt-pt\/automacao-cloud-inhouse\/ \"><img loading=\"lazy\" class=\"wp-image-6439 size-medium aligncenter\" src=\"https:\/\/fullcertificate.com\/wp-content\/uploads\/2018\/10\/grafico-smart-automation-1.png\" alt=\"\" width=\"170\" height=\"300\" \/><\/a><\/p>\n<p style=\"text-align: center;\"><strong><span style=\"color: #0062b0;\"><a style=\"color: #0062b0;\" href=\"https:\/\/fullcertificate.com\/pt-pt\/automacao-cloud-inhouse\/ \">SMART AUTOMATION<\/a><br \/>\n<\/span><\/strong>WS API-REST<br \/>\nDesenvolvimento de TI<br \/>\nAutentica\u00e7\u00e3o avan\u00e7ada<br \/>\nPortais e Formul\u00e1rios Inteligente<\/p>\n[\/mk_icon_box2][\/vc_column_inner][\/vc_row_inner][vc_empty_space height=&#8221;20px&#8221;][vc_row_inner padding=&#8221;0&#8243; el_class=&#8221;ocultar&#8221;][vc_column_inner css=&#8221;.vc_custom_1540979094932{border-top-width: 1px !important;border-right-width: 1px !important;border-bottom-width: 1px !important;border-left-width: 1px !important;padding-top: 20px !important;padding-bottom: 20px !important;background-color: #ffffff !important;border-left-color: #1e73be !important;border-left-style: solid !important;border-right-color: #1e73be !important;border-right-style: solid !important;border-top-color: #1e73be !important;border-top-style: solid !important;border-bottom-color: #1e73be !important;border-bottom-style: solid !important;}&#8221;][mk_fancy_title color=&#8221;#000000&#8243; size=&#8221;20&#8243; font_weight=&#8221;bold&#8221; font_style=&#8221;normal&#8221; txt_transform=&#8221;uppercase&#8221; margin_bottom=&#8221;0&#8243; font_family=&#8221;none&#8221; align=&#8221;center&#8221;]\n<p style=\"text-align: center;\">Dados de contato<\/p>\n[\/mk_fancy_title][mk_fancy_title color=&#8221;#1e73be&#8221; font_style=&#8221;normal&#8221; txt_transform=&#8221;none&#8221; margin_bottom=&#8221;18&#8243; font_family=&#8221;none&#8221; align=&#8221;center&#8221;]\n<p style=\"text-align: center;\"><span style=\"color: #000000;\"><strong>Telefone:<\/strong> EU &#8211; ES: 0034 910 052 659<br \/>\nEU &#8211; IT: 0039 0687165152<br \/>\nLATAM: 0052 55 4162 9666<\/span><\/p>\n<p style=\"text-align: center;\"><strong><span style=\"color: #000000;\">Endere\u00e7o:<\/span> <\/strong>C \/ Boix y Morer 6, Penthouse. 28003 Madri, Espanha<\/p>\n[\/mk_fancy_title][mk_button dimension=&#8221;flat&#8221; corner_style=&#8221;rounded&#8221; size=&#8221;medium&#8221; url=&#8221;https:\/\/fullcertificate.com\/pt-pt\/contato\/&#8221; align=&#8221;center&#8221; button_custom_width=&#8221;160&#8243; bg_color=&#8221;#0062b0&#8243; btn_hover_bg=&#8221;#252525&#8243;]CONTATE-NOS[\/mk_button][\/vc_column_inner][\/vc_row_inner][\/vc_column][\/mk_page_section][mk_page_section full_width=&#8221;true&#8221; first_page=&#8221;false&#8221; last_page=&#8221;false&#8221; sidebar=&#8221;sidebar-1&#8243;][vc_column][mk_divider style=&#8221;thin_solid&#8221; thickness=&#8221;4&#8243; margin_top=&#8221;10&#8243; margin_bottom=&#8221;40&#8243;][vc_row_inner padding=&#8221;0&#8243;][vc_column_inner width=&#8221;1\/4&#8243;][\/vc_column_inner][vc_column_inner width=&#8221;1\/2&#8243;][mk_fancy_title tag_name=&#8221;h4&#8243; color=&#8221;#393836&#8243; size=&#8221;30&#8243; font_weight=&#8221;normal&#8221; font_style=&#8221;normal&#8221; txt_transform=&#8221;uppercase&#8221; margin_bottom=&#8221;18&#8243; font_family=&#8221;none&#8221; align=&#8221;center&#8221;]\n<p style=\"text-align: center;\">COM A GARANTIA DE<\/p>\n[\/mk_fancy_title][mk_image src=&#8221;https:\/\/fullcertificate.com\/wp-content\/uploads\/2022\/04\/footer-nuevo-WE-VOTE.jpg&#8221; image_width=&#8221;1500&#8243; image_height=&#8221;216&#8243; link=&#8221;http:\/\/fullcertificate.com\/&#8221; target=&#8221;_blank&#8221; align=&#8221;center&#8221; el_class=&#8221;imagen-footer-centro&#8221; crop=&#8221;false&#8221;][\/vc_column_inner][vc_column_inner width=&#8221;1\/4&#8243;][\/vc_column_inner][\/vc_row_inner][\/vc_column][\/mk_page_section]\n","protected":false},"excerpt":{"rendered":"<p>[mk_page_section bg_image=&#8221;https:\/\/fullcertificate.com\/wp-content\/uploads\/2018\/11\/banner-voto-electronico-listas-comites-cargos-avisos-certificados-2-1.jpg&#8221; bg_position=&#8221;center top&#8221; bg_repeat=&#8221;no-repeat&#8221; bg_stretch=&#8221;true&#8221; min_height=&#8221;350&#8243; padding_top=&#8221;20&#8243; padding_bottom=&#8221;0&#8243; first_page=&#8221;true&#8221; last_page=&#8221;true&#8221; sidebar=&#8221;sidebar-1&#8243;][vc_column][mk_fancy_title color=&#8221;#000000&#8243; size=&#8221;40&#8243; font_weight=&#8221;normal&#8221; font_style=&#8221;normal&#8221; txt_transform=&#8221;none&#8221; margin_top=&#8221;60&#8243; margin_bottom=&#8221;0&#8243; font_family=&#8221;none&#8221;]Vote Online \u00e0s Listas de Comit\u00e9s[\/mk_fancy_title][mk_fancy_title color=&#8221;#000000&#8243; size=&#8221;25&#8243; font_weight=&#8221;300&#8243; font_style=&#8221;normal&#8221; txt_transform=&#8221;none&#8221; margin_bottom=&#8221;0&#8243; font_family=&#8221;none&#8221;]Voto pela Internet e misto via telefones celulares, tablets ou PCs[\/mk_fancy_title][mk_button dimension=&#8221;flat&#8221; size=&#8221;medium&#8221; url=&#8221;https:\/\/www.wevote.eu\/en&#8221; target=&#8221;_blank&#8221; button_custom_width=&#8221;250&#8243; bg_color=&#8221;#0062b0&#8243; btn_hover_bg=&#8221;#252525&#8243;]VISITAR WWW.WEVOTE.EU[\/mk_button][\/vc_column][\/mk_page_section][mk_page_section padding_top=&#8221;50&#8243; padding_bottom=&#8221;0&#8243; first_page=&#8221;false&#8221; last_page=&#8221;false&#8221; sidebar=&#8221;sidebar-1&#8243;][vc_column [&hellip;]<\/p>\n","protected":false},"author":2,"featured_media":0,"parent":0,"menu_order":0,"comment_status":"closed","ping_status":"closed","template":"","meta":{"_bbp_topic_count":0,"_bbp_reply_count":0,"_bbp_total_topic_count":0,"_bbp_total_reply_count":0,"_bbp_voice_count":0,"_bbp_anonymous_reply_count":0,"_bbp_topic_count_hidden":0,"_bbp_reply_count_hidden":0,"_bbp_forum_subforum_count":0},"_links":{"self":[{"href":"https:\/\/www.fullcertificate.com\/pt-pt\/wp-json\/wp\/v2\/pages\/10820"}],"collection":[{"href":"https:\/\/www.fullcertificate.com\/pt-pt\/wp-json\/wp\/v2\/pages"}],"about":[{"href":"https:\/\/www.fullcertificate.com\/pt-pt\/wp-json\/wp\/v2\/types\/page"}],"author":[{"embeddable":true,"href":"https:\/\/www.fullcertificate.com\/pt-pt\/wp-json\/wp\/v2\/users\/2"}],"replies":[{"embeddable":true,"href":"https:\/\/www.fullcertificate.com\/pt-pt\/wp-json\/wp\/v2\/comments?post=10820"}],"version-history":[{"count":26,"href":"https:\/\/www.fullcertificate.com\/pt-pt\/wp-json\/wp\/v2\/pages\/10820\/revisions"}],"predecessor-version":[{"id":27584,"href":"https:\/\/www.fullcertificate.com\/pt-pt\/wp-json\/wp\/v2\/pages\/10820\/revisions\/27584"}],"wp:attachment":[{"href":"https:\/\/www.fullcertificate.com\/pt-pt\/wp-json\/wp\/v2\/media?parent=10820"}],"curies":[{"name":"wp","href":"https:\/\/api.w.org\/{rel}","templated":true}]}}